{"id":17608,"date":"2016-08-04T16:50:15","date_gmt":"2016-08-04T14:50:15","guid":{"rendered":"https:\/\/gesundheitsberatung.com\/psychologie\/?post_type=product&#038;p=17608"},"modified":"2020-01-22T14:28:05","modified_gmt":"2020-01-22T13:28:05","slug":"k-stavenhagen","status":"publish","type":"product","link":"https:\/\/gesundheitsberatung.com\/psychologie\/online-beratung\/heilpraktiker-fuer-psychotherapie\/k-stavenhagen\/","title":{"rendered":"K. Stavenhagen"},"content":{"rendered":"<p>Herzlich willkommen!<\/p>\n<p>\nIch freue mich, dass Sie bei mir hereinschauen. Was kann ich f\u00fcr Sie tun?<\/p>\n<p>Ich arbeite als Heilpraktikerin f\u00fcr Psychotherapie und Personal Coach. Dadurch habe ich die M\u00f6glichkeit Ihnen eine gro\u00dfe Methodenvielfalt anzubieten. Schwerpunkte meiner Arbeit sind:<br \/>\nLebenskrisen; wenn die Partnerschaft zerbricht, die Kinder das Haus verlassen, Perspektiven fehlen, berufliche N\u00f6te entstehen &#8230;<br \/>\nSchwierigkeiten in sich selbst; wo sind sie hin, Ihre St\u00e4rken wie Selbstvertrauen, Selbstsicherheit; was tun, wenn die Gef\u00fchle \u00fcberm\u00e4chtig werden;\u00a0 was sind eigene Ressourcen und wohin soll Ihr Weg gehen? Haben Sie ein Ziel?<br \/>\nBeziehungsschwierigkeiten bspw. mit Partnern, Kindern, Familie, Kollegen &#8230;<br \/>\nVer\u00e4nderungsw\u00fcnschen &#8211; hin zu Lebendigkeit, Leichtigkeit und einer &#8220;neuen Startnummer&#8221; f\u00fcr Ihren WegBeratung bei Ersch\u00f6pfung, Depressionen, \u00c4ngsten<\/p>\n<p>Ich biete Ihnen ziel- und ressourcenorientierte Beratung zur Kl\u00e4rung, Pers\u00f6nlichkeitsentwicklung und nachhaltiger Ver\u00e4nderung, damit Sie Ihren ganz eigenen Weg finden und gehen werden \u00e2\u0080\u0093 Schritt f\u00fcr Schritt. Dabei werde ich Sie achtsam und vertrauensvoll begleiten. Mir ist bewusst, dass es schwierig sein kann, sich hier zu \u00f6ffnen. Doch ist dies auch eine gro\u00dfe Chance &#8211; und daf\u00fcr haben Sie meinen gr\u00f6\u00dften Respekt. <br \/>\nHaben Sie etwas auf dem Herzen, was hier nicht aufgez\u00e4hlt ist? Schicken Sie mir eine Mail &#8211; ich beantworte sie so schnell ich kann. Meistens innerhalb weniger Stunden. Gegebenenfalls k\u00f6nnen wir auch einen Beratungstermin vereinbaren.<br \/>\nIch freue mich, wenn ich Sie ein St\u00fcck begleiten darf. Kathrin Stavenhagen<br \/>\n<span class=\"display_none\">5131<\/span><\/p>\n","protected":false},"excerpt":{"rendered":"<p>Sie m\u00f6chten sich endlich wieder einmal zufrieden und leicht auf Ihrem Weg f\u00fchlen? M\u00f6chten wissen, was Sie selbst tun k\u00f6nnen, oder sich Hilfe holen? Haben Sie Mut &#8211; zusammen schaffen wir es.<\/p>\n","protected":false},"featured_media":23053,"comment_status":"open","ping_status":"closed","template":"","meta":[],"product_cat":[],"product_tag":[],"class_list":["post-17608","product","type-product","status-publish","has-post-thumbnail","hentry","online_berater-heilpraktiker-fuer-psychotherapie"],"yoast_head":"<!-- This site is optimized with the Yoast SEO plugin v26.0 - https:\/\/yoast.com\/wordpress\/plugins\/seo\/ -->\n<title>K. Stavenhagen &#187; Heilpraktiker f\u00fcr Psychotherapie &#187; Vistano \u260e Beratung<\/title>\n<meta name=\"description\" content=\"Vistano Heilpraktiker f\u00fcr Psychotherapie &#187; Sie m\u00f6chten sich endlich wieder einmal zufrieden und leicht auf Ihrem Weg f\u00fchlen? M\u00f6chten wissen, was Sie selbst tun k\u00f6nnen, oder sich Hilfe holen? Haben Sie Mut - zusammen schaffen wir es.\" \/>\n<meta name=\"robots\" content=\"index, follow, max-snippet:-1, max-image-preview:large, max-video-preview:-1\" \/>\n<link rel=\"canonical\" href=\"https:\/\/gesundheitsberatung.com\/psychologie\/online-beratung\/heilpraktiker-fuer-psychotherapie\/k-stavenhagen\/\" \/>\n<meta property=\"og:locale\" content=\"de_DE\" \/>\n<meta property=\"og:type\" content=\"article\" \/>\n<meta property=\"og:title\" content=\"K. Stavenhagen &#187; Heilpraktiker f\u00fcr Psychotherapie &#187; Vistano \u260e Beratung\" \/>\n<meta property=\"og:description\" content=\"Vistano Heilpraktiker f\u00fcr Psychotherapie &#187; Sie m\u00f6chten sich endlich wieder einmal zufrieden und leicht auf Ihrem Weg f\u00fchlen? M\u00f6chten wissen, was Sie selbst tun k\u00f6nnen, oder sich Hilfe holen? Haben Sie Mut - zusammen schaffen wir es.\" \/>\n<meta property=\"og:url\" content=\"https:\/\/gesundheitsberatung.com\/psychologie\/online-beratung\/heilpraktiker-fuer-psychotherapie\/k-stavenhagen\/\" \/>\n<meta property=\"og:site_name\" content=\"Psychologie\" \/>\n<meta property=\"article:publisher\" content=\"https:\/\/www.facebook.com\/psychologie\/\" \/>\n<meta property=\"article:modified_time\" content=\"2020-01-22T13:28:05+00:00\" \/>\n<meta property=\"og:image\" content=\"https:\/\/gesundheitsberatung.com\/psychologie\/wp-content\/uploads\/sites\/2\/k-stavenhagen-heilpraktiker-f-r-psychotherapie-vistano-berater-id-5131.jpg\" \/>\n\t<meta property=\"og:image:width\" content=\"701\" \/>\n\t<meta property=\"og:image:height\" content=\"701\" \/>\n\t<meta property=\"og:image:type\" content=\"image\/jpeg\" \/>\n<meta name=\"twitter:card\" content=\"summary_large_image\" \/>\n<meta name=\"twitter:site\" content=\"@Vistano\" \/>\n<script type=\"application\/ld+json\" class=\"yoast-schema-graph\">{\"@context\":\"https:\/\/schema.org\",\"@graph\":[{\"@type\":\"WebPage\",\"@id\":\"https:\/\/gesundheitsberatung.com\/psychologie\/online-beratung\/heilpraktiker-fuer-psychotherapie\/k-stavenhagen\/\",\"url\":\"https:\/\/gesundheitsberatung.com\/psychologie\/online-beratung\/heilpraktiker-fuer-psychotherapie\/k-stavenhagen\/\",\"name\":\"K. Stavenhagen &#187; Heilpraktiker f\u00fcr Psychotherapie &#187; Vistano \u260e Beratung\",\"isPartOf\":{\"@id\":\"https:\/\/gesundheitsberatung.com\/psychologie\/#website\"},\"primaryImageOfPage\":{\"@id\":\"https:\/\/gesundheitsberatung.com\/psychologie\/online-beratung\/heilpraktiker-fuer-psychotherapie\/k-stavenhagen\/#primaryimage\"},\"image\":{\"@id\":\"https:\/\/gesundheitsberatung.com\/psychologie\/online-beratung\/heilpraktiker-fuer-psychotherapie\/k-stavenhagen\/#primaryimage\"},\"thumbnailUrl\":\"https:\/\/gesundheitsberatung.com\/psychologie\/wp-content\/uploads\/sites\/2\/k-stavenhagen-heilpraktiker-f-r-psychotherapie-vistano-berater-id-5131.jpg\",\"datePublished\":\"2016-08-04T14:50:15+00:00\",\"dateModified\":\"2020-01-22T13:28:05+00:00\",\"description\":\"Vistano Heilpraktiker f\u00fcr Psychotherapie &#187; Sie m\u00f6chten sich endlich wieder einmal zufrieden und leicht auf Ihrem Weg f\u00fchlen? M\u00f6chten wissen, was Sie selbst tun k\u00f6nnen, oder sich Hilfe holen? Haben Sie Mut - zusammen schaffen wir es.\",\"breadcrumb\":{\"@id\":\"https:\/\/gesundheitsberatung.com\/psychologie\/online-beratung\/heilpraktiker-fuer-psychotherapie\/k-stavenhagen\/#breadcrumb\"},\"inLanguage\":\"de\",\"potentialAction\":[{\"@type\":\"ReadAction\",\"target\":[\"https:\/\/gesundheitsberatung.com\/psychologie\/online-beratung\/heilpraktiker-fuer-psychotherapie\/k-stavenhagen\/\"]}]},{\"@type\":\"ImageObject\",\"inLanguage\":\"de\",\"@id\":\"https:\/\/gesundheitsberatung.com\/psychologie\/online-beratung\/heilpraktiker-fuer-psychotherapie\/k-stavenhagen\/#primaryimage\",\"url\":\"https:\/\/gesundheitsberatung.com\/psychologie\/wp-content\/uploads\/sites\/2\/k-stavenhagen-heilpraktiker-f-r-psychotherapie-vistano-berater-id-5131.jpg\",\"contentUrl\":\"https:\/\/gesundheitsberatung.com\/psychologie\/wp-content\/uploads\/sites\/2\/k-stavenhagen-heilpraktiker-f-r-psychotherapie-vistano-berater-id-5131.jpg\",\"width\":701,\"height\":701,\"caption\":\"Heilpraktiker f\u00fcr Psychotherapie K. Stavenhagen - Berater-ID: 5131\"},{\"@type\":\"BreadcrumbList\",\"@id\":\"https:\/\/gesundheitsberatung.com\/psychologie\/online-beratung\/heilpraktiker-fuer-psychotherapie\/k-stavenhagen\/#breadcrumb\",\"itemListElement\":[{\"@type\":\"ListItem\",\"position\":1,\"name\":\"Home\",\"item\":\"https:\/\/gesundheitsberatung.com\/psychologie\/\"},{\"@type\":\"ListItem\",\"position\":2,\"name\":\"Produkte\",\"item\":\"https:\/\/gesundheitsberatung.com\/psychologie\/shop\/\"},{\"@type\":\"ListItem\",\"position\":3,\"name\":\"Online Beratung\",\"item\":\"https:\/\/gesundheitsberatung.com\/psychologie\/online_berater\/online-beratung\/\"},{\"@type\":\"ListItem\",\"position\":4,\"name\":\"Heilpraktiker f\u00fcr Psychotherapie\",\"item\":\"https:\/\/gesundheitsberatung.com\/psychologie\/online_berater\/heilpraktiker-fuer-psychotherapie\/\"},{\"@type\":\"ListItem\",\"position\":5,\"name\":\"K. Stavenhagen\"}]},{\"@type\":\"WebSite\",\"@id\":\"https:\/\/gesundheitsberatung.com\/psychologie\/#website\",\"url\":\"https:\/\/gesundheitsberatung.com\/psychologie\/\",\"name\":\"Psychologie\",\"description\":\"Psychologie \u260e Beratung durch Psychologen! Jetzt Gratis-Beratung sichern: \u2714 Diplom Psychologen \u2714 Heilpraktiker f\u00fcr Psychotherapie \u2714 Psychotherapeuten \u2714 Psychologische Berater bei Vistano Psychologie.\",\"potentialAction\":[{\"@type\":\"SearchAction\",\"target\":{\"@type\":\"EntryPoint\",\"urlTemplate\":\"https:\/\/gesundheitsberatung.com\/psychologie\/?s={search_term_string}\"},\"query-input\":{\"@type\":\"PropertyValueSpecification\",\"valueRequired\":true,\"valueName\":\"search_term_string\"}}],\"inLanguage\":\"de\"}]}<\/script>\n<!-- \/ Yoast SEO plugin. -->","yoast_head_json":{"title":"K. Stavenhagen &#187; Heilpraktiker f\u00fcr Psychotherapie &#187; Vistano \u260e Beratung","description":"Vistano Heilpraktiker f\u00fcr Psychotherapie &#187; Sie m\u00f6chten sich endlich wieder einmal zufrieden und leicht auf Ihrem Weg f\u00fchlen? M\u00f6chten wissen, was Sie selbst tun k\u00f6nnen, oder sich Hilfe holen? Haben Sie Mut - zusammen schaffen wir es.","robots":{"index":"index","follow":"follow","max-snippet":"max-snippet:-1","max-image-preview":"max-image-preview:large","max-video-preview":"max-video-preview:-1"},"canonical":"https:\/\/gesundheitsberatung.com\/psychologie\/online-beratung\/heilpraktiker-fuer-psychotherapie\/k-stavenhagen\/","og_locale":"de_DE","og_type":"article","og_title":"K. Stavenhagen &#187; Heilpraktiker f\u00fcr Psychotherapie &#187; Vistano \u260e Beratung","og_description":"Vistano Heilpraktiker f\u00fcr Psychotherapie &#187; Sie m\u00f6chten sich endlich wieder einmal zufrieden und leicht auf Ihrem Weg f\u00fchlen? M\u00f6chten wissen, was Sie selbst tun k\u00f6nnen, oder sich Hilfe holen? Haben Sie Mut - zusammen schaffen wir es.","og_url":"https:\/\/gesundheitsberatung.com\/psychologie\/online-beratung\/heilpraktiker-fuer-psychotherapie\/k-stavenhagen\/","og_site_name":"Psychologie","article_publisher":"https:\/\/www.facebook.com\/psychologie\/","article_modified_time":"2020-01-22T13:28:05+00:00","og_image":[{"width":701,"height":701,"url":"https:\/\/gesundheitsberatung.com\/psychologie\/wp-content\/uploads\/sites\/2\/k-stavenhagen-heilpraktiker-f-r-psychotherapie-vistano-berater-id-5131.jpg","type":"image\/jpeg"}],"twitter_card":"summary_large_image","twitter_site":"@Vistano","schema":{"@context":"https:\/\/schema.org","@graph":[{"@type":"WebPage","@id":"https:\/\/gesundheitsberatung.com\/psychologie\/online-beratung\/heilpraktiker-fuer-psychotherapie\/k-stavenhagen\/","url":"https:\/\/gesundheitsberatung.com\/psychologie\/online-beratung\/heilpraktiker-fuer-psychotherapie\/k-stavenhagen\/","name":"K. Stavenhagen &#187; Heilpraktiker f\u00fcr Psychotherapie &#187; Vistano \u260e Beratung","isPartOf":{"@id":"https:\/\/gesundheitsberatung.com\/psychologie\/#website"},"primaryImageOfPage":{"@id":"https:\/\/gesundheitsberatung.com\/psychologie\/online-beratung\/heilpraktiker-fuer-psychotherapie\/k-stavenhagen\/#primaryimage"},"image":{"@id":"https:\/\/gesundheitsberatung.com\/psychologie\/online-beratung\/heilpraktiker-fuer-psychotherapie\/k-stavenhagen\/#primaryimage"},"thumbnailUrl":"https:\/\/gesundheitsberatung.com\/psychologie\/wp-content\/uploads\/sites\/2\/k-stavenhagen-heilpraktiker-f-r-psychotherapie-vistano-berater-id-5131.jpg","datePublished":"2016-08-04T14:50:15+00:00","dateModified":"2020-01-22T13:28:05+00:00","description":"Vistano Heilpraktiker f\u00fcr Psychotherapie &#187; Sie m\u00f6chten sich endlich wieder einmal zufrieden und leicht auf Ihrem Weg f\u00fchlen? M\u00f6chten wissen, was Sie selbst tun k\u00f6nnen, oder sich Hilfe holen? Haben Sie Mut - zusammen schaffen wir es.","breadcrumb":{"@id":"https:\/\/gesundheitsberatung.com\/psychologie\/online-beratung\/heilpraktiker-fuer-psychotherapie\/k-stavenhagen\/#breadcrumb"},"inLanguage":"de","potentialAction":[{"@type":"ReadAction","target":["https:\/\/gesundheitsberatung.com\/psychologie\/online-beratung\/heilpraktiker-fuer-psychotherapie\/k-stavenhagen\/"]}]},{"@type":"ImageObject","inLanguage":"de","@id":"https:\/\/gesundheitsberatung.com\/psychologie\/online-beratung\/heilpraktiker-fuer-psychotherapie\/k-stavenhagen\/#primaryimage","url":"https:\/\/gesundheitsberatung.com\/psychologie\/wp-content\/uploads\/sites\/2\/k-stavenhagen-heilpraktiker-f-r-psychotherapie-vistano-berater-id-5131.jpg","contentUrl":"https:\/\/gesundheitsberatung.com\/psychologie\/wp-content\/uploads\/sites\/2\/k-stavenhagen-heilpraktiker-f-r-psychotherapie-vistano-berater-id-5131.jpg","width":701,"height":701,"caption":"Heilpraktiker f\u00fcr Psychotherapie K. Stavenhagen - Berater-ID: 5131"},{"@type":"BreadcrumbList","@id":"https:\/\/gesundheitsberatung.com\/psychologie\/online-beratung\/heilpraktiker-fuer-psychotherapie\/k-stavenhagen\/#breadcrumb","itemListElement":[{"@type":"ListItem","position":1,"name":"Home","item":"https:\/\/gesundheitsberatung.com\/psychologie\/"},{"@type":"ListItem","position":2,"name":"Produkte","item":"https:\/\/gesundheitsberatung.com\/psychologie\/shop\/"},{"@type":"ListItem","position":3,"name":"Online Beratung","item":"https:\/\/gesundheitsberatung.com\/psychologie\/online_berater\/online-beratung\/"},{"@type":"ListItem","position":4,"name":"Heilpraktiker f\u00fcr Psychotherapie","item":"https:\/\/gesundheitsberatung.com\/psychologie\/online_berater\/heilpraktiker-fuer-psychotherapie\/"},{"@type":"ListItem","position":5,"name":"K. Stavenhagen"}]},{"@type":"WebSite","@id":"https:\/\/gesundheitsberatung.com\/psychologie\/#website","url":"https:\/\/gesundheitsberatung.com\/psychologie\/","name":"Psychologie","description":"Psychologie \u260e Beratung durch Psychologen! Jetzt Gratis-Beratung sichern: \u2714 Diplom Psychologen \u2714 Heilpraktiker f\u00fcr Psychotherapie \u2714 Psychotherapeuten \u2714 Psychologische Berater bei Vistano Psychologie.","potentialAction":[{"@type":"SearchAction","target":{"@type":"EntryPoint","urlTemplate":"https:\/\/gesundheitsberatung.com\/psychologie\/?s={search_term_string}"},"query-input":{"@type":"PropertyValueSpecification","valueRequired":true,"valueName":"search_term_string"}}],"inLanguage":"de"}]}},"_links":{"self":[{"href":"https:\/\/gesundheitsberatung.com\/psychologie\/wp-json\/wp\/v2\/product\/17608","targetHints":{"allow":["GET"]}}],"collection":[{"href":"https:\/\/gesundheitsberatung.com\/psychologie\/wp-json\/wp\/v2\/product"}],"about":[{"href":"https:\/\/gesundheitsberatung.com\/psychologie\/wp-json\/wp\/v2\/types\/product"}],"replies":[{"embeddable":true,"href":"https:\/\/gesundheitsberatung.com\/psychologie\/wp-json\/wp\/v2\/comments?post=17608"}],"wp:featuredmedia":[{"embeddable":true,"href":"https:\/\/gesundheitsberatung.com\/psychologie\/wp-json\/wp\/v2\/media\/23053"}],"wp:attachment":[{"href":"https:\/\/gesundheitsberatung.com\/psychologie\/wp-json\/wp\/v2\/media?parent=17608"}],"wp:term":[{"taxonomy":"product_cat","embeddable":true,"href":"https:\/\/gesundheitsberatung.com\/psychologie\/wp-json\/wp\/v2\/product_cat?post=17608"},{"taxonomy":"product_tag","embeddable":true,"href":"https:\/\/gesundheitsberatung.com\/psychologie\/wp-json\/wp\/v2\/product_tag?post=17608"}],"curies":[{"name":"wp","href":"https:\/\/api.w.org\/{rel}","templated":true}]}}