{"id":17601,"date":"2016-08-04T16:50:10","date_gmt":"2016-08-04T14:50:10","guid":{"rendered":"https:\/\/gesundheitsberatung.com\/psychologie\/?post_type=product&#038;p=17601"},"modified":"2020-01-22T14:27:37","modified_gmt":"2020-01-22T13:27:37","slug":"c-gartelmann","status":"publish","type":"product","link":"https:\/\/gesundheitsberatung.com\/psychologie\/online-beratung\/psychologische-berater\/c-gartelmann\/","title":{"rendered":"C. Gartelmann"},"content":{"rendered":"<p>Psychologische Beratung bei allen Ihren Krisen<\/p>\n<p>Wenn wir im Leben Probleme haben, suchen wir einen Ansprechpartner, der zuh\u00f6ren kann und f\u00fcr unsere Sorgen Verst\u00e4ndnis aufbringt. Denn nur, wer unsere Gedanken und Gef\u00fchle versteht, kann sich in uns Hineinversetzen.\u00a0Ich als Beraterin sehe mich als Begleiterin, als Zuh\u00f6rerin. Im Vordergrund steht immer der Klient, der von mir unterst\u00fctzt wird, das eigene Potenzial zur Probleml\u00f6sung zu entdecken und zu nutzen. \u00a0So kann Ihre Pers\u00f6nlichkeit und Ihr Selbstbewusstsein Schritt f\u00fcr Schritt aufgebaut und L\u00f6sungswege entwickelt werden.\u00a0Als beratende Psychologin helfe ich Ihnen bei allen pers\u00f6nlichen Lebenskrisen, bei Ehe- und Familienproblemen, Trennungs- und Beziehungsproblemen, Erziehungsproblemen mit Kindern und Jugendlichen, Problemen im Beruf und allen erdenklichen weiteren Problemen, die Sie belasten und f\u00fcr Die Sie eine L\u00f6sung herbeif\u00fchren m\u00f6chten oder Unterst\u00fctzung bei Entscheidungshilfe ben\u00f6tigen.<br \/>\nDurch meine Ausbildung, meine Lebenserfahrung und mein gutes Einf\u00fchlungsverm\u00f6gen k\u00f6nnen wir sicherlich gemeinsam Wege aus Ihren Krisen finden.<\/p>\n<p>Ich freue mich auf Ihren Anruf<\/p>\n<p>Ihre Christine Pieper<span class=\"display_none\">5122<\/span><\/p>\n","protected":false},"excerpt":{"rendered":"<p>Als psychologische Beraterin helfe ich Ihnen bei allen pers\u00f6nlichen Lebenskrisen und Problemen, die Sie belasten und f\u00fcr die Sie eine L\u00f6sung herbeif\u00fchren m\u00f6chten. Gemeinsam finden wir L\u00f6sungswege.<\/p>\n","protected":false},"featured_media":23043,"comment_status":"open","ping_status":"closed","template":"","meta":[],"product_cat":[],"product_tag":[],"class_list":["post-17601","product","type-product","status-publish","has-post-thumbnail","hentry","online_berater-psychologische-berater"],"yoast_head":"<!-- This site is optimized with the Yoast SEO plugin v26.0 - https:\/\/yoast.com\/wordpress\/plugins\/seo\/ -->\n<title>C. Gartelmann &#187; Psychologische Berater &#187; Vistano \u260e Beratung<\/title>\n<meta name=\"description\" content=\"Vistano Psychologische Berater &#187; Als psychologische Beraterin helfe ich Ihnen bei allen pers\u00f6nlichen Lebenskrisen und Problemen, die Sie belasten und f\u00fcr die Sie eine L\u00f6sung herbeif\u00fchren m\u00f6chten. Gemeinsam finden wir L\u00f6sungswege.\" \/>\n<meta name=\"robots\" content=\"index, follow, max-snippet:-1, max-image-preview:large, max-video-preview:-1\" \/>\n<link rel=\"canonical\" href=\"https:\/\/gesundheitsberatung.com\/psychologie\/online-beratung\/psychologische-berater\/c-gartelmann\/\" \/>\n<meta property=\"og:locale\" content=\"de_DE\" \/>\n<meta property=\"og:type\" content=\"article\" \/>\n<meta property=\"og:title\" content=\"C. Gartelmann &#187; Psychologische Berater &#187; Vistano \u260e Beratung\" \/>\n<meta property=\"og:description\" content=\"Vistano Psychologische Berater &#187; Als psychologische Beraterin helfe ich Ihnen bei allen pers\u00f6nlichen Lebenskrisen und Problemen, die Sie belasten und f\u00fcr die Sie eine L\u00f6sung herbeif\u00fchren m\u00f6chten. Gemeinsam finden wir L\u00f6sungswege.\" \/>\n<meta property=\"og:url\" content=\"https:\/\/gesundheitsberatung.com\/psychologie\/online-beratung\/psychologische-berater\/c-gartelmann\/\" \/>\n<meta property=\"og:site_name\" content=\"Psychologie\" \/>\n<meta property=\"article:publisher\" content=\"https:\/\/www.facebook.com\/psychologie\/\" \/>\n<meta property=\"article:modified_time\" content=\"2020-01-22T13:27:37+00:00\" \/>\n<meta property=\"og:image\" content=\"https:\/\/gesundheitsberatung.com\/psychologie\/wp-content\/uploads\/sites\/2\/c-gartelmann-psychologische-berater-vistano-berater-id-5122.jpg\" \/>\n\t<meta property=\"og:image:width\" content=\"700\" \/>\n\t<meta property=\"og:image:height\" content=\"700\" \/>\n\t<meta property=\"og:image:type\" content=\"image\/jpeg\" \/>\n<meta name=\"twitter:card\" content=\"summary_large_image\" \/>\n<meta name=\"twitter:site\" content=\"@Vistano\" \/>\n<script type=\"application\/ld+json\" class=\"yoast-schema-graph\">{\"@context\":\"https:\/\/schema.org\",\"@graph\":[{\"@type\":\"WebPage\",\"@id\":\"https:\/\/gesundheitsberatung.com\/psychologie\/online-beratung\/psychologische-berater\/c-gartelmann\/\",\"url\":\"https:\/\/gesundheitsberatung.com\/psychologie\/online-beratung\/psychologische-berater\/c-gartelmann\/\",\"name\":\"C. Gartelmann &#187; Psychologische Berater &#187; Vistano \u260e Beratung\",\"isPartOf\":{\"@id\":\"https:\/\/gesundheitsberatung.com\/psychologie\/#website\"},\"primaryImageOfPage\":{\"@id\":\"https:\/\/gesundheitsberatung.com\/psychologie\/online-beratung\/psychologische-berater\/c-gartelmann\/#primaryimage\"},\"image\":{\"@id\":\"https:\/\/gesundheitsberatung.com\/psychologie\/online-beratung\/psychologische-berater\/c-gartelmann\/#primaryimage\"},\"thumbnailUrl\":\"https:\/\/gesundheitsberatung.com\/psychologie\/wp-content\/uploads\/sites\/2\/c-gartelmann-psychologische-berater-vistano-berater-id-5122.jpg\",\"datePublished\":\"2016-08-04T14:50:10+00:00\",\"dateModified\":\"2020-01-22T13:27:37+00:00\",\"description\":\"Vistano Psychologische Berater &#187; Als psychologische Beraterin helfe ich Ihnen bei allen pers\u00f6nlichen Lebenskrisen und Problemen, die Sie belasten und f\u00fcr die Sie eine L\u00f6sung herbeif\u00fchren m\u00f6chten. Gemeinsam finden wir L\u00f6sungswege.\",\"breadcrumb\":{\"@id\":\"https:\/\/gesundheitsberatung.com\/psychologie\/online-beratung\/psychologische-berater\/c-gartelmann\/#breadcrumb\"},\"inLanguage\":\"de\",\"potentialAction\":[{\"@type\":\"ReadAction\",\"target\":[\"https:\/\/gesundheitsberatung.com\/psychologie\/online-beratung\/psychologische-berater\/c-gartelmann\/\"]}]},{\"@type\":\"ImageObject\",\"inLanguage\":\"de\",\"@id\":\"https:\/\/gesundheitsberatung.com\/psychologie\/online-beratung\/psychologische-berater\/c-gartelmann\/#primaryimage\",\"url\":\"https:\/\/gesundheitsberatung.com\/psychologie\/wp-content\/uploads\/sites\/2\/c-gartelmann-psychologische-berater-vistano-berater-id-5122.jpg\",\"contentUrl\":\"https:\/\/gesundheitsberatung.com\/psychologie\/wp-content\/uploads\/sites\/2\/c-gartelmann-psychologische-berater-vistano-berater-id-5122.jpg\",\"width\":700,\"height\":700,\"caption\":\"Psychologische Berater C. Gartelmann - Berater-ID: 5122\"},{\"@type\":\"BreadcrumbList\",\"@id\":\"https:\/\/gesundheitsberatung.com\/psychologie\/online-beratung\/psychologische-berater\/c-gartelmann\/#breadcrumb\",\"itemListElement\":[{\"@type\":\"ListItem\",\"position\":1,\"name\":\"Home\",\"item\":\"https:\/\/gesundheitsberatung.com\/psychologie\/\"},{\"@type\":\"ListItem\",\"position\":2,\"name\":\"Produkte\",\"item\":\"https:\/\/gesundheitsberatung.com\/psychologie\/shop\/\"},{\"@type\":\"ListItem\",\"position\":3,\"name\":\"Online Beratung\",\"item\":\"https:\/\/gesundheitsberatung.com\/psychologie\/online_berater\/online-beratung\/\"},{\"@type\":\"ListItem\",\"position\":4,\"name\":\"Psychologische Berater\",\"item\":\"https:\/\/gesundheitsberatung.com\/psychologie\/online_berater\/psychologische-berater\/\"},{\"@type\":\"ListItem\",\"position\":5,\"name\":\"C. Gartelmann\"}]},{\"@type\":\"WebSite\",\"@id\":\"https:\/\/gesundheitsberatung.com\/psychologie\/#website\",\"url\":\"https:\/\/gesundheitsberatung.com\/psychologie\/\",\"name\":\"Psychologie\",\"description\":\"Psychologie \u260e Beratung durch Psychologen! Jetzt Gratis-Beratung sichern: \u2714 Diplom Psychologen \u2714 Heilpraktiker f\u00fcr Psychotherapie \u2714 Psychotherapeuten \u2714 Psychologische Berater bei Vistano Psychologie.\",\"potentialAction\":[{\"@type\":\"SearchAction\",\"target\":{\"@type\":\"EntryPoint\",\"urlTemplate\":\"https:\/\/gesundheitsberatung.com\/psychologie\/?s={search_term_string}\"},\"query-input\":{\"@type\":\"PropertyValueSpecification\",\"valueRequired\":true,\"valueName\":\"search_term_string\"}}],\"inLanguage\":\"de\"}]}<\/script>\n<!-- \/ Yoast SEO plugin. -->","yoast_head_json":{"title":"C. Gartelmann &#187; Psychologische Berater &#187; Vistano \u260e Beratung","description":"Vistano Psychologische Berater &#187; Als psychologische Beraterin helfe ich Ihnen bei allen pers\u00f6nlichen Lebenskrisen und Problemen, die Sie belasten und f\u00fcr die Sie eine L\u00f6sung herbeif\u00fchren m\u00f6chten. Gemeinsam finden wir L\u00f6sungswege.","robots":{"index":"index","follow":"follow","max-snippet":"max-snippet:-1","max-image-preview":"max-image-preview:large","max-video-preview":"max-video-preview:-1"},"canonical":"https:\/\/gesundheitsberatung.com\/psychologie\/online-beratung\/psychologische-berater\/c-gartelmann\/","og_locale":"de_DE","og_type":"article","og_title":"C. Gartelmann &#187; Psychologische Berater &#187; Vistano \u260e Beratung","og_description":"Vistano Psychologische Berater &#187; Als psychologische Beraterin helfe ich Ihnen bei allen pers\u00f6nlichen Lebenskrisen und Problemen, die Sie belasten und f\u00fcr die Sie eine L\u00f6sung herbeif\u00fchren m\u00f6chten. Gemeinsam finden wir L\u00f6sungswege.","og_url":"https:\/\/gesundheitsberatung.com\/psychologie\/online-beratung\/psychologische-berater\/c-gartelmann\/","og_site_name":"Psychologie","article_publisher":"https:\/\/www.facebook.com\/psychologie\/","article_modified_time":"2020-01-22T13:27:37+00:00","og_image":[{"width":700,"height":700,"url":"https:\/\/gesundheitsberatung.com\/psychologie\/wp-content\/uploads\/sites\/2\/c-gartelmann-psychologische-berater-vistano-berater-id-5122.jpg","type":"image\/jpeg"}],"twitter_card":"summary_large_image","twitter_site":"@Vistano","schema":{"@context":"https:\/\/schema.org","@graph":[{"@type":"WebPage","@id":"https:\/\/gesundheitsberatung.com\/psychologie\/online-beratung\/psychologische-berater\/c-gartelmann\/","url":"https:\/\/gesundheitsberatung.com\/psychologie\/online-beratung\/psychologische-berater\/c-gartelmann\/","name":"C. Gartelmann &#187; Psychologische Berater &#187; Vistano \u260e Beratung","isPartOf":{"@id":"https:\/\/gesundheitsberatung.com\/psychologie\/#website"},"primaryImageOfPage":{"@id":"https:\/\/gesundheitsberatung.com\/psychologie\/online-beratung\/psychologische-berater\/c-gartelmann\/#primaryimage"},"image":{"@id":"https:\/\/gesundheitsberatung.com\/psychologie\/online-beratung\/psychologische-berater\/c-gartelmann\/#primaryimage"},"thumbnailUrl":"https:\/\/gesundheitsberatung.com\/psychologie\/wp-content\/uploads\/sites\/2\/c-gartelmann-psychologische-berater-vistano-berater-id-5122.jpg","datePublished":"2016-08-04T14:50:10+00:00","dateModified":"2020-01-22T13:27:37+00:00","description":"Vistano Psychologische Berater &#187; Als psychologische Beraterin helfe ich Ihnen bei allen pers\u00f6nlichen Lebenskrisen und Problemen, die Sie belasten und f\u00fcr die Sie eine L\u00f6sung herbeif\u00fchren m\u00f6chten. Gemeinsam finden wir L\u00f6sungswege.","breadcrumb":{"@id":"https:\/\/gesundheitsberatung.com\/psychologie\/online-beratung\/psychologische-berater\/c-gartelmann\/#breadcrumb"},"inLanguage":"de","potentialAction":[{"@type":"ReadAction","target":["https:\/\/gesundheitsberatung.com\/psychologie\/online-beratung\/psychologische-berater\/c-gartelmann\/"]}]},{"@type":"ImageObject","inLanguage":"de","@id":"https:\/\/gesundheitsberatung.com\/psychologie\/online-beratung\/psychologische-berater\/c-gartelmann\/#primaryimage","url":"https:\/\/gesundheitsberatung.com\/psychologie\/wp-content\/uploads\/sites\/2\/c-gartelmann-psychologische-berater-vistano-berater-id-5122.jpg","contentUrl":"https:\/\/gesundheitsberatung.com\/psychologie\/wp-content\/uploads\/sites\/2\/c-gartelmann-psychologische-berater-vistano-berater-id-5122.jpg","width":700,"height":700,"caption":"Psychologische Berater C. Gartelmann - Berater-ID: 5122"},{"@type":"BreadcrumbList","@id":"https:\/\/gesundheitsberatung.com\/psychologie\/online-beratung\/psychologische-berater\/c-gartelmann\/#breadcrumb","itemListElement":[{"@type":"ListItem","position":1,"name":"Home","item":"https:\/\/gesundheitsberatung.com\/psychologie\/"},{"@type":"ListItem","position":2,"name":"Produkte","item":"https:\/\/gesundheitsberatung.com\/psychologie\/shop\/"},{"@type":"ListItem","position":3,"name":"Online Beratung","item":"https:\/\/gesundheitsberatung.com\/psychologie\/online_berater\/online-beratung\/"},{"@type":"ListItem","position":4,"name":"Psychologische Berater","item":"https:\/\/gesundheitsberatung.com\/psychologie\/online_berater\/psychologische-berater\/"},{"@type":"ListItem","position":5,"name":"C. Gartelmann"}]},{"@type":"WebSite","@id":"https:\/\/gesundheitsberatung.com\/psychologie\/#website","url":"https:\/\/gesundheitsberatung.com\/psychologie\/","name":"Psychologie","description":"Psychologie \u260e Beratung durch Psychologen! Jetzt Gratis-Beratung sichern: \u2714 Diplom Psychologen \u2714 Heilpraktiker f\u00fcr Psychotherapie \u2714 Psychotherapeuten \u2714 Psychologische Berater bei Vistano Psychologie.","potentialAction":[{"@type":"SearchAction","target":{"@type":"EntryPoint","urlTemplate":"https:\/\/gesundheitsberatung.com\/psychologie\/?s={search_term_string}"},"query-input":{"@type":"PropertyValueSpecification","valueRequired":true,"valueName":"search_term_string"}}],"inLanguage":"de"}]}},"_links":{"self":[{"href":"https:\/\/gesundheitsberatung.com\/psychologie\/wp-json\/wp\/v2\/product\/17601","targetHints":{"allow":["GET"]}}],"collection":[{"href":"https:\/\/gesundheitsberatung.com\/psychologie\/wp-json\/wp\/v2\/product"}],"about":[{"href":"https:\/\/gesundheitsberatung.com\/psychologie\/wp-json\/wp\/v2\/types\/product"}],"replies":[{"embeddable":true,"href":"https:\/\/gesundheitsberatung.com\/psychologie\/wp-json\/wp\/v2\/comments?post=17601"}],"wp:featuredmedia":[{"embeddable":true,"href":"https:\/\/gesundheitsberatung.com\/psychologie\/wp-json\/wp\/v2\/media\/23043"}],"wp:attachment":[{"href":"https:\/\/gesundheitsberatung.com\/psychologie\/wp-json\/wp\/v2\/media?parent=17601"}],"wp:term":[{"taxonomy":"product_cat","embeddable":true,"href":"https:\/\/gesundheitsberatung.com\/psychologie\/wp-json\/wp\/v2\/product_cat?post=17601"},{"taxonomy":"product_tag","embeddable":true,"href":"https:\/\/gesundheitsberatung.com\/psychologie\/wp-json\/wp\/v2\/product_tag?post=17601"}],"curies":[{"name":"wp","href":"https:\/\/api.w.org\/{rel}","templated":true}]}}