{"id":17589,"date":"2016-09-26T11:29:19","date_gmt":"2016-09-26T09:29:19","guid":{"rendered":"https:\/\/gesundheitsberatung.com\/psychologie\/?post_type=product&#038;p=17589"},"modified":"2025-08-14T18:55:04","modified_gmt":"2025-08-14T16:55:04","slug":"h-anbergen","status":"publish","type":"product","link":"https:\/\/gesundheitsberatung.com\/psychologie\/online-beratung\/psychologische-berater\/h-anbergen\/","title":{"rendered":"H. Anbergen"},"content":{"rendered":"<p><span class=\"hinweis_text_single_berater\">am 15.8. wieder da.Sei Du ! &#8211; Dein Weg &#8211; zu Dir :<\/span><\/p>\n<p>Holistisches, l\u00f6sungsorientiertes Coaching und Mediation im Sinne von kurzfristigen einfachen L\u00f6sungen bei allen Herausforderungen und Fragestellungen des allt\u00e4glichen Seins, auch Lebenskrisen in Partnerschaft, Familie und Beruf. Erste Hilfe in der Krise und in Notf\u00e4llen. Hilfestellung\/ Beratung in brennenden Fragen zwischenmenschlicher Beziehungen  von Frau\/ Mann oder Mann\/ Frau. Beratung in Notf\u00e4llen und Krisensituationen.<br \/>\nEinf\u00fchlsame Gespr\u00e4chsf\u00fchrung unter Einbindung aller ganzheitlichen Aspekte. Spezialisiert auf Ermittlung der individuellen Lebenstypologie und die Umsetzung in allt\u00e4gliche St\u00e4rke. Begleitung in Notf\u00e4llen. Paarbegleitung und Beratung.<span class=\"display_none\">5062<\/span><\/p>\n","protected":false},"excerpt":{"rendered":"<p>Du bist einmalig. Ich reflektiere Ihnen Ihre St\u00e4rke und wunderbaren Eigenschaften. Ein sehr pers\u00f6nliches, holistisches, l\u00f6sungsorientiertes Coaching f\u00fcr kurzfristige und einfache L\u00f6sungen Ihrer Frage<\/p>\n","protected":false},"featured_media":25738,"comment_status":"open","ping_status":"closed","template":"","meta":[],"product_cat":[],"product_tag":[],"class_list":["post-17589","product","type-product","status-publish","has-post-thumbnail","hentry","online_berater-heilpraktiker-fuer-psychotherapie","online_berater-psychologische-berater"],"yoast_head":"<!-- This site is optimized with the Yoast SEO plugin v26.0 - https:\/\/yoast.com\/wordpress\/plugins\/seo\/ -->\n<title>H. Anbergen &#187; Heilpraktiker f\u00fcr Psychotherapie, Psychologische Berater &#187; Vistano \u260e Beratung<\/title>\n<meta name=\"description\" content=\"Vistano Heilpraktiker f\u00fcr Psychotherapie, Psychologische Berater &#187; Du bist einmalig. Ich reflektiere Ihnen Ihre St\u00e4rke und wunderbaren Eigenschaften. Ein sehr pers\u00f6nliches, holistisches, l\u00f6sungsorientiertes Coaching f\u00fcr kurzfristige und einfache L\u00f6sungen Ihrer Frage\" \/>\n<meta name=\"robots\" content=\"index, follow, max-snippet:-1, max-image-preview:large, max-video-preview:-1\" \/>\n<link rel=\"canonical\" href=\"https:\/\/gesundheitsberatung.com\/psychologie\/online-beratung\/psychologische-berater\/h-anbergen\/\" \/>\n<meta property=\"og:locale\" content=\"de_DE\" \/>\n<meta property=\"og:type\" content=\"article\" \/>\n<meta property=\"og:title\" content=\"H. Anbergen &#187; Heilpraktiker f\u00fcr Psychotherapie, Psychologische Berater &#187; Vistano \u260e Beratung\" \/>\n<meta property=\"og:description\" content=\"Vistano Heilpraktiker f\u00fcr Psychotherapie, Psychologische Berater &#187; Du bist einmalig. Ich reflektiere Ihnen Ihre St\u00e4rke und wunderbaren Eigenschaften. Ein sehr pers\u00f6nliches, holistisches, l\u00f6sungsorientiertes Coaching f\u00fcr kurzfristige und einfache L\u00f6sungen Ihrer Frage\" \/>\n<meta property=\"og:url\" content=\"https:\/\/gesundheitsberatung.com\/psychologie\/online-beratung\/psychologische-berater\/h-anbergen\/\" \/>\n<meta property=\"og:site_name\" content=\"Psychologie\" \/>\n<meta property=\"article:publisher\" content=\"https:\/\/www.facebook.com\/psychologie\/\" \/>\n<meta property=\"article:modified_time\" content=\"2025-08-14T16:55:04+00:00\" \/>\n<meta property=\"og:image\" content=\"https:\/\/gesundheitsberatung.com\/psychologie\/wp-content\/uploads\/sites\/2\/h-anbergen-heilpraktiker-f-r-psychotherapie-vistano-berater-id-5062.jpg\" \/>\n\t<meta property=\"og:image:width\" content=\"800\" \/>\n\t<meta property=\"og:image:height\" content=\"800\" \/>\n\t<meta property=\"og:image:type\" content=\"image\/jpeg\" \/>\n<meta name=\"twitter:card\" content=\"summary_large_image\" \/>\n<meta name=\"twitter:site\" content=\"@Vistano\" \/>\n<script type=\"application\/ld+json\" class=\"yoast-schema-graph\">{\"@context\":\"https:\/\/schema.org\",\"@graph\":[{\"@type\":\"WebPage\",\"@id\":\"https:\/\/gesundheitsberatung.com\/psychologie\/online-beratung\/psychologische-berater\/h-anbergen\/\",\"url\":\"https:\/\/gesundheitsberatung.com\/psychologie\/online-beratung\/psychologische-berater\/h-anbergen\/\",\"name\":\"H. Anbergen &#187; Heilpraktiker f\u00fcr Psychotherapie, Psychologische Berater &#187; Vistano \u260e Beratung\",\"isPartOf\":{\"@id\":\"https:\/\/gesundheitsberatung.com\/psychologie\/#website\"},\"primaryImageOfPage\":{\"@id\":\"https:\/\/gesundheitsberatung.com\/psychologie\/online-beratung\/psychologische-berater\/h-anbergen\/#primaryimage\"},\"image\":{\"@id\":\"https:\/\/gesundheitsberatung.com\/psychologie\/online-beratung\/psychologische-berater\/h-anbergen\/#primaryimage\"},\"thumbnailUrl\":\"https:\/\/gesundheitsberatung.com\/psychologie\/wp-content\/uploads\/sites\/2\/h-anbergen-heilpraktiker-f-r-psychotherapie-vistano-berater-id-5062.jpg\",\"datePublished\":\"2016-09-26T09:29:19+00:00\",\"dateModified\":\"2025-08-14T16:55:04+00:00\",\"description\":\"Vistano Heilpraktiker f\u00fcr Psychotherapie, Psychologische Berater &#187; Du bist einmalig. Ich reflektiere Ihnen Ihre St\u00e4rke und wunderbaren Eigenschaften. Ein sehr pers\u00f6nliches, holistisches, l\u00f6sungsorientiertes Coaching f\u00fcr kurzfristige und einfache L\u00f6sungen Ihrer Frage\",\"breadcrumb\":{\"@id\":\"https:\/\/gesundheitsberatung.com\/psychologie\/online-beratung\/psychologische-berater\/h-anbergen\/#breadcrumb\"},\"inLanguage\":\"de\",\"potentialAction\":[{\"@type\":\"ReadAction\",\"target\":[\"https:\/\/gesundheitsberatung.com\/psychologie\/online-beratung\/psychologische-berater\/h-anbergen\/\"]}]},{\"@type\":\"ImageObject\",\"inLanguage\":\"de\",\"@id\":\"https:\/\/gesundheitsberatung.com\/psychologie\/online-beratung\/psychologische-berater\/h-anbergen\/#primaryimage\",\"url\":\"https:\/\/gesundheitsberatung.com\/psychologie\/wp-content\/uploads\/sites\/2\/h-anbergen-heilpraktiker-f-r-psychotherapie-vistano-berater-id-5062.jpg\",\"contentUrl\":\"https:\/\/gesundheitsberatung.com\/psychologie\/wp-content\/uploads\/sites\/2\/h-anbergen-heilpraktiker-f-r-psychotherapie-vistano-berater-id-5062.jpg\",\"width\":800,\"height\":800,\"caption\":\"Heilpraktiker f\u00fcr Psychotherapie H. Anbergen - Berater-ID: 5062\"},{\"@type\":\"BreadcrumbList\",\"@id\":\"https:\/\/gesundheitsberatung.com\/psychologie\/online-beratung\/psychologische-berater\/h-anbergen\/#breadcrumb\",\"itemListElement\":[{\"@type\":\"ListItem\",\"position\":1,\"name\":\"Home\",\"item\":\"https:\/\/gesundheitsberatung.com\/psychologie\/\"},{\"@type\":\"ListItem\",\"position\":2,\"name\":\"Produkte\",\"item\":\"https:\/\/gesundheitsberatung.com\/psychologie\/shop\/\"},{\"@type\":\"ListItem\",\"position\":3,\"name\":\"Online Beratung\",\"item\":\"https:\/\/gesundheitsberatung.com\/psychologie\/online_berater\/online-beratung\/\"},{\"@type\":\"ListItem\",\"position\":4,\"name\":\"Heilpraktiker f\u00fcr Psychotherapie\",\"item\":\"https:\/\/gesundheitsberatung.com\/psychologie\/online_berater\/heilpraktiker-fuer-psychotherapie\/\"},{\"@type\":\"ListItem\",\"position\":5,\"name\":\"H. Anbergen\"}]},{\"@type\":\"WebSite\",\"@id\":\"https:\/\/gesundheitsberatung.com\/psychologie\/#website\",\"url\":\"https:\/\/gesundheitsberatung.com\/psychologie\/\",\"name\":\"Psychologie\",\"description\":\"Psychologie \u260e Beratung durch Psychologen! Jetzt Gratis-Beratung sichern: \u2714 Diplom Psychologen \u2714 Heilpraktiker f\u00fcr Psychotherapie \u2714 Psychotherapeuten \u2714 Psychologische Berater bei Vistano Psychologie.\",\"potentialAction\":[{\"@type\":\"SearchAction\",\"target\":{\"@type\":\"EntryPoint\",\"urlTemplate\":\"https:\/\/gesundheitsberatung.com\/psychologie\/?s={search_term_string}\"},\"query-input\":{\"@type\":\"PropertyValueSpecification\",\"valueRequired\":true,\"valueName\":\"search_term_string\"}}],\"inLanguage\":\"de\"}]}<\/script>\n<!-- \/ Yoast SEO plugin. -->","yoast_head_json":{"title":"H. Anbergen &#187; Heilpraktiker f\u00fcr Psychotherapie, Psychologische Berater &#187; Vistano \u260e Beratung","description":"Vistano Heilpraktiker f\u00fcr Psychotherapie, Psychologische Berater &#187; Du bist einmalig. Ich reflektiere Ihnen Ihre St\u00e4rke und wunderbaren Eigenschaften. Ein sehr pers\u00f6nliches, holistisches, l\u00f6sungsorientiertes Coaching f\u00fcr kurzfristige und einfache L\u00f6sungen Ihrer Frage","robots":{"index":"index","follow":"follow","max-snippet":"max-snippet:-1","max-image-preview":"max-image-preview:large","max-video-preview":"max-video-preview:-1"},"canonical":"https:\/\/gesundheitsberatung.com\/psychologie\/online-beratung\/psychologische-berater\/h-anbergen\/","og_locale":"de_DE","og_type":"article","og_title":"H. Anbergen &#187; Heilpraktiker f\u00fcr Psychotherapie, Psychologische Berater &#187; Vistano \u260e Beratung","og_description":"Vistano Heilpraktiker f\u00fcr Psychotherapie, Psychologische Berater &#187; Du bist einmalig. Ich reflektiere Ihnen Ihre St\u00e4rke und wunderbaren Eigenschaften. Ein sehr pers\u00f6nliches, holistisches, l\u00f6sungsorientiertes Coaching f\u00fcr kurzfristige und einfache L\u00f6sungen Ihrer Frage","og_url":"https:\/\/gesundheitsberatung.com\/psychologie\/online-beratung\/psychologische-berater\/h-anbergen\/","og_site_name":"Psychologie","article_publisher":"https:\/\/www.facebook.com\/psychologie\/","article_modified_time":"2025-08-14T16:55:04+00:00","og_image":[{"width":800,"height":800,"url":"https:\/\/gesundheitsberatung.com\/psychologie\/wp-content\/uploads\/sites\/2\/h-anbergen-heilpraktiker-f-r-psychotherapie-vistano-berater-id-5062.jpg","type":"image\/jpeg"}],"twitter_card":"summary_large_image","twitter_site":"@Vistano","schema":{"@context":"https:\/\/schema.org","@graph":[{"@type":"WebPage","@id":"https:\/\/gesundheitsberatung.com\/psychologie\/online-beratung\/psychologische-berater\/h-anbergen\/","url":"https:\/\/gesundheitsberatung.com\/psychologie\/online-beratung\/psychologische-berater\/h-anbergen\/","name":"H. Anbergen &#187; Heilpraktiker f\u00fcr Psychotherapie, Psychologische Berater &#187; Vistano \u260e Beratung","isPartOf":{"@id":"https:\/\/gesundheitsberatung.com\/psychologie\/#website"},"primaryImageOfPage":{"@id":"https:\/\/gesundheitsberatung.com\/psychologie\/online-beratung\/psychologische-berater\/h-anbergen\/#primaryimage"},"image":{"@id":"https:\/\/gesundheitsberatung.com\/psychologie\/online-beratung\/psychologische-berater\/h-anbergen\/#primaryimage"},"thumbnailUrl":"https:\/\/gesundheitsberatung.com\/psychologie\/wp-content\/uploads\/sites\/2\/h-anbergen-heilpraktiker-f-r-psychotherapie-vistano-berater-id-5062.jpg","datePublished":"2016-09-26T09:29:19+00:00","dateModified":"2025-08-14T16:55:04+00:00","description":"Vistano Heilpraktiker f\u00fcr Psychotherapie, Psychologische Berater &#187; Du bist einmalig. Ich reflektiere Ihnen Ihre St\u00e4rke und wunderbaren Eigenschaften. Ein sehr pers\u00f6nliches, holistisches, l\u00f6sungsorientiertes Coaching f\u00fcr kurzfristige und einfache L\u00f6sungen Ihrer Frage","breadcrumb":{"@id":"https:\/\/gesundheitsberatung.com\/psychologie\/online-beratung\/psychologische-berater\/h-anbergen\/#breadcrumb"},"inLanguage":"de","potentialAction":[{"@type":"ReadAction","target":["https:\/\/gesundheitsberatung.com\/psychologie\/online-beratung\/psychologische-berater\/h-anbergen\/"]}]},{"@type":"ImageObject","inLanguage":"de","@id":"https:\/\/gesundheitsberatung.com\/psychologie\/online-beratung\/psychologische-berater\/h-anbergen\/#primaryimage","url":"https:\/\/gesundheitsberatung.com\/psychologie\/wp-content\/uploads\/sites\/2\/h-anbergen-heilpraktiker-f-r-psychotherapie-vistano-berater-id-5062.jpg","contentUrl":"https:\/\/gesundheitsberatung.com\/psychologie\/wp-content\/uploads\/sites\/2\/h-anbergen-heilpraktiker-f-r-psychotherapie-vistano-berater-id-5062.jpg","width":800,"height":800,"caption":"Heilpraktiker f\u00fcr Psychotherapie H. Anbergen - Berater-ID: 5062"},{"@type":"BreadcrumbList","@id":"https:\/\/gesundheitsberatung.com\/psychologie\/online-beratung\/psychologische-berater\/h-anbergen\/#breadcrumb","itemListElement":[{"@type":"ListItem","position":1,"name":"Home","item":"https:\/\/gesundheitsberatung.com\/psychologie\/"},{"@type":"ListItem","position":2,"name":"Produkte","item":"https:\/\/gesundheitsberatung.com\/psychologie\/shop\/"},{"@type":"ListItem","position":3,"name":"Online Beratung","item":"https:\/\/gesundheitsberatung.com\/psychologie\/online_berater\/online-beratung\/"},{"@type":"ListItem","position":4,"name":"Heilpraktiker f\u00fcr Psychotherapie","item":"https:\/\/gesundheitsberatung.com\/psychologie\/online_berater\/heilpraktiker-fuer-psychotherapie\/"},{"@type":"ListItem","position":5,"name":"H. Anbergen"}]},{"@type":"WebSite","@id":"https:\/\/gesundheitsberatung.com\/psychologie\/#website","url":"https:\/\/gesundheitsberatung.com\/psychologie\/","name":"Psychologie","description":"Psychologie \u260e Beratung durch Psychologen! Jetzt Gratis-Beratung sichern: \u2714 Diplom Psychologen \u2714 Heilpraktiker f\u00fcr Psychotherapie \u2714 Psychotherapeuten \u2714 Psychologische Berater bei Vistano Psychologie.","potentialAction":[{"@type":"SearchAction","target":{"@type":"EntryPoint","urlTemplate":"https:\/\/gesundheitsberatung.com\/psychologie\/?s={search_term_string}"},"query-input":{"@type":"PropertyValueSpecification","valueRequired":true,"valueName":"search_term_string"}}],"inLanguage":"de"}]}},"_links":{"self":[{"href":"https:\/\/gesundheitsberatung.com\/psychologie\/wp-json\/wp\/v2\/product\/17589","targetHints":{"allow":["GET"]}}],"collection":[{"href":"https:\/\/gesundheitsberatung.com\/psychologie\/wp-json\/wp\/v2\/product"}],"about":[{"href":"https:\/\/gesundheitsberatung.com\/psychologie\/wp-json\/wp\/v2\/types\/product"}],"replies":[{"embeddable":true,"href":"https:\/\/gesundheitsberatung.com\/psychologie\/wp-json\/wp\/v2\/comments?post=17589"}],"wp:featuredmedia":[{"embeddable":true,"href":"https:\/\/gesundheitsberatung.com\/psychologie\/wp-json\/wp\/v2\/media\/25738"}],"wp:attachment":[{"href":"https:\/\/gesundheitsberatung.com\/psychologie\/wp-json\/wp\/v2\/media?parent=17589"}],"wp:term":[{"taxonomy":"product_cat","embeddable":true,"href":"https:\/\/gesundheitsberatung.com\/psychologie\/wp-json\/wp\/v2\/product_cat?post=17589"},{"taxonomy":"product_tag","embeddable":true,"href":"https:\/\/gesundheitsberatung.com\/psychologie\/wp-json\/wp\/v2\/product_tag?post=17589"}],"curies":[{"name":"wp","href":"https:\/\/api.w.org\/{rel}","templated":true}]}}