{"id":17582,"date":"2016-08-04T16:49:48","date_gmt":"2016-08-04T14:49:48","guid":{"rendered":"https:\/\/gesundheitsberatung.com\/psychologie\/?post_type=product&#038;p=17582"},"modified":"2025-06-25T09:42:12","modified_gmt":"2025-06-25T07:42:12","slug":"h-kahlow","status":"publish","type":"product","link":"https:\/\/gesundheitsberatung.com\/psychologie\/online-beratung\/psychologische-berater\/h-kahlow\/","title":{"rendered":"H. Kahlow"},"content":{"rendered":"<p>\u00e2\u0080\u009eDu kannst einem Menschen nichts lehren; du kannst ihm nur helfen, es in sich selbst zu finden.\u00e2\u0080\u009c (Galileo Galilei)<\/p>\n<p>Liebe Anrufer!<\/p>\n<p>Um welche Problematik oder welches Thema geht es bei Ihnen? <br \/>\nSie haben vielleicht chronische k\u00f6rperliche und\/oder seelische Beschwerden?  <br \/>\nSie befinden sich in einer schwierigen Lebenssituation und f\u00fchlen sich \u00fcberfordert? <br \/>\nOder Sie stecken in einer pers\u00f6nlichen Beziehungskrise und nichts geht mehr!<\/p>\n<p>In unserem Gespr\u00e4ch gehe ich auf Ihre ganz individuellen Fragen und Befindlichkeiten ein. <br \/>\nSie geben die Richtung vor. Wir schauen gemeinsam auf Ihr vorhandenes Heilungspotenzial. <br \/>\nWas haben Sie bisher selbst an L\u00f6sungsm\u00f6glichkeiten herausgefunden? <br \/>\nDie Entdeckung Ihrer eigenen Pers\u00f6nlichkeit mit Ihren St\u00e4rken und Ressourcen ist der Schl\u00fcssel auf dem Weg zur L\u00f6sung Ihres Problems. <\/p>\n<p>Ich freue mich, wenn Sie mir die Gelegenheit geben, Sie dabei zu begleiten!<\/p>\n<p>Ihre Heike Kahlow <\/p>\n<p>Schwerpunkte:<br \/>\nDepression<br \/>\nBurnout<br \/>\nKrisen<br \/>\nPaarberatung<br \/>\nSelbstfindung<br \/>\nMental Training<br \/>\nLebensberatung<br \/>\nSucht<br \/>\nMobbing<br \/>\n<span class=\"display_none\">4893<\/span><\/p>\n","protected":false},"excerpt":{"rendered":"<p>Was bewegt Sie? Existenzsorgen, Beziehungsprobleme, eine pers\u00f6nliche Krise, Krankheiten, \u00c4ngste, Stress, Schlaflosigkeit, Kraftlosigkeit, Einsamkeit. Haben Sie Gespr\u00e4chsbedarf? Lassen Sie uns reden!<\/p>\n","protected":false},"featured_media":381989,"comment_status":"open","ping_status":"closed","template":"","meta":[],"product_cat":[],"product_tag":[],"class_list":["post-17582","product","type-product","status-publish","has-post-thumbnail","hentry","online_berater-psychologische-berater"],"yoast_head":"<!-- This site is optimized with the Yoast SEO plugin v26.0 - https:\/\/yoast.com\/wordpress\/plugins\/seo\/ -->\n<title>H. Kahlow &#187; Psychologische Berater &#187; Vistano \u260e Beratung<\/title>\n<meta name=\"description\" content=\"Vistano Psychologische Berater &#187; Was bewegt Sie? Existenzsorgen, Beziehungsprobleme, eine pers\u00f6nliche Krise, Krankheiten, \u00c4ngste, Stress, Schlaflosigkeit, Kraftlosigkeit, Einsamkeit. Haben Sie Gespr\u00e4chsbedarf? Lassen Sie uns reden!\" \/>\n<meta name=\"robots\" content=\"index, follow, max-snippet:-1, max-image-preview:large, max-video-preview:-1\" \/>\n<link rel=\"canonical\" href=\"https:\/\/gesundheitsberatung.com\/psychologie\/online-beratung\/psychologische-berater\/h-kahlow\/\" \/>\n<meta property=\"og:locale\" content=\"de_DE\" \/>\n<meta property=\"og:type\" content=\"article\" \/>\n<meta property=\"og:title\" content=\"H. Kahlow &#187; Psychologische Berater &#187; Vistano \u260e Beratung\" \/>\n<meta property=\"og:description\" content=\"Vistano Psychologische Berater &#187; Was bewegt Sie? Existenzsorgen, Beziehungsprobleme, eine pers\u00f6nliche Krise, Krankheiten, \u00c4ngste, Stress, Schlaflosigkeit, Kraftlosigkeit, Einsamkeit. Haben Sie Gespr\u00e4chsbedarf? Lassen Sie uns reden!\" \/>\n<meta property=\"og:url\" content=\"https:\/\/gesundheitsberatung.com\/psychologie\/online-beratung\/psychologische-berater\/h-kahlow\/\" \/>\n<meta property=\"og:site_name\" content=\"Psychologie\" \/>\n<meta property=\"article:publisher\" content=\"https:\/\/www.facebook.com\/psychologie\/\" \/>\n<meta property=\"article:modified_time\" content=\"2025-06-25T07:42:12+00:00\" \/>\n<meta property=\"og:image\" content=\"https:\/\/gesundheitsberatung.com\/psychologie\/wp-content\/uploads\/sites\/2\/h-kahlow-psychologische-berater-vistano-berater-id-4893.jpg\" \/>\n\t<meta property=\"og:image:width\" content=\"700\" \/>\n\t<meta property=\"og:image:height\" content=\"700\" \/>\n\t<meta property=\"og:image:type\" content=\"image\/jpeg\" \/>\n<meta name=\"twitter:card\" content=\"summary_large_image\" \/>\n<meta name=\"twitter:site\" content=\"@Vistano\" \/>\n<script type=\"application\/ld+json\" class=\"yoast-schema-graph\">{\"@context\":\"https:\/\/schema.org\",\"@graph\":[{\"@type\":\"WebPage\",\"@id\":\"https:\/\/gesundheitsberatung.com\/psychologie\/online-beratung\/psychologische-berater\/h-kahlow\/\",\"url\":\"https:\/\/gesundheitsberatung.com\/psychologie\/online-beratung\/psychologische-berater\/h-kahlow\/\",\"name\":\"H. Kahlow &#187; Psychologische Berater &#187; Vistano \u260e Beratung\",\"isPartOf\":{\"@id\":\"https:\/\/gesundheitsberatung.com\/psychologie\/#website\"},\"primaryImageOfPage\":{\"@id\":\"https:\/\/gesundheitsberatung.com\/psychologie\/online-beratung\/psychologische-berater\/h-kahlow\/#primaryimage\"},\"image\":{\"@id\":\"https:\/\/gesundheitsberatung.com\/psychologie\/online-beratung\/psychologische-berater\/h-kahlow\/#primaryimage\"},\"thumbnailUrl\":\"https:\/\/gesundheitsberatung.com\/psychologie\/wp-content\/uploads\/sites\/2\/h-kahlow-psychologische-berater-vistano-berater-id-4893.jpg\",\"datePublished\":\"2016-08-04T14:49:48+00:00\",\"dateModified\":\"2025-06-25T07:42:12+00:00\",\"description\":\"Vistano Psychologische Berater &#187; Was bewegt Sie? Existenzsorgen, Beziehungsprobleme, eine pers\u00f6nliche Krise, Krankheiten, \u00c4ngste, Stress, Schlaflosigkeit, Kraftlosigkeit, Einsamkeit. Haben Sie Gespr\u00e4chsbedarf? Lassen Sie uns reden!\",\"breadcrumb\":{\"@id\":\"https:\/\/gesundheitsberatung.com\/psychologie\/online-beratung\/psychologische-berater\/h-kahlow\/#breadcrumb\"},\"inLanguage\":\"de\",\"potentialAction\":[{\"@type\":\"ReadAction\",\"target\":[\"https:\/\/gesundheitsberatung.com\/psychologie\/online-beratung\/psychologische-berater\/h-kahlow\/\"]}]},{\"@type\":\"ImageObject\",\"inLanguage\":\"de\",\"@id\":\"https:\/\/gesundheitsberatung.com\/psychologie\/online-beratung\/psychologische-berater\/h-kahlow\/#primaryimage\",\"url\":\"https:\/\/gesundheitsberatung.com\/psychologie\/wp-content\/uploads\/sites\/2\/h-kahlow-psychologische-berater-vistano-berater-id-4893.jpg\",\"contentUrl\":\"https:\/\/gesundheitsberatung.com\/psychologie\/wp-content\/uploads\/sites\/2\/h-kahlow-psychologische-berater-vistano-berater-id-4893.jpg\",\"width\":774,\"height\":774,\"caption\":\"Psychologische Berater H. Kahlow - Berater-ID: 4893\"},{\"@type\":\"BreadcrumbList\",\"@id\":\"https:\/\/gesundheitsberatung.com\/psychologie\/online-beratung\/psychologische-berater\/h-kahlow\/#breadcrumb\",\"itemListElement\":[{\"@type\":\"ListItem\",\"position\":1,\"name\":\"Home\",\"item\":\"https:\/\/gesundheitsberatung.com\/psychologie\/\"},{\"@type\":\"ListItem\",\"position\":2,\"name\":\"Produkte\",\"item\":\"https:\/\/gesundheitsberatung.com\/psychologie\/shop\/\"},{\"@type\":\"ListItem\",\"position\":3,\"name\":\"Online Beratung\",\"item\":\"https:\/\/gesundheitsberatung.com\/psychologie\/online_berater\/online-beratung\/\"},{\"@type\":\"ListItem\",\"position\":4,\"name\":\"Psychologische Berater\",\"item\":\"https:\/\/gesundheitsberatung.com\/psychologie\/online_berater\/psychologische-berater\/\"},{\"@type\":\"ListItem\",\"position\":5,\"name\":\"H. Kahlow\"}]},{\"@type\":\"WebSite\",\"@id\":\"https:\/\/gesundheitsberatung.com\/psychologie\/#website\",\"url\":\"https:\/\/gesundheitsberatung.com\/psychologie\/\",\"name\":\"Psychologie\",\"description\":\"Psychologie \u260e Beratung durch Psychologen! Jetzt Gratis-Beratung sichern: \u2714 Diplom Psychologen \u2714 Heilpraktiker f\u00fcr Psychotherapie \u2714 Psychotherapeuten \u2714 Psychologische Berater bei Vistano Psychologie.\",\"potentialAction\":[{\"@type\":\"SearchAction\",\"target\":{\"@type\":\"EntryPoint\",\"urlTemplate\":\"https:\/\/gesundheitsberatung.com\/psychologie\/?s={search_term_string}\"},\"query-input\":{\"@type\":\"PropertyValueSpecification\",\"valueRequired\":true,\"valueName\":\"search_term_string\"}}],\"inLanguage\":\"de\"}]}<\/script>\n<!-- \/ Yoast SEO plugin. -->","yoast_head_json":{"title":"H. Kahlow &#187; Psychologische Berater &#187; Vistano \u260e Beratung","description":"Vistano Psychologische Berater &#187; Was bewegt Sie? Existenzsorgen, Beziehungsprobleme, eine pers\u00f6nliche Krise, Krankheiten, \u00c4ngste, Stress, Schlaflosigkeit, Kraftlosigkeit, Einsamkeit. Haben Sie Gespr\u00e4chsbedarf? Lassen Sie uns reden!","robots":{"index":"index","follow":"follow","max-snippet":"max-snippet:-1","max-image-preview":"max-image-preview:large","max-video-preview":"max-video-preview:-1"},"canonical":"https:\/\/gesundheitsberatung.com\/psychologie\/online-beratung\/psychologische-berater\/h-kahlow\/","og_locale":"de_DE","og_type":"article","og_title":"H. Kahlow &#187; Psychologische Berater &#187; Vistano \u260e Beratung","og_description":"Vistano Psychologische Berater &#187; Was bewegt Sie? Existenzsorgen, Beziehungsprobleme, eine pers\u00f6nliche Krise, Krankheiten, \u00c4ngste, Stress, Schlaflosigkeit, Kraftlosigkeit, Einsamkeit. Haben Sie Gespr\u00e4chsbedarf? Lassen Sie uns reden!","og_url":"https:\/\/gesundheitsberatung.com\/psychologie\/online-beratung\/psychologische-berater\/h-kahlow\/","og_site_name":"Psychologie","article_publisher":"https:\/\/www.facebook.com\/psychologie\/","article_modified_time":"2025-06-25T07:42:12+00:00","og_image":[{"width":700,"height":700,"url":"https:\/\/gesundheitsberatung.com\/psychologie\/wp-content\/uploads\/sites\/2\/h-kahlow-psychologische-berater-vistano-berater-id-4893.jpg","type":"image\/jpeg"}],"twitter_card":"summary_large_image","twitter_site":"@Vistano","schema":{"@context":"https:\/\/schema.org","@graph":[{"@type":"WebPage","@id":"https:\/\/gesundheitsberatung.com\/psychologie\/online-beratung\/psychologische-berater\/h-kahlow\/","url":"https:\/\/gesundheitsberatung.com\/psychologie\/online-beratung\/psychologische-berater\/h-kahlow\/","name":"H. Kahlow &#187; Psychologische Berater &#187; Vistano \u260e Beratung","isPartOf":{"@id":"https:\/\/gesundheitsberatung.com\/psychologie\/#website"},"primaryImageOfPage":{"@id":"https:\/\/gesundheitsberatung.com\/psychologie\/online-beratung\/psychologische-berater\/h-kahlow\/#primaryimage"},"image":{"@id":"https:\/\/gesundheitsberatung.com\/psychologie\/online-beratung\/psychologische-berater\/h-kahlow\/#primaryimage"},"thumbnailUrl":"https:\/\/gesundheitsberatung.com\/psychologie\/wp-content\/uploads\/sites\/2\/h-kahlow-psychologische-berater-vistano-berater-id-4893.jpg","datePublished":"2016-08-04T14:49:48+00:00","dateModified":"2025-06-25T07:42:12+00:00","description":"Vistano Psychologische Berater &#187; Was bewegt Sie? Existenzsorgen, Beziehungsprobleme, eine pers\u00f6nliche Krise, Krankheiten, \u00c4ngste, Stress, Schlaflosigkeit, Kraftlosigkeit, Einsamkeit. Haben Sie Gespr\u00e4chsbedarf? Lassen Sie uns reden!","breadcrumb":{"@id":"https:\/\/gesundheitsberatung.com\/psychologie\/online-beratung\/psychologische-berater\/h-kahlow\/#breadcrumb"},"inLanguage":"de","potentialAction":[{"@type":"ReadAction","target":["https:\/\/gesundheitsberatung.com\/psychologie\/online-beratung\/psychologische-berater\/h-kahlow\/"]}]},{"@type":"ImageObject","inLanguage":"de","@id":"https:\/\/gesundheitsberatung.com\/psychologie\/online-beratung\/psychologische-berater\/h-kahlow\/#primaryimage","url":"https:\/\/gesundheitsberatung.com\/psychologie\/wp-content\/uploads\/sites\/2\/h-kahlow-psychologische-berater-vistano-berater-id-4893.jpg","contentUrl":"https:\/\/gesundheitsberatung.com\/psychologie\/wp-content\/uploads\/sites\/2\/h-kahlow-psychologische-berater-vistano-berater-id-4893.jpg","width":774,"height":774,"caption":"Psychologische Berater H. Kahlow - Berater-ID: 4893"},{"@type":"BreadcrumbList","@id":"https:\/\/gesundheitsberatung.com\/psychologie\/online-beratung\/psychologische-berater\/h-kahlow\/#breadcrumb","itemListElement":[{"@type":"ListItem","position":1,"name":"Home","item":"https:\/\/gesundheitsberatung.com\/psychologie\/"},{"@type":"ListItem","position":2,"name":"Produkte","item":"https:\/\/gesundheitsberatung.com\/psychologie\/shop\/"},{"@type":"ListItem","position":3,"name":"Online Beratung","item":"https:\/\/gesundheitsberatung.com\/psychologie\/online_berater\/online-beratung\/"},{"@type":"ListItem","position":4,"name":"Psychologische Berater","item":"https:\/\/gesundheitsberatung.com\/psychologie\/online_berater\/psychologische-berater\/"},{"@type":"ListItem","position":5,"name":"H. Kahlow"}]},{"@type":"WebSite","@id":"https:\/\/gesundheitsberatung.com\/psychologie\/#website","url":"https:\/\/gesundheitsberatung.com\/psychologie\/","name":"Psychologie","description":"Psychologie \u260e Beratung durch Psychologen! Jetzt Gratis-Beratung sichern: \u2714 Diplom Psychologen \u2714 Heilpraktiker f\u00fcr Psychotherapie \u2714 Psychotherapeuten \u2714 Psychologische Berater bei Vistano Psychologie.","potentialAction":[{"@type":"SearchAction","target":{"@type":"EntryPoint","urlTemplate":"https:\/\/gesundheitsberatung.com\/psychologie\/?s={search_term_string}"},"query-input":{"@type":"PropertyValueSpecification","valueRequired":true,"valueName":"search_term_string"}}],"inLanguage":"de"}]}},"_links":{"self":[{"href":"https:\/\/gesundheitsberatung.com\/psychologie\/wp-json\/wp\/v2\/product\/17582","targetHints":{"allow":["GET"]}}],"collection":[{"href":"https:\/\/gesundheitsberatung.com\/psychologie\/wp-json\/wp\/v2\/product"}],"about":[{"href":"https:\/\/gesundheitsberatung.com\/psychologie\/wp-json\/wp\/v2\/types\/product"}],"replies":[{"embeddable":true,"href":"https:\/\/gesundheitsberatung.com\/psychologie\/wp-json\/wp\/v2\/comments?post=17582"}],"wp:featuredmedia":[{"embeddable":true,"href":"https:\/\/gesundheitsberatung.com\/psychologie\/wp-json\/wp\/v2\/media\/381989"}],"wp:attachment":[{"href":"https:\/\/gesundheitsberatung.com\/psychologie\/wp-json\/wp\/v2\/media?parent=17582"}],"wp:term":[{"taxonomy":"product_cat","embeddable":true,"href":"https:\/\/gesundheitsberatung.com\/psychologie\/wp-json\/wp\/v2\/product_cat?post=17582"},{"taxonomy":"product_tag","embeddable":true,"href":"https:\/\/gesundheitsberatung.com\/psychologie\/wp-json\/wp\/v2\/product_tag?post=17582"}],"curies":[{"name":"wp","href":"https:\/\/api.w.org\/{rel}","templated":true}]}}