{"id":17580,"date":"2016-08-04T16:49:47","date_gmt":"2016-08-04T14:49:47","guid":{"rendered":"https:\/\/gesundheitsberatung.com\/psychologie\/?post_type=product&#038;p=17580"},"modified":"2023-12-19T15:14:12","modified_gmt":"2023-12-19T14:14:12","slug":"b-hilscher","status":"publish","type":"product","link":"https:\/\/gesundheitsberatung.com\/psychologie\/online-beratung\/heilpraktiker-fuer-psychotherapie\/b-hilscher\/","title":{"rendered":"B. Hilscher"},"content":{"rendered":"<p>Zur perfekten Erg\u00e4nzung meiner T\u00e4tigkeit empfehle ich Ihnen hier bei Vistano.. H.Anbergen Beraterkennung 5062 HP f\u00fcr Psychotherapie ,O))<\/p>\n<p>Verwandle Deine Wunden in kostbare Perlen. <\/p>\n<p>Wir brauchen uns nicht f\u00fcrchten vor der Auseinandersetzung mit uns selbst, denn sogar Sterne knallen manchmal aneinander und es entstehen neue Welten. (Charlie Chaplin) <\/p>\n<p>Gr\u00fc\u00df Gott und &#x2665;Herz&#x2665;lich willkommen auf meiner Vistano -Seite <\/p>\n<p>Sch\u00f6n, da\u00df Sie hier sind! <\/p>\n<p>Ich m\u00f6chte mich IHNEN gerne kurz vorstellen: <\/p>\n<p>Eine telefonische Form des Familienaufstellens oder das Problem direkt aufstellen (Dauer ca 10 Minuten) bietet Ihnen hier die v\u00f6llig unkomplizierte M\u00f6glichkeit, schon nach dem e r s t e n Gespr\u00e4ch ihre Blockaden zu l\u00f6sen, alte st\u00f6rende Muster abzulegen und somit ein gl\u00fcckliches, erf\u00fclltes,angstfreies und selbstbestimmtes Leben zu f\u00fchren.. Wir ben\u00f6tigen dazu nur eine kurze Skizze, die die aktuelle Lebenssituation wiedergibt.<\/p>\n<p>Bitte vor Ihrem Anruf ein leeres Blatt Papier und einen Stift bereithalten !!!!!! Diese Arbeit ist in meiner Praxis die meistverlangte Therapieform und eine geniale M\u00f6glichkeit alle famili\u00e4ren, belastenden Verstrickungen zu l\u00f6senAuf Anfrage schicke ich Ihnen selbstverst\u00e4ndlich Gratisminuten. Au\u00dferdem versuche ich mich so kurz wie m\u00f6glich zu halten um Ihnen unn\u00f6tige Kosten zu ersparen. Ich w\u00fcrde Sie seeeeehr gerne auf Ihrem Weg ein kleines St\u00fcck begleiten. Verlieren Sie bitte n i e den Mut, denn es gibt wirklich f\u00fcr jedes Problem eine L\u00f6sung, das verspreche ich Ihnen. <\/p>\n<p>Ich bedanke mich ganz herzlich f\u00fcr Ihr Vertrauen, Ihre Treue und die liebevollen Bemerkungen zu den Sternchen. <\/p>\n<p>Nun freue mich wieder sehr auf I h r e n n\u00e4chsten oder ersten Anruf. Gemeinsam schaffen wir a l l e s! <\/p>\n<p>Herzlichst Brigitte <span class=\"display_none\">4889<\/span><\/p>\n","protected":false},"excerpt":{"rendered":"<p>Familienaufstellungen  und Problemaufstellungen online<\/p>\n","protected":false},"featured_media":23082,"comment_status":"open","ping_status":"closed","template":"","meta":[],"product_cat":[],"product_tag":[],"class_list":["post-17580","product","type-product","status-publish","has-post-thumbnail","hentry","online_berater-heilpraktiker-fuer-psychotherapie"],"yoast_head":"<!-- This site is optimized with the Yoast SEO plugin v26.0 - https:\/\/yoast.com\/wordpress\/plugins\/seo\/ -->\n<title>B. Hilscher &#187; Heilpraktiker f\u00fcr Psychotherapie &#187; Vistano \u260e Beratung<\/title>\n<meta name=\"description\" content=\"Vistano Heilpraktiker f\u00fcr Psychotherapie &#187; Familienaufstellungen und Problemaufstellungen online\" \/>\n<meta name=\"robots\" content=\"index, follow, max-snippet:-1, max-image-preview:large, max-video-preview:-1\" \/>\n<link rel=\"canonical\" href=\"https:\/\/gesundheitsberatung.com\/psychologie\/online-beratung\/heilpraktiker-fuer-psychotherapie\/b-hilscher\/\" \/>\n<meta property=\"og:locale\" content=\"de_DE\" \/>\n<meta property=\"og:type\" content=\"article\" \/>\n<meta property=\"og:title\" content=\"B. Hilscher &#187; Heilpraktiker f\u00fcr Psychotherapie &#187; Vistano \u260e Beratung\" \/>\n<meta property=\"og:description\" content=\"Vistano Heilpraktiker f\u00fcr Psychotherapie &#187; Familienaufstellungen und Problemaufstellungen online\" \/>\n<meta property=\"og:url\" content=\"https:\/\/gesundheitsberatung.com\/psychologie\/online-beratung\/heilpraktiker-fuer-psychotherapie\/b-hilscher\/\" \/>\n<meta property=\"og:site_name\" content=\"Psychologie\" \/>\n<meta property=\"article:publisher\" content=\"https:\/\/www.facebook.com\/psychologie\/\" \/>\n<meta property=\"article:modified_time\" content=\"2023-12-19T14:14:12+00:00\" \/>\n<meta property=\"og:image\" content=\"https:\/\/gesundheitsberatung.com\/psychologie\/wp-content\/uploads\/sites\/2\/b-hilscher-heilpraktiker-f-r-psychotherapie-vistano-berater-id-4889.jpg\" \/>\n\t<meta property=\"og:image:width\" content=\"700\" \/>\n\t<meta property=\"og:image:height\" content=\"700\" \/>\n\t<meta property=\"og:image:type\" content=\"image\/jpeg\" \/>\n<meta name=\"twitter:card\" content=\"summary_large_image\" \/>\n<meta name=\"twitter:site\" content=\"@Vistano\" \/>\n<script type=\"application\/ld+json\" class=\"yoast-schema-graph\">{\"@context\":\"https:\/\/schema.org\",\"@graph\":[{\"@type\":\"WebPage\",\"@id\":\"https:\/\/gesundheitsberatung.com\/psychologie\/online-beratung\/heilpraktiker-fuer-psychotherapie\/b-hilscher\/\",\"url\":\"https:\/\/gesundheitsberatung.com\/psychologie\/online-beratung\/heilpraktiker-fuer-psychotherapie\/b-hilscher\/\",\"name\":\"B. Hilscher &#187; Heilpraktiker f\u00fcr Psychotherapie &#187; Vistano \u260e Beratung\",\"isPartOf\":{\"@id\":\"https:\/\/gesundheitsberatung.com\/psychologie\/#website\"},\"primaryImageOfPage\":{\"@id\":\"https:\/\/gesundheitsberatung.com\/psychologie\/online-beratung\/heilpraktiker-fuer-psychotherapie\/b-hilscher\/#primaryimage\"},\"image\":{\"@id\":\"https:\/\/gesundheitsberatung.com\/psychologie\/online-beratung\/heilpraktiker-fuer-psychotherapie\/b-hilscher\/#primaryimage\"},\"thumbnailUrl\":\"https:\/\/gesundheitsberatung.com\/psychologie\/wp-content\/uploads\/sites\/2\/b-hilscher-heilpraktiker-f-r-psychotherapie-vistano-berater-id-4889.jpg\",\"datePublished\":\"2016-08-04T14:49:47+00:00\",\"dateModified\":\"2023-12-19T14:14:12+00:00\",\"description\":\"Vistano Heilpraktiker f\u00fcr Psychotherapie &#187; Familienaufstellungen und Problemaufstellungen online\",\"breadcrumb\":{\"@id\":\"https:\/\/gesundheitsberatung.com\/psychologie\/online-beratung\/heilpraktiker-fuer-psychotherapie\/b-hilscher\/#breadcrumb\"},\"inLanguage\":\"de\",\"potentialAction\":[{\"@type\":\"ReadAction\",\"target\":[\"https:\/\/gesundheitsberatung.com\/psychologie\/online-beratung\/heilpraktiker-fuer-psychotherapie\/b-hilscher\/\"]}]},{\"@type\":\"ImageObject\",\"inLanguage\":\"de\",\"@id\":\"https:\/\/gesundheitsberatung.com\/psychologie\/online-beratung\/heilpraktiker-fuer-psychotherapie\/b-hilscher\/#primaryimage\",\"url\":\"https:\/\/gesundheitsberatung.com\/psychologie\/wp-content\/uploads\/sites\/2\/b-hilscher-heilpraktiker-f-r-psychotherapie-vistano-berater-id-4889.jpg\",\"contentUrl\":\"https:\/\/gesundheitsberatung.com\/psychologie\/wp-content\/uploads\/sites\/2\/b-hilscher-heilpraktiker-f-r-psychotherapie-vistano-berater-id-4889.jpg\",\"width\":700,\"height\":700,\"caption\":\"Heilpraktiker f\u00fcr Psychotherapie B. Hilscher - Berater-ID: 4889\"},{\"@type\":\"BreadcrumbList\",\"@id\":\"https:\/\/gesundheitsberatung.com\/psychologie\/online-beratung\/heilpraktiker-fuer-psychotherapie\/b-hilscher\/#breadcrumb\",\"itemListElement\":[{\"@type\":\"ListItem\",\"position\":1,\"name\":\"Home\",\"item\":\"https:\/\/gesundheitsberatung.com\/psychologie\/\"},{\"@type\":\"ListItem\",\"position\":2,\"name\":\"Produkte\",\"item\":\"https:\/\/gesundheitsberatung.com\/psychologie\/shop\/\"},{\"@type\":\"ListItem\",\"position\":3,\"name\":\"Online Beratung\",\"item\":\"https:\/\/gesundheitsberatung.com\/psychologie\/online_berater\/online-beratung\/\"},{\"@type\":\"ListItem\",\"position\":4,\"name\":\"Heilpraktiker f\u00fcr Psychotherapie\",\"item\":\"https:\/\/gesundheitsberatung.com\/psychologie\/online_berater\/heilpraktiker-fuer-psychotherapie\/\"},{\"@type\":\"ListItem\",\"position\":5,\"name\":\"B. Hilscher\"}]},{\"@type\":\"WebSite\",\"@id\":\"https:\/\/gesundheitsberatung.com\/psychologie\/#website\",\"url\":\"https:\/\/gesundheitsberatung.com\/psychologie\/\",\"name\":\"Psychologie\",\"description\":\"Psychologie \u260e Beratung durch Psychologen! Jetzt Gratis-Beratung sichern: \u2714 Diplom Psychologen \u2714 Heilpraktiker f\u00fcr Psychotherapie \u2714 Psychotherapeuten \u2714 Psychologische Berater bei Vistano Psychologie.\",\"potentialAction\":[{\"@type\":\"SearchAction\",\"target\":{\"@type\":\"EntryPoint\",\"urlTemplate\":\"https:\/\/gesundheitsberatung.com\/psychologie\/?s={search_term_string}\"},\"query-input\":{\"@type\":\"PropertyValueSpecification\",\"valueRequired\":true,\"valueName\":\"search_term_string\"}}],\"inLanguage\":\"de\"}]}<\/script>\n<!-- \/ Yoast SEO plugin. -->","yoast_head_json":{"title":"B. Hilscher &#187; Heilpraktiker f\u00fcr Psychotherapie &#187; Vistano \u260e Beratung","description":"Vistano Heilpraktiker f\u00fcr Psychotherapie &#187; Familienaufstellungen und Problemaufstellungen online","robots":{"index":"index","follow":"follow","max-snippet":"max-snippet:-1","max-image-preview":"max-image-preview:large","max-video-preview":"max-video-preview:-1"},"canonical":"https:\/\/gesundheitsberatung.com\/psychologie\/online-beratung\/heilpraktiker-fuer-psychotherapie\/b-hilscher\/","og_locale":"de_DE","og_type":"article","og_title":"B. Hilscher &#187; Heilpraktiker f\u00fcr Psychotherapie &#187; Vistano \u260e Beratung","og_description":"Vistano Heilpraktiker f\u00fcr Psychotherapie &#187; Familienaufstellungen und Problemaufstellungen online","og_url":"https:\/\/gesundheitsberatung.com\/psychologie\/online-beratung\/heilpraktiker-fuer-psychotherapie\/b-hilscher\/","og_site_name":"Psychologie","article_publisher":"https:\/\/www.facebook.com\/psychologie\/","article_modified_time":"2023-12-19T14:14:12+00:00","og_image":[{"width":700,"height":700,"url":"https:\/\/gesundheitsberatung.com\/psychologie\/wp-content\/uploads\/sites\/2\/b-hilscher-heilpraktiker-f-r-psychotherapie-vistano-berater-id-4889.jpg","type":"image\/jpeg"}],"twitter_card":"summary_large_image","twitter_site":"@Vistano","schema":{"@context":"https:\/\/schema.org","@graph":[{"@type":"WebPage","@id":"https:\/\/gesundheitsberatung.com\/psychologie\/online-beratung\/heilpraktiker-fuer-psychotherapie\/b-hilscher\/","url":"https:\/\/gesundheitsberatung.com\/psychologie\/online-beratung\/heilpraktiker-fuer-psychotherapie\/b-hilscher\/","name":"B. Hilscher &#187; Heilpraktiker f\u00fcr Psychotherapie &#187; Vistano \u260e Beratung","isPartOf":{"@id":"https:\/\/gesundheitsberatung.com\/psychologie\/#website"},"primaryImageOfPage":{"@id":"https:\/\/gesundheitsberatung.com\/psychologie\/online-beratung\/heilpraktiker-fuer-psychotherapie\/b-hilscher\/#primaryimage"},"image":{"@id":"https:\/\/gesundheitsberatung.com\/psychologie\/online-beratung\/heilpraktiker-fuer-psychotherapie\/b-hilscher\/#primaryimage"},"thumbnailUrl":"https:\/\/gesundheitsberatung.com\/psychologie\/wp-content\/uploads\/sites\/2\/b-hilscher-heilpraktiker-f-r-psychotherapie-vistano-berater-id-4889.jpg","datePublished":"2016-08-04T14:49:47+00:00","dateModified":"2023-12-19T14:14:12+00:00","description":"Vistano Heilpraktiker f\u00fcr Psychotherapie &#187; Familienaufstellungen und Problemaufstellungen online","breadcrumb":{"@id":"https:\/\/gesundheitsberatung.com\/psychologie\/online-beratung\/heilpraktiker-fuer-psychotherapie\/b-hilscher\/#breadcrumb"},"inLanguage":"de","potentialAction":[{"@type":"ReadAction","target":["https:\/\/gesundheitsberatung.com\/psychologie\/online-beratung\/heilpraktiker-fuer-psychotherapie\/b-hilscher\/"]}]},{"@type":"ImageObject","inLanguage":"de","@id":"https:\/\/gesundheitsberatung.com\/psychologie\/online-beratung\/heilpraktiker-fuer-psychotherapie\/b-hilscher\/#primaryimage","url":"https:\/\/gesundheitsberatung.com\/psychologie\/wp-content\/uploads\/sites\/2\/b-hilscher-heilpraktiker-f-r-psychotherapie-vistano-berater-id-4889.jpg","contentUrl":"https:\/\/gesundheitsberatung.com\/psychologie\/wp-content\/uploads\/sites\/2\/b-hilscher-heilpraktiker-f-r-psychotherapie-vistano-berater-id-4889.jpg","width":700,"height":700,"caption":"Heilpraktiker f\u00fcr Psychotherapie B. Hilscher - Berater-ID: 4889"},{"@type":"BreadcrumbList","@id":"https:\/\/gesundheitsberatung.com\/psychologie\/online-beratung\/heilpraktiker-fuer-psychotherapie\/b-hilscher\/#breadcrumb","itemListElement":[{"@type":"ListItem","position":1,"name":"Home","item":"https:\/\/gesundheitsberatung.com\/psychologie\/"},{"@type":"ListItem","position":2,"name":"Produkte","item":"https:\/\/gesundheitsberatung.com\/psychologie\/shop\/"},{"@type":"ListItem","position":3,"name":"Online Beratung","item":"https:\/\/gesundheitsberatung.com\/psychologie\/online_berater\/online-beratung\/"},{"@type":"ListItem","position":4,"name":"Heilpraktiker f\u00fcr Psychotherapie","item":"https:\/\/gesundheitsberatung.com\/psychologie\/online_berater\/heilpraktiker-fuer-psychotherapie\/"},{"@type":"ListItem","position":5,"name":"B. Hilscher"}]},{"@type":"WebSite","@id":"https:\/\/gesundheitsberatung.com\/psychologie\/#website","url":"https:\/\/gesundheitsberatung.com\/psychologie\/","name":"Psychologie","description":"Psychologie \u260e Beratung durch Psychologen! Jetzt Gratis-Beratung sichern: \u2714 Diplom Psychologen \u2714 Heilpraktiker f\u00fcr Psychotherapie \u2714 Psychotherapeuten \u2714 Psychologische Berater bei Vistano Psychologie.","potentialAction":[{"@type":"SearchAction","target":{"@type":"EntryPoint","urlTemplate":"https:\/\/gesundheitsberatung.com\/psychologie\/?s={search_term_string}"},"query-input":{"@type":"PropertyValueSpecification","valueRequired":true,"valueName":"search_term_string"}}],"inLanguage":"de"}]}},"_links":{"self":[{"href":"https:\/\/gesundheitsberatung.com\/psychologie\/wp-json\/wp\/v2\/product\/17580","targetHints":{"allow":["GET"]}}],"collection":[{"href":"https:\/\/gesundheitsberatung.com\/psychologie\/wp-json\/wp\/v2\/product"}],"about":[{"href":"https:\/\/gesundheitsberatung.com\/psychologie\/wp-json\/wp\/v2\/types\/product"}],"replies":[{"embeddable":true,"href":"https:\/\/gesundheitsberatung.com\/psychologie\/wp-json\/wp\/v2\/comments?post=17580"}],"wp:featuredmedia":[{"embeddable":true,"href":"https:\/\/gesundheitsberatung.com\/psychologie\/wp-json\/wp\/v2\/media\/23082"}],"wp:attachment":[{"href":"https:\/\/gesundheitsberatung.com\/psychologie\/wp-json\/wp\/v2\/media?parent=17580"}],"wp:term":[{"taxonomy":"product_cat","embeddable":true,"href":"https:\/\/gesundheitsberatung.com\/psychologie\/wp-json\/wp\/v2\/product_cat?post=17580"},{"taxonomy":"product_tag","embeddable":true,"href":"https:\/\/gesundheitsberatung.com\/psychologie\/wp-json\/wp\/v2\/product_tag?post=17580"}],"curies":[{"name":"wp","href":"https:\/\/api.w.org\/{rel}","templated":true}]}}