{"id":4106,"date":"2013-06-01T14:00:13","date_gmt":"2013-06-01T12:00:13","guid":{"rendered":"http:\/\/gesundheitsberatung.com\/psychologie\/?page_id=4106"},"modified":"2018-02-02T15:17:55","modified_gmt":"2018-02-02T14:17:55","slug":"angehoerige-von-psychisch-kranken","status":"publish","type":"page","link":"https:\/\/gesundheitsberatung.com\/psychologie\/angehoerige-von-psychisch-kranken\/","title":{"rendered":"Angeh\u00f6rige von psychisch Kranken"},"content":{"rendered":"<p>[av_layerslider id=&#8217;8&#8242;]<\/p>\n<div  class='flex_column av-av_one_full-2a9015ff38129c418a3f2eafba3e9512 av_one_full first flex_column_div  '     ><p><div  class='hr av-av_hr-d3021aff4e2c88ff75459fd6b3a45a12 hr-default'><span class='hr-inner '><span class=\"hr-inner-style\"><\/span><\/span><\/div><br \/>\n\n<style type=\"text\/css\" data-created_by=\"avia_inline_auto\" id=\"style-css-av-av_heading-9b7b21c54f77c3f534d3330914380cc3\">\n#top .av-special-heading.av-av_heading-9b7b21c54f77c3f534d3330914380cc3{\npadding-bottom:0;\n}\nbody .av-special-heading.av-av_heading-9b7b21c54f77c3f534d3330914380cc3 .av-special-heading-tag .heading-char{\nfont-size:25px;\n}\n.av-special-heading.av-av_heading-9b7b21c54f77c3f534d3330914380cc3 .av-subheading{\nfont-size:16px;\n}\n<\/style>\n<div  class='av-special-heading av-av_heading-9b7b21c54f77c3f534d3330914380cc3 av-special-heading-h1 blockquote modern-quote'><h1 class='av-special-heading-tag'  itemprop=\"headline\"  >Informationen f\u00fcr Angeh\u00f6rige<\/h1><div class='av-subheading av-subheading_below'><p>Das solltest Du wissen im Zusammenleben mit Menschen die einem psychischen Leiden ausgesetzt sind<\/p>\n<\/div><div class=\"special-heading-border\"><div class=\"special-heading-inner-border\"><\/div><\/div><\/div><br \/>\n<div  class='hr av-av_hr-d3021aff4e2c88ff75459fd6b3a45a12 hr-default'><span class='hr-inner '><span class=\"hr-inner-style\"><\/span><\/span><\/div><\/p><\/div><div  class='flex_column av-av_one_half-2a9015ff38129c418a3f2eafba3e9512 av_one_half first flex_column_div  '     ><style type=\"text\/css\" data-created_by=\"avia_inline_auto\" id=\"style-css-av-av_image-475492058d9e61dd0cdb439e61ca772b\">\n.avia-image-container.av-av_image-475492058d9e61dd0cdb439e61ca772b img.avia_image{\nbox-shadow:none;\n}\n.avia-image-container.av-av_image-475492058d9e61dd0cdb439e61ca772b .av-image-caption-overlay-center{\ncolor:#ffffff;\n}\n<\/style>\n<div  class='avia-image-container av-av_image-475492058d9e61dd0cdb439e61ca772b av-styling- avia-align-center'   itemprop=\"image\" itemscope=\"itemscope\" itemtype=\"https:\/\/schema.org\/ImageObject\" ><div class=\"avia-image-container-inner\"><div class=\"avia-image-overlay-wrap\"><img decoding=\"async\" width=\"495\" height=\"400\" fetchpriority=\"high\" class='wp-image-4165 avia-img-lazy-loading-not-4165 avia_image ' src=\"http:\/\/gesundheitsberatung.com\/psychologie\/wp-content\/uploads\/sites\/2\/angehoehrige-495x400.jpg\" alt='Angeh\u00f6rige psychisch Kranker' title='Angeh\u00f6rige psychisch Kranker'   itemprop=\"thumbnailUrl\" srcset=\"https:\/\/gesundheitsberatung.com\/psychologie\/wp-content\/uploads\/sites\/2\/angehoehrige-495x400.jpg 495w, https:\/\/gesundheitsberatung.com\/psychologie\/wp-content\/uploads\/sites\/2\/angehoehrige-710x575.jpg 710w\" sizes=\"(max-width: 495px) 100vw, 495px\" \/><\/div><\/div><\/div><\/div><\/p>\n\n<style type=\"text\/css\" data-created_by=\"avia_inline_auto\" id=\"style-css-av-av_one_half-0aa7055fe62c3622faec82866afbaeb2\">\n.flex_column.av-av_one_half-0aa7055fe62c3622faec82866afbaeb2{\nborder-radius:0px 0px 0px 0px;\npadding:0px 0px 0px 0px;\n}\n<\/style>\n<div  class='flex_column av-av_one_half-0aa7055fe62c3622faec82866afbaeb2 av_one_half flex_column_div av-zero-column-padding  '     ><section  class='av_textblock_section av-av_textblock-0366cc7376be6c9e82a3e9cc8987b64f '   itemscope=\"itemscope\" itemtype=\"https:\/\/schema.org\/CreativeWork\" ><div class='avia_textblock'  itemprop=\"text\" ><h3>Zusammenleben und Umgang mit dem Erkrankten<\/h3>\n<p>Im Zusammenleben und im Umgang mit einem psychisch erkrankten Menschen macht sich oft eine starke Verunsicherung breit. Wie verhalte ich mich richtig? Warum wird mein Bem\u00fchen um Unterst\u00fctzung nicht angenommen? Viele solcher Fragen tauchen wiederholt auf. Als Angeh\u00f6riger oder Freund ruft das Leiden eines geliebten Menschen nat\u00fcrlich Anteilnahme und den Wunsch zu helfen hervor.<\/p>\n<p>Klagen und seltsames Verhalten einer nahestehenden Person k\u00f6nnen aber auch negative Gef\u00fchle wie Ablehnung verursachen.\u00a0Es ist auch f\u00fcr Nahestehende eine schwierige Aufgabe, \u00fcber l\u00e4ngere Zeit einer solchen Situation ausgesetzt zu sein und Verst\u00e4ndnis aufzubringen. Erscheinungen der \u00dcberbelastung, Ersch\u00f6pfung und Verzweiflung, oft auch Aggression, stellen sich automatisch ein.<\/p>\n<\/div><\/section><\/div>\n<div  class='hr av-av_hr-d3021aff4e2c88ff75459fd6b3a45a12 hr-default'><span class='hr-inner '><span class=\"hr-inner-style\"><\/span><\/span><\/div>\n<div  class='flex_column av-av_one_half-2a9015ff38129c418a3f2eafba3e9512 av_one_half first flex_column_div  '     ><section  class='av_textblock_section av-av_textblock-0366cc7376be6c9e82a3e9cc8987b64f '   itemscope=\"itemscope\" itemtype=\"https:\/\/schema.org\/CreativeWork\" ><div class='avia_textblock'  itemprop=\"text\" ><h3>Erkenne Deine pers\u00f6nlichen Grenzen<\/h3>\n<p>Als Angeh\u00f6riger ist es sehr wichtig deine eigene Belastungsgrenze fr\u00fchzeitig zu erkennen. Ein bisschen Egoismus muss jeder Mensch besitzen, denn vollst\u00e4ndige Aufopferung bringt Dich und den Erkrankten oft nicht an das gew\u00fcnschte Ziel.<\/p>\n<p>Vernachl\u00e4ssige also niemals Deine pers\u00f6nlichen Bed\u00fcrfnisse und Hobbys, die Deinen seelischen Ausgleich bestimmen. Wenn Du Hilfe aus der Familie oder von Freunden angeboten bekommst, nutze diese Hilfe ohne Selbstvorw\u00fcrfe f\u00fcr Deine Freizeit.<\/p>\n<p>Du kannst nur nachhaltig helfen, wenn Du auch selbst einen seelischen Ausgleich hast.<\/p>\n<\/div><\/section><\/div>\n\n<style type=\"text\/css\" data-created_by=\"avia_inline_auto\" id=\"style-css-av-av_one_half-0aa7055fe62c3622faec82866afbaeb2\">\n.flex_column.av-av_one_half-0aa7055fe62c3622faec82866afbaeb2{\nborder-radius:0px 0px 0px 0px;\npadding:0px 0px 0px 0px;\n}\n<\/style>\n<div  class='flex_column av-av_one_half-0aa7055fe62c3622faec82866afbaeb2 av_one_half flex_column_div av-zero-column-padding  '     ><section  class='av_textblock_section av-av_textblock-0366cc7376be6c9e82a3e9cc8987b64f '   itemscope=\"itemscope\" itemtype=\"https:\/\/schema.org\/CreativeWork\" ><div class='avia_textblock'  itemprop=\"text\" ><h3>Suche Dir Unterst\u00fctzung<\/h3>\n<p>Nimm Hilfe an, wenn Du sie angeboten bekommst. Diese Hilfe darf ohne Einschr\u00e4nkungen dazu dienlich sein Deinen privaten Interessen Raum zu verschaffen, denn Du brauchst diesen seelischen Ausgleich!<\/p>\n<p>Wenn Dir die Gespr\u00e4che mit Freunden nicht helfen, scheue Dich nicht Selbsthilfegruppen f\u00fcr Angeh\u00f6rige psychologisch erkrankter Menschen aufzusuchen. Hier findest Du Menschen, die Deine Situation genau kennen und kannst Dir Deine Sorgen mit professioneller Begleitung bedingungslos von der Seele reden. Falsche Schuldgef\u00fchle sind oft ein Hauptthema dieser Gruppen und sicher eine Sache, die Dich auch besch\u00e4ftigt.<\/p>\n<\/div><\/section><\/div>\n<div  class='flex_column av-av_one_full-2a9015ff38129c418a3f2eafba3e9512 av_one_full first flex_column_div  '     ><p><div  class='hr av-av_hr-d3021aff4e2c88ff75459fd6b3a45a12 hr-default'><span class='hr-inner '><span class=\"hr-inner-style\"><\/span><\/span><\/div><br \/>\n\n<style type=\"text\/css\" data-created_by=\"avia_inline_auto\" id=\"style-css-av-av_heading-f68b2506c04537b1ebd23ceee9ca193a\">\n#top .av-special-heading.av-av_heading-f68b2506c04537b1ebd23ceee9ca193a{\npadding-bottom:0;\n}\nbody .av-special-heading.av-av_heading-f68b2506c04537b1ebd23ceee9ca193a .av-special-heading-tag .heading-char{\nfont-size:25px;\n}\n.av-special-heading.av-av_heading-f68b2506c04537b1ebd23ceee9ca193a .av-subheading{\nfont-size:10px;\n}\n<\/style>\n<div  class='av-special-heading av-av_heading-f68b2506c04537b1ebd23ceee9ca193a av-special-heading-h2 blockquote modern-quote'><h2 class='av-special-heading-tag'  itemprop=\"headline\"  >Punkte, die Du unbedingt beachten solltest<\/h2><div class=\"special-heading-border\"><div class=\"special-heading-inner-border\"><\/div><\/div><\/div><br \/>\n<div  class='hr av-av_hr-d3021aff4e2c88ff75459fd6b3a45a12 hr-default'><span class='hr-inner '><span class=\"hr-inner-style\"><\/span><\/span><\/div><\/p><\/div>\n<div  class='flex_column av-av_one_half-2a9015ff38129c418a3f2eafba3e9512 av_one_half first flex_column_div  '     ><section  class='av_textblock_section av-av_textblock-0366cc7376be6c9e82a3e9cc8987b64f '   itemscope=\"itemscope\" itemtype=\"https:\/\/schema.org\/CreativeWork\" ><div class='avia_textblock'  itemprop=\"text\" ><ul>\n<li>Gehe immer sorgsam mit Dir selbst um! Nur Deine seelische Ausgeglichenheit gibt Dir die andauernde Kraft zu helfen.<\/li>\n<\/ul>\n<ul>\n<li>Hilf an der richtigen Stelle! Nimm eine ermutigende und hilfsbereite Haltung ein und unterst\u00fctze den Erkrankten durch angenehme Aktivit\u00e4ten wie Ausfl\u00fcge oder Spazierg\u00e4nge als Haltepunkt, der nicht von Krankheit bestimmt wird.<\/li>\n<\/ul>\n<ul>\n<li>Plane den Tagesablauf! Ein geplanter Ablauf mit festen Aufwach- und Schlafenszeiten, Medikamenteneinnahmen und Arztbesuchen, sowie festen Essenszeiten gibt dem Betroffenen Sicherheit und Dir eine gute Planungsgrundlage.<\/li>\n<\/ul>\n<\/div><\/section><\/div>\n\n<style type=\"text\/css\" data-created_by=\"avia_inline_auto\" id=\"style-css-av-av_one_half-0aa7055fe62c3622faec82866afbaeb2\">\n.flex_column.av-av_one_half-0aa7055fe62c3622faec82866afbaeb2{\nborder-radius:0px 0px 0px 0px;\npadding:0px 0px 0px 0px;\n}\n<\/style>\n<div  class='flex_column av-av_one_half-0aa7055fe62c3622faec82866afbaeb2 av_one_half flex_column_div av-zero-column-padding  '     ><section  class='av_textblock_section av-av_textblock-0366cc7376be6c9e82a3e9cc8987b64f '   itemscope=\"itemscope\" itemtype=\"https:\/\/schema.org\/CreativeWork\" ><div class='avia_textblock'  itemprop=\"text\" ><ul>\n<li>Schlage keine Hilfe Dritter aus! Sie verschaffen Dir die Zeit, die Du f\u00fcr Deine seelische Ausgeglichenheit ben\u00f6tigst.<\/li>\n<\/ul>\n<ul>\n<li>Vergiss nicht Er\/Sie ist erkrankt! Der Betroffene tut Dinge, die er nicht aus Aggression, mangelnder Disziplin, schwachem Willen oder sonstigen negativen Emotionen macht, sondern sein Handeln wird von einer Krankheit bestimmt.<\/li>\n<\/ul>\n<ul>\n<li>Nimm seine Krankheit ernst! Eigene Interpretationen der Gef\u00fchlswelt des Erkrankten in Diskussionen, oder das Wegreden der Erkrankung sind kontraproduktiv. Vergiss nie, dass es eine Krankheit ist, die das Handeln beeinflusst und habe Geduld.<\/li>\n<\/ul>\n<\/div><\/section><\/div>\n","protected":false},"excerpt":{"rendered":"<p>Im Zusammenleben und im Umgang mit einem psychisch erkrankten Menschen macht sich oft eine starke Verunsicherung breit. Wie verhalte ich mich richtig?&#8230;<\/p>\n","protected":false},"author":3,"featured_media":4165,"parent":0,"menu_order":0,"comment_status":"closed","ping_status":"open","template":"","meta":{"footnotes":""},"class_list":["post-4106","page","type-page","status-publish","has-post-thumbnail","hentry"],"yoast_head":"<!-- This site is optimized with the Yoast SEO plugin v26.0 - https:\/\/yoast.com\/wordpress\/plugins\/seo\/ -->\n<title>Angeh\u00f6rige von psychisch Kranken &#187; Psychologie<\/title>\n<meta name=\"description\" content=\"Im Zusammenleben und im Umgang mit einem psychisch erkrankten Menschen macht sich oft eine starke Verunsicherung breit. Wie verhalte ich mich richtig?...\" \/>\n<meta name=\"robots\" content=\"index, follow, max-snippet:-1, max-image-preview:large, max-video-preview:-1\" \/>\n<link rel=\"canonical\" href=\"https:\/\/gesundheitsberatung.com\/psychologie\/angehoerige-von-psychisch-kranken\/\" \/>\n<meta property=\"og:locale\" content=\"de_DE\" \/>\n<meta property=\"og:type\" content=\"article\" \/>\n<meta property=\"og:title\" content=\"Angeh\u00f6rige von psychisch Kranken &#187; Psychologie\" \/>\n<meta property=\"og:description\" content=\"Im Zusammenleben und im Umgang mit einem psychisch erkrankten Menschen macht sich oft eine starke Verunsicherung breit. Wie verhalte ich mich richtig?...\" \/>\n<meta property=\"og:url\" content=\"https:\/\/gesundheitsberatung.com\/psychologie\/angehoerige-von-psychisch-kranken\/\" \/>\n<meta property=\"og:site_name\" content=\"Psychologie\" \/>\n<meta property=\"article:publisher\" content=\"https:\/\/www.facebook.com\/psychologie\/\" \/>\n<meta property=\"article:modified_time\" content=\"2018-02-02T14:17:55+00:00\" \/>\n<meta property=\"og:image\" content=\"https:\/\/gesundheitsberatung.com\/psychologie\/wp-content\/uploads\/sites\/2\/angehoehrige.jpg\" \/>\n\t<meta property=\"og:image:width\" content=\"1024\" \/>\n\t<meta property=\"og:image:height\" content=\"683\" \/>\n\t<meta property=\"og:image:type\" content=\"image\/jpeg\" \/>\n<meta name=\"twitter:card\" content=\"summary_large_image\" \/>\n<meta name=\"twitter:site\" content=\"@Vistano\" \/>\n<script type=\"application\/ld+json\" class=\"yoast-schema-graph\">{\"@context\":\"https:\/\/schema.org\",\"@graph\":[{\"@type\":\"WebPage\",\"@id\":\"https:\/\/gesundheitsberatung.com\/psychologie\/angehoerige-von-psychisch-kranken\/\",\"url\":\"https:\/\/gesundheitsberatung.com\/psychologie\/angehoerige-von-psychisch-kranken\/\",\"name\":\"Angeh\u00f6rige von psychisch Kranken &#187; Psychologie\",\"isPartOf\":{\"@id\":\"https:\/\/gesundheitsberatung.com\/psychologie\/#website\"},\"primaryImageOfPage\":{\"@id\":\"https:\/\/gesundheitsberatung.com\/psychologie\/angehoerige-von-psychisch-kranken\/#primaryimage\"},\"image\":{\"@id\":\"https:\/\/gesundheitsberatung.com\/psychologie\/angehoerige-von-psychisch-kranken\/#primaryimage\"},\"thumbnailUrl\":\"https:\/\/gesundheitsberatung.com\/psychologie\/wp-content\/uploads\/sites\/2\/angehoehrige.jpg\",\"datePublished\":\"2013-06-01T12:00:13+00:00\",\"dateModified\":\"2018-02-02T14:17:55+00:00\",\"description\":\"Im Zusammenleben und im Umgang mit einem psychisch erkrankten Menschen macht sich oft eine starke Verunsicherung breit. Wie verhalte ich mich richtig?...\",\"breadcrumb\":{\"@id\":\"https:\/\/gesundheitsberatung.com\/psychologie\/angehoerige-von-psychisch-kranken\/#breadcrumb\"},\"inLanguage\":\"de\",\"potentialAction\":[{\"@type\":\"ReadAction\",\"target\":[\"https:\/\/gesundheitsberatung.com\/psychologie\/angehoerige-von-psychisch-kranken\/\"]}]},{\"@type\":\"ImageObject\",\"inLanguage\":\"de\",\"@id\":\"https:\/\/gesundheitsberatung.com\/psychologie\/angehoerige-von-psychisch-kranken\/#primaryimage\",\"url\":\"https:\/\/gesundheitsberatung.com\/psychologie\/wp-content\/uploads\/sites\/2\/angehoehrige.jpg\",\"contentUrl\":\"https:\/\/gesundheitsberatung.com\/psychologie\/wp-content\/uploads\/sites\/2\/angehoehrige.jpg\",\"width\":1024,\"height\":683,\"caption\":\"Angeh\u00f6rige psychisch Kranker\"},{\"@type\":\"BreadcrumbList\",\"@id\":\"https:\/\/gesundheitsberatung.com\/psychologie\/angehoerige-von-psychisch-kranken\/#breadcrumb\",\"itemListElement\":[{\"@type\":\"ListItem\",\"position\":1,\"name\":\"Home\",\"item\":\"https:\/\/gesundheitsberatung.com\/psychologie\/\"},{\"@type\":\"ListItem\",\"position\":2,\"name\":\"Angeh\u00f6rige von psychisch Kranken\"}]},{\"@type\":\"WebSite\",\"@id\":\"https:\/\/gesundheitsberatung.com\/psychologie\/#website\",\"url\":\"https:\/\/gesundheitsberatung.com\/psychologie\/\",\"name\":\"Psychologie\",\"description\":\"Psychologie \u260e Beratung durch Psychologen! Jetzt Gratis-Beratung sichern: \u2714 Diplom Psychologen \u2714 Heilpraktiker f\u00fcr Psychotherapie \u2714 Psychotherapeuten \u2714 Psychologische Berater bei Vistano Psychologie.\",\"potentialAction\":[{\"@type\":\"SearchAction\",\"target\":{\"@type\":\"EntryPoint\",\"urlTemplate\":\"https:\/\/gesundheitsberatung.com\/psychologie\/?s={search_term_string}\"},\"query-input\":{\"@type\":\"PropertyValueSpecification\",\"valueRequired\":true,\"valueName\":\"search_term_string\"}}],\"inLanguage\":\"de\"}]}<\/script>\n<!-- \/ Yoast SEO plugin. -->","yoast_head_json":{"title":"Angeh\u00f6rige von psychisch Kranken &#187; Psychologie","description":"Im Zusammenleben und im Umgang mit einem psychisch erkrankten Menschen macht sich oft eine starke Verunsicherung breit. Wie verhalte ich mich richtig?...","robots":{"index":"index","follow":"follow","max-snippet":"max-snippet:-1","max-image-preview":"max-image-preview:large","max-video-preview":"max-video-preview:-1"},"canonical":"https:\/\/gesundheitsberatung.com\/psychologie\/angehoerige-von-psychisch-kranken\/","og_locale":"de_DE","og_type":"article","og_title":"Angeh\u00f6rige von psychisch Kranken &#187; Psychologie","og_description":"Im Zusammenleben und im Umgang mit einem psychisch erkrankten Menschen macht sich oft eine starke Verunsicherung breit. Wie verhalte ich mich richtig?...","og_url":"https:\/\/gesundheitsberatung.com\/psychologie\/angehoerige-von-psychisch-kranken\/","og_site_name":"Psychologie","article_publisher":"https:\/\/www.facebook.com\/psychologie\/","article_modified_time":"2018-02-02T14:17:55+00:00","og_image":[{"width":1024,"height":683,"url":"https:\/\/gesundheitsberatung.com\/psychologie\/wp-content\/uploads\/sites\/2\/angehoehrige.jpg","type":"image\/jpeg"}],"twitter_card":"summary_large_image","twitter_site":"@Vistano","schema":{"@context":"https:\/\/schema.org","@graph":[{"@type":"WebPage","@id":"https:\/\/gesundheitsberatung.com\/psychologie\/angehoerige-von-psychisch-kranken\/","url":"https:\/\/gesundheitsberatung.com\/psychologie\/angehoerige-von-psychisch-kranken\/","name":"Angeh\u00f6rige von psychisch Kranken &#187; Psychologie","isPartOf":{"@id":"https:\/\/gesundheitsberatung.com\/psychologie\/#website"},"primaryImageOfPage":{"@id":"https:\/\/gesundheitsberatung.com\/psychologie\/angehoerige-von-psychisch-kranken\/#primaryimage"},"image":{"@id":"https:\/\/gesundheitsberatung.com\/psychologie\/angehoerige-von-psychisch-kranken\/#primaryimage"},"thumbnailUrl":"https:\/\/gesundheitsberatung.com\/psychologie\/wp-content\/uploads\/sites\/2\/angehoehrige.jpg","datePublished":"2013-06-01T12:00:13+00:00","dateModified":"2018-02-02T14:17:55+00:00","description":"Im Zusammenleben und im Umgang mit einem psychisch erkrankten Menschen macht sich oft eine starke Verunsicherung breit. Wie verhalte ich mich richtig?...","breadcrumb":{"@id":"https:\/\/gesundheitsberatung.com\/psychologie\/angehoerige-von-psychisch-kranken\/#breadcrumb"},"inLanguage":"de","potentialAction":[{"@type":"ReadAction","target":["https:\/\/gesundheitsberatung.com\/psychologie\/angehoerige-von-psychisch-kranken\/"]}]},{"@type":"ImageObject","inLanguage":"de","@id":"https:\/\/gesundheitsberatung.com\/psychologie\/angehoerige-von-psychisch-kranken\/#primaryimage","url":"https:\/\/gesundheitsberatung.com\/psychologie\/wp-content\/uploads\/sites\/2\/angehoehrige.jpg","contentUrl":"https:\/\/gesundheitsberatung.com\/psychologie\/wp-content\/uploads\/sites\/2\/angehoehrige.jpg","width":1024,"height":683,"caption":"Angeh\u00f6rige psychisch Kranker"},{"@type":"BreadcrumbList","@id":"https:\/\/gesundheitsberatung.com\/psychologie\/angehoerige-von-psychisch-kranken\/#breadcrumb","itemListElement":[{"@type":"ListItem","position":1,"name":"Home","item":"https:\/\/gesundheitsberatung.com\/psychologie\/"},{"@type":"ListItem","position":2,"name":"Angeh\u00f6rige von psychisch Kranken"}]},{"@type":"WebSite","@id":"https:\/\/gesundheitsberatung.com\/psychologie\/#website","url":"https:\/\/gesundheitsberatung.com\/psychologie\/","name":"Psychologie","description":"Psychologie \u260e Beratung durch Psychologen! Jetzt Gratis-Beratung sichern: \u2714 Diplom Psychologen \u2714 Heilpraktiker f\u00fcr Psychotherapie \u2714 Psychotherapeuten \u2714 Psychologische Berater bei Vistano Psychologie.","potentialAction":[{"@type":"SearchAction","target":{"@type":"EntryPoint","urlTemplate":"https:\/\/gesundheitsberatung.com\/psychologie\/?s={search_term_string}"},"query-input":{"@type":"PropertyValueSpecification","valueRequired":true,"valueName":"search_term_string"}}],"inLanguage":"de"}]}},"_links":{"self":[{"href":"https:\/\/gesundheitsberatung.com\/psychologie\/wp-json\/wp\/v2\/pages\/4106","targetHints":{"allow":["GET"]}}],"collection":[{"href":"https:\/\/gesundheitsberatung.com\/psychologie\/wp-json\/wp\/v2\/pages"}],"about":[{"href":"https:\/\/gesundheitsberatung.com\/psychologie\/wp-json\/wp\/v2\/types\/page"}],"author":[{"embeddable":true,"href":"https:\/\/gesundheitsberatung.com\/psychologie\/wp-json\/wp\/v2\/users\/3"}],"replies":[{"embeddable":true,"href":"https:\/\/gesundheitsberatung.com\/psychologie\/wp-json\/wp\/v2\/comments?post=4106"}],"version-history":[{"count":0,"href":"https:\/\/gesundheitsberatung.com\/psychologie\/wp-json\/wp\/v2\/pages\/4106\/revisions"}],"wp:featuredmedia":[{"embeddable":true,"href":"https:\/\/gesundheitsberatung.com\/psychologie\/wp-json\/wp\/v2\/media\/4165"}],"wp:attachment":[{"href":"https:\/\/gesundheitsberatung.com\/psychologie\/wp-json\/wp\/v2\/media?parent=4106"}],"curies":[{"name":"wp","href":"https:\/\/api.w.org\/{rel}","templated":true}]}}