{"id":3137,"date":"2013-05-17T21:34:52","date_gmt":"2013-05-17T19:34:52","guid":{"rendered":"http:\/\/gesundheitsberatung.com\/psychologie\/?page_id=3137"},"modified":"2025-07-03T03:17:54","modified_gmt":"2025-07-03T01:17:54","slug":"impressum","status":"publish","type":"page","link":"https:\/\/gesundheitsberatung.com\/psychologie\/impressum\/","title":{"rendered":"Impressum"},"content":{"rendered":"<div id='av-layout-grid-1'  class='av-layout-grid-container av-11m5mzl-aae133cd9250dcb6f53b090a8b7cac84 entry-content-wrapper main_color av-fixed-cells  avia-builder-el-0  el_before_av_one_full  avia-builder-el-first  av-small-hide av-mini-hide container_wrap sidebar_right'  >\n\n<style type=\"text\/css\" data-created_by=\"avia_inline_auto\" id=\"style-css-av-101l135-917d1d936a732541e4d37b4aef4a0498\">\n.flex_cell.av-101l135-917d1d936a732541e4d37b4aef4a0498{\nvertical-align:bottom;\nheight:200px;\nmin-height:200px;\n}\n.responsive #top #wrap_all .flex_cell.av-101l135-917d1d936a732541e4d37b4aef4a0498{\npadding:0px 0px 0px 150px !important;\n}\n<\/style>\n<div class='flex_cell av-101l135-917d1d936a732541e4d37b4aef4a0498 av-gridrow-cell av_one_third no_margin  avia-builder-el-1  el_before_av_cell_two_third  avia-builder-el-first '  ><div class='flex_cell_inner'>\n<style type=\"text\/css\" data-created_by=\"avia_inline_auto\" id=\"style-css-av-xhk9tt-c401d5b7bd5a895fed225a4bba98723c\">\n.avia-image-container.av-xhk9tt-c401d5b7bd5a895fed225a4bba98723c img.avia_image{\nbox-shadow:none;\n}\n.avia-image-container.av-xhk9tt-c401d5b7bd5a895fed225a4bba98723c .av-image-caption-overlay-center{\ncolor:#ffffff;\n}\n<\/style>\n<div  class='avia-image-container av-xhk9tt-c401d5b7bd5a895fed225a4bba98723c av-styling- avia_animated_image av-animated-when-visible-95 fade-in avia-align-center  avia-builder-el-2  avia-builder-el-no-sibling '   itemprop=\"image\" itemscope=\"itemscope\" itemtype=\"https:\/\/schema.org\/ImageObject\" ><div class=\"avia-image-container-inner\"><div class=\"avia-image-overlay-wrap\"><img decoding=\"async\" fetchpriority=\"high\" class='wp-image-3750 avia-img-lazy-loading-not-3750 avia_image ' src=\"https:\/\/gesundheitsberatung.com\/psychologie\/wp-content\/uploads\/sites\/2\/psychologie-fallback-slider-300x198.png\" alt='Psychologie Seitenslider Klein' title='Psychologie Seitenslider Klein'  height=\"198\" width=\"300\"  itemprop=\"thumbnailUrl\" srcset=\"https:\/\/gesundheitsberatung.com\/psychologie\/wp-content\/uploads\/sites\/2\/psychologie-fallback-slider-300x198.png 300w, https:\/\/gesundheitsberatung.com\/psychologie\/wp-content\/uploads\/sites\/2\/psychologie-fallback-slider.png 378w\" sizes=\"(max-width: 300px) 100vw, 300px\" \/><\/div><\/div><\/div>\n<\/div><\/div>\n<style type=\"text\/css\" data-created_by=\"avia_inline_auto\" id=\"style-css-av-wtsfn5-c4f9187496dd820580edb0d02c687a23\">\n.flex_cell.av-wtsfn5-c4f9187496dd820580edb0d02c687a23{\nvertical-align:middle;\nheight:200px;\nmin-height:200px;\n}\n.responsive #top #wrap_all .flex_cell.av-wtsfn5-c4f9187496dd820580edb0d02c687a23{\npadding:0px 0px 0px 50px !important;\n}\n<\/style>\n<div class='flex_cell av-wtsfn5-c4f9187496dd820580edb0d02c687a23 av-gridrow-cell av_two_third no_margin  avia-builder-el-3  el_after_av_cell_one_third  avia-builder-el-last '  ><div class='flex_cell_inner'>\n<style type=\"text\/css\" data-created_by=\"avia_inline_auto\" id=\"style-css-av-uuva29-b5b0c9c07435c25218eb1aca349d6242\">\n#top .av-rotator-container.av-uuva29-b5b0c9c07435c25218eb1aca349d6242{\ntext-align:left;\ncolor:#7f95a3;\n}\n#top #wrap_all .av-rotator-container.av-uuva29-b5b0c9c07435c25218eb1aca349d6242 .av-rotator-container-inner{\nfont-size:34px;\n}\n<\/style>\n\n<style type=\"text\/css\" data-created_by=\"avia_inline_auto\" id=\"style-css-sub-av-uuva29-b5b0c9c07435c25218eb1aca349d6242\">\n#top .av-rotator-container .av-rotator-text-single.av-tq7dg1-3c5f2c9f70d73d59586d0355331c7686{\ncolor:#7f95a3;\n}\n#top .av-rotator-container .av-rotator-text-single.av-ro29hd-07d4fe060db62ac5270406bf2b81d640{\ncolor:#cecece;\n}\n#top .av-rotator-container .av-rotator-text-single.av-q8ucb5-63d49c06e8e2275d6d67fcb143d41d6b{\ncolor:#757575;\n}\n<\/style>\n<div  class='av-rotator-container av-rotation-container-left av-uuva29-b5b0c9c07435c25218eb1aca349d6242  avia-builder-el-4  avia-builder-el-no-sibling ' data-interval='3' data-animation='0'><p class='av-rotator-container-inner'>VISTANO<span class='av-rotator-text av-rotator-multiline-on'>\n<span class='av-rotator-text-single av-tq7dg1-3c5f2c9f70d73d59586d0355331c7686 av-rotator-text-single-1' >Psychologie<\/span>\n<span class='av-rotator-text-single av-ro29hd-07d4fe060db62ac5270406bf2b81d640 av-rotator-text-single-2' >jederzeit &amp; \u00fcberall...<\/span>\n<span class='av-rotator-text-single av-q8ucb5-63d49c06e8e2275d6d67fcb143d41d6b av-rotator-text-single-3' >gut beraten in jeder Beziehung!<\/span>\n<\/span><\/p><\/div>\n<\/div><\/div>\n<\/div><div id='after_grid_row_1'  class='main_color av_default_container_wrap container_wrap sidebar_right'  ><div class='container av-section-cont-open' ><div class='template-page content  av-content-small alpha units'><div class='post-entry post-entry-type-page post-entry-3137'><div class='entry-content-wrapper clearfix'>\n<div  class='flex_column av-oroz4x-b3f0b3236354fdf369930a999a68fe94 av_one_full  avia-builder-el-5  el_after_av_layout_row  el_before_av_one_third  avia-builder-el-first  first flex_column_div  '     ><p>\n<style type=\"text\/css\" data-created_by=\"avia_inline_auto\" id=\"style-css-av-n1we9d-8f6f9911f468c343d24c88ecc0cf4d5e\">\n#top .av-special-heading.av-n1we9d-8f6f9911f468c343d24c88ecc0cf4d5e{\npadding-bottom:0;\n}\nbody .av-special-heading.av-n1we9d-8f6f9911f468c343d24c88ecc0cf4d5e .av-special-heading-tag .heading-char{\nfont-size:25px;\n}\n.av-special-heading.av-n1we9d-8f6f9911f468c343d24c88ecc0cf4d5e .av-subheading{\nfont-size:10px;\n}\n<\/style>\n<div  class='av-special-heading av-n1we9d-8f6f9911f468c343d24c88ecc0cf4d5e av-special-heading-h2 blockquote modern-quote  avia-builder-el-6  el_before_av_hr  avia-builder-el-first '><h2 class='av-special-heading-tag'  itemprop=\"headline\"  >Impressum<\/h2><div class=\"special-heading-border\"><div class=\"special-heading-inner-border\"><\/div><\/div><\/div><br \/>\n<div  class='hr av-ka5fkh-ea96ec65af49cf456a48344c8a07b09e hr-default  avia-builder-el-7  el_after_av_heading  avia-builder-el-last '><span class='hr-inner '><span class=\"hr-inner-style\"><\/span><\/span><\/div><\/p><\/div>\n<div  class='flex_column av-iipp29-c39c54c36fbc0e9f89abc2ec6db44a2c av_one_third  avia-builder-el-8  el_after_av_one_full  el_before_av_one_third  first flex_column_div  column-top-margin'     ><section  class='av_textblock_section av-1ss8r5-3d7ba8d40e660bc572ab695105b23001 '   itemscope=\"itemscope\" itemtype=\"https:\/\/schema.org\/CreativeWork\" ><div class='avia_textblock'  itemprop=\"text\" ><h5>isee newmedia GmbH<\/h5>\n<p>Am Holzweg 26<br \/>\n65830 Kriftel am Taunus<\/p>\n<p>Telefon: <span style=\"display:none\" class=\"notranslate mwn_group-28 mwn_group-28-144\"><span style=\"display:inline-block; width:15px; margin-top: 4px !important; cursor:pointer;\" class=\"mgcl_flag-28 mgcl_flag flag flag-at\" alt=\"\u00d6sterreich\" title=\"\u00d6sterreich\"><\/span><span style=\"padding-left: 4px;\"><span class='no-mobile'>0800-847826<\/span><span class='mobile'><a href='tel:0800-847826' class='v_mobile_link'>0800-847826<\/a><\/span><\/span><\/span><span style=\"display:none\" class=\"notranslate mwn_group-28 mwn_group-28-143\"><span style=\"display:inline-block; width:15px; margin-top: 4px !important; cursor:pointer;\" class=\"mgcl_flag-28 mgcl_flag flag flag-ch\" alt=\"Schweiz\" title=\"Schweiz\"><\/span><span style=\"padding-left: 4px;\"><span class='no-mobile'>0800-847826<\/span><span class='mobile'><a href='tel:0800-847826' class='v_mobile_link'>0800-847826<\/a><\/span><\/span><\/span><span style=\"display:none\" class=\"notranslate mwn_group-28 mwn_group-28-22\"><span style=\"display:inline-block; width:15px; margin-top: 4px !important; cursor:pointer;\" class=\"mgcl_flag-28 mgcl_flag flag flag-de\" alt=\"Deutschland\" title=\"Deutschland\"><\/span><span style=\"padding-left: 4px;\"><span class='no-mobile'>0800-8478266<\/span><span class='mobile'><a href='tel:0800-8478266' class='v_mobile_link'>0800-8478266<\/a><\/span><\/span><\/span><script>\n\t\t\t\t\t\t\t(function($) {\n\t        \t\t\t\t\t$(document).ready(function() {\n\t            \t\t\t\t\t$('.mgcl_flag-28').tooltipster({\n\t                \t\t\t\t\tcontent: $('<span><div style=\"padding-right: 2px;\"><div style=\"display: inline-block; white-space: nowrap; z-index:1000; cursor:pointer; min-width:150px;\" data-mgcltld=\"144\" class=\"mwn_group_cl-28\"><div style=\"float:left; margin-top: 3px !important;\"  class=\"flag flag-at\" alt=\"\u00d6sterreich\" title=\"\u00d6sterreich\"><\/div><div style=\"float:left;\">&nbsp;\u00d6sterreich<\/div><\/div><br><div style=\"display: inline-block; white-space: nowrap; z-index:1000; cursor:pointer; min-width:150px;\" data-mgcltld=\"143\" class=\"mwn_group_cl-28\"><div style=\"float:left; margin-top: 3px !important;\"  class=\"flag flag-ch\" alt=\"Schweiz\" title=\"Schweiz\"><\/div><div style=\"float:left;\">&nbsp;Schweiz<\/div><\/div><br><div style=\"display: inline-block; white-space: nowrap; z-index:1000; cursor:pointer; min-width:150px;\" data-mgcltld=\"22\" class=\"mwn_group_cl-28\"><div style=\"float:left; margin-top: 3px !important;\"  class=\"flag flag-de\" alt=\"Deutschland\" title=\"Deutschland\"><\/div><div style=\"float:left;\">&nbsp;Deutschland<\/div><\/div><br><\/div><\/span>'),\n\t                \t\t\t\t\tautoClose: false,\n\t                \t\t\t\t\ttrigger:'click',\n\t                \t\t\t\t\tinteractive: true,\n\t                \t\t\t\t\toffsetY: 10\n\t            \t\t\t\t\t});\n\t                \t\t\t\t$(window).mousedown(function() {\n\t\t\t\t\t\t\t\t      $('.mgcl_flag-28').tooltipster('hide');\n\t\t\t\t\t\t\t\t   });\n\t        \t\t\t\t\t});\n\t                \t\t})(jQuery); \n\t    \t\t\t\t<\/script><br \/>\nHomepage: www.vistano.com<br \/>\nE-Mail: support@vistano.com<\/p>\n<\/div><\/section><\/div>\n<style type=\"text\/css\" data-created_by=\"avia_inline_auto\" id=\"style-css-av-faob9d-a40a85859f0f22927b80692f50b87564\">\n.flex_column.av-faob9d-a40a85859f0f22927b80692f50b87564{\nborder-radius:0px 0px 0px 0px;\npadding:0px 0px 0px 0px;\n}\n<\/style>\n<div  class='flex_column av-faob9d-a40a85859f0f22927b80692f50b87564 av_one_third  avia-builder-el-10  el_after_av_one_third  el_before_av_one_third  flex_column_div av-zero-column-padding  column-top-margin'     ><section  class='av_textblock_section av-ev4981-beec6f2a3aced62d8bf6a3a403946de5 '   itemscope=\"itemscope\" itemtype=\"https:\/\/schema.org\/CreativeWork\" ><div class='avia_textblock'  itemprop=\"text\" ><h5>Gesch\u00e4ftsleitung<\/h5>\n<p>Gesch\u00e4ftsf\u00fchrer:<br \/>\nRene Kinkel &amp; Marc Bl\u00e4sing<\/p>\n<p>Handelsregister- \/ Steuernummer:<br \/>\nRegisternummer: HRB 49310<br \/>\nRegistergericht:\u00a0Amtsgericht Frankfurt\/Main<br \/>\nUSt-ID-Nr: DE 813 017 002<\/p>\n<\/div><\/section><\/div><\/p>\n\n<style type=\"text\/css\" data-created_by=\"avia_inline_auto\" id=\"style-css-av-cwpbi9-7a64cec1b927c81a7556a745b9250fa0\">\n.flex_column.av-cwpbi9-7a64cec1b927c81a7556a745b9250fa0{\nborder-radius:0px 0px 0px 0px;\npadding:0px 0px 0px 0px;\n}\n<\/style>\n<div  class='flex_column av-cwpbi9-7a64cec1b927c81a7556a745b9250fa0 av_one_third  avia-builder-el-12  el_after_av_one_third  el_before_av_hr  flex_column_div av-zero-column-padding  column-top-margin'     ><div  class='av_gmaps_sc_main_wrap av_gmaps_main_wrap '><div id='av_gmap_0' class='avia-google-map-container avia-google-map-sc av_gmaps_show_unconditionally av-no-fallback-img ' data-mapid='av_gmap_0'  style='height: 170px;'><a class=\"av_gmaps_browser_disabled av_text_confirm_link av_text_confirm_link_visible\" href=\"https:\/\/www.google.com\/maps\/search\/?api=1&#038;query=Bechtenwaldstrasse%205%20%2065931%20Frankfurt%20am%20Main%20%20Germany\" target=\"_blank\" rel=\"noopener\">Aufgrund deiner Datenschutz-Einstellungen k\u00f6nnen wir Ihnen die Karte nicht anzeigen. Klicken Sie hier, um die Karte in einem neuen Fenster zu \u00f6ffnen.<\/a><\/div><\/div><\/div>\n<div  class='hr av-71wss1-46f0743c4543a640dc2488a52bebb3db hr-default  avia-builder-el-14  el_after_av_one_third  el_before_av_one_full '><span class='hr-inner '><span class=\"hr-inner-style\"><\/span><\/span><\/div>\n<div  class='flex_column av-6879ox-f8acaff106c581b065bec4dbaf623dec av_one_full  avia-builder-el-15  el_after_av_hr  avia-builder-el-last  first flex_column_div  '     ><section  class='av_textblock_section av-44cfi9-0ecf82777d22046751fb0645138862b5 '   itemscope=\"itemscope\" itemtype=\"https:\/\/schema.org\/CreativeWork\" ><div class='avia_textblock'  itemprop=\"text\" ><h5>Hinweis und Disclaimer<\/h5>\n<p>F\u00fcr die Inhalte extern verlinkter Seiten und Angebote \u00fcbernimmt Vistano keine Haftung. Vistano ist f\u00fcr den Inhalt verlinkter Seiten nicht verantwortlich. Die Allgemeinen Gesch\u00e4ftsbedingungen von Vistano findest Du <a title=\"Allgemeine Gesch\u00e4ftsbedingungen\" href=\"https:\/\/www.vistano.com\/psychologie\/allgemeine-geschaeftsbedingungen\/\">hier<\/a>. Hinweise zum Datenschutz und zur Sicherheit findest Du <a href=\"https:\/\/www.vistano.com\/psychologie\/sicherheit-datenschutz-bei-vistano\/\">hier<\/a>.<\/p>\n<\/div><\/section><br \/>\n<section  class='av_textblock_section av-1w676p-2594027d4f6c354826b3eb9eaa1beb8d '   itemscope=\"itemscope\" itemtype=\"https:\/\/schema.org\/CreativeWork\" ><div class='avia_textblock'  itemprop=\"text\" ><p>Die Europ\u00e4ische Union hat zur au\u00dfergerichtlichen Beilegung von verbraucherrechtlichen Streitigkeiten eine Online Plattform (OS-Plattform) erstellt: <a href=\"https:\/\/www.ec.europa.eu\/consumers\/odr\" target=\"_blank\" rel=\"noopener\">www.ec.europa.eu\/consumers\/odr<\/a>. Wir weisen darauf hin, dass die isee newmedia GmbH nicht an Streitbeilegungsverfahren vor einer Verbraucherschlichtungsstelle gem\u00e4\u00df \u00a7 36 VSBG teilnimmt.<\/p>\n<\/div><\/section><\/p><\/div>\n","protected":false},"excerpt":{"rendered":"<p>Impressum der isee newmedia GmbH &#8211; Vistano<\/p>\n","protected":false},"author":3,"featured_media":4405,"parent":0,"menu_order":0,"comment_status":"closed","ping_status":"open","template":"","meta":{"footnotes":""},"class_list":["post-3137","page","type-page","status-publish","has-post-thumbnail","hentry"],"yoast_head":"<!-- This site is optimized with the Yoast SEO plugin v26.0 - https:\/\/yoast.com\/wordpress\/plugins\/seo\/ -->\n<title>Impressum &#187; Psychologie<\/title>\n<meta name=\"description\" content=\"Impressum der isee newmedia GmbH - Vistano\" \/>\n<meta name=\"robots\" content=\"noindex, nofollow\" \/>\n<meta property=\"og:locale\" content=\"de_DE\" \/>\n<meta property=\"og:type\" content=\"article\" \/>\n<meta property=\"og:title\" content=\"Impressum &#187; Psychologie\" \/>\n<meta property=\"og:description\" content=\"Impressum der isee newmedia GmbH - Vistano\" \/>\n<meta property=\"og:url\" content=\"https:\/\/gesundheitsberatung.com\/psychologie\/impressum\/\" \/>\n<meta property=\"og:site_name\" content=\"Psychologie\" \/>\n<meta property=\"article:publisher\" content=\"https:\/\/www.facebook.com\/psychologie\/\" \/>\n<meta property=\"article:modified_time\" content=\"2025-07-03T01:17:54+00:00\" \/>\n<meta property=\"og:image\" content=\"https:\/\/gesundheitsberatung.com\/psychologie\/wp-content\/uploads\/sites\/2\/impressum.jpg\" \/>\n\t<meta property=\"og:image:width\" content=\"300\" \/>\n\t<meta property=\"og:image:height\" content=\"300\" \/>\n\t<meta property=\"og:image:type\" content=\"image\/jpeg\" \/>\n<meta name=\"twitter:card\" content=\"summary_large_image\" \/>\n<meta name=\"twitter:site\" content=\"@Vistano\" \/>\n<script type=\"application\/ld+json\" class=\"yoast-schema-graph\">{\"@context\":\"https:\/\/schema.org\",\"@graph\":[{\"@type\":\"WebPage\",\"@id\":\"https:\/\/gesundheitsberatung.com\/psychologie\/impressum\/\",\"url\":\"https:\/\/gesundheitsberatung.com\/psychologie\/impressum\/\",\"name\":\"Impressum &#187; Psychologie\",\"isPartOf\":{\"@id\":\"https:\/\/gesundheitsberatung.com\/psychologie\/#website\"},\"primaryImageOfPage\":{\"@id\":\"https:\/\/gesundheitsberatung.com\/psychologie\/impressum\/#primaryimage\"},\"image\":{\"@id\":\"https:\/\/gesundheitsberatung.com\/psychologie\/impressum\/#primaryimage\"},\"thumbnailUrl\":\"https:\/\/gesundheitsberatung.com\/psychologie\/wp-content\/uploads\/sites\/2\/impressum.jpg\",\"datePublished\":\"2013-05-17T19:34:52+00:00\",\"dateModified\":\"2025-07-03T01:17:54+00:00\",\"description\":\"Impressum der isee newmedia GmbH - Vistano\",\"breadcrumb\":{\"@id\":\"https:\/\/gesundheitsberatung.com\/psychologie\/impressum\/#breadcrumb\"},\"inLanguage\":\"de\",\"potentialAction\":[{\"@type\":\"ReadAction\",\"target\":[\"https:\/\/gesundheitsberatung.com\/psychologie\/impressum\/\"]}]},{\"@type\":\"ImageObject\",\"inLanguage\":\"de\",\"@id\":\"https:\/\/gesundheitsberatung.com\/psychologie\/impressum\/#primaryimage\",\"url\":\"https:\/\/gesundheitsberatung.com\/psychologie\/wp-content\/uploads\/sites\/2\/impressum.jpg\",\"contentUrl\":\"https:\/\/gesundheitsberatung.com\/psychologie\/wp-content\/uploads\/sites\/2\/impressum.jpg\",\"width\":300,\"height\":300,\"caption\":\"Impressum\"},{\"@type\":\"BreadcrumbList\",\"@id\":\"https:\/\/gesundheitsberatung.com\/psychologie\/impressum\/#breadcrumb\",\"itemListElement\":[{\"@type\":\"ListItem\",\"position\":1,\"name\":\"Home\",\"item\":\"https:\/\/gesundheitsberatung.com\/psychologie\/\"},{\"@type\":\"ListItem\",\"position\":2,\"name\":\"Impressum\"}]},{\"@type\":\"WebSite\",\"@id\":\"https:\/\/gesundheitsberatung.com\/psychologie\/#website\",\"url\":\"https:\/\/gesundheitsberatung.com\/psychologie\/\",\"name\":\"Psychologie\",\"description\":\"Psychologie \u260e Beratung durch Psychologen! Jetzt Gratis-Beratung sichern: \u2714 Diplom Psychologen \u2714 Heilpraktiker f\u00fcr Psychotherapie \u2714 Psychotherapeuten \u2714 Psychologische Berater bei Vistano Psychologie.\",\"potentialAction\":[{\"@type\":\"SearchAction\",\"target\":{\"@type\":\"EntryPoint\",\"urlTemplate\":\"https:\/\/gesundheitsberatung.com\/psychologie\/?s={search_term_string}\"},\"query-input\":{\"@type\":\"PropertyValueSpecification\",\"valueRequired\":true,\"valueName\":\"search_term_string\"}}],\"inLanguage\":\"de\"}]}<\/script>\n<!-- \/ Yoast SEO plugin. -->","yoast_head_json":{"title":"Impressum &#187; Psychologie","description":"Impressum der isee newmedia GmbH - Vistano","robots":{"index":"noindex","follow":"nofollow"},"og_locale":"de_DE","og_type":"article","og_title":"Impressum &#187; Psychologie","og_description":"Impressum der isee newmedia GmbH - Vistano","og_url":"https:\/\/gesundheitsberatung.com\/psychologie\/impressum\/","og_site_name":"Psychologie","article_publisher":"https:\/\/www.facebook.com\/psychologie\/","article_modified_time":"2025-07-03T01:17:54+00:00","og_image":[{"width":300,"height":300,"url":"https:\/\/gesundheitsberatung.com\/psychologie\/wp-content\/uploads\/sites\/2\/impressum.jpg","type":"image\/jpeg"}],"twitter_card":"summary_large_image","twitter_site":"@Vistano","schema":{"@context":"https:\/\/schema.org","@graph":[{"@type":"WebPage","@id":"https:\/\/gesundheitsberatung.com\/psychologie\/impressum\/","url":"https:\/\/gesundheitsberatung.com\/psychologie\/impressum\/","name":"Impressum &#187; Psychologie","isPartOf":{"@id":"https:\/\/gesundheitsberatung.com\/psychologie\/#website"},"primaryImageOfPage":{"@id":"https:\/\/gesundheitsberatung.com\/psychologie\/impressum\/#primaryimage"},"image":{"@id":"https:\/\/gesundheitsberatung.com\/psychologie\/impressum\/#primaryimage"},"thumbnailUrl":"https:\/\/gesundheitsberatung.com\/psychologie\/wp-content\/uploads\/sites\/2\/impressum.jpg","datePublished":"2013-05-17T19:34:52+00:00","dateModified":"2025-07-03T01:17:54+00:00","description":"Impressum der isee newmedia GmbH - Vistano","breadcrumb":{"@id":"https:\/\/gesundheitsberatung.com\/psychologie\/impressum\/#breadcrumb"},"inLanguage":"de","potentialAction":[{"@type":"ReadAction","target":["https:\/\/gesundheitsberatung.com\/psychologie\/impressum\/"]}]},{"@type":"ImageObject","inLanguage":"de","@id":"https:\/\/gesundheitsberatung.com\/psychologie\/impressum\/#primaryimage","url":"https:\/\/gesundheitsberatung.com\/psychologie\/wp-content\/uploads\/sites\/2\/impressum.jpg","contentUrl":"https:\/\/gesundheitsberatung.com\/psychologie\/wp-content\/uploads\/sites\/2\/impressum.jpg","width":300,"height":300,"caption":"Impressum"},{"@type":"BreadcrumbList","@id":"https:\/\/gesundheitsberatung.com\/psychologie\/impressum\/#breadcrumb","itemListElement":[{"@type":"ListItem","position":1,"name":"Home","item":"https:\/\/gesundheitsberatung.com\/psychologie\/"},{"@type":"ListItem","position":2,"name":"Impressum"}]},{"@type":"WebSite","@id":"https:\/\/gesundheitsberatung.com\/psychologie\/#website","url":"https:\/\/gesundheitsberatung.com\/psychologie\/","name":"Psychologie","description":"Psychologie \u260e Beratung durch Psychologen! Jetzt Gratis-Beratung sichern: \u2714 Diplom Psychologen \u2714 Heilpraktiker f\u00fcr Psychotherapie \u2714 Psychotherapeuten \u2714 Psychologische Berater bei Vistano Psychologie.","potentialAction":[{"@type":"SearchAction","target":{"@type":"EntryPoint","urlTemplate":"https:\/\/gesundheitsberatung.com\/psychologie\/?s={search_term_string}"},"query-input":{"@type":"PropertyValueSpecification","valueRequired":true,"valueName":"search_term_string"}}],"inLanguage":"de"}]}},"_links":{"self":[{"href":"https:\/\/gesundheitsberatung.com\/psychologie\/wp-json\/wp\/v2\/pages\/3137","targetHints":{"allow":["GET"]}}],"collection":[{"href":"https:\/\/gesundheitsberatung.com\/psychologie\/wp-json\/wp\/v2\/pages"}],"about":[{"href":"https:\/\/gesundheitsberatung.com\/psychologie\/wp-json\/wp\/v2\/types\/page"}],"author":[{"embeddable":true,"href":"https:\/\/gesundheitsberatung.com\/psychologie\/wp-json\/wp\/v2\/users\/3"}],"replies":[{"embeddable":true,"href":"https:\/\/gesundheitsberatung.com\/psychologie\/wp-json\/wp\/v2\/comments?post=3137"}],"version-history":[{"count":0,"href":"https:\/\/gesundheitsberatung.com\/psychologie\/wp-json\/wp\/v2\/pages\/3137\/revisions"}],"wp:featuredmedia":[{"embeddable":true,"href":"https:\/\/gesundheitsberatung.com\/psychologie\/wp-json\/wp\/v2\/media\/4405"}],"wp:attachment":[{"href":"https:\/\/gesundheitsberatung.com\/psychologie\/wp-json\/wp\/v2\/media?parent=3137"}],"curies":[{"name":"wp","href":"https:\/\/api.w.org\/{rel}","templated":true}]}}