{"id":23752,"date":"2017-10-23T17:04:53","date_gmt":"2017-10-23T15:04:53","guid":{"rendered":"https:\/\/gesundheitsberatung.com\/psychologie\/?page_id=23752"},"modified":"2018-02-02T15:10:33","modified_gmt":"2018-02-02T14:10:33","slug":"vistano-psychologie-green-the-planet","status":"publish","type":"page","link":"https:\/\/gesundheitsberatung.com\/psychologie\/vistano-psychologie-green-the-planet\/","title":{"rendered":"Vistano Psychologie &#8211; Green the Planet"},"content":{"rendered":"<div id='full_slider_1'  class='avia-fullwidth-slider main_color avia-shadow   avia-builder-el-0  el_before_av_one_full  avia-builder-el-first  vistano_nachhaltigkeit  container_wrap sidebar_right'  >\n<style type=\"text\/css\" data-created_by=\"avia_inline_auto\" id=\"style-css-av-av_slideshow_full-21b5f1945fb0da95b4cde70224bbdcac\">\n#top #wrap_all .avia-slideshow .av-slideshow-caption.av-av_slideshow_full-21b5f1945fb0da95b4cde70224bbdcac__0 .avia-caption-title{\ncolor:#ffffff;\n}\n<\/style>\n<div  class='avia-slideshow av-av_slideshow_full-21b5f1945fb0da95b4cde70224bbdcac avia-slideshow-featured av_slideshow_full avia-slide-slider vistano_nachhaltigkeit av-slideshow-ui av-control-hidden av-no-slider-navigation av-hide-nav-arrows av-slideshow-manual av-loop-once av-loop-manual-endless av-default-height-applied   avia-slideshow-1' data-slideshow-options=\"{&quot;animation&quot;:&quot;slide&quot;,&quot;autoplay&quot;:false,&quot;loop_autoplay&quot;:&quot;once&quot;,&quot;interval&quot;:5,&quot;loop_manual&quot;:&quot;manual-endless&quot;,&quot;autoplay_stopper&quot;:false,&quot;noNavigation&quot;:true,&quot;bg_slider&quot;:false,&quot;keep_padding&quot;:false,&quot;hoverpause&quot;:false,&quot;show_slide_delay&quot;:0}\"  itemprop=\"image\" itemscope=\"itemscope\" itemtype=\"https:\/\/schema.org\/ImageObject\" ><ul class='avia-slideshow-inner ' style='padding-bottom: 28.666666666667%;'><li  class='avia-slideshow-slide av-av_slideshow_full-21b5f1945fb0da95b4cde70224bbdcac__0  av-single-slide slide-1 slide-odd'><div data-rel='slideshow-1' class='avia-slide-wrap '   ><img decoding=\"async\" fetchpriority=\"high\" class=\"wp-image-23751 avia-img-lazy-loading-not-23751\"  src=\"https:\/\/gesundheitsberatung.com\/psychologie\/wp-content\/uploads\/sites\/2\/vistano-nachhaltigkeit-1500x430.jpg\" width=\"1500\" height=\"430\" title='Vistano Nachhaltigkeit' alt='Vistano Nachhaltigkeit'  itemprop=\"thumbnailUrl\"   \/><\/div><\/li><\/ul><div class='av-slideshow-caption av-av_slideshow_full-21b5f1945fb0da95b4cde70224bbdcac__0 caption_fullwidth caption_bottom caption_bottom_framed caption_framed'><div class=\"container caption_container\"><div class=\"slideshow_caption\"><div class=\"slideshow_inner_caption\"><div class=\"slideshow_align_caption\"><h2 class='avia-caption-title '  itemprop=\"name\" >Vistano - Green the Planet<\/h2><div class='avia-caption-content av_inherit_color'  itemprop=\"description\" ><p>Unser Beitrag zum Umweltschutz und einer nachhaltigen \u00d6konomie<\/p>\n<\/div><\/div><\/div><\/div><\/div><\/div><\/div><\/div><div id='after_full_slider_1'  class='main_color av_default_container_wrap container_wrap sidebar_right'  ><div class='container av-section-cont-open' ><div class='template-page content  av-content-small alpha units'><div class='post-entry post-entry-type-page post-entry-23752'><div class='entry-content-wrapper clearfix'>\n\n<style type=\"text\/css\" data-created_by=\"avia_inline_auto\" id=\"style-css-av-av_one_full-15d750bd1b332b34c6e70b077ebbccdf\">\n.flex_column.av-av_one_full-15d750bd1b332b34c6e70b077ebbccdf{\nborder-radius:0px 0px 0px 0px;\npadding:0px 0px 0px 0px;\n}\n<\/style>\n<div  class='flex_column av-av_one_full-15d750bd1b332b34c6e70b077ebbccdf av_one_full  avia-builder-el-1  el_after_av_slideshow_full  el_before_av_hr  avia-builder-el-first  first flex_column_div av-zero-column-padding  '     ><p>\n<style type=\"text\/css\" data-created_by=\"avia_inline_auto\" id=\"style-css-av-av_heading-2e42338f1573b7ad67dbef26607266ad\">\n#top .av-special-heading.av-av_heading-2e42338f1573b7ad67dbef26607266ad{\npadding-bottom:10px;\n}\nbody .av-special-heading.av-av_heading-2e42338f1573b7ad67dbef26607266ad .av-special-heading-tag .heading-char{\nfont-size:25px;\n}\n.av-special-heading.av-av_heading-2e42338f1573b7ad67dbef26607266ad .av-subheading{\nfont-size:15px;\n}\n<\/style>\n<div  class='av-special-heading av-av_heading-2e42338f1573b7ad67dbef26607266ad av-special-heading-h3 blockquote modern-quote  avia-builder-el-2  el_before_av_textblock  avia-builder-el-first '><h3 class='av-special-heading-tag'  itemprop=\"headline\"  >Projekt Treedom &#8211; Ein Wald voller M\u00f6glichkeiten<\/h3><div class=\"special-heading-border\"><div class=\"special-heading-inner-border\"><\/div><\/div><\/div><br \/>\n<section  class='av_textblock_section av-av_textblock-2bd894dbf2e4bf2c4acf98ce4fbf94aa '   itemscope=\"itemscope\" itemtype=\"https:\/\/schema.org\/CreativeWork\" ><div class='avia_textblock'  itemprop=\"text\" ><p>Es ist unsichtbar, geruchlos und dennoch sch\u00e4dlich: Kohlenstoffdioxid (Co2). Aber es sind nicht nur die Kohlekraftwerke, Autos oder Flugzeuge die unsere Erde damit belasten und zerst\u00f6ren. Auch die Server, die diese Website betreiben tragen zur negativen Co2 Bilanz der Marktwirtschaft bei.<\/p>\n<p>Da wir, Vistano, uns auch an den Ressourcen der Erde bedienen, wollen auch wir etwas zur\u00fcckgeben. Nat\u00fcrlich k\u00f6nnen wir nicht alles ausbalancieren, aber wir k\u00f6nnen unseren Beitrag leisten und die durch uns verursachten Treibhausgase versuchen auszugleichen. Unser Kooperationspartner Treedom m\u00f6chte die Welt mit Pflanzen und B\u00e4umen vergr\u00fcnen. Dabei wollen wir ihm helfen.<\/p>\n<p>150 B\u00e4ume haben wir bereits gepflanzt und unterst\u00fctzen so Kleinbauern auf der ganzen Welt. Wenn auch Du beitragen m\u00f6chtest, kannst Du bei Treedom f\u00fcr unter 10 Euro bereits einen Baum kaufen, ihm beim Wachsen zuschauen und somit Treibhausgase reduzieren.<\/p>\n<\/div><\/section><\/p><\/div>\n\n<style type=\"text\/css\" data-created_by=\"avia_inline_auto\" id=\"style-css-av-av_hr-52b99614f1db0890c6e11e182627758b\">\n#top .hr.hr-invisible.av-av_hr-52b99614f1db0890c6e11e182627758b{\nheight:20px;\n}\n<\/style>\n<div  class='hr av-av_hr-52b99614f1db0890c6e11e182627758b hr-invisible  avia-builder-el-4  el_after_av_one_full  el_before_av_two_third '><span class='hr-inner '><span class=\"hr-inner-style\"><\/span><\/span><\/div>\n<div class='flex_column_table av-av_two_third-149aef44e2da14ce1a50d157e8308b96 sc-av_two_third av-equal-height-column-flextable'>\n<style type=\"text\/css\" data-created_by=\"avia_inline_auto\" id=\"style-css-av-av_two_third-149aef44e2da14ce1a50d157e8308b96\">\n.flex_column.av-av_two_third-149aef44e2da14ce1a50d157e8308b96{\nborder-radius:0px 0px 0px 0px;\npadding:17px 0px 0px 17px;\nbackground-color:#eeeeee;\n}\n<\/style>\n<div  class='flex_column av-av_two_third-149aef44e2da14ce1a50d157e8308b96 av_two_third  avia-builder-el-5  el_after_av_hr  el_before_av_one_third  first no_margin flex_column_table_cell av-equal-height-column av-align-top  '     ><section  class='av_textblock_section av-av_textblock-2bd894dbf2e4bf2c4acf98ce4fbf94aa '   itemscope=\"itemscope\" itemtype=\"https:\/\/schema.org\/CreativeWork\" ><div class='avia_textblock'  itemprop=\"text\" ><p><iframe loading=\"lazy\" src=\"https:\/\/www.treedom.net\/de\/map\/m\/117893?title=false&amp;user=true&amp;tree=true&amp;emission=true&amp;project=true&amp;generallink=false&amp;event=false&amp;code=false&amp;href=true\" width=\"100%\" height=\"450px\" frameborder=\"0\"><\/iframe><\/p>\n<\/div><\/section><\/div>\n\n<style type=\"text\/css\" data-created_by=\"avia_inline_auto\" id=\"style-css-av-av_one_third-d76d6197fd22c4e0a3610c146a2c43f5\">\n.flex_column.av-av_one_third-d76d6197fd22c4e0a3610c146a2c43f5{\nborder-radius:0px 0px 0px 0px;\npadding:20px 20px 20px 20px;\nbackground-color:#eeeeee;\n}\n<\/style>\n<div  class='flex_column av-av_one_third-d76d6197fd22c4e0a3610c146a2c43f5 av_one_third  avia-builder-el-7  el_after_av_two_third  el_before_av_one_full  no_margin flex_column_table_cell av-equal-height-column av-align-top av-animated-generic pop-up  '     ><style type=\"text\/css\" data-created_by=\"avia_inline_auto\" id=\"style-css-av-av_iconlist-31bdf972ec5a7b3b9ad5dd68d8fc552c\">\n#top .avia-icon-list-container.av-av_iconlist-31bdf972ec5a7b3b9ad5dd68d8fc552c .iconlist_icon{\ncolor:#ffffff;\nbackground-color:#72c072;\nborder:1px solid #72c072;\nfont-size:24px;\n}\n#top #wrap_all .avia-icon-list-container.av-av_iconlist-31bdf972ec5a7b3b9ad5dd68d8fc552c .av_iconlist_title{\nfont-size:24px;\ncolor:#72c072;\n}\n.avia-icon-list-container.av-av_iconlist-31bdf972ec5a7b3b9ad5dd68d8fc552c .iconlist_content{\nfont-size:15px;\n}\n<\/style>\n<div  class='avia-icon-list-container av-av_iconlist-31bdf972ec5a7b3b9ad5dd68d8fc552c  avia-builder-el-8  avia-builder-el-no-sibling '><ul class='avia-icon-list avia_animate_when_almost_visible avia-icon-list-left av-iconlist-small av-av_iconlist-31bdf972ec5a7b3b9ad5dd68d8fc552c avia-iconlist-animate'>\n<li><div class='iconlist_icon av-av_iconlist_item-c8e04a069ca30e05d262d3276febfb1a avia-font-entypo-fontello'><span class='iconlist-char' aria-hidden='true' data-av_icon='\ue842' data-av_iconfont='entypo-fontello'><\/span><\/div><article class=\"article-icon-entry \"  itemscope=\"itemscope\" itemtype=\"https:\/\/schema.org\/CreativeWork\" ><div class=\"iconlist_content_wrap\"><header class=\"entry-content-header\"><div class='av_iconlist_title iconlist_title_small  av_inherit_color'  itemprop=\"headline\" >Malawi<\/div><\/header><div class='iconlist_content '  itemprop=\"text\" ><p>9 Vistano B\u00e4ume<\/p>\n<\/div><\/div><footer class=\"entry-footer\"><\/footer><\/article><div class=\"iconlist-timeline\"><\/div><\/li>\n<li><div class='iconlist_icon av-av_iconlist_item-575fc277ff8a1d5a29f3ac0ab3bc5d9c avia-font-entypo-fontello'><span class='iconlist-char' aria-hidden='true' data-av_icon='\ue842' data-av_iconfont='entypo-fontello'><\/span><\/div><article class=\"article-icon-entry \"  itemscope=\"itemscope\" itemtype=\"https:\/\/schema.org\/CreativeWork\" ><div class=\"iconlist_content_wrap\"><header class=\"entry-content-header\"><div class='av_iconlist_title iconlist_title_small  av_inherit_color'  itemprop=\"headline\" >Camerun<\/div><\/header><div class='iconlist_content '  itemprop=\"text\" ><p>10Vistano B\u00e4ume<\/p>\n<\/div><\/div><footer class=\"entry-footer\"><\/footer><\/article><div class=\"iconlist-timeline\"><\/div><\/li>\n<li><div class='iconlist_icon av-av_iconlist_item-6f098f1daa11311d43ede0fc1494d1ae avia-font-entypo-fontello'><span class='iconlist-char' aria-hidden='true' data-av_icon='\ue842' data-av_iconfont='entypo-fontello'><\/span><\/div><article class=\"article-icon-entry \"  itemscope=\"itemscope\" itemtype=\"https:\/\/schema.org\/CreativeWork\" ><div class=\"iconlist_content_wrap\"><header class=\"entry-content-header\"><div class='av_iconlist_title iconlist_title_small  av_inherit_color'  itemprop=\"headline\" >Kenya<\/div><\/header><div class='iconlist_content '  itemprop=\"text\" ><p>75 Vistano B\u00e4ume<\/p>\n<\/div><\/div><footer class=\"entry-footer\"><\/footer><\/article><div class=\"iconlist-timeline\"><\/div><\/li>\n<li><div class='iconlist_icon av-av_iconlist_item-e3df5df3978c52b277f4c246215028e9 avia-font-entypo-fontello'><span class='iconlist-char' aria-hidden='true' data-av_icon='\ue842' data-av_iconfont='entypo-fontello'><\/span><\/div><article class=\"article-icon-entry \"  itemscope=\"itemscope\" itemtype=\"https:\/\/schema.org\/CreativeWork\" ><div class=\"iconlist_content_wrap\"><header class=\"entry-content-header\"><div class='av_iconlist_title iconlist_title_small  av_inherit_color'  itemprop=\"headline\" >Haiti<\/div><\/header><div class='iconlist_content '  itemprop=\"text\" ><p>31 Vistano B\u00e4ume<\/p>\n<\/div><\/div><footer class=\"entry-footer\"><\/footer><\/article><div class=\"iconlist-timeline\"><\/div><\/li>\n<li><div class='iconlist_icon av-av_iconlist_item-d41932714081ab59cafbdabf0e991ced avia-font-entypo-fontello'><span class='iconlist-char' aria-hidden='true' data-av_icon='\ue842' data-av_iconfont='entypo-fontello'><\/span><\/div><article class=\"article-icon-entry \"  itemscope=\"itemscope\" itemtype=\"https:\/\/schema.org\/CreativeWork\" ><div class=\"iconlist_content_wrap\"><header class=\"entry-content-header\"><div class='av_iconlist_title iconlist_title_small  av_inherit_color'  itemprop=\"headline\" >Senegal<\/div><\/header><div class='iconlist_content '  itemprop=\"text\" ><p>25 Vistano B\u00e4ume<\/p>\n<\/div><\/div><footer class=\"entry-footer\"><\/footer><\/article><div class=\"iconlist-timeline\"><\/div><\/li>\n<\/ul><\/div><\/div><\/div><!--close column table wrapper. Autoclose: 1 -->\n\n<style type=\"text\/css\" data-created_by=\"avia_inline_auto\" id=\"style-css-av-av_one_full-f3813ee8d3cfa82fbe9073bfbb529d65\">\n.flex_column.av-av_one_full-f3813ee8d3cfa82fbe9073bfbb529d65{\nborder-radius:0px 0px 0px 0px;\npadding:0px 0px 0px 0px;\n}\n<\/style>\n<div  class='flex_column av-av_one_full-f3813ee8d3cfa82fbe9073bfbb529d65 av_one_full  avia-builder-el-9  el_after_av_one_third  avia-builder-el-last  first flex_column_div av-zero-column-padding  column-top-margin'     ><div  class='avia-button-wrap avia-button-center  avia-builder-el-10  avia-builder-el-no-sibling '>\n<style type=\"text\/css\" data-created_by=\"avia_inline_auto\" id=\"style-css-av-av_button_big-fce5adb68c826a365f9f04ec6ed961bf\">\n#top #wrap_all .avia-button.av-av_button_big-fce5adb68c826a365f9f04ec6ed961bf{\nbackground-color:#72c072;\nborder-color:#72c072;\ncolor:#ffffff;\ntransition:all 0.4s ease-in-out;\n}\n#top #wrap_all .avia-button.av-av_button_big-fce5adb68c826a365f9f04ec6ed961bf:hover{\nbackground-color:green;\ncolor:#ffffff;\ntransition:all 0.4s ease-in-out;\n}\n<\/style>\n<a href='https:\/\/www.treedom.net\/de\/organization\/vistano\/event\/Vistano-Jubil%C3%A4ums-Wald?trc=5q0ZHQN&amp;tra=300' class='avia-button avia-button-fullwidth av-av_button_big-fce5adb68c826a365f9f04ec6ed961bf avia-icon_select-no avia-color-custom' target=\"_blank\" rel=\"noopener noreferrer\"><span class='avia_iconbox_title' >Unterst\u00fctze unser Projekt<\/span><div class='av-button-description av-button-description-below'><p>Reduziere Treibhausgase und schaue Deinem eigenen Baum beim Wachsen zu<\/p>\n<\/div><\/a><\/div><\/div>\n","protected":false},"excerpt":{"rendered":"<p>Auch Vistano Psychologie bedient sich an den Ressourcen der Erde. Wir wollen etwas zur\u00fcckgeben und unseren Partner Treedom helfen, die Welt mit Pflanzen &#038; B\u00e4umen zu vergr\u00fcnen&#8230;<\/p>\n","protected":false},"author":3,"featured_media":23751,"parent":0,"menu_order":0,"comment_status":"closed","ping_status":"closed","template":"","meta":{"footnotes":""},"class_list":["post-23752","page","type-page","status-publish","has-post-thumbnail","hentry"],"yoast_head":"<!-- This site is optimized with the Yoast SEO plugin v26.0 - https:\/\/yoast.com\/wordpress\/plugins\/seo\/ -->\n<title>Vistano Psychologie - Green the Planet &#187; Psychologie<\/title>\n<meta name=\"description\" content=\"Auch Vistano Psychologie bedient sich an den Ressourcen der Erde. Wir wollen etwas zur\u00fcckgeben und unseren Partner Treedom helfen, die Welt mit Pflanzen &amp; B\u00e4umen zu vergr\u00fcnen...\" \/>\n<meta name=\"robots\" content=\"index, follow, max-snippet:-1, max-image-preview:large, max-video-preview:-1\" \/>\n<link rel=\"canonical\" href=\"https:\/\/gesundheitsberatung.com\/psychologie\/vistano-psychologie-green-the-planet\/\" \/>\n<meta property=\"og:locale\" content=\"de_DE\" \/>\n<meta property=\"og:type\" content=\"article\" \/>\n<meta property=\"og:title\" content=\"Vistano Psychologie - Green the Planet &#187; Psychologie\" \/>\n<meta property=\"og:description\" content=\"Auch Vistano Psychologie bedient sich an den Ressourcen der Erde. Wir wollen etwas zur\u00fcckgeben und unseren Partner Treedom helfen, die Welt mit Pflanzen &amp; B\u00e4umen zu vergr\u00fcnen...\" \/>\n<meta property=\"og:url\" content=\"https:\/\/gesundheitsberatung.com\/psychologie\/vistano-psychologie-green-the-planet\/\" \/>\n<meta property=\"og:site_name\" content=\"Psychologie\" \/>\n<meta property=\"article:publisher\" content=\"https:\/\/www.facebook.com\/psychologie\/\" \/>\n<meta property=\"article:modified_time\" content=\"2018-02-02T14:10:33+00:00\" \/>\n<meta property=\"og:image\" content=\"https:\/\/gesundheitsberatung.com\/psychologie\/wp-content\/uploads\/sites\/2\/vistano-nachhaltigkeit.jpg\" \/>\n\t<meta property=\"og:image:width\" content=\"2000\" \/>\n\t<meta property=\"og:image:height\" content=\"1133\" \/>\n\t<meta property=\"og:image:type\" content=\"image\/jpeg\" \/>\n<meta name=\"twitter:card\" content=\"summary_large_image\" \/>\n<meta name=\"twitter:site\" content=\"@Vistano\" \/>\n<script type=\"application\/ld+json\" class=\"yoast-schema-graph\">{\"@context\":\"https:\/\/schema.org\",\"@graph\":[{\"@type\":\"WebPage\",\"@id\":\"https:\/\/gesundheitsberatung.com\/psychologie\/vistano-psychologie-green-the-planet\/\",\"url\":\"https:\/\/gesundheitsberatung.com\/psychologie\/vistano-psychologie-green-the-planet\/\",\"name\":\"Vistano Psychologie - Green the Planet &#187; Psychologie\",\"isPartOf\":{\"@id\":\"https:\/\/gesundheitsberatung.com\/psychologie\/#website\"},\"primaryImageOfPage\":{\"@id\":\"https:\/\/gesundheitsberatung.com\/psychologie\/vistano-psychologie-green-the-planet\/#primaryimage\"},\"image\":{\"@id\":\"https:\/\/gesundheitsberatung.com\/psychologie\/vistano-psychologie-green-the-planet\/#primaryimage\"},\"thumbnailUrl\":\"https:\/\/gesundheitsberatung.com\/psychologie\/wp-content\/uploads\/sites\/2\/vistano-nachhaltigkeit.jpg\",\"datePublished\":\"2017-10-23T15:04:53+00:00\",\"dateModified\":\"2018-02-02T14:10:33+00:00\",\"description\":\"Auch Vistano Psychologie bedient sich an den Ressourcen der Erde. Wir wollen etwas zur\u00fcckgeben und unseren Partner Treedom helfen, die Welt mit Pflanzen & B\u00e4umen zu vergr\u00fcnen...\",\"breadcrumb\":{\"@id\":\"https:\/\/gesundheitsberatung.com\/psychologie\/vistano-psychologie-green-the-planet\/#breadcrumb\"},\"inLanguage\":\"de\",\"potentialAction\":[{\"@type\":\"ReadAction\",\"target\":[\"https:\/\/gesundheitsberatung.com\/psychologie\/vistano-psychologie-green-the-planet\/\"]}]},{\"@type\":\"ImageObject\",\"inLanguage\":\"de\",\"@id\":\"https:\/\/gesundheitsberatung.com\/psychologie\/vistano-psychologie-green-the-planet\/#primaryimage\",\"url\":\"https:\/\/gesundheitsberatung.com\/psychologie\/wp-content\/uploads\/sites\/2\/vistano-nachhaltigkeit.jpg\",\"contentUrl\":\"https:\/\/gesundheitsberatung.com\/psychologie\/wp-content\/uploads\/sites\/2\/vistano-nachhaltigkeit.jpg\",\"width\":2000,\"height\":1133,\"caption\":\"Vistano Nachhaltigkeit\"},{\"@type\":\"BreadcrumbList\",\"@id\":\"https:\/\/gesundheitsberatung.com\/psychologie\/vistano-psychologie-green-the-planet\/#breadcrumb\",\"itemListElement\":[{\"@type\":\"ListItem\",\"position\":1,\"name\":\"Home\",\"item\":\"https:\/\/gesundheitsberatung.com\/psychologie\/\"},{\"@type\":\"ListItem\",\"position\":2,\"name\":\"Vistano Psychologie &#8211; Green the Planet\"}]},{\"@type\":\"WebSite\",\"@id\":\"https:\/\/gesundheitsberatung.com\/psychologie\/#website\",\"url\":\"https:\/\/gesundheitsberatung.com\/psychologie\/\",\"name\":\"Psychologie\",\"description\":\"Psychologie \u260e Beratung durch Psychologen! Jetzt Gratis-Beratung sichern: \u2714 Diplom Psychologen \u2714 Heilpraktiker f\u00fcr Psychotherapie \u2714 Psychotherapeuten \u2714 Psychologische Berater bei Vistano Psychologie.\",\"potentialAction\":[{\"@type\":\"SearchAction\",\"target\":{\"@type\":\"EntryPoint\",\"urlTemplate\":\"https:\/\/gesundheitsberatung.com\/psychologie\/?s={search_term_string}\"},\"query-input\":{\"@type\":\"PropertyValueSpecification\",\"valueRequired\":true,\"valueName\":\"search_term_string\"}}],\"inLanguage\":\"de\"}]}<\/script>\n<!-- \/ Yoast SEO plugin. -->","yoast_head_json":{"title":"Vistano Psychologie - Green the Planet &#187; Psychologie","description":"Auch Vistano Psychologie bedient sich an den Ressourcen der Erde. Wir wollen etwas zur\u00fcckgeben und unseren Partner Treedom helfen, die Welt mit Pflanzen & B\u00e4umen zu vergr\u00fcnen...","robots":{"index":"index","follow":"follow","max-snippet":"max-snippet:-1","max-image-preview":"max-image-preview:large","max-video-preview":"max-video-preview:-1"},"canonical":"https:\/\/gesundheitsberatung.com\/psychologie\/vistano-psychologie-green-the-planet\/","og_locale":"de_DE","og_type":"article","og_title":"Vistano Psychologie - Green the Planet &#187; Psychologie","og_description":"Auch Vistano Psychologie bedient sich an den Ressourcen der Erde. Wir wollen etwas zur\u00fcckgeben und unseren Partner Treedom helfen, die Welt mit Pflanzen & B\u00e4umen zu vergr\u00fcnen...","og_url":"https:\/\/gesundheitsberatung.com\/psychologie\/vistano-psychologie-green-the-planet\/","og_site_name":"Psychologie","article_publisher":"https:\/\/www.facebook.com\/psychologie\/","article_modified_time":"2018-02-02T14:10:33+00:00","og_image":[{"width":2000,"height":1133,"url":"https:\/\/gesundheitsberatung.com\/psychologie\/wp-content\/uploads\/sites\/2\/vistano-nachhaltigkeit.jpg","type":"image\/jpeg"}],"twitter_card":"summary_large_image","twitter_site":"@Vistano","schema":{"@context":"https:\/\/schema.org","@graph":[{"@type":"WebPage","@id":"https:\/\/gesundheitsberatung.com\/psychologie\/vistano-psychologie-green-the-planet\/","url":"https:\/\/gesundheitsberatung.com\/psychologie\/vistano-psychologie-green-the-planet\/","name":"Vistano Psychologie - Green the Planet &#187; Psychologie","isPartOf":{"@id":"https:\/\/gesundheitsberatung.com\/psychologie\/#website"},"primaryImageOfPage":{"@id":"https:\/\/gesundheitsberatung.com\/psychologie\/vistano-psychologie-green-the-planet\/#primaryimage"},"image":{"@id":"https:\/\/gesundheitsberatung.com\/psychologie\/vistano-psychologie-green-the-planet\/#primaryimage"},"thumbnailUrl":"https:\/\/gesundheitsberatung.com\/psychologie\/wp-content\/uploads\/sites\/2\/vistano-nachhaltigkeit.jpg","datePublished":"2017-10-23T15:04:53+00:00","dateModified":"2018-02-02T14:10:33+00:00","description":"Auch Vistano Psychologie bedient sich an den Ressourcen der Erde. Wir wollen etwas zur\u00fcckgeben und unseren Partner Treedom helfen, die Welt mit Pflanzen & B\u00e4umen zu vergr\u00fcnen...","breadcrumb":{"@id":"https:\/\/gesundheitsberatung.com\/psychologie\/vistano-psychologie-green-the-planet\/#breadcrumb"},"inLanguage":"de","potentialAction":[{"@type":"ReadAction","target":["https:\/\/gesundheitsberatung.com\/psychologie\/vistano-psychologie-green-the-planet\/"]}]},{"@type":"ImageObject","inLanguage":"de","@id":"https:\/\/gesundheitsberatung.com\/psychologie\/vistano-psychologie-green-the-planet\/#primaryimage","url":"https:\/\/gesundheitsberatung.com\/psychologie\/wp-content\/uploads\/sites\/2\/vistano-nachhaltigkeit.jpg","contentUrl":"https:\/\/gesundheitsberatung.com\/psychologie\/wp-content\/uploads\/sites\/2\/vistano-nachhaltigkeit.jpg","width":2000,"height":1133,"caption":"Vistano Nachhaltigkeit"},{"@type":"BreadcrumbList","@id":"https:\/\/gesundheitsberatung.com\/psychologie\/vistano-psychologie-green-the-planet\/#breadcrumb","itemListElement":[{"@type":"ListItem","position":1,"name":"Home","item":"https:\/\/gesundheitsberatung.com\/psychologie\/"},{"@type":"ListItem","position":2,"name":"Vistano Psychologie &#8211; Green the Planet"}]},{"@type":"WebSite","@id":"https:\/\/gesundheitsberatung.com\/psychologie\/#website","url":"https:\/\/gesundheitsberatung.com\/psychologie\/","name":"Psychologie","description":"Psychologie \u260e Beratung durch Psychologen! Jetzt Gratis-Beratung sichern: \u2714 Diplom Psychologen \u2714 Heilpraktiker f\u00fcr Psychotherapie \u2714 Psychotherapeuten \u2714 Psychologische Berater bei Vistano Psychologie.","potentialAction":[{"@type":"SearchAction","target":{"@type":"EntryPoint","urlTemplate":"https:\/\/gesundheitsberatung.com\/psychologie\/?s={search_term_string}"},"query-input":{"@type":"PropertyValueSpecification","valueRequired":true,"valueName":"search_term_string"}}],"inLanguage":"de"}]}},"_links":{"self":[{"href":"https:\/\/gesundheitsberatung.com\/psychologie\/wp-json\/wp\/v2\/pages\/23752","targetHints":{"allow":["GET"]}}],"collection":[{"href":"https:\/\/gesundheitsberatung.com\/psychologie\/wp-json\/wp\/v2\/pages"}],"about":[{"href":"https:\/\/gesundheitsberatung.com\/psychologie\/wp-json\/wp\/v2\/types\/page"}],"author":[{"embeddable":true,"href":"https:\/\/gesundheitsberatung.com\/psychologie\/wp-json\/wp\/v2\/users\/3"}],"replies":[{"embeddable":true,"href":"https:\/\/gesundheitsberatung.com\/psychologie\/wp-json\/wp\/v2\/comments?post=23752"}],"version-history":[{"count":0,"href":"https:\/\/gesundheitsberatung.com\/psychologie\/wp-json\/wp\/v2\/pages\/23752\/revisions"}],"wp:featuredmedia":[{"embeddable":true,"href":"https:\/\/gesundheitsberatung.com\/psychologie\/wp-json\/wp\/v2\/media\/23751"}],"wp:attachment":[{"href":"https:\/\/gesundheitsberatung.com\/psychologie\/wp-json\/wp\/v2\/media?parent=23752"}],"curies":[{"name":"wp","href":"https:\/\/api.w.org\/{rel}","templated":true}]}}