{"id":20278,"date":"2016-12-05T01:02:55","date_gmt":"2016-12-05T00:02:55","guid":{"rendered":"https:\/\/gesundheitsberatung.com\/psychologie\/?page_id=20278"},"modified":"2018-11-05T14:30:56","modified_gmt":"2018-11-05T13:30:56","slug":"hausordnung","status":"publish","type":"page","link":"https:\/\/gesundheitsberatung.com\/psychologie\/hausordnung\/","title":{"rendered":"Hausordnung"},"content":{"rendered":"<div id='av-layout-grid-1'  class='av-layout-grid-container av-kon9xy-56fe39a3545dada1fad212a2b7da86c6 entry-content-wrapper main_color av-fixed-cells  avia-builder-el-0  el_before_av_one_full  avia-builder-el-first  av-small-hide av-mini-hide container_wrap sidebar_right'  >\n\n<style type=\"text\/css\" data-created_by=\"avia_inline_auto\" id=\"style-css-av-5g9qfkm-0f9d500e882177d853037c3a3229203a\">\n.flex_cell.av-5g9qfkm-0f9d500e882177d853037c3a3229203a{\nvertical-align:bottom;\nheight:200px;\nmin-height:200px;\n}\n.responsive #top #wrap_all .flex_cell.av-5g9qfkm-0f9d500e882177d853037c3a3229203a{\npadding:0px 0px 0px 150px !important;\n}\n<\/style>\n<div class='flex_cell av-5g9qfkm-0f9d500e882177d853037c3a3229203a av-gridrow-cell av_one_third no_margin  avia-builder-el-1  el_before_av_cell_two_third  avia-builder-el-first '  ><div class='flex_cell_inner'>\n<style type=\"text\/css\" data-created_by=\"avia_inline_auto\" id=\"style-css-av-50f4lee-fc1d9e94364d9a0794393eb2a05f7bde\">\n.avia-image-container.av-50f4lee-fc1d9e94364d9a0794393eb2a05f7bde img.avia_image{\nbox-shadow:none;\n}\n.avia-image-container.av-50f4lee-fc1d9e94364d9a0794393eb2a05f7bde .av-image-caption-overlay-center{\ncolor:#ffffff;\n}\n<\/style>\n<div  class='avia-image-container av-50f4lee-fc1d9e94364d9a0794393eb2a05f7bde av-styling- avia_animated_image av-animated-when-visible-95 fade-in avia-align-center  avia-builder-el-2  avia-builder-el-no-sibling '   itemprop=\"image\" itemscope=\"itemscope\" itemtype=\"https:\/\/schema.org\/ImageObject\" ><div class=\"avia-image-container-inner\"><div class=\"avia-image-overlay-wrap\"><img decoding=\"async\" fetchpriority=\"high\" class='wp-image-3750 avia-img-lazy-loading-not-3750 avia_image ' src=\"https:\/\/gesundheitsberatung.com\/psychologie\/wp-content\/uploads\/sites\/2\/psychologie-fallback-slider-300x198.png\" alt='Psychologie Seitenslider Klein' title='Psychologie Seitenslider Klein'  height=\"198\" width=\"300\"  itemprop=\"thumbnailUrl\" srcset=\"https:\/\/gesundheitsberatung.com\/psychologie\/wp-content\/uploads\/sites\/2\/psychologie-fallback-slider-300x198.png 300w, https:\/\/gesundheitsberatung.com\/psychologie\/wp-content\/uploads\/sites\/2\/psychologie-fallback-slider.png 378w\" sizes=\"(max-width: 300px) 100vw, 300px\" \/><\/div><\/div><\/div>\n<\/div><\/div>\n<style type=\"text\/css\" data-created_by=\"avia_inline_auto\" id=\"style-css-av-g9i3xy-ab5943d88184c40ac149ff1dbd6e2ade\">\n.flex_cell.av-g9i3xy-ab5943d88184c40ac149ff1dbd6e2ade{\nvertical-align:middle;\nheight:200px;\nmin-height:200px;\n}\n.responsive #top #wrap_all .flex_cell.av-g9i3xy-ab5943d88184c40ac149ff1dbd6e2ade{\npadding:0px 0px 0px 50px !important;\n}\n<\/style>\n<div class='flex_cell av-g9i3xy-ab5943d88184c40ac149ff1dbd6e2ade av-gridrow-cell av_two_third no_margin  avia-builder-el-3  el_after_av_cell_one_third  avia-builder-el-last '  ><div class='flex_cell_inner'>\n<style type=\"text\/css\" data-created_by=\"avia_inline_auto\" id=\"style-css-av-dl8bfa-bb8d7e1e2f42814cedc4b524e025f50a\">\n#top .av-rotator-container.av-dl8bfa-bb8d7e1e2f42814cedc4b524e025f50a{\ntext-align:left;\ncolor:#7f95a3;\n}\n#top #wrap_all .av-rotator-container.av-dl8bfa-bb8d7e1e2f42814cedc4b524e025f50a .av-rotator-container-inner{\nfont-size:34px;\n}\n<\/style>\n\n<style type=\"text\/css\" data-created_by=\"avia_inline_auto\" id=\"style-css-sub-av-dl8bfa-bb8d7e1e2f42814cedc4b524e025f50a\">\n#top .av-rotator-container .av-rotator-text-single.av-3d33qd2-cd2e84ae0feca838eb6725743a68061b{\ncolor:#7f95a3;\n}\n#top .av-rotator-container .av-rotator-text-single.av-2uhs83a-a0829d242ed91eec3005d52bd4b1e3de{\ncolor:#cecece;\n}\n#top .av-rotator-container .av-rotator-text-single.av-2m9l2mu-daa45b5212e8e05033ba825cf8218e75{\ncolor:#757575;\n}\n<\/style>\n<div  class='av-rotator-container av-rotation-container-left av-dl8bfa-bb8d7e1e2f42814cedc4b524e025f50a  avia-builder-el-4  avia-builder-el-no-sibling ' data-interval='3' data-animation='0'><p class='av-rotator-container-inner'>VISTANO<span class='av-rotator-text av-rotator-multiline-on'>\n<span class='av-rotator-text-single av-3d33qd2-cd2e84ae0feca838eb6725743a68061b av-rotator-text-single-1' >Psychologie<\/span>\n<span class='av-rotator-text-single av-2uhs83a-a0829d242ed91eec3005d52bd4b1e3de av-rotator-text-single-2' >jederzeit &amp; \u00fcberall...<\/span>\n<span class='av-rotator-text-single av-2m9l2mu-daa45b5212e8e05033ba825cf8218e75 av-rotator-text-single-3' >gut beraten in jeder Beziehung!<\/span>\n<\/span><\/p><\/div>\n<\/div><\/div>\n<\/div><div id='after_grid_row_1'  class='main_color av_default_container_wrap container_wrap sidebar_right'  ><div class='container av-section-cont-open' ><div class='template-page content  av-content-small alpha units'><div class='post-entry post-entry-type-page post-entry-20278'><div class='entry-content-wrapper clearfix'>\n<div  class='flex_column av-2abjody-a7b0440ec31d45e599a8337ac1a78c12 av_one_full  avia-builder-el-5  el_after_av_layout_row  avia-builder-el-no-sibling  first flex_column_div  '     ><p>\n<style type=\"text\/css\" data-created_by=\"avia_inline_auto\" id=\"style-css-av-av_heading-a3a8af756e75b6da98638398d1fe77c5\">\n#top .av-special-heading.av-av_heading-a3a8af756e75b6da98638398d1fe77c5{\npadding-bottom:0;\n}\nbody .av-special-heading.av-av_heading-a3a8af756e75b6da98638398d1fe77c5 .av-special-heading-tag .heading-char{\nfont-size:25px;\n}\n.av-special-heading.av-av_heading-a3a8af756e75b6da98638398d1fe77c5 .av-subheading{\nfont-size:20px;\n}\n<\/style>\n<div  class='av-special-heading av-av_heading-a3a8af756e75b6da98638398d1fe77c5 av-special-heading-h1 blockquote modern-quote  avia-builder-el-6  el_before_av_hr  avia-builder-el-first '><h1 class='av-special-heading-tag'  itemprop=\"headline\"  >Psychologie &#8211; Unsere Hausordnung<\/h1><div class=\"special-heading-border\"><div class=\"special-heading-inner-border\"><\/div><\/div><\/div><br \/>\n<div  class='hr av-40orna-e503da9a8e2934fb41267927103a3f87 hr-default  avia-builder-el-7  el_after_av_heading  el_before_av_textblock '><span class='hr-inner '><span class=\"hr-inner-style\"><\/span><\/span><\/div><br \/>\n<section  class='av_textblock_section av-w0jchi-313ba0d12d71299979aad33d630a5320 '   itemscope=\"itemscope\" itemtype=\"https:\/\/schema.org\/CreativeWork\" ><div class='avia_textblock'  itemprop=\"text\" ><h3>Benutzername und Angebote<\/h3>\n<p>Bitte vermeide unpassende Benutzernamen, vor allem solche, die sexuelle Obsz\u00f6nit\u00e4ten oder rassistische Anspielungen enthalten k\u00f6nnten. Das Gleiche gilt f\u00fcr Angebote. Achte bitte darauf, dass sich Dein Angebot um den Bereich &#8220;Psychologie&#8221; ansiedelt &#8211; artfremde Angebote, sexuelle Dienstleistungen oder Werbung f\u00fcr Dritte sind bei Vistano nicht zul\u00e4ssig.<\/p>\n<h3>Durchf\u00fchrung von Beratungen<\/h3>\n<p>Berater verpflichten sich, ihre Beratungen nach bestem Wissen und Gewissen durchzuf\u00fchren. Dazu geh\u00f6ren gewisse Regeln und Einschr\u00e4nkungen, die von allen Beratern akzeptiert werden sollten:<\/p>\n<ul>\n<li>Keine Empfehlungen geben, welche einschneidende Folgen im Leben des Ratsuchenden h\u00e4tten, insbesondere Aufforderung zur Trennung von Partnern o.\u00e4.<\/li>\n<li>Keine Sonderzahlungen akzeptieren, selbst wenn Ratsuchende dies anbieten sollten<\/li>\n<li>Das Abwerben von Teilnehmern ist nicht gestattet<\/li>\n<li>Niemals den Ratsuchenden mit allzu negativen Prognosen entlassen. Dies bedeutet nicht, dass Berater die &#8220;Wahrheit&#8221; verschweigen sollen. Es hei\u00dft, dass Berater als Coach des Klienten stets dessen Wohl als oberste Maxime betrachten sollen. Klienten wenden sich im Vertrauen an Berater &#8211; dieses Vertrauen sollte mit hoher Achtung empfangen werden. Auch bei negativen Prognosen sollte der Gesamthintergrund herausgearbeitet werden<\/li>\n<li>Nicht auf Fehlprognosen oder Fehldarstellungen beharren<\/li>\n<\/ul>\n<h3>Nutzung einer Vistano-Mail<\/h3>\n<p>Das \u00dcbermitteln von &#8220;Junk-Mails&#8221;, &#8220;Kettenbriefen&#8221; oder sonstigen ungebetenen Rundschreiben per E-Mail sind im Vistano-Mail-System nicht zul\u00e4ssig Auch\u00a0<i>Hinweise auf eigene oder andere Homepages<\/i>, sowie\u00a0<i>Werbung f\u00fcr portalfremde Dienstleistungen<\/i>\u00a0werden nicht toleriert.<\/p>\n<h3>Missbrauch des Bewertungssystems<\/h3>\n<p>Durch die Bewertung eines Teilnehmers teilst Du anderen Vistano-Mitgliedern Deine Erfahrungen mit. In diesem Zusammenhang ist es Vistano-Teilnehmern untersagt durch die Verwendung eines anderen\/falschen Benutzernamens oder unter Vorgabe einer dritten\/fiktiven Person<\/p>\n<ul>\n<li>sich selbst zu beurteilen<\/li>\n<li>ein vors\u00e4tzlich, negatives Urteil \u00fcber einen Berater zu f\u00e4llen<\/li>\n<\/ul>\n<p>Vistano beh\u00e4lt sich vor, Kommentare, Aussagen und Texte nicht zu ver\u00f6ffentlichen, Rechtschreibfehler zu korrigieren und Falschaussagen anzumahnen.<\/p>\n<h3>Illegale Handlungen<\/h3>\n<p>Es ist allen Vistano-Mitgliedern verboten, sich auf den Vistano-Webseiten an betr\u00fcgerischen oder illegalen Handlungen zu beteiligen oder solche zu unterst\u00fctzen.<\/p>\n<h3>Eigentum\/Copyright der anderen Mitglieder<\/h3>\n<p>Wenn Du das Gef\u00fchl hast, dass Dein Copyright durch andere Vistano-Seiten in irgendeiner Form verletzt worden ist, nehme bitte Kontakt mit uns auf.<\/p>\n<p>Ihr Vistano-Team<\/p>\n<\/div><\/section><\/p><\/div>\n","protected":false},"excerpt":{"rendered":"<p>Die Vistano Hausordnung (Bereich Psychologie). Unsere Verhaltensregeln f\u00fcr alle Teilnehmer, um einen respektvollen Umgang zu gew\u00e4hrleisten.<\/p>\n","protected":false},"author":3,"featured_media":4408,"parent":0,"menu_order":0,"comment_status":"closed","ping_status":"closed","template":"","meta":{"footnotes":""},"class_list":["post-20278","page","type-page","status-publish","has-post-thumbnail","hentry"],"yoast_head":"<!-- This site is optimized with the Yoast SEO plugin v26.0 - https:\/\/yoast.com\/wordpress\/plugins\/seo\/ -->\n<title>Hausordnung &#187; Psychologie<\/title>\n<meta name=\"description\" content=\"Die Vistano Hausordnung (Bereich Psychologie). Unsere Verhaltensregeln f\u00fcr alle Teilnehmer, um einen respektvollen Umgang zu gew\u00e4hrleisten.\" \/>\n<meta name=\"robots\" content=\"index, follow, max-snippet:-1, max-image-preview:large, max-video-preview:-1\" \/>\n<link rel=\"canonical\" href=\"https:\/\/gesundheitsberatung.com\/psychologie\/hausordnung\/\" \/>\n<meta property=\"og:locale\" content=\"de_DE\" \/>\n<meta property=\"og:type\" content=\"article\" \/>\n<meta property=\"og:title\" content=\"Hausordnung &#187; Psychologie\" \/>\n<meta property=\"og:description\" content=\"Die Vistano Hausordnung (Bereich Psychologie). Unsere Verhaltensregeln f\u00fcr alle Teilnehmer, um einen respektvollen Umgang zu gew\u00e4hrleisten.\" \/>\n<meta property=\"og:url\" content=\"https:\/\/gesundheitsberatung.com\/psychologie\/hausordnung\/\" \/>\n<meta property=\"og:site_name\" content=\"Psychologie\" \/>\n<meta property=\"article:publisher\" content=\"https:\/\/www.facebook.com\/psychologie\/\" \/>\n<meta property=\"article:modified_time\" content=\"2018-11-05T13:30:56+00:00\" \/>\n<meta property=\"og:image\" content=\"https:\/\/gesundheitsberatung.com\/psychologie\/wp-content\/uploads\/sites\/2\/service.jpg\" \/>\n\t<meta property=\"og:image:width\" content=\"300\" \/>\n\t<meta property=\"og:image:height\" content=\"300\" \/>\n\t<meta property=\"og:image:type\" content=\"image\/jpeg\" \/>\n<meta name=\"twitter:card\" content=\"summary_large_image\" \/>\n<meta name=\"twitter:site\" content=\"@Vistano\" \/>\n<script type=\"application\/ld+json\" class=\"yoast-schema-graph\">{\"@context\":\"https:\/\/schema.org\",\"@graph\":[{\"@type\":\"WebPage\",\"@id\":\"https:\/\/gesundheitsberatung.com\/psychologie\/hausordnung\/\",\"url\":\"https:\/\/gesundheitsberatung.com\/psychologie\/hausordnung\/\",\"name\":\"Hausordnung &#187; Psychologie\",\"isPartOf\":{\"@id\":\"https:\/\/gesundheitsberatung.com\/psychologie\/#website\"},\"primaryImageOfPage\":{\"@id\":\"https:\/\/gesundheitsberatung.com\/psychologie\/hausordnung\/#primaryimage\"},\"image\":{\"@id\":\"https:\/\/gesundheitsberatung.com\/psychologie\/hausordnung\/#primaryimage\"},\"thumbnailUrl\":\"https:\/\/gesundheitsberatung.com\/psychologie\/wp-content\/uploads\/sites\/2\/service.jpg\",\"datePublished\":\"2016-12-05T00:02:55+00:00\",\"dateModified\":\"2018-11-05T13:30:56+00:00\",\"description\":\"Die Vistano Hausordnung (Bereich Psychologie). Unsere Verhaltensregeln f\u00fcr alle Teilnehmer, um einen respektvollen Umgang zu gew\u00e4hrleisten.\",\"breadcrumb\":{\"@id\":\"https:\/\/gesundheitsberatung.com\/psychologie\/hausordnung\/#breadcrumb\"},\"inLanguage\":\"de\",\"potentialAction\":[{\"@type\":\"ReadAction\",\"target\":[\"https:\/\/gesundheitsberatung.com\/psychologie\/hausordnung\/\"]}]},{\"@type\":\"ImageObject\",\"inLanguage\":\"de\",\"@id\":\"https:\/\/gesundheitsberatung.com\/psychologie\/hausordnung\/#primaryimage\",\"url\":\"https:\/\/gesundheitsberatung.com\/psychologie\/wp-content\/uploads\/sites\/2\/service.jpg\",\"contentUrl\":\"https:\/\/gesundheitsberatung.com\/psychologie\/wp-content\/uploads\/sites\/2\/service.jpg\",\"width\":300,\"height\":300,\"caption\":\"Service\"},{\"@type\":\"BreadcrumbList\",\"@id\":\"https:\/\/gesundheitsberatung.com\/psychologie\/hausordnung\/#breadcrumb\",\"itemListElement\":[{\"@type\":\"ListItem\",\"position\":1,\"name\":\"Home\",\"item\":\"https:\/\/gesundheitsberatung.com\/psychologie\/\"},{\"@type\":\"ListItem\",\"position\":2,\"name\":\"Hausordnung\"}]},{\"@type\":\"WebSite\",\"@id\":\"https:\/\/gesundheitsberatung.com\/psychologie\/#website\",\"url\":\"https:\/\/gesundheitsberatung.com\/psychologie\/\",\"name\":\"Psychologie\",\"description\":\"Psychologie \u260e Beratung durch Psychologen! Jetzt Gratis-Beratung sichern: \u2714 Diplom Psychologen \u2714 Heilpraktiker f\u00fcr Psychotherapie \u2714 Psychotherapeuten \u2714 Psychologische Berater bei Vistano Psychologie.\",\"potentialAction\":[{\"@type\":\"SearchAction\",\"target\":{\"@type\":\"EntryPoint\",\"urlTemplate\":\"https:\/\/gesundheitsberatung.com\/psychologie\/?s={search_term_string}\"},\"query-input\":{\"@type\":\"PropertyValueSpecification\",\"valueRequired\":true,\"valueName\":\"search_term_string\"}}],\"inLanguage\":\"de\"}]}<\/script>\n<!-- \/ Yoast SEO plugin. -->","yoast_head_json":{"title":"Hausordnung &#187; Psychologie","description":"Die Vistano Hausordnung (Bereich Psychologie). Unsere Verhaltensregeln f\u00fcr alle Teilnehmer, um einen respektvollen Umgang zu gew\u00e4hrleisten.","robots":{"index":"index","follow":"follow","max-snippet":"max-snippet:-1","max-image-preview":"max-image-preview:large","max-video-preview":"max-video-preview:-1"},"canonical":"https:\/\/gesundheitsberatung.com\/psychologie\/hausordnung\/","og_locale":"de_DE","og_type":"article","og_title":"Hausordnung &#187; Psychologie","og_description":"Die Vistano Hausordnung (Bereich Psychologie). Unsere Verhaltensregeln f\u00fcr alle Teilnehmer, um einen respektvollen Umgang zu gew\u00e4hrleisten.","og_url":"https:\/\/gesundheitsberatung.com\/psychologie\/hausordnung\/","og_site_name":"Psychologie","article_publisher":"https:\/\/www.facebook.com\/psychologie\/","article_modified_time":"2018-11-05T13:30:56+00:00","og_image":[{"width":300,"height":300,"url":"https:\/\/gesundheitsberatung.com\/psychologie\/wp-content\/uploads\/sites\/2\/service.jpg","type":"image\/jpeg"}],"twitter_card":"summary_large_image","twitter_site":"@Vistano","schema":{"@context":"https:\/\/schema.org","@graph":[{"@type":"WebPage","@id":"https:\/\/gesundheitsberatung.com\/psychologie\/hausordnung\/","url":"https:\/\/gesundheitsberatung.com\/psychologie\/hausordnung\/","name":"Hausordnung &#187; Psychologie","isPartOf":{"@id":"https:\/\/gesundheitsberatung.com\/psychologie\/#website"},"primaryImageOfPage":{"@id":"https:\/\/gesundheitsberatung.com\/psychologie\/hausordnung\/#primaryimage"},"image":{"@id":"https:\/\/gesundheitsberatung.com\/psychologie\/hausordnung\/#primaryimage"},"thumbnailUrl":"https:\/\/gesundheitsberatung.com\/psychologie\/wp-content\/uploads\/sites\/2\/service.jpg","datePublished":"2016-12-05T00:02:55+00:00","dateModified":"2018-11-05T13:30:56+00:00","description":"Die Vistano Hausordnung (Bereich Psychologie). Unsere Verhaltensregeln f\u00fcr alle Teilnehmer, um einen respektvollen Umgang zu gew\u00e4hrleisten.","breadcrumb":{"@id":"https:\/\/gesundheitsberatung.com\/psychologie\/hausordnung\/#breadcrumb"},"inLanguage":"de","potentialAction":[{"@type":"ReadAction","target":["https:\/\/gesundheitsberatung.com\/psychologie\/hausordnung\/"]}]},{"@type":"ImageObject","inLanguage":"de","@id":"https:\/\/gesundheitsberatung.com\/psychologie\/hausordnung\/#primaryimage","url":"https:\/\/gesundheitsberatung.com\/psychologie\/wp-content\/uploads\/sites\/2\/service.jpg","contentUrl":"https:\/\/gesundheitsberatung.com\/psychologie\/wp-content\/uploads\/sites\/2\/service.jpg","width":300,"height":300,"caption":"Service"},{"@type":"BreadcrumbList","@id":"https:\/\/gesundheitsberatung.com\/psychologie\/hausordnung\/#breadcrumb","itemListElement":[{"@type":"ListItem","position":1,"name":"Home","item":"https:\/\/gesundheitsberatung.com\/psychologie\/"},{"@type":"ListItem","position":2,"name":"Hausordnung"}]},{"@type":"WebSite","@id":"https:\/\/gesundheitsberatung.com\/psychologie\/#website","url":"https:\/\/gesundheitsberatung.com\/psychologie\/","name":"Psychologie","description":"Psychologie \u260e Beratung durch Psychologen! Jetzt Gratis-Beratung sichern: \u2714 Diplom Psychologen \u2714 Heilpraktiker f\u00fcr Psychotherapie \u2714 Psychotherapeuten \u2714 Psychologische Berater bei Vistano Psychologie.","potentialAction":[{"@type":"SearchAction","target":{"@type":"EntryPoint","urlTemplate":"https:\/\/gesundheitsberatung.com\/psychologie\/?s={search_term_string}"},"query-input":{"@type":"PropertyValueSpecification","valueRequired":true,"valueName":"search_term_string"}}],"inLanguage":"de"}]}},"_links":{"self":[{"href":"https:\/\/gesundheitsberatung.com\/psychologie\/wp-json\/wp\/v2\/pages\/20278","targetHints":{"allow":["GET"]}}],"collection":[{"href":"https:\/\/gesundheitsberatung.com\/psychologie\/wp-json\/wp\/v2\/pages"}],"about":[{"href":"https:\/\/gesundheitsberatung.com\/psychologie\/wp-json\/wp\/v2\/types\/page"}],"author":[{"embeddable":true,"href":"https:\/\/gesundheitsberatung.com\/psychologie\/wp-json\/wp\/v2\/users\/3"}],"replies":[{"embeddable":true,"href":"https:\/\/gesundheitsberatung.com\/psychologie\/wp-json\/wp\/v2\/comments?post=20278"}],"version-history":[{"count":0,"href":"https:\/\/gesundheitsberatung.com\/psychologie\/wp-json\/wp\/v2\/pages\/20278\/revisions"}],"wp:featuredmedia":[{"embeddable":true,"href":"https:\/\/gesundheitsberatung.com\/psychologie\/wp-json\/wp\/v2\/media\/4408"}],"wp:attachment":[{"href":"https:\/\/gesundheitsberatung.com\/psychologie\/wp-json\/wp\/v2\/media?parent=20278"}],"curies":[{"name":"wp","href":"https:\/\/api.w.org\/{rel}","templated":true}]}}