{"id":226431,"date":"2021-02-23T17:36:19","date_gmt":"2021-02-23T16:36:19","guid":{"rendered":"https:\/\/gesundheitsberatung.com\/gesundheit\/?post_type=product&#038;p=226431"},"modified":"2021-03-05T20:41:02","modified_gmt":"2021-03-05T19:41:02","slug":"s-roessler","status":"publish","type":"product","link":"https:\/\/gesundheitsberatung.com\/gesundheit\/online-beratung\/wellness-therapeuten\/s-roessler\/","title":{"rendered":"S. R\u00f6ssler"},"content":{"rendered":"<p><span class=\"hinweis_text_single_berater\">Gesundheit kommt von Genie\u00dfen und Wohlf\u00fchlen<\/span><\/p>\n<p>Ich biete emphatische Beratung in allen Lebenslagen.<br \/>\nMein Ziel ist es,<br \/>\ndass Du Dich wohl f\u00fchlst,<br \/>\ndass Du genie\u00dft,<br \/>\nK\u00f6rper, Geist und Seele in Einklang bringst,<br \/>\nzu Dir kommst, Dir n\u00e4her kommst,<br \/>\nbei Dir ankommst,<br \/>\ndenn Gesundheit kommt von Wohlf\u00fchlen und Genie\u00dfen.<\/p>\n<p>Gerne begleite ich Dich ein St\u00fcck auf Deinem Weg zu Dir selbst.<br \/>\nEs ist Dein Geburtsrecht, die Liebe zu Dir selbst wieder erwecken zu d\u00fcrfen;<br \/>\nInneren, wie \u00e4u\u00dferen Frieden; Ausgeglichenheit und Freude am Leben haben zu d\u00fcrfen.<\/p>\n<p>Mit meiner Beratung heile ich keine Krankheiten,<br \/>\nund ich stelle auch keinerlei Diagnosen.<br \/>\nMein Angebot stellt keinen Ersatz f\u00fcr eine fach\u00e4rztliche Behandlung<br \/>\noder die Behandlung eines Heilpraktikers dar.<span class=\"display_none\">6444<\/span><\/p>\n","protected":false},"excerpt":{"rendered":"<p>Gesundheitspraktische Beratung in allen Lebenslagen.Gesunde Ern\u00e4hrung, bewusstes Atmen u. Denken.Raus aus dem Stress, rein ins lebenswerte Leben.<\/p>\n","protected":false},"featured_media":226432,"comment_status":"open","ping_status":"closed","template":"","meta":[],"product_cat":[],"product_tag":[],"class_list":["post-226431","product","type-product","status-publish","has-post-thumbnail","hentry","online_berater-wellness-therapeuten"],"yoast_head":"<!-- This site is optimized with the Yoast SEO plugin v26.0 - https:\/\/yoast.com\/wordpress\/plugins\/seo\/ -->\n<title>S. R\u00f6ssler &#187; Wellness Therapeuten &#187; Vistano \u260e Beratung<\/title>\n<meta name=\"description\" content=\"Vistano Wellness Therapeuten &#187; Gesundheitspraktische Beratung in allen Lebenslagen.Gesunde Ern\u00e4hrung, bewusstes Atmen u. Denken.Raus aus dem Stress, rein ins lebenswerte Leben.\" \/>\n<meta name=\"robots\" content=\"index, follow, max-snippet:-1, max-image-preview:large, max-video-preview:-1\" \/>\n<link rel=\"canonical\" href=\"https:\/\/gesundheitsberatung.com\/gesundheit\/online-beratung\/wellness-therapeuten\/s-roessler\/\" \/>\n<meta property=\"og:locale\" content=\"de_DE\" \/>\n<meta property=\"og:type\" content=\"article\" \/>\n<meta property=\"og:title\" content=\"S. R\u00f6ssler &#187; Wellness Therapeuten &#187; Vistano \u260e Beratung\" \/>\n<meta property=\"og:description\" content=\"Vistano Wellness Therapeuten &#187; Gesundheitspraktische Beratung in allen Lebenslagen.Gesunde Ern\u00e4hrung, bewusstes Atmen u. Denken.Raus aus dem Stress, rein ins lebenswerte Leben.\" \/>\n<meta property=\"og:url\" content=\"https:\/\/gesundheitsberatung.com\/gesundheit\/online-beratung\/wellness-therapeuten\/s-roessler\/\" \/>\n<meta property=\"og:site_name\" content=\"Gesundheit\" \/>\n<meta property=\"article:publisher\" content=\"https:\/\/www.facebook.com\/gesundheitsberatung\/\" \/>\n<meta property=\"article:modified_time\" content=\"2021-03-05T19:41:02+00:00\" \/>\n<meta property=\"og:image\" content=\"https:\/\/gesundheitsberatung.com\/gesundheit\/wp-content\/uploads\/sites\/4\/s-r-ssler-wellness-therapeuten-vistano-berater-id-6444.jpg\" \/>\n\t<meta property=\"og:image:width\" content=\"800\" \/>\n\t<meta property=\"og:image:height\" content=\"800\" \/>\n\t<meta property=\"og:image:type\" content=\"image\/jpeg\" \/>\n<meta name=\"twitter:card\" content=\"summary_large_image\" \/>\n<meta name=\"twitter:site\" content=\"@Vistano\" \/>\n<script type=\"application\/ld+json\" class=\"yoast-schema-graph\">{\"@context\":\"https:\/\/schema.org\",\"@graph\":[{\"@type\":\"WebPage\",\"@id\":\"https:\/\/gesundheitsberatung.com\/gesundheit\/online-beratung\/wellness-therapeuten\/s-roessler\/\",\"url\":\"https:\/\/gesundheitsberatung.com\/gesundheit\/online-beratung\/wellness-therapeuten\/s-roessler\/\",\"name\":\"S. R\u00f6ssler &#187; Wellness Therapeuten &#187; Vistano \u260e Beratung\",\"isPartOf\":{\"@id\":\"https:\/\/gesundheitsberatung.com\/gesundheit\/#website\"},\"primaryImageOfPage\":{\"@id\":\"https:\/\/gesundheitsberatung.com\/gesundheit\/online-beratung\/wellness-therapeuten\/s-roessler\/#primaryimage\"},\"image\":{\"@id\":\"https:\/\/gesundheitsberatung.com\/gesundheit\/online-beratung\/wellness-therapeuten\/s-roessler\/#primaryimage\"},\"thumbnailUrl\":\"https:\/\/gesundheitsberatung.com\/gesundheit\/wp-content\/uploads\/sites\/4\/s-r-ssler-wellness-therapeuten-vistano-berater-id-6444.jpg\",\"datePublished\":\"2021-02-23T16:36:19+00:00\",\"dateModified\":\"2021-03-05T19:41:02+00:00\",\"description\":\"Vistano Wellness Therapeuten &#187; Gesundheitspraktische Beratung in allen Lebenslagen.Gesunde Ern\u00e4hrung, bewusstes Atmen u. Denken.Raus aus dem Stress, rein ins lebenswerte Leben.\",\"breadcrumb\":{\"@id\":\"https:\/\/gesundheitsberatung.com\/gesundheit\/online-beratung\/wellness-therapeuten\/s-roessler\/#breadcrumb\"},\"inLanguage\":\"de\",\"potentialAction\":[{\"@type\":\"ReadAction\",\"target\":[\"https:\/\/gesundheitsberatung.com\/gesundheit\/online-beratung\/wellness-therapeuten\/s-roessler\/\"]}]},{\"@type\":\"ImageObject\",\"inLanguage\":\"de\",\"@id\":\"https:\/\/gesundheitsberatung.com\/gesundheit\/online-beratung\/wellness-therapeuten\/s-roessler\/#primaryimage\",\"url\":\"https:\/\/gesundheitsberatung.com\/gesundheit\/wp-content\/uploads\/sites\/4\/s-r-ssler-wellness-therapeuten-vistano-berater-id-6444.jpg\",\"contentUrl\":\"https:\/\/gesundheitsberatung.com\/gesundheit\/wp-content\/uploads\/sites\/4\/s-r-ssler-wellness-therapeuten-vistano-berater-id-6444.jpg\",\"width\":800,\"height\":800,\"caption\":\"Wellness Therapeuten S. R\u00f6ssler - Berater-ID: 6444\"},{\"@type\":\"BreadcrumbList\",\"@id\":\"https:\/\/gesundheitsberatung.com\/gesundheit\/online-beratung\/wellness-therapeuten\/s-roessler\/#breadcrumb\",\"itemListElement\":[{\"@type\":\"ListItem\",\"position\":1,\"name\":\"Home\",\"item\":\"https:\/\/gesundheitsberatung.com\/gesundheit\/\"},{\"@type\":\"ListItem\",\"position\":2,\"name\":\"Produkte\",\"item\":\"https:\/\/gesundheitsberatung.com\/gesundheit\/shop\/\"},{\"@type\":\"ListItem\",\"position\":3,\"name\":\"Online Beratung\",\"item\":\"https:\/\/gesundheitsberatung.com\/gesundheit\/online_berater\/online-beratung\/\"},{\"@type\":\"ListItem\",\"position\":4,\"name\":\"Wellness Therapeuten\",\"item\":\"https:\/\/gesundheitsberatung.com\/gesundheit\/online_berater\/wellness-therapeuten\/\"},{\"@type\":\"ListItem\",\"position\":5,\"name\":\"S. R\u00f6ssler\"}]},{\"@type\":\"WebSite\",\"@id\":\"https:\/\/gesundheitsberatung.com\/gesundheit\/#website\",\"url\":\"https:\/\/gesundheitsberatung.com\/gesundheit\/\",\"name\":\"Gesundheit\",\"description\":\"Gesundheit \u260e Beratung durch Gesundheitsberater! Jetzt Gratis-Beratung sichern: \u2714 \u00c4rzte \u2714 Well Aging Trainer \u2714 Heilpraktiker \u2714 Entspannungstherapeuten \u2714 Frauenheilkunde Berater bei Vistano Gesundheit.\",\"potentialAction\":[{\"@type\":\"SearchAction\",\"target\":{\"@type\":\"EntryPoint\",\"urlTemplate\":\"https:\/\/gesundheitsberatung.com\/gesundheit\/?s={search_term_string}\"},\"query-input\":{\"@type\":\"PropertyValueSpecification\",\"valueRequired\":true,\"valueName\":\"search_term_string\"}}],\"inLanguage\":\"de\"}]}<\/script>\n<!-- \/ Yoast SEO plugin. -->","yoast_head_json":{"title":"S. R\u00f6ssler &#187; Wellness Therapeuten &#187; Vistano \u260e Beratung","description":"Vistano Wellness Therapeuten &#187; Gesundheitspraktische Beratung in allen Lebenslagen.Gesunde Ern\u00e4hrung, bewusstes Atmen u. Denken.Raus aus dem Stress, rein ins lebenswerte Leben.","robots":{"index":"index","follow":"follow","max-snippet":"max-snippet:-1","max-image-preview":"max-image-preview:large","max-video-preview":"max-video-preview:-1"},"canonical":"https:\/\/gesundheitsberatung.com\/gesundheit\/online-beratung\/wellness-therapeuten\/s-roessler\/","og_locale":"de_DE","og_type":"article","og_title":"S. R\u00f6ssler &#187; Wellness Therapeuten &#187; Vistano \u260e Beratung","og_description":"Vistano Wellness Therapeuten &#187; Gesundheitspraktische Beratung in allen Lebenslagen.Gesunde Ern\u00e4hrung, bewusstes Atmen u. Denken.Raus aus dem Stress, rein ins lebenswerte Leben.","og_url":"https:\/\/gesundheitsberatung.com\/gesundheit\/online-beratung\/wellness-therapeuten\/s-roessler\/","og_site_name":"Gesundheit","article_publisher":"https:\/\/www.facebook.com\/gesundheitsberatung\/","article_modified_time":"2021-03-05T19:41:02+00:00","og_image":[{"width":800,"height":800,"url":"https:\/\/gesundheitsberatung.com\/gesundheit\/wp-content\/uploads\/sites\/4\/s-r-ssler-wellness-therapeuten-vistano-berater-id-6444.jpg","type":"image\/jpeg"}],"twitter_card":"summary_large_image","twitter_site":"@Vistano","schema":{"@context":"https:\/\/schema.org","@graph":[{"@type":"WebPage","@id":"https:\/\/gesundheitsberatung.com\/gesundheit\/online-beratung\/wellness-therapeuten\/s-roessler\/","url":"https:\/\/gesundheitsberatung.com\/gesundheit\/online-beratung\/wellness-therapeuten\/s-roessler\/","name":"S. R\u00f6ssler &#187; Wellness Therapeuten &#187; Vistano \u260e Beratung","isPartOf":{"@id":"https:\/\/gesundheitsberatung.com\/gesundheit\/#website"},"primaryImageOfPage":{"@id":"https:\/\/gesundheitsberatung.com\/gesundheit\/online-beratung\/wellness-therapeuten\/s-roessler\/#primaryimage"},"image":{"@id":"https:\/\/gesundheitsberatung.com\/gesundheit\/online-beratung\/wellness-therapeuten\/s-roessler\/#primaryimage"},"thumbnailUrl":"https:\/\/gesundheitsberatung.com\/gesundheit\/wp-content\/uploads\/sites\/4\/s-r-ssler-wellness-therapeuten-vistano-berater-id-6444.jpg","datePublished":"2021-02-23T16:36:19+00:00","dateModified":"2021-03-05T19:41:02+00:00","description":"Vistano Wellness Therapeuten &#187; Gesundheitspraktische Beratung in allen Lebenslagen.Gesunde Ern\u00e4hrung, bewusstes Atmen u. Denken.Raus aus dem Stress, rein ins lebenswerte Leben.","breadcrumb":{"@id":"https:\/\/gesundheitsberatung.com\/gesundheit\/online-beratung\/wellness-therapeuten\/s-roessler\/#breadcrumb"},"inLanguage":"de","potentialAction":[{"@type":"ReadAction","target":["https:\/\/gesundheitsberatung.com\/gesundheit\/online-beratung\/wellness-therapeuten\/s-roessler\/"]}]},{"@type":"ImageObject","inLanguage":"de","@id":"https:\/\/gesundheitsberatung.com\/gesundheit\/online-beratung\/wellness-therapeuten\/s-roessler\/#primaryimage","url":"https:\/\/gesundheitsberatung.com\/gesundheit\/wp-content\/uploads\/sites\/4\/s-r-ssler-wellness-therapeuten-vistano-berater-id-6444.jpg","contentUrl":"https:\/\/gesundheitsberatung.com\/gesundheit\/wp-content\/uploads\/sites\/4\/s-r-ssler-wellness-therapeuten-vistano-berater-id-6444.jpg","width":800,"height":800,"caption":"Wellness Therapeuten S. R\u00f6ssler - Berater-ID: 6444"},{"@type":"BreadcrumbList","@id":"https:\/\/gesundheitsberatung.com\/gesundheit\/online-beratung\/wellness-therapeuten\/s-roessler\/#breadcrumb","itemListElement":[{"@type":"ListItem","position":1,"name":"Home","item":"https:\/\/gesundheitsberatung.com\/gesundheit\/"},{"@type":"ListItem","position":2,"name":"Produkte","item":"https:\/\/gesundheitsberatung.com\/gesundheit\/shop\/"},{"@type":"ListItem","position":3,"name":"Online Beratung","item":"https:\/\/gesundheitsberatung.com\/gesundheit\/online_berater\/online-beratung\/"},{"@type":"ListItem","position":4,"name":"Wellness Therapeuten","item":"https:\/\/gesundheitsberatung.com\/gesundheit\/online_berater\/wellness-therapeuten\/"},{"@type":"ListItem","position":5,"name":"S. R\u00f6ssler"}]},{"@type":"WebSite","@id":"https:\/\/gesundheitsberatung.com\/gesundheit\/#website","url":"https:\/\/gesundheitsberatung.com\/gesundheit\/","name":"Gesundheit","description":"Gesundheit \u260e Beratung durch Gesundheitsberater! Jetzt Gratis-Beratung sichern: \u2714 \u00c4rzte \u2714 Well Aging Trainer \u2714 Heilpraktiker \u2714 Entspannungstherapeuten \u2714 Frauenheilkunde Berater bei Vistano Gesundheit.","potentialAction":[{"@type":"SearchAction","target":{"@type":"EntryPoint","urlTemplate":"https:\/\/gesundheitsberatung.com\/gesundheit\/?s={search_term_string}"},"query-input":{"@type":"PropertyValueSpecification","valueRequired":true,"valueName":"search_term_string"}}],"inLanguage":"de"}]}},"_links":{"self":[{"href":"https:\/\/gesundheitsberatung.com\/gesundheit\/wp-json\/wp\/v2\/product\/226431","targetHints":{"allow":["GET"]}}],"collection":[{"href":"https:\/\/gesundheitsberatung.com\/gesundheit\/wp-json\/wp\/v2\/product"}],"about":[{"href":"https:\/\/gesundheitsberatung.com\/gesundheit\/wp-json\/wp\/v2\/types\/product"}],"replies":[{"embeddable":true,"href":"https:\/\/gesundheitsberatung.com\/gesundheit\/wp-json\/wp\/v2\/comments?post=226431"}],"wp:featuredmedia":[{"embeddable":true,"href":"https:\/\/gesundheitsberatung.com\/gesundheit\/wp-json\/wp\/v2\/media\/226432"}],"wp:attachment":[{"href":"https:\/\/gesundheitsberatung.com\/gesundheit\/wp-json\/wp\/v2\/media?parent=226431"}],"wp:term":[{"taxonomy":"product_cat","embeddable":true,"href":"https:\/\/gesundheitsberatung.com\/gesundheit\/wp-json\/wp\/v2\/product_cat?post=226431"},{"taxonomy":"product_tag","embeddable":true,"href":"https:\/\/gesundheitsberatung.com\/gesundheit\/wp-json\/wp\/v2\/product_tag?post=226431"}],"curies":[{"name":"wp","href":"https:\/\/api.w.org\/{rel}","templated":true}]}}