{"id":226215,"date":"2019-12-14T15:11:12","date_gmt":"2019-12-14T14:11:12","guid":{"rendered":"https:\/\/gesundheitsberatung.com\/gesundheit\/?post_type=product&#038;p=226215"},"modified":"2020-02-28T11:46:07","modified_gmt":"2020-02-28T10:46:07","slug":"j-albrecht","status":"publish","type":"product","link":"https:\/\/gesundheitsberatung.com\/gesundheit\/online-beratung\/wellness-therapeuten\/j-albrecht\/","title":{"rendered":"J. Albrecht"},"content":{"rendered":"<p><span class=\"hinweis_text_single_berater\">Lerne ruhig zu bleiben. Nicht alles verdient eine Reaktion.<\/span><\/p>\n<p>Mein Motto ist : \u201dMenschen besitzen bereits alle Ressourcen, die sie f\u00fcr eine Ver\u00e4nderung ben\u00f6tigen\u201d (Grundannahme NLP)<\/p>\n<p>\nIm Alltag stellt man schnell fest dass man an seinen eigenen Grenzen sto\u00dfen kann und merkt gar nicht, dass die Kraft und Energie nachl\u00e4sst.<\/p>\n<p>Um dich dabei zu unterst\u00fctzen das du zur Entspannung  gelangen kannst , besprechen wir gemeinsam das Thema  und finden eine L\u00f6sung<\/p>\n<p><span class=\"display_none\">6327<\/span><\/p>\n","protected":false},"excerpt":{"rendered":"<p>Um klar zu sehen, gen\u00fcgt oft ein Wechsel der Blickrichtung.<\/p>\n","protected":false},"featured_media":226300,"comment_status":"open","ping_status":"closed","template":"","meta":[],"product_cat":[],"product_tag":[],"class_list":["post-226215","product","type-product","status-publish","has-post-thumbnail","hentry","online_berater-wellness-therapeuten"],"yoast_head":"<!-- This site is optimized with the Yoast SEO plugin v26.0 - https:\/\/yoast.com\/wordpress\/plugins\/seo\/ -->\n<title>J. Albrecht &#187; Wellness Therapeuten &#187; Vistano \u260e Beratung<\/title>\n<meta name=\"description\" content=\"Vistano Wellness Therapeuten &#187; Um klar zu sehen, gen\u00fcgt oft ein Wechsel der Blickrichtung.\" \/>\n<meta name=\"robots\" content=\"index, follow, max-snippet:-1, max-image-preview:large, max-video-preview:-1\" \/>\n<link rel=\"canonical\" href=\"https:\/\/gesundheitsberatung.com\/gesundheit\/online-beratung\/wellness-therapeuten\/j-albrecht\/\" \/>\n<meta property=\"og:locale\" content=\"de_DE\" \/>\n<meta property=\"og:type\" content=\"article\" \/>\n<meta property=\"og:title\" content=\"J. Albrecht &#187; Wellness Therapeuten &#187; Vistano \u260e Beratung\" \/>\n<meta property=\"og:description\" content=\"Vistano Wellness Therapeuten &#187; Um klar zu sehen, gen\u00fcgt oft ein Wechsel der Blickrichtung.\" \/>\n<meta property=\"og:url\" content=\"https:\/\/gesundheitsberatung.com\/gesundheit\/online-beratung\/wellness-therapeuten\/j-albrecht\/\" \/>\n<meta property=\"og:site_name\" content=\"Gesundheit\" \/>\n<meta property=\"article:publisher\" content=\"https:\/\/www.facebook.com\/gesundheitsberatung\/\" \/>\n<meta property=\"article:modified_time\" content=\"2020-02-28T10:46:07+00:00\" \/>\n<meta property=\"og:image\" content=\"https:\/\/gesundheitsberatung.com\/gesundheit\/wp-content\/uploads\/sites\/4\/j-albrecht-wellness-therapeuten-vistano-berater-id-6327.jpg\" \/>\n\t<meta property=\"og:image:width\" content=\"800\" \/>\n\t<meta property=\"og:image:height\" content=\"800\" \/>\n\t<meta property=\"og:image:type\" content=\"image\/jpeg\" \/>\n<meta name=\"twitter:card\" content=\"summary_large_image\" \/>\n<meta name=\"twitter:site\" content=\"@Vistano\" \/>\n<script type=\"application\/ld+json\" class=\"yoast-schema-graph\">{\"@context\":\"https:\/\/schema.org\",\"@graph\":[{\"@type\":\"WebPage\",\"@id\":\"https:\/\/gesundheitsberatung.com\/gesundheit\/online-beratung\/wellness-therapeuten\/j-albrecht\/\",\"url\":\"https:\/\/gesundheitsberatung.com\/gesundheit\/online-beratung\/wellness-therapeuten\/j-albrecht\/\",\"name\":\"J. Albrecht &#187; Wellness Therapeuten &#187; Vistano \u260e Beratung\",\"isPartOf\":{\"@id\":\"https:\/\/gesundheitsberatung.com\/gesundheit\/#website\"},\"primaryImageOfPage\":{\"@id\":\"https:\/\/gesundheitsberatung.com\/gesundheit\/online-beratung\/wellness-therapeuten\/j-albrecht\/#primaryimage\"},\"image\":{\"@id\":\"https:\/\/gesundheitsberatung.com\/gesundheit\/online-beratung\/wellness-therapeuten\/j-albrecht\/#primaryimage\"},\"thumbnailUrl\":\"https:\/\/gesundheitsberatung.com\/gesundheit\/wp-content\/uploads\/sites\/4\/j-albrecht-wellness-therapeuten-vistano-berater-id-6327.jpg\",\"datePublished\":\"2019-12-14T14:11:12+00:00\",\"dateModified\":\"2020-02-28T10:46:07+00:00\",\"description\":\"Vistano Wellness Therapeuten &#187; Um klar zu sehen, gen\u00fcgt oft ein Wechsel der Blickrichtung.\",\"breadcrumb\":{\"@id\":\"https:\/\/gesundheitsberatung.com\/gesundheit\/online-beratung\/wellness-therapeuten\/j-albrecht\/#breadcrumb\"},\"inLanguage\":\"de\",\"potentialAction\":[{\"@type\":\"ReadAction\",\"target\":[\"https:\/\/gesundheitsberatung.com\/gesundheit\/online-beratung\/wellness-therapeuten\/j-albrecht\/\"]}]},{\"@type\":\"ImageObject\",\"inLanguage\":\"de\",\"@id\":\"https:\/\/gesundheitsberatung.com\/gesundheit\/online-beratung\/wellness-therapeuten\/j-albrecht\/#primaryimage\",\"url\":\"https:\/\/gesundheitsberatung.com\/gesundheit\/wp-content\/uploads\/sites\/4\/j-albrecht-wellness-therapeuten-vistano-berater-id-6327.jpg\",\"contentUrl\":\"https:\/\/gesundheitsberatung.com\/gesundheit\/wp-content\/uploads\/sites\/4\/j-albrecht-wellness-therapeuten-vistano-berater-id-6327.jpg\",\"width\":800,\"height\":800,\"caption\":\"Wellness Therapeuten J. Albrecht - Berater-ID: 6327\"},{\"@type\":\"BreadcrumbList\",\"@id\":\"https:\/\/gesundheitsberatung.com\/gesundheit\/online-beratung\/wellness-therapeuten\/j-albrecht\/#breadcrumb\",\"itemListElement\":[{\"@type\":\"ListItem\",\"position\":1,\"name\":\"Home\",\"item\":\"https:\/\/gesundheitsberatung.com\/gesundheit\/\"},{\"@type\":\"ListItem\",\"position\":2,\"name\":\"Produkte\",\"item\":\"https:\/\/gesundheitsberatung.com\/gesundheit\/shop\/\"},{\"@type\":\"ListItem\",\"position\":3,\"name\":\"Online Beratung\",\"item\":\"https:\/\/gesundheitsberatung.com\/gesundheit\/online_berater\/online-beratung\/\"},{\"@type\":\"ListItem\",\"position\":4,\"name\":\"Wellness Therapeuten\",\"item\":\"https:\/\/gesundheitsberatung.com\/gesundheit\/online_berater\/wellness-therapeuten\/\"},{\"@type\":\"ListItem\",\"position\":5,\"name\":\"J. Albrecht\"}]},{\"@type\":\"WebSite\",\"@id\":\"https:\/\/gesundheitsberatung.com\/gesundheit\/#website\",\"url\":\"https:\/\/gesundheitsberatung.com\/gesundheit\/\",\"name\":\"Gesundheit\",\"description\":\"Gesundheit \u260e Beratung durch Gesundheitsberater! Jetzt Gratis-Beratung sichern: \u2714 \u00c4rzte \u2714 Well Aging Trainer \u2714 Heilpraktiker \u2714 Entspannungstherapeuten \u2714 Frauenheilkunde Berater bei Vistano Gesundheit.\",\"potentialAction\":[{\"@type\":\"SearchAction\",\"target\":{\"@type\":\"EntryPoint\",\"urlTemplate\":\"https:\/\/gesundheitsberatung.com\/gesundheit\/?s={search_term_string}\"},\"query-input\":{\"@type\":\"PropertyValueSpecification\",\"valueRequired\":true,\"valueName\":\"search_term_string\"}}],\"inLanguage\":\"de\"}]}<\/script>\n<!-- \/ Yoast SEO plugin. -->","yoast_head_json":{"title":"J. Albrecht &#187; Wellness Therapeuten &#187; Vistano \u260e Beratung","description":"Vistano Wellness Therapeuten &#187; Um klar zu sehen, gen\u00fcgt oft ein Wechsel der Blickrichtung.","robots":{"index":"index","follow":"follow","max-snippet":"max-snippet:-1","max-image-preview":"max-image-preview:large","max-video-preview":"max-video-preview:-1"},"canonical":"https:\/\/gesundheitsberatung.com\/gesundheit\/online-beratung\/wellness-therapeuten\/j-albrecht\/","og_locale":"de_DE","og_type":"article","og_title":"J. Albrecht &#187; Wellness Therapeuten &#187; Vistano \u260e Beratung","og_description":"Vistano Wellness Therapeuten &#187; Um klar zu sehen, gen\u00fcgt oft ein Wechsel der Blickrichtung.","og_url":"https:\/\/gesundheitsberatung.com\/gesundheit\/online-beratung\/wellness-therapeuten\/j-albrecht\/","og_site_name":"Gesundheit","article_publisher":"https:\/\/www.facebook.com\/gesundheitsberatung\/","article_modified_time":"2020-02-28T10:46:07+00:00","og_image":[{"width":800,"height":800,"url":"https:\/\/gesundheitsberatung.com\/gesundheit\/wp-content\/uploads\/sites\/4\/j-albrecht-wellness-therapeuten-vistano-berater-id-6327.jpg","type":"image\/jpeg"}],"twitter_card":"summary_large_image","twitter_site":"@Vistano","schema":{"@context":"https:\/\/schema.org","@graph":[{"@type":"WebPage","@id":"https:\/\/gesundheitsberatung.com\/gesundheit\/online-beratung\/wellness-therapeuten\/j-albrecht\/","url":"https:\/\/gesundheitsberatung.com\/gesundheit\/online-beratung\/wellness-therapeuten\/j-albrecht\/","name":"J. Albrecht &#187; Wellness Therapeuten &#187; Vistano \u260e Beratung","isPartOf":{"@id":"https:\/\/gesundheitsberatung.com\/gesundheit\/#website"},"primaryImageOfPage":{"@id":"https:\/\/gesundheitsberatung.com\/gesundheit\/online-beratung\/wellness-therapeuten\/j-albrecht\/#primaryimage"},"image":{"@id":"https:\/\/gesundheitsberatung.com\/gesundheit\/online-beratung\/wellness-therapeuten\/j-albrecht\/#primaryimage"},"thumbnailUrl":"https:\/\/gesundheitsberatung.com\/gesundheit\/wp-content\/uploads\/sites\/4\/j-albrecht-wellness-therapeuten-vistano-berater-id-6327.jpg","datePublished":"2019-12-14T14:11:12+00:00","dateModified":"2020-02-28T10:46:07+00:00","description":"Vistano Wellness Therapeuten &#187; Um klar zu sehen, gen\u00fcgt oft ein Wechsel der Blickrichtung.","breadcrumb":{"@id":"https:\/\/gesundheitsberatung.com\/gesundheit\/online-beratung\/wellness-therapeuten\/j-albrecht\/#breadcrumb"},"inLanguage":"de","potentialAction":[{"@type":"ReadAction","target":["https:\/\/gesundheitsberatung.com\/gesundheit\/online-beratung\/wellness-therapeuten\/j-albrecht\/"]}]},{"@type":"ImageObject","inLanguage":"de","@id":"https:\/\/gesundheitsberatung.com\/gesundheit\/online-beratung\/wellness-therapeuten\/j-albrecht\/#primaryimage","url":"https:\/\/gesundheitsberatung.com\/gesundheit\/wp-content\/uploads\/sites\/4\/j-albrecht-wellness-therapeuten-vistano-berater-id-6327.jpg","contentUrl":"https:\/\/gesundheitsberatung.com\/gesundheit\/wp-content\/uploads\/sites\/4\/j-albrecht-wellness-therapeuten-vistano-berater-id-6327.jpg","width":800,"height":800,"caption":"Wellness Therapeuten J. Albrecht - Berater-ID: 6327"},{"@type":"BreadcrumbList","@id":"https:\/\/gesundheitsberatung.com\/gesundheit\/online-beratung\/wellness-therapeuten\/j-albrecht\/#breadcrumb","itemListElement":[{"@type":"ListItem","position":1,"name":"Home","item":"https:\/\/gesundheitsberatung.com\/gesundheit\/"},{"@type":"ListItem","position":2,"name":"Produkte","item":"https:\/\/gesundheitsberatung.com\/gesundheit\/shop\/"},{"@type":"ListItem","position":3,"name":"Online Beratung","item":"https:\/\/gesundheitsberatung.com\/gesundheit\/online_berater\/online-beratung\/"},{"@type":"ListItem","position":4,"name":"Wellness Therapeuten","item":"https:\/\/gesundheitsberatung.com\/gesundheit\/online_berater\/wellness-therapeuten\/"},{"@type":"ListItem","position":5,"name":"J. Albrecht"}]},{"@type":"WebSite","@id":"https:\/\/gesundheitsberatung.com\/gesundheit\/#website","url":"https:\/\/gesundheitsberatung.com\/gesundheit\/","name":"Gesundheit","description":"Gesundheit \u260e Beratung durch Gesundheitsberater! Jetzt Gratis-Beratung sichern: \u2714 \u00c4rzte \u2714 Well Aging Trainer \u2714 Heilpraktiker \u2714 Entspannungstherapeuten \u2714 Frauenheilkunde Berater bei Vistano Gesundheit.","potentialAction":[{"@type":"SearchAction","target":{"@type":"EntryPoint","urlTemplate":"https:\/\/gesundheitsberatung.com\/gesundheit\/?s={search_term_string}"},"query-input":{"@type":"PropertyValueSpecification","valueRequired":true,"valueName":"search_term_string"}}],"inLanguage":"de"}]}},"_links":{"self":[{"href":"https:\/\/gesundheitsberatung.com\/gesundheit\/wp-json\/wp\/v2\/product\/226215","targetHints":{"allow":["GET"]}}],"collection":[{"href":"https:\/\/gesundheitsberatung.com\/gesundheit\/wp-json\/wp\/v2\/product"}],"about":[{"href":"https:\/\/gesundheitsberatung.com\/gesundheit\/wp-json\/wp\/v2\/types\/product"}],"replies":[{"embeddable":true,"href":"https:\/\/gesundheitsberatung.com\/gesundheit\/wp-json\/wp\/v2\/comments?post=226215"}],"wp:featuredmedia":[{"embeddable":true,"href":"https:\/\/gesundheitsberatung.com\/gesundheit\/wp-json\/wp\/v2\/media\/226300"}],"wp:attachment":[{"href":"https:\/\/gesundheitsberatung.com\/gesundheit\/wp-json\/wp\/v2\/media?parent=226215"}],"wp:term":[{"taxonomy":"product_cat","embeddable":true,"href":"https:\/\/gesundheitsberatung.com\/gesundheit\/wp-json\/wp\/v2\/product_cat?post=226215"},{"taxonomy":"product_tag","embeddable":true,"href":"https:\/\/gesundheitsberatung.com\/gesundheit\/wp-json\/wp\/v2\/product_tag?post=226215"}],"curies":[{"name":"wp","href":"https:\/\/api.w.org\/{rel}","templated":true}]}}