{"id":225826,"date":"2019-05-09T11:31:12","date_gmt":"2019-05-09T09:31:12","guid":{"rendered":"https:\/\/gesundheitsberatung.com\/gesundheit\/?post_type=product&#038;p=225826"},"modified":"2020-02-27T17:21:26","modified_gmt":"2020-02-27T16:21:26","slug":"s-braun","status":"publish","type":"product","link":"https:\/\/gesundheitsberatung.com\/gesundheit\/online-beratung\/wellness-therapeuten\/s-braun\/","title":{"rendered":"S. Braun"},"content":{"rendered":"<p>Ich bin im Bereich Coaching und Beratung t\u00e4tig. In eigener Praxis arbeite ich mit verschiedenen Bausteinen. Medizinisch, psychologisch um im Einklang mit K\u00f6prer, Geist und Seele zu sein. Als Dozentin unterrichte und bilde ich im Bereich prog. Muskelentspannung, autog. Training aus.  im Bereich- Gesundheit und Wohlbefinden- Gewichtsreduktion- Raucherentw\u00f6hnung- Entspannung und Meditation- Umgang mit Farben und D\u00fcften- psychologische Beratung und kogn. Verhaltenstraining- klientenzentrierte Gespr\u00e4chsberatung <span class=\"display_none\">6296<\/span><\/p>\n","protected":false},"excerpt":{"rendered":"<p>medizinische Fachkenntnisse, angehende Heilpraktikerin, psychologische Beraterin, Entspannungstrainerin und Coaching<\/p>\n","protected":false},"featured_media":226305,"comment_status":"open","ping_status":"closed","template":"","meta":[],"product_cat":[],"product_tag":[],"class_list":["post-225826","product","type-product","status-publish","has-post-thumbnail","hentry","online_berater-wellness-therapeuten"],"yoast_head":"<!-- This site is optimized with the Yoast SEO plugin v26.0 - https:\/\/yoast.com\/wordpress\/plugins\/seo\/ -->\n<title>S. Braun &#187; Wellness Therapeuten &#187; Vistano \u260e Beratung<\/title>\n<meta name=\"description\" content=\"Vistano Wellness Therapeuten &#187; medizinische Fachkenntnisse, angehende Heilpraktikerin, psychologische Beraterin, Entspannungstrainerin und Coaching\" \/>\n<meta name=\"robots\" content=\"index, follow, max-snippet:-1, max-image-preview:large, max-video-preview:-1\" \/>\n<link rel=\"canonical\" href=\"https:\/\/gesundheitsberatung.com\/gesundheit\/online-beratung\/wellness-therapeuten\/s-braun\/\" \/>\n<meta property=\"og:locale\" content=\"de_DE\" \/>\n<meta property=\"og:type\" content=\"article\" \/>\n<meta property=\"og:title\" content=\"S. Braun &#187; Wellness Therapeuten &#187; Vistano \u260e Beratung\" \/>\n<meta property=\"og:description\" content=\"Vistano Wellness Therapeuten &#187; medizinische Fachkenntnisse, angehende Heilpraktikerin, psychologische Beraterin, Entspannungstrainerin und Coaching\" \/>\n<meta property=\"og:url\" content=\"https:\/\/gesundheitsberatung.com\/gesundheit\/online-beratung\/wellness-therapeuten\/s-braun\/\" \/>\n<meta property=\"og:site_name\" content=\"Gesundheit\" \/>\n<meta property=\"article:publisher\" content=\"https:\/\/www.facebook.com\/gesundheitsberatung\/\" \/>\n<meta property=\"article:modified_time\" content=\"2020-02-27T16:21:26+00:00\" \/>\n<meta property=\"og:image\" content=\"https:\/\/gesundheitsberatung.com\/gesundheit\/wp-content\/uploads\/sites\/4\/s-braun-wellness-therapeuten-vistano-berater-id-6296.jpg\" \/>\n\t<meta property=\"og:image:width\" content=\"800\" \/>\n\t<meta property=\"og:image:height\" content=\"800\" \/>\n\t<meta property=\"og:image:type\" content=\"image\/jpeg\" \/>\n<meta name=\"twitter:card\" content=\"summary_large_image\" \/>\n<meta name=\"twitter:site\" content=\"@Vistano\" \/>\n<script type=\"application\/ld+json\" class=\"yoast-schema-graph\">{\"@context\":\"https:\/\/schema.org\",\"@graph\":[{\"@type\":\"WebPage\",\"@id\":\"https:\/\/gesundheitsberatung.com\/gesundheit\/online-beratung\/wellness-therapeuten\/s-braun\/\",\"url\":\"https:\/\/gesundheitsberatung.com\/gesundheit\/online-beratung\/wellness-therapeuten\/s-braun\/\",\"name\":\"S. Braun &#187; Wellness Therapeuten &#187; Vistano \u260e Beratung\",\"isPartOf\":{\"@id\":\"https:\/\/gesundheitsberatung.com\/gesundheit\/#website\"},\"primaryImageOfPage\":{\"@id\":\"https:\/\/gesundheitsberatung.com\/gesundheit\/online-beratung\/wellness-therapeuten\/s-braun\/#primaryimage\"},\"image\":{\"@id\":\"https:\/\/gesundheitsberatung.com\/gesundheit\/online-beratung\/wellness-therapeuten\/s-braun\/#primaryimage\"},\"thumbnailUrl\":\"https:\/\/gesundheitsberatung.com\/gesundheit\/wp-content\/uploads\/sites\/4\/s-braun-wellness-therapeuten-vistano-berater-id-6296.jpg\",\"datePublished\":\"2019-05-09T09:31:12+00:00\",\"dateModified\":\"2020-02-27T16:21:26+00:00\",\"description\":\"Vistano Wellness Therapeuten &#187; medizinische Fachkenntnisse, angehende Heilpraktikerin, psychologische Beraterin, Entspannungstrainerin und Coaching\",\"breadcrumb\":{\"@id\":\"https:\/\/gesundheitsberatung.com\/gesundheit\/online-beratung\/wellness-therapeuten\/s-braun\/#breadcrumb\"},\"inLanguage\":\"de\",\"potentialAction\":[{\"@type\":\"ReadAction\",\"target\":[\"https:\/\/gesundheitsberatung.com\/gesundheit\/online-beratung\/wellness-therapeuten\/s-braun\/\"]}]},{\"@type\":\"ImageObject\",\"inLanguage\":\"de\",\"@id\":\"https:\/\/gesundheitsberatung.com\/gesundheit\/online-beratung\/wellness-therapeuten\/s-braun\/#primaryimage\",\"url\":\"https:\/\/gesundheitsberatung.com\/gesundheit\/wp-content\/uploads\/sites\/4\/s-braun-wellness-therapeuten-vistano-berater-id-6296.jpg\",\"contentUrl\":\"https:\/\/gesundheitsberatung.com\/gesundheit\/wp-content\/uploads\/sites\/4\/s-braun-wellness-therapeuten-vistano-berater-id-6296.jpg\",\"width\":800,\"height\":800,\"caption\":\"Wellness Therapeuten S. Braun - Berater-ID: 6296\"},{\"@type\":\"BreadcrumbList\",\"@id\":\"https:\/\/gesundheitsberatung.com\/gesundheit\/online-beratung\/wellness-therapeuten\/s-braun\/#breadcrumb\",\"itemListElement\":[{\"@type\":\"ListItem\",\"position\":1,\"name\":\"Home\",\"item\":\"https:\/\/gesundheitsberatung.com\/gesundheit\/\"},{\"@type\":\"ListItem\",\"position\":2,\"name\":\"Produkte\",\"item\":\"https:\/\/gesundheitsberatung.com\/gesundheit\/shop\/\"},{\"@type\":\"ListItem\",\"position\":3,\"name\":\"Online Beratung\",\"item\":\"https:\/\/gesundheitsberatung.com\/gesundheit\/online_berater\/online-beratung\/\"},{\"@type\":\"ListItem\",\"position\":4,\"name\":\"Wellness Therapeuten\",\"item\":\"https:\/\/gesundheitsberatung.com\/gesundheit\/online_berater\/wellness-therapeuten\/\"},{\"@type\":\"ListItem\",\"position\":5,\"name\":\"S. Braun\"}]},{\"@type\":\"WebSite\",\"@id\":\"https:\/\/gesundheitsberatung.com\/gesundheit\/#website\",\"url\":\"https:\/\/gesundheitsberatung.com\/gesundheit\/\",\"name\":\"Gesundheit\",\"description\":\"Gesundheit \u260e Beratung durch Gesundheitsberater! Jetzt Gratis-Beratung sichern: \u2714 \u00c4rzte \u2714 Well Aging Trainer \u2714 Heilpraktiker \u2714 Entspannungstherapeuten \u2714 Frauenheilkunde Berater bei Vistano Gesundheit.\",\"potentialAction\":[{\"@type\":\"SearchAction\",\"target\":{\"@type\":\"EntryPoint\",\"urlTemplate\":\"https:\/\/gesundheitsberatung.com\/gesundheit\/?s={search_term_string}\"},\"query-input\":{\"@type\":\"PropertyValueSpecification\",\"valueRequired\":true,\"valueName\":\"search_term_string\"}}],\"inLanguage\":\"de\"}]}<\/script>\n<!-- \/ Yoast SEO plugin. -->","yoast_head_json":{"title":"S. Braun &#187; Wellness Therapeuten &#187; Vistano \u260e Beratung","description":"Vistano Wellness Therapeuten &#187; medizinische Fachkenntnisse, angehende Heilpraktikerin, psychologische Beraterin, Entspannungstrainerin und Coaching","robots":{"index":"index","follow":"follow","max-snippet":"max-snippet:-1","max-image-preview":"max-image-preview:large","max-video-preview":"max-video-preview:-1"},"canonical":"https:\/\/gesundheitsberatung.com\/gesundheit\/online-beratung\/wellness-therapeuten\/s-braun\/","og_locale":"de_DE","og_type":"article","og_title":"S. Braun &#187; Wellness Therapeuten &#187; Vistano \u260e Beratung","og_description":"Vistano Wellness Therapeuten &#187; medizinische Fachkenntnisse, angehende Heilpraktikerin, psychologische Beraterin, Entspannungstrainerin und Coaching","og_url":"https:\/\/gesundheitsberatung.com\/gesundheit\/online-beratung\/wellness-therapeuten\/s-braun\/","og_site_name":"Gesundheit","article_publisher":"https:\/\/www.facebook.com\/gesundheitsberatung\/","article_modified_time":"2020-02-27T16:21:26+00:00","og_image":[{"width":800,"height":800,"url":"https:\/\/gesundheitsberatung.com\/gesundheit\/wp-content\/uploads\/sites\/4\/s-braun-wellness-therapeuten-vistano-berater-id-6296.jpg","type":"image\/jpeg"}],"twitter_card":"summary_large_image","twitter_site":"@Vistano","schema":{"@context":"https:\/\/schema.org","@graph":[{"@type":"WebPage","@id":"https:\/\/gesundheitsberatung.com\/gesundheit\/online-beratung\/wellness-therapeuten\/s-braun\/","url":"https:\/\/gesundheitsberatung.com\/gesundheit\/online-beratung\/wellness-therapeuten\/s-braun\/","name":"S. Braun &#187; Wellness Therapeuten &#187; Vistano \u260e Beratung","isPartOf":{"@id":"https:\/\/gesundheitsberatung.com\/gesundheit\/#website"},"primaryImageOfPage":{"@id":"https:\/\/gesundheitsberatung.com\/gesundheit\/online-beratung\/wellness-therapeuten\/s-braun\/#primaryimage"},"image":{"@id":"https:\/\/gesundheitsberatung.com\/gesundheit\/online-beratung\/wellness-therapeuten\/s-braun\/#primaryimage"},"thumbnailUrl":"https:\/\/gesundheitsberatung.com\/gesundheit\/wp-content\/uploads\/sites\/4\/s-braun-wellness-therapeuten-vistano-berater-id-6296.jpg","datePublished":"2019-05-09T09:31:12+00:00","dateModified":"2020-02-27T16:21:26+00:00","description":"Vistano Wellness Therapeuten &#187; medizinische Fachkenntnisse, angehende Heilpraktikerin, psychologische Beraterin, Entspannungstrainerin und Coaching","breadcrumb":{"@id":"https:\/\/gesundheitsberatung.com\/gesundheit\/online-beratung\/wellness-therapeuten\/s-braun\/#breadcrumb"},"inLanguage":"de","potentialAction":[{"@type":"ReadAction","target":["https:\/\/gesundheitsberatung.com\/gesundheit\/online-beratung\/wellness-therapeuten\/s-braun\/"]}]},{"@type":"ImageObject","inLanguage":"de","@id":"https:\/\/gesundheitsberatung.com\/gesundheit\/online-beratung\/wellness-therapeuten\/s-braun\/#primaryimage","url":"https:\/\/gesundheitsberatung.com\/gesundheit\/wp-content\/uploads\/sites\/4\/s-braun-wellness-therapeuten-vistano-berater-id-6296.jpg","contentUrl":"https:\/\/gesundheitsberatung.com\/gesundheit\/wp-content\/uploads\/sites\/4\/s-braun-wellness-therapeuten-vistano-berater-id-6296.jpg","width":800,"height":800,"caption":"Wellness Therapeuten S. Braun - Berater-ID: 6296"},{"@type":"BreadcrumbList","@id":"https:\/\/gesundheitsberatung.com\/gesundheit\/online-beratung\/wellness-therapeuten\/s-braun\/#breadcrumb","itemListElement":[{"@type":"ListItem","position":1,"name":"Home","item":"https:\/\/gesundheitsberatung.com\/gesundheit\/"},{"@type":"ListItem","position":2,"name":"Produkte","item":"https:\/\/gesundheitsberatung.com\/gesundheit\/shop\/"},{"@type":"ListItem","position":3,"name":"Online Beratung","item":"https:\/\/gesundheitsberatung.com\/gesundheit\/online_berater\/online-beratung\/"},{"@type":"ListItem","position":4,"name":"Wellness Therapeuten","item":"https:\/\/gesundheitsberatung.com\/gesundheit\/online_berater\/wellness-therapeuten\/"},{"@type":"ListItem","position":5,"name":"S. Braun"}]},{"@type":"WebSite","@id":"https:\/\/gesundheitsberatung.com\/gesundheit\/#website","url":"https:\/\/gesundheitsberatung.com\/gesundheit\/","name":"Gesundheit","description":"Gesundheit \u260e Beratung durch Gesundheitsberater! Jetzt Gratis-Beratung sichern: \u2714 \u00c4rzte \u2714 Well Aging Trainer \u2714 Heilpraktiker \u2714 Entspannungstherapeuten \u2714 Frauenheilkunde Berater bei Vistano Gesundheit.","potentialAction":[{"@type":"SearchAction","target":{"@type":"EntryPoint","urlTemplate":"https:\/\/gesundheitsberatung.com\/gesundheit\/?s={search_term_string}"},"query-input":{"@type":"PropertyValueSpecification","valueRequired":true,"valueName":"search_term_string"}}],"inLanguage":"de"}]}},"_links":{"self":[{"href":"https:\/\/gesundheitsberatung.com\/gesundheit\/wp-json\/wp\/v2\/product\/225826","targetHints":{"allow":["GET"]}}],"collection":[{"href":"https:\/\/gesundheitsberatung.com\/gesundheit\/wp-json\/wp\/v2\/product"}],"about":[{"href":"https:\/\/gesundheitsberatung.com\/gesundheit\/wp-json\/wp\/v2\/types\/product"}],"replies":[{"embeddable":true,"href":"https:\/\/gesundheitsberatung.com\/gesundheit\/wp-json\/wp\/v2\/comments?post=225826"}],"wp:featuredmedia":[{"embeddable":true,"href":"https:\/\/gesundheitsberatung.com\/gesundheit\/wp-json\/wp\/v2\/media\/226305"}],"wp:attachment":[{"href":"https:\/\/gesundheitsberatung.com\/gesundheit\/wp-json\/wp\/v2\/media?parent=225826"}],"wp:term":[{"taxonomy":"product_cat","embeddable":true,"href":"https:\/\/gesundheitsberatung.com\/gesundheit\/wp-json\/wp\/v2\/product_cat?post=225826"},{"taxonomy":"product_tag","embeddable":true,"href":"https:\/\/gesundheitsberatung.com\/gesundheit\/wp-json\/wp\/v2\/product_tag?post=225826"}],"curies":[{"name":"wp","href":"https:\/\/api.w.org\/{rel}","templated":true}]}}