{"id":225671,"date":"2019-03-02T15:13:13","date_gmt":"2019-03-02T14:13:13","guid":{"rendered":"https:\/\/gesundheitsberatung.com\/gesundheit\/?post_type=product&#038;p=225671"},"modified":"2020-02-27T17:19:28","modified_gmt":"2020-02-27T16:19:28","slug":"v-pischetsrieder","status":"publish","type":"product","link":"https:\/\/gesundheitsberatung.com\/gesundheit\/online-beratung\/wellness-therapeuten\/v-pischetsrieder\/","title":{"rendered":"V. Pischetsrieder"},"content":{"rendered":"<p>Ein ganz warmherziges herzliches Willkommen auf meiner Seite bei Vistano. Eines meiner Lieblingszitate lautet: &#8221; Tu deinem Leib etwas Gutes, damit deine Seele Lust hat, darin zu wohnen.&#8221;(Teresa von Avila)Ich bin im Sternzeichen Skorpion geboren, dadurch bin ich sehr sensibel und feinf\u00fchlig, kann mich sehr gut in Dich und Deine Situation hineinversetzen&#8230;Auch ich hatte in meinem Leben H\u00f6hen und Tiefen, doch durch meine vielseitigen Weiterbildungen die ich absolvierte, konnte ich mein Wissen und K\u00f6nnen an mir selbst in dieser schweren Zeit anwenden, es hat mir sehr geholfen, den f\u00fcr mich richtigen Weg zu finden und wieder gl\u00fccklich zu werden.Dadurch, dass ich selbst erfahren habe, wie es ist, am Boden zu liegen, habe ich nicht nur das n\u00f6tige Fachwissen, um Dir weiter helfen zu k\u00f6nnen, sondern auch die Selbsterfahrung, somit kann ich Dir Deinen f\u00fcr Dich richtigen Weg mit Kompetenz und Feingef\u00fchl aufzeigen, damit Du wieder gest\u00e4rkt und motiviert mit viel Leichtigkeit durchs Leben gehen kannst.Auch f\u00fcr Tiere biete ich spezielle Methoden an, die u.a. die Fernheilung beschreibt. Gerade Tiere haben keine Vorurteile o.\u00e4., dadurch sprechen sie hervorragend auf diese Methoden an. Ich freue mich sehr, Dich oder Dein geliebtes Tier und Dein Anliegen kennenzulernen&#8230; Bis bald&#8230;Meine T\u00e4tigkeiten ersetzen nicht die Diagnose oder Behandlung beim Arzt oder Heilpraktiker.Bitte setzen Sie daher keinesfalls verordnete Medikamente ab und beenden Sie keine verordneten Therapien, ohne R\u00fccksprache mit Ihrem Arzt oder Heilpraktiker.<span class=\"display_none\">6282<\/span><\/p>\n","protected":false},"excerpt":{"rendered":"<p>Feinf\u00fchlige Gesundheitsberatung, Coaching, Fernheilung f\u00fcr Mensch und Tier, Lebensberatung, Burnout Pr\u00e4vention, Mobbingberatung und vieles mehr..<\/p>\n","protected":false},"featured_media":226304,"comment_status":"open","ping_status":"closed","template":"","meta":[],"product_cat":[],"product_tag":[],"class_list":["post-225671","product","type-product","status-publish","has-post-thumbnail","hentry","online_berater-wellness-therapeuten"],"yoast_head":"<!-- This site is optimized with the Yoast SEO plugin v26.0 - https:\/\/yoast.com\/wordpress\/plugins\/seo\/ -->\n<title>V. Pischetsrieder &#187; Wellness Therapeuten &#187; Vistano \u260e Beratung<\/title>\n<meta name=\"description\" content=\"Vistano Wellness Therapeuten &#187; Feinf\u00fchlige Gesundheitsberatung, Coaching, Fernheilung f\u00fcr Mensch und Tier, Lebensberatung, Burnout Pr\u00e4vention, Mobbingberatung und vieles mehr..\" \/>\n<meta name=\"robots\" content=\"index, follow, max-snippet:-1, max-image-preview:large, max-video-preview:-1\" \/>\n<link rel=\"canonical\" href=\"https:\/\/gesundheitsberatung.com\/gesundheit\/online-beratung\/wellness-therapeuten\/v-pischetsrieder\/\" \/>\n<meta property=\"og:locale\" content=\"de_DE\" \/>\n<meta property=\"og:type\" content=\"article\" \/>\n<meta property=\"og:title\" content=\"V. Pischetsrieder &#187; Wellness Therapeuten &#187; Vistano \u260e Beratung\" \/>\n<meta property=\"og:description\" content=\"Vistano Wellness Therapeuten &#187; Feinf\u00fchlige Gesundheitsberatung, Coaching, Fernheilung f\u00fcr Mensch und Tier, Lebensberatung, Burnout Pr\u00e4vention, Mobbingberatung und vieles mehr..\" \/>\n<meta property=\"og:url\" content=\"https:\/\/gesundheitsberatung.com\/gesundheit\/online-beratung\/wellness-therapeuten\/v-pischetsrieder\/\" \/>\n<meta property=\"og:site_name\" content=\"Gesundheit\" \/>\n<meta property=\"article:publisher\" content=\"https:\/\/www.facebook.com\/gesundheitsberatung\/\" \/>\n<meta property=\"article:modified_time\" content=\"2020-02-27T16:19:28+00:00\" \/>\n<meta property=\"og:image\" content=\"https:\/\/gesundheitsberatung.com\/gesundheit\/wp-content\/uploads\/sites\/4\/v-pischetsrieder-wellness-therapeuten-vistano-berater-id-6282.jpg\" \/>\n\t<meta property=\"og:image:width\" content=\"800\" \/>\n\t<meta property=\"og:image:height\" content=\"800\" \/>\n\t<meta property=\"og:image:type\" content=\"image\/jpeg\" \/>\n<meta name=\"twitter:card\" content=\"summary_large_image\" \/>\n<meta name=\"twitter:site\" content=\"@Vistano\" \/>\n<script type=\"application\/ld+json\" class=\"yoast-schema-graph\">{\"@context\":\"https:\/\/schema.org\",\"@graph\":[{\"@type\":\"WebPage\",\"@id\":\"https:\/\/gesundheitsberatung.com\/gesundheit\/online-beratung\/wellness-therapeuten\/v-pischetsrieder\/\",\"url\":\"https:\/\/gesundheitsberatung.com\/gesundheit\/online-beratung\/wellness-therapeuten\/v-pischetsrieder\/\",\"name\":\"V. Pischetsrieder &#187; Wellness Therapeuten &#187; Vistano \u260e Beratung\",\"isPartOf\":{\"@id\":\"https:\/\/gesundheitsberatung.com\/gesundheit\/#website\"},\"primaryImageOfPage\":{\"@id\":\"https:\/\/gesundheitsberatung.com\/gesundheit\/online-beratung\/wellness-therapeuten\/v-pischetsrieder\/#primaryimage\"},\"image\":{\"@id\":\"https:\/\/gesundheitsberatung.com\/gesundheit\/online-beratung\/wellness-therapeuten\/v-pischetsrieder\/#primaryimage\"},\"thumbnailUrl\":\"https:\/\/gesundheitsberatung.com\/gesundheit\/wp-content\/uploads\/sites\/4\/v-pischetsrieder-wellness-therapeuten-vistano-berater-id-6282.jpg\",\"datePublished\":\"2019-03-02T14:13:13+00:00\",\"dateModified\":\"2020-02-27T16:19:28+00:00\",\"description\":\"Vistano Wellness Therapeuten &#187; Feinf\u00fchlige Gesundheitsberatung, Coaching, Fernheilung f\u00fcr Mensch und Tier, Lebensberatung, Burnout Pr\u00e4vention, Mobbingberatung und vieles mehr..\",\"breadcrumb\":{\"@id\":\"https:\/\/gesundheitsberatung.com\/gesundheit\/online-beratung\/wellness-therapeuten\/v-pischetsrieder\/#breadcrumb\"},\"inLanguage\":\"de\",\"potentialAction\":[{\"@type\":\"ReadAction\",\"target\":[\"https:\/\/gesundheitsberatung.com\/gesundheit\/online-beratung\/wellness-therapeuten\/v-pischetsrieder\/\"]}]},{\"@type\":\"ImageObject\",\"inLanguage\":\"de\",\"@id\":\"https:\/\/gesundheitsberatung.com\/gesundheit\/online-beratung\/wellness-therapeuten\/v-pischetsrieder\/#primaryimage\",\"url\":\"https:\/\/gesundheitsberatung.com\/gesundheit\/wp-content\/uploads\/sites\/4\/v-pischetsrieder-wellness-therapeuten-vistano-berater-id-6282.jpg\",\"contentUrl\":\"https:\/\/gesundheitsberatung.com\/gesundheit\/wp-content\/uploads\/sites\/4\/v-pischetsrieder-wellness-therapeuten-vistano-berater-id-6282.jpg\",\"width\":800,\"height\":800,\"caption\":\"Wellness Therapeuten V. Pischetsrieder - Berater-ID: 6282\"},{\"@type\":\"BreadcrumbList\",\"@id\":\"https:\/\/gesundheitsberatung.com\/gesundheit\/online-beratung\/wellness-therapeuten\/v-pischetsrieder\/#breadcrumb\",\"itemListElement\":[{\"@type\":\"ListItem\",\"position\":1,\"name\":\"Home\",\"item\":\"https:\/\/gesundheitsberatung.com\/gesundheit\/\"},{\"@type\":\"ListItem\",\"position\":2,\"name\":\"Produkte\",\"item\":\"https:\/\/gesundheitsberatung.com\/gesundheit\/shop\/\"},{\"@type\":\"ListItem\",\"position\":3,\"name\":\"Online Beratung\",\"item\":\"https:\/\/gesundheitsberatung.com\/gesundheit\/online_berater\/online-beratung\/\"},{\"@type\":\"ListItem\",\"position\":4,\"name\":\"Wellness Therapeuten\",\"item\":\"https:\/\/gesundheitsberatung.com\/gesundheit\/online_berater\/wellness-therapeuten\/\"},{\"@type\":\"ListItem\",\"position\":5,\"name\":\"V. Pischetsrieder\"}]},{\"@type\":\"WebSite\",\"@id\":\"https:\/\/gesundheitsberatung.com\/gesundheit\/#website\",\"url\":\"https:\/\/gesundheitsberatung.com\/gesundheit\/\",\"name\":\"Gesundheit\",\"description\":\"Gesundheit \u260e Beratung durch Gesundheitsberater! Jetzt Gratis-Beratung sichern: \u2714 \u00c4rzte \u2714 Well Aging Trainer \u2714 Heilpraktiker \u2714 Entspannungstherapeuten \u2714 Frauenheilkunde Berater bei Vistano Gesundheit.\",\"potentialAction\":[{\"@type\":\"SearchAction\",\"target\":{\"@type\":\"EntryPoint\",\"urlTemplate\":\"https:\/\/gesundheitsberatung.com\/gesundheit\/?s={search_term_string}\"},\"query-input\":{\"@type\":\"PropertyValueSpecification\",\"valueRequired\":true,\"valueName\":\"search_term_string\"}}],\"inLanguage\":\"de\"}]}<\/script>\n<!-- \/ Yoast SEO plugin. -->","yoast_head_json":{"title":"V. Pischetsrieder &#187; Wellness Therapeuten &#187; Vistano \u260e Beratung","description":"Vistano Wellness Therapeuten &#187; Feinf\u00fchlige Gesundheitsberatung, Coaching, Fernheilung f\u00fcr Mensch und Tier, Lebensberatung, Burnout Pr\u00e4vention, Mobbingberatung und vieles mehr..","robots":{"index":"index","follow":"follow","max-snippet":"max-snippet:-1","max-image-preview":"max-image-preview:large","max-video-preview":"max-video-preview:-1"},"canonical":"https:\/\/gesundheitsberatung.com\/gesundheit\/online-beratung\/wellness-therapeuten\/v-pischetsrieder\/","og_locale":"de_DE","og_type":"article","og_title":"V. Pischetsrieder &#187; Wellness Therapeuten &#187; Vistano \u260e Beratung","og_description":"Vistano Wellness Therapeuten &#187; Feinf\u00fchlige Gesundheitsberatung, Coaching, Fernheilung f\u00fcr Mensch und Tier, Lebensberatung, Burnout Pr\u00e4vention, Mobbingberatung und vieles mehr..","og_url":"https:\/\/gesundheitsberatung.com\/gesundheit\/online-beratung\/wellness-therapeuten\/v-pischetsrieder\/","og_site_name":"Gesundheit","article_publisher":"https:\/\/www.facebook.com\/gesundheitsberatung\/","article_modified_time":"2020-02-27T16:19:28+00:00","og_image":[{"width":800,"height":800,"url":"https:\/\/gesundheitsberatung.com\/gesundheit\/wp-content\/uploads\/sites\/4\/v-pischetsrieder-wellness-therapeuten-vistano-berater-id-6282.jpg","type":"image\/jpeg"}],"twitter_card":"summary_large_image","twitter_site":"@Vistano","schema":{"@context":"https:\/\/schema.org","@graph":[{"@type":"WebPage","@id":"https:\/\/gesundheitsberatung.com\/gesundheit\/online-beratung\/wellness-therapeuten\/v-pischetsrieder\/","url":"https:\/\/gesundheitsberatung.com\/gesundheit\/online-beratung\/wellness-therapeuten\/v-pischetsrieder\/","name":"V. Pischetsrieder &#187; Wellness Therapeuten &#187; Vistano \u260e Beratung","isPartOf":{"@id":"https:\/\/gesundheitsberatung.com\/gesundheit\/#website"},"primaryImageOfPage":{"@id":"https:\/\/gesundheitsberatung.com\/gesundheit\/online-beratung\/wellness-therapeuten\/v-pischetsrieder\/#primaryimage"},"image":{"@id":"https:\/\/gesundheitsberatung.com\/gesundheit\/online-beratung\/wellness-therapeuten\/v-pischetsrieder\/#primaryimage"},"thumbnailUrl":"https:\/\/gesundheitsberatung.com\/gesundheit\/wp-content\/uploads\/sites\/4\/v-pischetsrieder-wellness-therapeuten-vistano-berater-id-6282.jpg","datePublished":"2019-03-02T14:13:13+00:00","dateModified":"2020-02-27T16:19:28+00:00","description":"Vistano Wellness Therapeuten &#187; Feinf\u00fchlige Gesundheitsberatung, Coaching, Fernheilung f\u00fcr Mensch und Tier, Lebensberatung, Burnout Pr\u00e4vention, Mobbingberatung und vieles mehr..","breadcrumb":{"@id":"https:\/\/gesundheitsberatung.com\/gesundheit\/online-beratung\/wellness-therapeuten\/v-pischetsrieder\/#breadcrumb"},"inLanguage":"de","potentialAction":[{"@type":"ReadAction","target":["https:\/\/gesundheitsberatung.com\/gesundheit\/online-beratung\/wellness-therapeuten\/v-pischetsrieder\/"]}]},{"@type":"ImageObject","inLanguage":"de","@id":"https:\/\/gesundheitsberatung.com\/gesundheit\/online-beratung\/wellness-therapeuten\/v-pischetsrieder\/#primaryimage","url":"https:\/\/gesundheitsberatung.com\/gesundheit\/wp-content\/uploads\/sites\/4\/v-pischetsrieder-wellness-therapeuten-vistano-berater-id-6282.jpg","contentUrl":"https:\/\/gesundheitsberatung.com\/gesundheit\/wp-content\/uploads\/sites\/4\/v-pischetsrieder-wellness-therapeuten-vistano-berater-id-6282.jpg","width":800,"height":800,"caption":"Wellness Therapeuten V. Pischetsrieder - Berater-ID: 6282"},{"@type":"BreadcrumbList","@id":"https:\/\/gesundheitsberatung.com\/gesundheit\/online-beratung\/wellness-therapeuten\/v-pischetsrieder\/#breadcrumb","itemListElement":[{"@type":"ListItem","position":1,"name":"Home","item":"https:\/\/gesundheitsberatung.com\/gesundheit\/"},{"@type":"ListItem","position":2,"name":"Produkte","item":"https:\/\/gesundheitsberatung.com\/gesundheit\/shop\/"},{"@type":"ListItem","position":3,"name":"Online Beratung","item":"https:\/\/gesundheitsberatung.com\/gesundheit\/online_berater\/online-beratung\/"},{"@type":"ListItem","position":4,"name":"Wellness Therapeuten","item":"https:\/\/gesundheitsberatung.com\/gesundheit\/online_berater\/wellness-therapeuten\/"},{"@type":"ListItem","position":5,"name":"V. Pischetsrieder"}]},{"@type":"WebSite","@id":"https:\/\/gesundheitsberatung.com\/gesundheit\/#website","url":"https:\/\/gesundheitsberatung.com\/gesundheit\/","name":"Gesundheit","description":"Gesundheit \u260e Beratung durch Gesundheitsberater! Jetzt Gratis-Beratung sichern: \u2714 \u00c4rzte \u2714 Well Aging Trainer \u2714 Heilpraktiker \u2714 Entspannungstherapeuten \u2714 Frauenheilkunde Berater bei Vistano Gesundheit.","potentialAction":[{"@type":"SearchAction","target":{"@type":"EntryPoint","urlTemplate":"https:\/\/gesundheitsberatung.com\/gesundheit\/?s={search_term_string}"},"query-input":{"@type":"PropertyValueSpecification","valueRequired":true,"valueName":"search_term_string"}}],"inLanguage":"de"}]}},"_links":{"self":[{"href":"https:\/\/gesundheitsberatung.com\/gesundheit\/wp-json\/wp\/v2\/product\/225671","targetHints":{"allow":["GET"]}}],"collection":[{"href":"https:\/\/gesundheitsberatung.com\/gesundheit\/wp-json\/wp\/v2\/product"}],"about":[{"href":"https:\/\/gesundheitsberatung.com\/gesundheit\/wp-json\/wp\/v2\/types\/product"}],"replies":[{"embeddable":true,"href":"https:\/\/gesundheitsberatung.com\/gesundheit\/wp-json\/wp\/v2\/comments?post=225671"}],"wp:featuredmedia":[{"embeddable":true,"href":"https:\/\/gesundheitsberatung.com\/gesundheit\/wp-json\/wp\/v2\/media\/226304"}],"wp:attachment":[{"href":"https:\/\/gesundheitsberatung.com\/gesundheit\/wp-json\/wp\/v2\/media?parent=225671"}],"wp:term":[{"taxonomy":"product_cat","embeddable":true,"href":"https:\/\/gesundheitsberatung.com\/gesundheit\/wp-json\/wp\/v2\/product_cat?post=225671"},{"taxonomy":"product_tag","embeddable":true,"href":"https:\/\/gesundheitsberatung.com\/gesundheit\/wp-json\/wp\/v2\/product_tag?post=225671"}],"curies":[{"name":"wp","href":"https:\/\/api.w.org\/{rel}","templated":true}]}}