{"id":21755,"date":"2016-09-29T12:47:52","date_gmt":"2016-09-29T10:47:52","guid":{"rendered":"https:\/\/gesundheitsberatung.com\/gesundheit\/?post_type=product&#038;p=21755"},"modified":"2020-01-22T14:18:21","modified_gmt":"2020-01-22T13:18:21","slug":"c-zimmerer","status":"publish","type":"product","link":"https:\/\/gesundheitsberatung.com\/gesundheit\/online-beratung\/heilpraktiker\/c-zimmerer\/","title":{"rendered":"C. Zimmerer"},"content":{"rendered":"<p>Seit 2003 in eigener Praxis t\u00e4tig als ganzheitliche Ern\u00e4hrungsberaterin, Gewichtscoach und Bewegungstrainerin. Abnehmen mit Genuss, nachhaltig, bewusst, alltagstauglich, ohne verzichten zu m\u00fcssen. Regulation von Stoffwechsel, Blutdruck, Blutzucker, Schlaf, Wohlbefinden.Als Heilpraktikerin erfolgreich praktizierend in der Schmerzberatung- und Therapie, Schmerzen am Bewegungsapparat, Immunsystemaufbau, Entgiftung, Darmsanierung, Raucherentw\u00f6hnung, chronische M\u00fcdigkeit\/Energiemangel, Schlafst\u00f6rungen, Lebensberatung.<\/p>\n<p>Akupunktur\/chinesische Medizin, chinesische Di\u00e4tetik, Neuraltherapie, Mesotherapie, Dorn-Therapie, Breuss-Massage, Bemer-Therapie, Pflanzenheilkunde, Hom\u00f6opathie, Nahrungserg\u00e4nzung (orthomolekular, biomolekular), Mykotherapie (Heilpilze), kartengest\u00fctze Lebensberatung.<span class=\"display_none\">5863<\/span><\/p>\n","protected":false},"excerpt":{"rendered":"<p>Naturheilkundliche Hilfe und Beratung, Praxistipps bei Schmerzen, Ern\u00e4hrungs- und Gewichtsproblemen, Krankheiten und Diagnosen. Seelische Hilfe zu Liebe u. Partnerschaft, Beruf, Tiere.<\/p>\n","protected":false},"featured_media":198575,"comment_status":"open","ping_status":"closed","template":"","meta":[],"product_cat":[],"product_tag":[],"class_list":["post-21755","product","type-product","status-publish","has-post-thumbnail","hentry","online_berater-heilpraktiker"],"yoast_head":"<!-- This site is optimized with the Yoast SEO plugin v26.0 - https:\/\/yoast.com\/wordpress\/plugins\/seo\/ -->\n<title>C. Zimmerer &#187; Heilpraktiker &#187; Vistano \u260e Beratung<\/title>\n<meta name=\"description\" content=\"Vistano Heilpraktiker &#187; Naturheilkundliche Hilfe und Beratung, Praxistipps bei Schmerzen, Ern\u00e4hrungs- und Gewichtsproblemen, Krankheiten und Diagnosen. Seelische Hilfe zu Liebe u. Partnerschaft, Beruf, Tiere.\" \/>\n<meta name=\"robots\" content=\"index, follow, max-snippet:-1, max-image-preview:large, max-video-preview:-1\" \/>\n<link rel=\"canonical\" href=\"https:\/\/gesundheitsberatung.com\/gesundheit\/online-beratung\/heilpraktiker\/c-zimmerer\/\" \/>\n<meta property=\"og:locale\" content=\"de_DE\" \/>\n<meta property=\"og:type\" content=\"article\" \/>\n<meta property=\"og:title\" content=\"C. Zimmerer &#187; Heilpraktiker &#187; Vistano \u260e Beratung\" \/>\n<meta property=\"og:description\" content=\"Vistano Heilpraktiker &#187; Naturheilkundliche Hilfe und Beratung, Praxistipps bei Schmerzen, Ern\u00e4hrungs- und Gewichtsproblemen, Krankheiten und Diagnosen. Seelische Hilfe zu Liebe u. Partnerschaft, Beruf, Tiere.\" \/>\n<meta property=\"og:url\" content=\"https:\/\/gesundheitsberatung.com\/gesundheit\/online-beratung\/heilpraktiker\/c-zimmerer\/\" \/>\n<meta property=\"og:site_name\" content=\"Gesundheit\" \/>\n<meta property=\"article:publisher\" content=\"https:\/\/www.facebook.com\/gesundheitsberatung\/\" \/>\n<meta property=\"article:modified_time\" content=\"2020-01-22T13:18:21+00:00\" \/>\n<meta property=\"og:image\" content=\"https:\/\/gesundheitsberatung.com\/gesundheit\/wp-content\/uploads\/sites\/4\/c-zimmerer-heilpraktiker-vistano-berater-id-5863.jpg\" \/>\n\t<meta property=\"og:image:width\" content=\"700\" \/>\n\t<meta property=\"og:image:height\" content=\"700\" \/>\n\t<meta property=\"og:image:type\" content=\"image\/jpeg\" \/>\n<meta name=\"twitter:card\" content=\"summary_large_image\" \/>\n<meta name=\"twitter:site\" content=\"@Vistano\" \/>\n<script type=\"application\/ld+json\" class=\"yoast-schema-graph\">{\"@context\":\"https:\/\/schema.org\",\"@graph\":[{\"@type\":\"WebPage\",\"@id\":\"https:\/\/gesundheitsberatung.com\/gesundheit\/online-beratung\/heilpraktiker\/c-zimmerer\/\",\"url\":\"https:\/\/gesundheitsberatung.com\/gesundheit\/online-beratung\/heilpraktiker\/c-zimmerer\/\",\"name\":\"C. Zimmerer &#187; Heilpraktiker &#187; Vistano \u260e Beratung\",\"isPartOf\":{\"@id\":\"https:\/\/gesundheitsberatung.com\/gesundheit\/#website\"},\"primaryImageOfPage\":{\"@id\":\"https:\/\/gesundheitsberatung.com\/gesundheit\/online-beratung\/heilpraktiker\/c-zimmerer\/#primaryimage\"},\"image\":{\"@id\":\"https:\/\/gesundheitsberatung.com\/gesundheit\/online-beratung\/heilpraktiker\/c-zimmerer\/#primaryimage\"},\"thumbnailUrl\":\"https:\/\/gesundheitsberatung.com\/gesundheit\/wp-content\/uploads\/sites\/4\/c-zimmerer-heilpraktiker-vistano-berater-id-5863.jpg\",\"datePublished\":\"2016-09-29T10:47:52+00:00\",\"dateModified\":\"2020-01-22T13:18:21+00:00\",\"description\":\"Vistano Heilpraktiker &#187; Naturheilkundliche Hilfe und Beratung, Praxistipps bei Schmerzen, Ern\u00e4hrungs- und Gewichtsproblemen, Krankheiten und Diagnosen. Seelische Hilfe zu Liebe u. Partnerschaft, Beruf, Tiere.\",\"breadcrumb\":{\"@id\":\"https:\/\/gesundheitsberatung.com\/gesundheit\/online-beratung\/heilpraktiker\/c-zimmerer\/#breadcrumb\"},\"inLanguage\":\"de\",\"potentialAction\":[{\"@type\":\"ReadAction\",\"target\":[\"https:\/\/gesundheitsberatung.com\/gesundheit\/online-beratung\/heilpraktiker\/c-zimmerer\/\"]}]},{\"@type\":\"ImageObject\",\"inLanguage\":\"de\",\"@id\":\"https:\/\/gesundheitsberatung.com\/gesundheit\/online-beratung\/heilpraktiker\/c-zimmerer\/#primaryimage\",\"url\":\"https:\/\/gesundheitsberatung.com\/gesundheit\/wp-content\/uploads\/sites\/4\/c-zimmerer-heilpraktiker-vistano-berater-id-5863.jpg\",\"contentUrl\":\"https:\/\/gesundheitsberatung.com\/gesundheit\/wp-content\/uploads\/sites\/4\/c-zimmerer-heilpraktiker-vistano-berater-id-5863.jpg\",\"width\":700,\"height\":700,\"caption\":\"Heilpraktiker C. Zimmerer - Berater-ID: 5863\"},{\"@type\":\"BreadcrumbList\",\"@id\":\"https:\/\/gesundheitsberatung.com\/gesundheit\/online-beratung\/heilpraktiker\/c-zimmerer\/#breadcrumb\",\"itemListElement\":[{\"@type\":\"ListItem\",\"position\":1,\"name\":\"Home\",\"item\":\"https:\/\/gesundheitsberatung.com\/gesundheit\/\"},{\"@type\":\"ListItem\",\"position\":2,\"name\":\"Produkte\",\"item\":\"https:\/\/gesundheitsberatung.com\/gesundheit\/shop\/\"},{\"@type\":\"ListItem\",\"position\":3,\"name\":\"Online Beratung\",\"item\":\"https:\/\/gesundheitsberatung.com\/gesundheit\/online_berater\/online-beratung\/\"},{\"@type\":\"ListItem\",\"position\":4,\"name\":\"Heilpraktiker\",\"item\":\"https:\/\/gesundheitsberatung.com\/gesundheit\/online_berater\/heilpraktiker\/\"},{\"@type\":\"ListItem\",\"position\":5,\"name\":\"C. Zimmerer\"}]},{\"@type\":\"WebSite\",\"@id\":\"https:\/\/gesundheitsberatung.com\/gesundheit\/#website\",\"url\":\"https:\/\/gesundheitsberatung.com\/gesundheit\/\",\"name\":\"Gesundheit\",\"description\":\"Gesundheit \u260e Beratung durch Gesundheitsberater! Jetzt Gratis-Beratung sichern: \u2714 \u00c4rzte \u2714 Well Aging Trainer \u2714 Heilpraktiker \u2714 Entspannungstherapeuten \u2714 Frauenheilkunde Berater bei Vistano Gesundheit.\",\"potentialAction\":[{\"@type\":\"SearchAction\",\"target\":{\"@type\":\"EntryPoint\",\"urlTemplate\":\"https:\/\/gesundheitsberatung.com\/gesundheit\/?s={search_term_string}\"},\"query-input\":{\"@type\":\"PropertyValueSpecification\",\"valueRequired\":true,\"valueName\":\"search_term_string\"}}],\"inLanguage\":\"de\"}]}<\/script>\n<!-- \/ Yoast SEO plugin. -->","yoast_head_json":{"title":"C. Zimmerer &#187; Heilpraktiker &#187; Vistano \u260e Beratung","description":"Vistano Heilpraktiker &#187; Naturheilkundliche Hilfe und Beratung, Praxistipps bei Schmerzen, Ern\u00e4hrungs- und Gewichtsproblemen, Krankheiten und Diagnosen. Seelische Hilfe zu Liebe u. Partnerschaft, Beruf, Tiere.","robots":{"index":"index","follow":"follow","max-snippet":"max-snippet:-1","max-image-preview":"max-image-preview:large","max-video-preview":"max-video-preview:-1"},"canonical":"https:\/\/gesundheitsberatung.com\/gesundheit\/online-beratung\/heilpraktiker\/c-zimmerer\/","og_locale":"de_DE","og_type":"article","og_title":"C. Zimmerer &#187; Heilpraktiker &#187; Vistano \u260e Beratung","og_description":"Vistano Heilpraktiker &#187; Naturheilkundliche Hilfe und Beratung, Praxistipps bei Schmerzen, Ern\u00e4hrungs- und Gewichtsproblemen, Krankheiten und Diagnosen. Seelische Hilfe zu Liebe u. Partnerschaft, Beruf, Tiere.","og_url":"https:\/\/gesundheitsberatung.com\/gesundheit\/online-beratung\/heilpraktiker\/c-zimmerer\/","og_site_name":"Gesundheit","article_publisher":"https:\/\/www.facebook.com\/gesundheitsberatung\/","article_modified_time":"2020-01-22T13:18:21+00:00","og_image":[{"width":700,"height":700,"url":"https:\/\/gesundheitsberatung.com\/gesundheit\/wp-content\/uploads\/sites\/4\/c-zimmerer-heilpraktiker-vistano-berater-id-5863.jpg","type":"image\/jpeg"}],"twitter_card":"summary_large_image","twitter_site":"@Vistano","schema":{"@context":"https:\/\/schema.org","@graph":[{"@type":"WebPage","@id":"https:\/\/gesundheitsberatung.com\/gesundheit\/online-beratung\/heilpraktiker\/c-zimmerer\/","url":"https:\/\/gesundheitsberatung.com\/gesundheit\/online-beratung\/heilpraktiker\/c-zimmerer\/","name":"C. Zimmerer &#187; Heilpraktiker &#187; Vistano \u260e Beratung","isPartOf":{"@id":"https:\/\/gesundheitsberatung.com\/gesundheit\/#website"},"primaryImageOfPage":{"@id":"https:\/\/gesundheitsberatung.com\/gesundheit\/online-beratung\/heilpraktiker\/c-zimmerer\/#primaryimage"},"image":{"@id":"https:\/\/gesundheitsberatung.com\/gesundheit\/online-beratung\/heilpraktiker\/c-zimmerer\/#primaryimage"},"thumbnailUrl":"https:\/\/gesundheitsberatung.com\/gesundheit\/wp-content\/uploads\/sites\/4\/c-zimmerer-heilpraktiker-vistano-berater-id-5863.jpg","datePublished":"2016-09-29T10:47:52+00:00","dateModified":"2020-01-22T13:18:21+00:00","description":"Vistano Heilpraktiker &#187; Naturheilkundliche Hilfe und Beratung, Praxistipps bei Schmerzen, Ern\u00e4hrungs- und Gewichtsproblemen, Krankheiten und Diagnosen. Seelische Hilfe zu Liebe u. Partnerschaft, Beruf, Tiere.","breadcrumb":{"@id":"https:\/\/gesundheitsberatung.com\/gesundheit\/online-beratung\/heilpraktiker\/c-zimmerer\/#breadcrumb"},"inLanguage":"de","potentialAction":[{"@type":"ReadAction","target":["https:\/\/gesundheitsberatung.com\/gesundheit\/online-beratung\/heilpraktiker\/c-zimmerer\/"]}]},{"@type":"ImageObject","inLanguage":"de","@id":"https:\/\/gesundheitsberatung.com\/gesundheit\/online-beratung\/heilpraktiker\/c-zimmerer\/#primaryimage","url":"https:\/\/gesundheitsberatung.com\/gesundheit\/wp-content\/uploads\/sites\/4\/c-zimmerer-heilpraktiker-vistano-berater-id-5863.jpg","contentUrl":"https:\/\/gesundheitsberatung.com\/gesundheit\/wp-content\/uploads\/sites\/4\/c-zimmerer-heilpraktiker-vistano-berater-id-5863.jpg","width":700,"height":700,"caption":"Heilpraktiker C. Zimmerer - Berater-ID: 5863"},{"@type":"BreadcrumbList","@id":"https:\/\/gesundheitsberatung.com\/gesundheit\/online-beratung\/heilpraktiker\/c-zimmerer\/#breadcrumb","itemListElement":[{"@type":"ListItem","position":1,"name":"Home","item":"https:\/\/gesundheitsberatung.com\/gesundheit\/"},{"@type":"ListItem","position":2,"name":"Produkte","item":"https:\/\/gesundheitsberatung.com\/gesundheit\/shop\/"},{"@type":"ListItem","position":3,"name":"Online Beratung","item":"https:\/\/gesundheitsberatung.com\/gesundheit\/online_berater\/online-beratung\/"},{"@type":"ListItem","position":4,"name":"Heilpraktiker","item":"https:\/\/gesundheitsberatung.com\/gesundheit\/online_berater\/heilpraktiker\/"},{"@type":"ListItem","position":5,"name":"C. Zimmerer"}]},{"@type":"WebSite","@id":"https:\/\/gesundheitsberatung.com\/gesundheit\/#website","url":"https:\/\/gesundheitsberatung.com\/gesundheit\/","name":"Gesundheit","description":"Gesundheit \u260e Beratung durch Gesundheitsberater! Jetzt Gratis-Beratung sichern: \u2714 \u00c4rzte \u2714 Well Aging Trainer \u2714 Heilpraktiker \u2714 Entspannungstherapeuten \u2714 Frauenheilkunde Berater bei Vistano Gesundheit.","potentialAction":[{"@type":"SearchAction","target":{"@type":"EntryPoint","urlTemplate":"https:\/\/gesundheitsberatung.com\/gesundheit\/?s={search_term_string}"},"query-input":{"@type":"PropertyValueSpecification","valueRequired":true,"valueName":"search_term_string"}}],"inLanguage":"de"}]}},"_links":{"self":[{"href":"https:\/\/gesundheitsberatung.com\/gesundheit\/wp-json\/wp\/v2\/product\/21755","targetHints":{"allow":["GET"]}}],"collection":[{"href":"https:\/\/gesundheitsberatung.com\/gesundheit\/wp-json\/wp\/v2\/product"}],"about":[{"href":"https:\/\/gesundheitsberatung.com\/gesundheit\/wp-json\/wp\/v2\/types\/product"}],"replies":[{"embeddable":true,"href":"https:\/\/gesundheitsberatung.com\/gesundheit\/wp-json\/wp\/v2\/comments?post=21755"}],"wp:featuredmedia":[{"embeddable":true,"href":"https:\/\/gesundheitsberatung.com\/gesundheit\/wp-json\/wp\/v2\/media\/198575"}],"wp:attachment":[{"href":"https:\/\/gesundheitsberatung.com\/gesundheit\/wp-json\/wp\/v2\/media?parent=21755"}],"wp:term":[{"taxonomy":"product_cat","embeddable":true,"href":"https:\/\/gesundheitsberatung.com\/gesundheit\/wp-json\/wp\/v2\/product_cat?post=21755"},{"taxonomy":"product_tag","embeddable":true,"href":"https:\/\/gesundheitsberatung.com\/gesundheit\/wp-json\/wp\/v2\/product_tag?post=21755"}],"curies":[{"name":"wp","href":"https:\/\/api.w.org\/{rel}","templated":true}]}}