{"id":21754,"date":"2016-08-04T16:53:38","date_gmt":"2016-08-04T14:53:38","guid":{"rendered":"https:\/\/gesundheitsberatung.com\/gesundheit\/?post_type=product&#038;p=21754"},"modified":"2020-01-22T14:18:01","modified_gmt":"2020-01-22T13:18:01","slug":"a-ziegler","status":"publish","type":"product","link":"https:\/\/gesundheitsberatung.com\/gesundheit\/online-beratung\/heilpraktiker\/a-ziegler\/","title":{"rendered":"A. Ziegler"},"content":{"rendered":"<p>Der &#8220;Mensch als Ganzes&#8221; in seiner Komplexit\u00e4t, als Einheit von Geist, Seele und K\u00f6rper, steht f\u00fcr mich als Heilpraktikerin &amp; Psychologische Beraterin im Mittelpunkt meiner T\u00e4tigkeit. <\/p>\n<p>Ich stehe Ihnen hilfreich zur Seite und berate Sie umfassend und qualifiziert, wenn es um ganzheitliche Beratung und Behandlung in allen Gesundheitsfragen geht. <\/p>\n<p>Schwerpunkte meiner Arbeit sind: <br \/>\nTraditionelle chinesische Akupunktur (TCM)<br \/>\nRaucherentw\u00f6hnung<br \/>\nGanzheitliche Behandlung bei Augenleiden (Augenakupunktur n. John Boel + Augenregenerationstherapie n.d. Grundlagen Andreas Nieswandt) <br \/>\nKlassische Naturheilverfahren <br \/>\nCellsymbiosistherapie nach Dr. Kremer <br \/>\nErn\u00e4hrungsberatung <br \/>\nLebenstransfer-Therapie<br \/>\nDarmsanierung <br \/>\nAuch bei Fragen zur Entgiftung, Gewichtsreduktion oder Stressabbau berate ich Sie gerne. <\/p>\n<p>Meine Ausbildung zur Psychologischen Beraterin und meine Fachausbildung f\u00fcr Einzelberatung &#8211; Paarberatung &#8211; Lebensberatung komplettieren mein ganzheitliches Angebot.<\/p>\n<p>Ich freue mich auf Ihren Anruf!<\/p>\n<p>Meine Beratung ersetzt nicht die Therapie u. Behandlung eines Schulmediziners. Eine Kombination von Schulmedizin u. Naturheilkunde kann allerdings sehr sinnvoll sein. <br \/>\n <span class=\"display_none\">5827<\/span><\/p>\n","protected":false},"excerpt":{"rendered":"<p>Die Begleitbehandlung bei Augenerkrankungen habe ich als Schwerpunkt meiner Arbeit gew\u00e4hlt. Dabei arbeite ich nach einem ganzheitlichen Ansatz. Bestandteile meiner Behandlung sind die Augenakupunk<\/p>\n","protected":false},"featured_media":218295,"comment_status":"open","ping_status":"closed","template":"","meta":[],"product_cat":[],"product_tag":[],"class_list":["post-21754","product","type-product","status-publish","has-post-thumbnail","hentry","online_berater-heilpraktiker"],"yoast_head":"<!-- This site is optimized with the Yoast SEO plugin v26.0 - https:\/\/yoast.com\/wordpress\/plugins\/seo\/ -->\n<title>A. Ziegler &#187; Heilpraktiker &#187; Vistano \u260e Beratung<\/title>\n<meta name=\"description\" content=\"Vistano Heilpraktiker &#187; Die Begleitbehandlung bei Augenerkrankungen habe ich als Schwerpunkt meiner Arbeit gew\u00e4hlt. Dabei arbeite ich nach einem ganzheitlichen Ansatz. Bestandteile meiner Behandlung sind die Augenakupunk\" \/>\n<meta name=\"robots\" content=\"index, follow, max-snippet:-1, max-image-preview:large, max-video-preview:-1\" \/>\n<link rel=\"canonical\" href=\"https:\/\/gesundheitsberatung.com\/gesundheit\/online-beratung\/heilpraktiker\/a-ziegler\/\" \/>\n<meta property=\"og:locale\" content=\"de_DE\" \/>\n<meta property=\"og:type\" content=\"article\" \/>\n<meta property=\"og:title\" content=\"A. Ziegler &#187; Heilpraktiker &#187; Vistano \u260e Beratung\" \/>\n<meta property=\"og:description\" content=\"Vistano Heilpraktiker &#187; Die Begleitbehandlung bei Augenerkrankungen habe ich als Schwerpunkt meiner Arbeit gew\u00e4hlt. Dabei arbeite ich nach einem ganzheitlichen Ansatz. Bestandteile meiner Behandlung sind die Augenakupunk\" \/>\n<meta property=\"og:url\" content=\"https:\/\/gesundheitsberatung.com\/gesundheit\/online-beratung\/heilpraktiker\/a-ziegler\/\" \/>\n<meta property=\"og:site_name\" content=\"Gesundheit\" \/>\n<meta property=\"article:publisher\" content=\"https:\/\/www.facebook.com\/gesundheitsberatung\/\" \/>\n<meta property=\"article:modified_time\" content=\"2020-01-22T13:18:01+00:00\" \/>\n<meta property=\"og:image\" content=\"https:\/\/gesundheitsberatung.com\/gesundheit\/wp-content\/uploads\/sites\/4\/a-ziegler-heilpraktiker-vistano-berater-id-5827.jpg\" \/>\n\t<meta property=\"og:image:width\" content=\"800\" \/>\n\t<meta property=\"og:image:height\" content=\"800\" \/>\n\t<meta property=\"og:image:type\" content=\"image\/jpeg\" \/>\n<meta name=\"twitter:card\" content=\"summary_large_image\" \/>\n<meta name=\"twitter:site\" content=\"@Vistano\" \/>\n<script type=\"application\/ld+json\" class=\"yoast-schema-graph\">{\"@context\":\"https:\/\/schema.org\",\"@graph\":[{\"@type\":\"WebPage\",\"@id\":\"https:\/\/gesundheitsberatung.com\/gesundheit\/online-beratung\/heilpraktiker\/a-ziegler\/\",\"url\":\"https:\/\/gesundheitsberatung.com\/gesundheit\/online-beratung\/heilpraktiker\/a-ziegler\/\",\"name\":\"A. Ziegler &#187; Heilpraktiker &#187; Vistano \u260e Beratung\",\"isPartOf\":{\"@id\":\"https:\/\/gesundheitsberatung.com\/gesundheit\/#website\"},\"primaryImageOfPage\":{\"@id\":\"https:\/\/gesundheitsberatung.com\/gesundheit\/online-beratung\/heilpraktiker\/a-ziegler\/#primaryimage\"},\"image\":{\"@id\":\"https:\/\/gesundheitsberatung.com\/gesundheit\/online-beratung\/heilpraktiker\/a-ziegler\/#primaryimage\"},\"thumbnailUrl\":\"https:\/\/gesundheitsberatung.com\/gesundheit\/wp-content\/uploads\/sites\/4\/a-ziegler-heilpraktiker-vistano-berater-id-5827.jpg\",\"datePublished\":\"2016-08-04T14:53:38+00:00\",\"dateModified\":\"2020-01-22T13:18:01+00:00\",\"description\":\"Vistano Heilpraktiker &#187; Die Begleitbehandlung bei Augenerkrankungen habe ich als Schwerpunkt meiner Arbeit gew\u00e4hlt. Dabei arbeite ich nach einem ganzheitlichen Ansatz. Bestandteile meiner Behandlung sind die Augenakupunk\",\"breadcrumb\":{\"@id\":\"https:\/\/gesundheitsberatung.com\/gesundheit\/online-beratung\/heilpraktiker\/a-ziegler\/#breadcrumb\"},\"inLanguage\":\"de\",\"potentialAction\":[{\"@type\":\"ReadAction\",\"target\":[\"https:\/\/gesundheitsberatung.com\/gesundheit\/online-beratung\/heilpraktiker\/a-ziegler\/\"]}]},{\"@type\":\"ImageObject\",\"inLanguage\":\"de\",\"@id\":\"https:\/\/gesundheitsberatung.com\/gesundheit\/online-beratung\/heilpraktiker\/a-ziegler\/#primaryimage\",\"url\":\"https:\/\/gesundheitsberatung.com\/gesundheit\/wp-content\/uploads\/sites\/4\/a-ziegler-heilpraktiker-vistano-berater-id-5827.jpg\",\"contentUrl\":\"https:\/\/gesundheitsberatung.com\/gesundheit\/wp-content\/uploads\/sites\/4\/a-ziegler-heilpraktiker-vistano-berater-id-5827.jpg\",\"width\":800,\"height\":800,\"caption\":\"Heilpraktiker A. Ziegler - Berater-ID: 5827\"},{\"@type\":\"BreadcrumbList\",\"@id\":\"https:\/\/gesundheitsberatung.com\/gesundheit\/online-beratung\/heilpraktiker\/a-ziegler\/#breadcrumb\",\"itemListElement\":[{\"@type\":\"ListItem\",\"position\":1,\"name\":\"Home\",\"item\":\"https:\/\/gesundheitsberatung.com\/gesundheit\/\"},{\"@type\":\"ListItem\",\"position\":2,\"name\":\"Produkte\",\"item\":\"https:\/\/gesundheitsberatung.com\/gesundheit\/shop\/\"},{\"@type\":\"ListItem\",\"position\":3,\"name\":\"Online Beratung\",\"item\":\"https:\/\/gesundheitsberatung.com\/gesundheit\/online_berater\/online-beratung\/\"},{\"@type\":\"ListItem\",\"position\":4,\"name\":\"Heilpraktiker\",\"item\":\"https:\/\/gesundheitsberatung.com\/gesundheit\/online_berater\/heilpraktiker\/\"},{\"@type\":\"ListItem\",\"position\":5,\"name\":\"A. Ziegler\"}]},{\"@type\":\"WebSite\",\"@id\":\"https:\/\/gesundheitsberatung.com\/gesundheit\/#website\",\"url\":\"https:\/\/gesundheitsberatung.com\/gesundheit\/\",\"name\":\"Gesundheit\",\"description\":\"Gesundheit \u260e Beratung durch Gesundheitsberater! Jetzt Gratis-Beratung sichern: \u2714 \u00c4rzte \u2714 Well Aging Trainer \u2714 Heilpraktiker \u2714 Entspannungstherapeuten \u2714 Frauenheilkunde Berater bei Vistano Gesundheit.\",\"potentialAction\":[{\"@type\":\"SearchAction\",\"target\":{\"@type\":\"EntryPoint\",\"urlTemplate\":\"https:\/\/gesundheitsberatung.com\/gesundheit\/?s={search_term_string}\"},\"query-input\":{\"@type\":\"PropertyValueSpecification\",\"valueRequired\":true,\"valueName\":\"search_term_string\"}}],\"inLanguage\":\"de\"}]}<\/script>\n<!-- \/ Yoast SEO plugin. -->","yoast_head_json":{"title":"A. Ziegler &#187; Heilpraktiker &#187; Vistano \u260e Beratung","description":"Vistano Heilpraktiker &#187; Die Begleitbehandlung bei Augenerkrankungen habe ich als Schwerpunkt meiner Arbeit gew\u00e4hlt. Dabei arbeite ich nach einem ganzheitlichen Ansatz. Bestandteile meiner Behandlung sind die Augenakupunk","robots":{"index":"index","follow":"follow","max-snippet":"max-snippet:-1","max-image-preview":"max-image-preview:large","max-video-preview":"max-video-preview:-1"},"canonical":"https:\/\/gesundheitsberatung.com\/gesundheit\/online-beratung\/heilpraktiker\/a-ziegler\/","og_locale":"de_DE","og_type":"article","og_title":"A. Ziegler &#187; Heilpraktiker &#187; Vistano \u260e Beratung","og_description":"Vistano Heilpraktiker &#187; Die Begleitbehandlung bei Augenerkrankungen habe ich als Schwerpunkt meiner Arbeit gew\u00e4hlt. Dabei arbeite ich nach einem ganzheitlichen Ansatz. Bestandteile meiner Behandlung sind die Augenakupunk","og_url":"https:\/\/gesundheitsberatung.com\/gesundheit\/online-beratung\/heilpraktiker\/a-ziegler\/","og_site_name":"Gesundheit","article_publisher":"https:\/\/www.facebook.com\/gesundheitsberatung\/","article_modified_time":"2020-01-22T13:18:01+00:00","og_image":[{"width":800,"height":800,"url":"https:\/\/gesundheitsberatung.com\/gesundheit\/wp-content\/uploads\/sites\/4\/a-ziegler-heilpraktiker-vistano-berater-id-5827.jpg","type":"image\/jpeg"}],"twitter_card":"summary_large_image","twitter_site":"@Vistano","schema":{"@context":"https:\/\/schema.org","@graph":[{"@type":"WebPage","@id":"https:\/\/gesundheitsberatung.com\/gesundheit\/online-beratung\/heilpraktiker\/a-ziegler\/","url":"https:\/\/gesundheitsberatung.com\/gesundheit\/online-beratung\/heilpraktiker\/a-ziegler\/","name":"A. Ziegler &#187; Heilpraktiker &#187; Vistano \u260e Beratung","isPartOf":{"@id":"https:\/\/gesundheitsberatung.com\/gesundheit\/#website"},"primaryImageOfPage":{"@id":"https:\/\/gesundheitsberatung.com\/gesundheit\/online-beratung\/heilpraktiker\/a-ziegler\/#primaryimage"},"image":{"@id":"https:\/\/gesundheitsberatung.com\/gesundheit\/online-beratung\/heilpraktiker\/a-ziegler\/#primaryimage"},"thumbnailUrl":"https:\/\/gesundheitsberatung.com\/gesundheit\/wp-content\/uploads\/sites\/4\/a-ziegler-heilpraktiker-vistano-berater-id-5827.jpg","datePublished":"2016-08-04T14:53:38+00:00","dateModified":"2020-01-22T13:18:01+00:00","description":"Vistano Heilpraktiker &#187; Die Begleitbehandlung bei Augenerkrankungen habe ich als Schwerpunkt meiner Arbeit gew\u00e4hlt. Dabei arbeite ich nach einem ganzheitlichen Ansatz. Bestandteile meiner Behandlung sind die Augenakupunk","breadcrumb":{"@id":"https:\/\/gesundheitsberatung.com\/gesundheit\/online-beratung\/heilpraktiker\/a-ziegler\/#breadcrumb"},"inLanguage":"de","potentialAction":[{"@type":"ReadAction","target":["https:\/\/gesundheitsberatung.com\/gesundheit\/online-beratung\/heilpraktiker\/a-ziegler\/"]}]},{"@type":"ImageObject","inLanguage":"de","@id":"https:\/\/gesundheitsberatung.com\/gesundheit\/online-beratung\/heilpraktiker\/a-ziegler\/#primaryimage","url":"https:\/\/gesundheitsberatung.com\/gesundheit\/wp-content\/uploads\/sites\/4\/a-ziegler-heilpraktiker-vistano-berater-id-5827.jpg","contentUrl":"https:\/\/gesundheitsberatung.com\/gesundheit\/wp-content\/uploads\/sites\/4\/a-ziegler-heilpraktiker-vistano-berater-id-5827.jpg","width":800,"height":800,"caption":"Heilpraktiker A. Ziegler - Berater-ID: 5827"},{"@type":"BreadcrumbList","@id":"https:\/\/gesundheitsberatung.com\/gesundheit\/online-beratung\/heilpraktiker\/a-ziegler\/#breadcrumb","itemListElement":[{"@type":"ListItem","position":1,"name":"Home","item":"https:\/\/gesundheitsberatung.com\/gesundheit\/"},{"@type":"ListItem","position":2,"name":"Produkte","item":"https:\/\/gesundheitsberatung.com\/gesundheit\/shop\/"},{"@type":"ListItem","position":3,"name":"Online Beratung","item":"https:\/\/gesundheitsberatung.com\/gesundheit\/online_berater\/online-beratung\/"},{"@type":"ListItem","position":4,"name":"Heilpraktiker","item":"https:\/\/gesundheitsberatung.com\/gesundheit\/online_berater\/heilpraktiker\/"},{"@type":"ListItem","position":5,"name":"A. Ziegler"}]},{"@type":"WebSite","@id":"https:\/\/gesundheitsberatung.com\/gesundheit\/#website","url":"https:\/\/gesundheitsberatung.com\/gesundheit\/","name":"Gesundheit","description":"Gesundheit \u260e Beratung durch Gesundheitsberater! Jetzt Gratis-Beratung sichern: \u2714 \u00c4rzte \u2714 Well Aging Trainer \u2714 Heilpraktiker \u2714 Entspannungstherapeuten \u2714 Frauenheilkunde Berater bei Vistano Gesundheit.","potentialAction":[{"@type":"SearchAction","target":{"@type":"EntryPoint","urlTemplate":"https:\/\/gesundheitsberatung.com\/gesundheit\/?s={search_term_string}"},"query-input":{"@type":"PropertyValueSpecification","valueRequired":true,"valueName":"search_term_string"}}],"inLanguage":"de"}]}},"_links":{"self":[{"href":"https:\/\/gesundheitsberatung.com\/gesundheit\/wp-json\/wp\/v2\/product\/21754","targetHints":{"allow":["GET"]}}],"collection":[{"href":"https:\/\/gesundheitsberatung.com\/gesundheit\/wp-json\/wp\/v2\/product"}],"about":[{"href":"https:\/\/gesundheitsberatung.com\/gesundheit\/wp-json\/wp\/v2\/types\/product"}],"replies":[{"embeddable":true,"href":"https:\/\/gesundheitsberatung.com\/gesundheit\/wp-json\/wp\/v2\/comments?post=21754"}],"wp:featuredmedia":[{"embeddable":true,"href":"https:\/\/gesundheitsberatung.com\/gesundheit\/wp-json\/wp\/v2\/media\/218295"}],"wp:attachment":[{"href":"https:\/\/gesundheitsberatung.com\/gesundheit\/wp-json\/wp\/v2\/media?parent=21754"}],"wp:term":[{"taxonomy":"product_cat","embeddable":true,"href":"https:\/\/gesundheitsberatung.com\/gesundheit\/wp-json\/wp\/v2\/product_cat?post=21754"},{"taxonomy":"product_tag","embeddable":true,"href":"https:\/\/gesundheitsberatung.com\/gesundheit\/wp-json\/wp\/v2\/product_tag?post=21754"}],"curies":[{"name":"wp","href":"https:\/\/api.w.org\/{rel}","templated":true}]}}