{"id":21743,"date":"2016-09-29T14:10:03","date_gmt":"2016-09-29T12:10:03","guid":{"rendered":"https:\/\/gesundheitsberatung.com\/gesundheit\/?post_type=product&#038;p=21743"},"modified":"2020-01-22T15:05:57","modified_gmt":"2020-01-22T14:05:57","slug":"m-illgen","status":"publish","type":"product","link":"https:\/\/gesundheitsberatung.com\/gesundheit\/online-beratung\/heilpraktiker\/m-illgen\/","title":{"rendered":"M. Illgen"},"content":{"rendered":"<p>Liebe Klientin, lieber Klient!<\/p>\n<p>mit welchem Anliegen auch immer Sie sich an mich wenden &#8211; es erwartet Sie eine wertsch\u00e4tzende, anteilnehmende und auf Ihre einzigartigen Bed\u00fcrfnisse und Ziele eingehende professionelle Unterst\u00fctzung. Aus meiner jahrelangen erfolgreichen Zusammenarbeit mit Menschen als selbst\u00e4ndiger Therapeut in eigener Praxis biete ich Ihnen das Beste daraus f\u00fcr Ihr k\u00f6rperliches und seelisches Wohlbefinden an. Meine Spezialit\u00e4t ist, k\u00f6rperliche oder seelische Probleme in Bed\u00fcrfnisse zu \u00fcbersetzen und dann gezielte Hilfe anzubieten, diesen Bed\u00fcrfnissen gerecht zu werden. Wenn zum Beispiel jemand Angst hat (Problemerleben) fehlt meist Sichherheit (Bed\u00fcrfnis). Nun finden wir heraus, wie dieses Bed\u00fcrfnis Sicherheit erf\u00fcllt werden kann, um auf die Angstreaktion passend zu antworten. Ein Stimmigkeitsgef\u00fchl als k\u00f6rperliche R\u00fcckmeldung zeigt dann an, das K\u00f6rper und Seele miteinander f\u00fcr die gew\u00fcnschte Gesundheitsentwicklung kooperieren. \u00a0 <br \/>\nHier ein paar Fragen, die Ihnen helfen, vorab etwas \u00fcber mein Angebot f\u00fcr Sie zu erfahren:M\u00f6chten Sie wissen, welche wichtigen Bed\u00fcrfnisse hinter Ihren seelischen oder k\u00f6rperlichen Anliegen stehen?M\u00f6chten Sie wissen, wie Sie Ihr Befinden in Sekunden so beeinflussen k\u00f6nnen, das es Ihnen besser geht?<\/p>\n<p>M\u00f6chten Sie das kluge Wissen Ihres Organismus gesundheitsf\u00f6rderlich nutzen?<\/p>\n<p>M\u00f6chten Sie als einzigartiger Mensch so akzeptiert und gesch\u00e4tzt werden, wie Sie sind?<\/p>\n<p>M\u00f6chten Sie sich selbst besser verstehen?<\/p>\n<p>M\u00f6chten Sie wertvolle M\u00f6glichkeiten erfahren, wie Sie eigenst\u00e4ndig und nachhaltig etwas f\u00fcr Ihre Gesundheitsziele tun k\u00f6nnen?<\/p>\n<p>M\u00f6chten Sie eine Beratung auf Augenh\u00f6he, Wertsch\u00e4tzung, Verst\u00e4ndnis und kompetenter Unterst\u00fctzung?\u00a0 F\u00fchlen Sie sich angesprochen? Welche W\u00fcnsche und Bed\u00fcfnisse haben Sie? Ich freue mich auf unsere Begegnung. Herzliche Gr\u00fc\u00dfeIhr Heilpraktiker Michael Illgen<br \/>\n<span class=\"display_none\">5504<\/span><\/p>\n","protected":false},"excerpt":{"rendered":"<p>Professionelle Unterst\u00fctzung zur Verbesserung Ihres k\u00f6rperlichen und seelischen Befindens<\/p>\n","protected":false},"featured_media":70113,"comment_status":"open","ping_status":"closed","template":"","meta":[],"product_cat":[],"product_tag":[],"class_list":["post-21743","product","type-product","status-publish","has-post-thumbnail","hentry","online_berater-heilpraktiker"],"yoast_head":"<!-- This site is optimized with the Yoast SEO plugin v26.0 - https:\/\/yoast.com\/wordpress\/plugins\/seo\/ -->\n<title>M. Illgen &#187; Heilpraktiker &#187; Vistano \u260e Beratung<\/title>\n<meta name=\"description\" content=\"Vistano Heilpraktiker &#187; Professionelle Unterst\u00fctzung zur Verbesserung Ihres k\u00f6rperlichen und seelischen Befindens\" \/>\n<meta name=\"robots\" content=\"index, follow, max-snippet:-1, max-image-preview:large, max-video-preview:-1\" \/>\n<link rel=\"canonical\" href=\"https:\/\/gesundheitsberatung.com\/gesundheit\/online-beratung\/heilpraktiker\/m-illgen\/\" \/>\n<meta property=\"og:locale\" content=\"de_DE\" \/>\n<meta property=\"og:type\" content=\"article\" \/>\n<meta property=\"og:title\" content=\"M. Illgen &#187; Heilpraktiker &#187; Vistano \u260e Beratung\" \/>\n<meta property=\"og:description\" content=\"Vistano Heilpraktiker &#187; Professionelle Unterst\u00fctzung zur Verbesserung Ihres k\u00f6rperlichen und seelischen Befindens\" \/>\n<meta property=\"og:url\" content=\"https:\/\/gesundheitsberatung.com\/gesundheit\/online-beratung\/heilpraktiker\/m-illgen\/\" \/>\n<meta property=\"og:site_name\" content=\"Gesundheit\" \/>\n<meta property=\"article:publisher\" content=\"https:\/\/www.facebook.com\/gesundheitsberatung\/\" \/>\n<meta property=\"article:modified_time\" content=\"2020-01-22T14:05:57+00:00\" \/>\n<meta property=\"og:image\" content=\"https:\/\/gesundheitsberatung.com\/gesundheit\/wp-content\/uploads\/sites\/4\/m-illgen-heilpraktiker-vistano-berater-id-5504.jpg\" \/>\n\t<meta property=\"og:image:width\" content=\"700\" \/>\n\t<meta property=\"og:image:height\" content=\"700\" \/>\n\t<meta property=\"og:image:type\" content=\"image\/jpeg\" \/>\n<meta name=\"twitter:card\" content=\"summary_large_image\" \/>\n<meta name=\"twitter:site\" content=\"@Vistano\" \/>\n<script type=\"application\/ld+json\" class=\"yoast-schema-graph\">{\"@context\":\"https:\/\/schema.org\",\"@graph\":[{\"@type\":\"WebPage\",\"@id\":\"https:\/\/gesundheitsberatung.com\/gesundheit\/online-beratung\/heilpraktiker\/m-illgen\/\",\"url\":\"https:\/\/gesundheitsberatung.com\/gesundheit\/online-beratung\/heilpraktiker\/m-illgen\/\",\"name\":\"M. Illgen &#187; Heilpraktiker &#187; Vistano \u260e Beratung\",\"isPartOf\":{\"@id\":\"https:\/\/gesundheitsberatung.com\/gesundheit\/#website\"},\"primaryImageOfPage\":{\"@id\":\"https:\/\/gesundheitsberatung.com\/gesundheit\/online-beratung\/heilpraktiker\/m-illgen\/#primaryimage\"},\"image\":{\"@id\":\"https:\/\/gesundheitsberatung.com\/gesundheit\/online-beratung\/heilpraktiker\/m-illgen\/#primaryimage\"},\"thumbnailUrl\":\"https:\/\/gesundheitsberatung.com\/gesundheit\/wp-content\/uploads\/sites\/4\/m-illgen-heilpraktiker-vistano-berater-id-5504.jpg\",\"datePublished\":\"2016-09-29T12:10:03+00:00\",\"dateModified\":\"2020-01-22T14:05:57+00:00\",\"description\":\"Vistano Heilpraktiker &#187; Professionelle Unterst\u00fctzung zur Verbesserung Ihres k\u00f6rperlichen und seelischen Befindens\",\"breadcrumb\":{\"@id\":\"https:\/\/gesundheitsberatung.com\/gesundheit\/online-beratung\/heilpraktiker\/m-illgen\/#breadcrumb\"},\"inLanguage\":\"de\",\"potentialAction\":[{\"@type\":\"ReadAction\",\"target\":[\"https:\/\/gesundheitsberatung.com\/gesundheit\/online-beratung\/heilpraktiker\/m-illgen\/\"]}]},{\"@type\":\"ImageObject\",\"inLanguage\":\"de\",\"@id\":\"https:\/\/gesundheitsberatung.com\/gesundheit\/online-beratung\/heilpraktiker\/m-illgen\/#primaryimage\",\"url\":\"https:\/\/gesundheitsberatung.com\/gesundheit\/wp-content\/uploads\/sites\/4\/m-illgen-heilpraktiker-vistano-berater-id-5504.jpg\",\"contentUrl\":\"https:\/\/gesundheitsberatung.com\/gesundheit\/wp-content\/uploads\/sites\/4\/m-illgen-heilpraktiker-vistano-berater-id-5504.jpg\",\"width\":700,\"height\":700,\"caption\":\"Heilpraktiker M. Illgen - Berater-ID: 5504\"},{\"@type\":\"BreadcrumbList\",\"@id\":\"https:\/\/gesundheitsberatung.com\/gesundheit\/online-beratung\/heilpraktiker\/m-illgen\/#breadcrumb\",\"itemListElement\":[{\"@type\":\"ListItem\",\"position\":1,\"name\":\"Home\",\"item\":\"https:\/\/gesundheitsberatung.com\/gesundheit\/\"},{\"@type\":\"ListItem\",\"position\":2,\"name\":\"Produkte\",\"item\":\"https:\/\/gesundheitsberatung.com\/gesundheit\/shop\/\"},{\"@type\":\"ListItem\",\"position\":3,\"name\":\"Online Beratung\",\"item\":\"https:\/\/gesundheitsberatung.com\/gesundheit\/online_berater\/online-beratung\/\"},{\"@type\":\"ListItem\",\"position\":4,\"name\":\"Heilpraktiker\",\"item\":\"https:\/\/gesundheitsberatung.com\/gesundheit\/online_berater\/heilpraktiker\/\"},{\"@type\":\"ListItem\",\"position\":5,\"name\":\"M. Illgen\"}]},{\"@type\":\"WebSite\",\"@id\":\"https:\/\/gesundheitsberatung.com\/gesundheit\/#website\",\"url\":\"https:\/\/gesundheitsberatung.com\/gesundheit\/\",\"name\":\"Gesundheit\",\"description\":\"Gesundheit \u260e Beratung durch Gesundheitsberater! Jetzt Gratis-Beratung sichern: \u2714 \u00c4rzte \u2714 Well Aging Trainer \u2714 Heilpraktiker \u2714 Entspannungstherapeuten \u2714 Frauenheilkunde Berater bei Vistano Gesundheit.\",\"potentialAction\":[{\"@type\":\"SearchAction\",\"target\":{\"@type\":\"EntryPoint\",\"urlTemplate\":\"https:\/\/gesundheitsberatung.com\/gesundheit\/?s={search_term_string}\"},\"query-input\":{\"@type\":\"PropertyValueSpecification\",\"valueRequired\":true,\"valueName\":\"search_term_string\"}}],\"inLanguage\":\"de\"}]}<\/script>\n<!-- \/ Yoast SEO plugin. -->","yoast_head_json":{"title":"M. Illgen &#187; Heilpraktiker &#187; Vistano \u260e Beratung","description":"Vistano Heilpraktiker &#187; Professionelle Unterst\u00fctzung zur Verbesserung Ihres k\u00f6rperlichen und seelischen Befindens","robots":{"index":"index","follow":"follow","max-snippet":"max-snippet:-1","max-image-preview":"max-image-preview:large","max-video-preview":"max-video-preview:-1"},"canonical":"https:\/\/gesundheitsberatung.com\/gesundheit\/online-beratung\/heilpraktiker\/m-illgen\/","og_locale":"de_DE","og_type":"article","og_title":"M. Illgen &#187; Heilpraktiker &#187; Vistano \u260e Beratung","og_description":"Vistano Heilpraktiker &#187; Professionelle Unterst\u00fctzung zur Verbesserung Ihres k\u00f6rperlichen und seelischen Befindens","og_url":"https:\/\/gesundheitsberatung.com\/gesundheit\/online-beratung\/heilpraktiker\/m-illgen\/","og_site_name":"Gesundheit","article_publisher":"https:\/\/www.facebook.com\/gesundheitsberatung\/","article_modified_time":"2020-01-22T14:05:57+00:00","og_image":[{"width":700,"height":700,"url":"https:\/\/gesundheitsberatung.com\/gesundheit\/wp-content\/uploads\/sites\/4\/m-illgen-heilpraktiker-vistano-berater-id-5504.jpg","type":"image\/jpeg"}],"twitter_card":"summary_large_image","twitter_site":"@Vistano","schema":{"@context":"https:\/\/schema.org","@graph":[{"@type":"WebPage","@id":"https:\/\/gesundheitsberatung.com\/gesundheit\/online-beratung\/heilpraktiker\/m-illgen\/","url":"https:\/\/gesundheitsberatung.com\/gesundheit\/online-beratung\/heilpraktiker\/m-illgen\/","name":"M. Illgen &#187; Heilpraktiker &#187; Vistano \u260e Beratung","isPartOf":{"@id":"https:\/\/gesundheitsberatung.com\/gesundheit\/#website"},"primaryImageOfPage":{"@id":"https:\/\/gesundheitsberatung.com\/gesundheit\/online-beratung\/heilpraktiker\/m-illgen\/#primaryimage"},"image":{"@id":"https:\/\/gesundheitsberatung.com\/gesundheit\/online-beratung\/heilpraktiker\/m-illgen\/#primaryimage"},"thumbnailUrl":"https:\/\/gesundheitsberatung.com\/gesundheit\/wp-content\/uploads\/sites\/4\/m-illgen-heilpraktiker-vistano-berater-id-5504.jpg","datePublished":"2016-09-29T12:10:03+00:00","dateModified":"2020-01-22T14:05:57+00:00","description":"Vistano Heilpraktiker &#187; Professionelle Unterst\u00fctzung zur Verbesserung Ihres k\u00f6rperlichen und seelischen Befindens","breadcrumb":{"@id":"https:\/\/gesundheitsberatung.com\/gesundheit\/online-beratung\/heilpraktiker\/m-illgen\/#breadcrumb"},"inLanguage":"de","potentialAction":[{"@type":"ReadAction","target":["https:\/\/gesundheitsberatung.com\/gesundheit\/online-beratung\/heilpraktiker\/m-illgen\/"]}]},{"@type":"ImageObject","inLanguage":"de","@id":"https:\/\/gesundheitsberatung.com\/gesundheit\/online-beratung\/heilpraktiker\/m-illgen\/#primaryimage","url":"https:\/\/gesundheitsberatung.com\/gesundheit\/wp-content\/uploads\/sites\/4\/m-illgen-heilpraktiker-vistano-berater-id-5504.jpg","contentUrl":"https:\/\/gesundheitsberatung.com\/gesundheit\/wp-content\/uploads\/sites\/4\/m-illgen-heilpraktiker-vistano-berater-id-5504.jpg","width":700,"height":700,"caption":"Heilpraktiker M. Illgen - Berater-ID: 5504"},{"@type":"BreadcrumbList","@id":"https:\/\/gesundheitsberatung.com\/gesundheit\/online-beratung\/heilpraktiker\/m-illgen\/#breadcrumb","itemListElement":[{"@type":"ListItem","position":1,"name":"Home","item":"https:\/\/gesundheitsberatung.com\/gesundheit\/"},{"@type":"ListItem","position":2,"name":"Produkte","item":"https:\/\/gesundheitsberatung.com\/gesundheit\/shop\/"},{"@type":"ListItem","position":3,"name":"Online Beratung","item":"https:\/\/gesundheitsberatung.com\/gesundheit\/online_berater\/online-beratung\/"},{"@type":"ListItem","position":4,"name":"Heilpraktiker","item":"https:\/\/gesundheitsberatung.com\/gesundheit\/online_berater\/heilpraktiker\/"},{"@type":"ListItem","position":5,"name":"M. Illgen"}]},{"@type":"WebSite","@id":"https:\/\/gesundheitsberatung.com\/gesundheit\/#website","url":"https:\/\/gesundheitsberatung.com\/gesundheit\/","name":"Gesundheit","description":"Gesundheit \u260e Beratung durch Gesundheitsberater! Jetzt Gratis-Beratung sichern: \u2714 \u00c4rzte \u2714 Well Aging Trainer \u2714 Heilpraktiker \u2714 Entspannungstherapeuten \u2714 Frauenheilkunde Berater bei Vistano Gesundheit.","potentialAction":[{"@type":"SearchAction","target":{"@type":"EntryPoint","urlTemplate":"https:\/\/gesundheitsberatung.com\/gesundheit\/?s={search_term_string}"},"query-input":{"@type":"PropertyValueSpecification","valueRequired":true,"valueName":"search_term_string"}}],"inLanguage":"de"}]}},"_links":{"self":[{"href":"https:\/\/gesundheitsberatung.com\/gesundheit\/wp-json\/wp\/v2\/product\/21743","targetHints":{"allow":["GET"]}}],"collection":[{"href":"https:\/\/gesundheitsberatung.com\/gesundheit\/wp-json\/wp\/v2\/product"}],"about":[{"href":"https:\/\/gesundheitsberatung.com\/gesundheit\/wp-json\/wp\/v2\/types\/product"}],"replies":[{"embeddable":true,"href":"https:\/\/gesundheitsberatung.com\/gesundheit\/wp-json\/wp\/v2\/comments?post=21743"}],"wp:featuredmedia":[{"embeddable":true,"href":"https:\/\/gesundheitsberatung.com\/gesundheit\/wp-json\/wp\/v2\/media\/70113"}],"wp:attachment":[{"href":"https:\/\/gesundheitsberatung.com\/gesundheit\/wp-json\/wp\/v2\/media?parent=21743"}],"wp:term":[{"taxonomy":"product_cat","embeddable":true,"href":"https:\/\/gesundheitsberatung.com\/gesundheit\/wp-json\/wp\/v2\/product_cat?post=21743"},{"taxonomy":"product_tag","embeddable":true,"href":"https:\/\/gesundheitsberatung.com\/gesundheit\/wp-json\/wp\/v2\/product_tag?post=21743"}],"curies":[{"name":"wp","href":"https:\/\/api.w.org\/{rel}","templated":true}]}}