{"id":21739,"date":"2016-09-29T18:37:03","date_gmt":"2016-09-29T16:37:03","guid":{"rendered":"https:\/\/gesundheitsberatung.com\/gesundheit\/?post_type=product&#038;p=21739"},"modified":"2020-01-22T14:14:12","modified_gmt":"2020-01-22T13:14:12","slug":"g-heise","status":"publish","type":"product","link":"https:\/\/gesundheitsberatung.com\/gesundheit\/online-beratung\/heilpraktiker\/g-heise\/","title":{"rendered":"G. Heise"},"content":{"rendered":"<p>Seit 1994 arbeite ich als freiberufliche Heilpraktikerin &#8211; viele Erfahrungen mit unterschiedlichen Menschen und deren Problematiken, zahlreiche Weiterbildungen und neue Erkenntnisse lie\u00dfen meinen Beruf zur Berufung werden. Den Menschen zu helfen, nicht nur mit den unterschiedlichsten Therapieformen, sondern auch mit Verst\u00e4ndnis und seelischem Beistand, ist Hauptbestandteil meiner Arbeit. Nat\u00fcrlich tr\u00e4gt jeder Mensch ganz f\u00fcr sich allein die Verantwortung f\u00fcr seinen K\u00f6rper, egal ob uns unser K\u00f6rper gef\u00e4llt oder nicht. Dabei bleibt der K\u00f6rper, abgesehen von den Grundveranlagungen, ein Leben lang formbar und wandelbar, aber wir m\u00fcssen in ihm und mit ihm leben. \u00c4ndern wir grundlegende Gewohnheiten und beginnen im Einklang mit den Naturgesetzen zu leben, so \u00e4ndert sich auch unser K\u00f6rper und mit unserem K\u00f6rper unser Leben.<span class=\"display_none\">5456<\/span><\/p>\n","protected":false},"excerpt":{"rendered":"<p>Sind Sie im Stress oder Ersch\u00f6pft? H\u00e4ufige Symptome sind Angst, Depression, Schlafst\u00f6rungen, \u00dcbergewicht, Verstopfung, Durchfall, Migr\u00e4ne und vieles mehr. Kommen Sie endlichraus aus dieser Tretm\u00fchle<\/p>\n","protected":false},"featured_media":198526,"comment_status":"open","ping_status":"closed","template":"","meta":[],"product_cat":[],"product_tag":[],"class_list":["post-21739","product","type-product","status-publish","has-post-thumbnail","hentry","online_berater-heilpraktiker"],"yoast_head":"<!-- This site is optimized with the Yoast SEO plugin v26.0 - https:\/\/yoast.com\/wordpress\/plugins\/seo\/ -->\n<title>G. Heise &#187; Heilpraktiker &#187; Vistano \u260e Beratung<\/title>\n<meta name=\"description\" content=\"Vistano Heilpraktiker &#187; Sind Sie im Stress oder Ersch\u00f6pft? H\u00e4ufige Symptome sind Angst, Depression, Schlafst\u00f6rungen, \u00dcbergewicht, Verstopfung, Durchfall, Migr\u00e4ne und vieles mehr. Kommen Sie endlichraus aus dieser Tretm\u00fchle\" \/>\n<meta name=\"robots\" content=\"index, follow, max-snippet:-1, max-image-preview:large, max-video-preview:-1\" \/>\n<link rel=\"canonical\" href=\"https:\/\/gesundheitsberatung.com\/gesundheit\/online-beratung\/heilpraktiker\/g-heise\/\" \/>\n<meta property=\"og:locale\" content=\"de_DE\" \/>\n<meta property=\"og:type\" content=\"article\" \/>\n<meta property=\"og:title\" content=\"G. Heise &#187; Heilpraktiker &#187; Vistano \u260e Beratung\" \/>\n<meta property=\"og:description\" content=\"Vistano Heilpraktiker &#187; Sind Sie im Stress oder Ersch\u00f6pft? H\u00e4ufige Symptome sind Angst, Depression, Schlafst\u00f6rungen, \u00dcbergewicht, Verstopfung, Durchfall, Migr\u00e4ne und vieles mehr. Kommen Sie endlichraus aus dieser Tretm\u00fchle\" \/>\n<meta property=\"og:url\" content=\"https:\/\/gesundheitsberatung.com\/gesundheit\/online-beratung\/heilpraktiker\/g-heise\/\" \/>\n<meta property=\"og:site_name\" content=\"Gesundheit\" \/>\n<meta property=\"article:publisher\" content=\"https:\/\/www.facebook.com\/gesundheitsberatung\/\" \/>\n<meta property=\"article:modified_time\" content=\"2020-01-22T13:14:12+00:00\" \/>\n<meta property=\"og:image\" content=\"https:\/\/gesundheitsberatung.com\/gesundheit\/wp-content\/uploads\/sites\/4\/g-heise-heilpraktiker-vistano-berater-id-5456.jpg\" \/>\n\t<meta property=\"og:image:width\" content=\"700\" \/>\n\t<meta property=\"og:image:height\" content=\"700\" \/>\n\t<meta property=\"og:image:type\" content=\"image\/jpeg\" \/>\n<meta name=\"twitter:card\" content=\"summary_large_image\" \/>\n<meta name=\"twitter:site\" content=\"@Vistano\" \/>\n<script type=\"application\/ld+json\" class=\"yoast-schema-graph\">{\"@context\":\"https:\/\/schema.org\",\"@graph\":[{\"@type\":\"WebPage\",\"@id\":\"https:\/\/gesundheitsberatung.com\/gesundheit\/online-beratung\/heilpraktiker\/g-heise\/\",\"url\":\"https:\/\/gesundheitsberatung.com\/gesundheit\/online-beratung\/heilpraktiker\/g-heise\/\",\"name\":\"G. Heise &#187; Heilpraktiker &#187; Vistano \u260e Beratung\",\"isPartOf\":{\"@id\":\"https:\/\/gesundheitsberatung.com\/gesundheit\/#website\"},\"primaryImageOfPage\":{\"@id\":\"https:\/\/gesundheitsberatung.com\/gesundheit\/online-beratung\/heilpraktiker\/g-heise\/#primaryimage\"},\"image\":{\"@id\":\"https:\/\/gesundheitsberatung.com\/gesundheit\/online-beratung\/heilpraktiker\/g-heise\/#primaryimage\"},\"thumbnailUrl\":\"https:\/\/gesundheitsberatung.com\/gesundheit\/wp-content\/uploads\/sites\/4\/g-heise-heilpraktiker-vistano-berater-id-5456.jpg\",\"datePublished\":\"2016-09-29T16:37:03+00:00\",\"dateModified\":\"2020-01-22T13:14:12+00:00\",\"description\":\"Vistano Heilpraktiker &#187; Sind Sie im Stress oder Ersch\u00f6pft? H\u00e4ufige Symptome sind Angst, Depression, Schlafst\u00f6rungen, \u00dcbergewicht, Verstopfung, Durchfall, Migr\u00e4ne und vieles mehr. Kommen Sie endlichraus aus dieser Tretm\u00fchle\",\"breadcrumb\":{\"@id\":\"https:\/\/gesundheitsberatung.com\/gesundheit\/online-beratung\/heilpraktiker\/g-heise\/#breadcrumb\"},\"inLanguage\":\"de\",\"potentialAction\":[{\"@type\":\"ReadAction\",\"target\":[\"https:\/\/gesundheitsberatung.com\/gesundheit\/online-beratung\/heilpraktiker\/g-heise\/\"]}]},{\"@type\":\"ImageObject\",\"inLanguage\":\"de\",\"@id\":\"https:\/\/gesundheitsberatung.com\/gesundheit\/online-beratung\/heilpraktiker\/g-heise\/#primaryimage\",\"url\":\"https:\/\/gesundheitsberatung.com\/gesundheit\/wp-content\/uploads\/sites\/4\/g-heise-heilpraktiker-vistano-berater-id-5456.jpg\",\"contentUrl\":\"https:\/\/gesundheitsberatung.com\/gesundheit\/wp-content\/uploads\/sites\/4\/g-heise-heilpraktiker-vistano-berater-id-5456.jpg\",\"width\":700,\"height\":700,\"caption\":\"Heilpraktiker G. Heise - Berater-ID: 5456\"},{\"@type\":\"BreadcrumbList\",\"@id\":\"https:\/\/gesundheitsberatung.com\/gesundheit\/online-beratung\/heilpraktiker\/g-heise\/#breadcrumb\",\"itemListElement\":[{\"@type\":\"ListItem\",\"position\":1,\"name\":\"Home\",\"item\":\"https:\/\/gesundheitsberatung.com\/gesundheit\/\"},{\"@type\":\"ListItem\",\"position\":2,\"name\":\"Produkte\",\"item\":\"https:\/\/gesundheitsberatung.com\/gesundheit\/shop\/\"},{\"@type\":\"ListItem\",\"position\":3,\"name\":\"Online Beratung\",\"item\":\"https:\/\/gesundheitsberatung.com\/gesundheit\/online_berater\/online-beratung\/\"},{\"@type\":\"ListItem\",\"position\":4,\"name\":\"Heilpraktiker\",\"item\":\"https:\/\/gesundheitsberatung.com\/gesundheit\/online_berater\/heilpraktiker\/\"},{\"@type\":\"ListItem\",\"position\":5,\"name\":\"G. Heise\"}]},{\"@type\":\"WebSite\",\"@id\":\"https:\/\/gesundheitsberatung.com\/gesundheit\/#website\",\"url\":\"https:\/\/gesundheitsberatung.com\/gesundheit\/\",\"name\":\"Gesundheit\",\"description\":\"Gesundheit \u260e Beratung durch Gesundheitsberater! Jetzt Gratis-Beratung sichern: \u2714 \u00c4rzte \u2714 Well Aging Trainer \u2714 Heilpraktiker \u2714 Entspannungstherapeuten \u2714 Frauenheilkunde Berater bei Vistano Gesundheit.\",\"potentialAction\":[{\"@type\":\"SearchAction\",\"target\":{\"@type\":\"EntryPoint\",\"urlTemplate\":\"https:\/\/gesundheitsberatung.com\/gesundheit\/?s={search_term_string}\"},\"query-input\":{\"@type\":\"PropertyValueSpecification\",\"valueRequired\":true,\"valueName\":\"search_term_string\"}}],\"inLanguage\":\"de\"}]}<\/script>\n<!-- \/ Yoast SEO plugin. -->","yoast_head_json":{"title":"G. Heise &#187; Heilpraktiker &#187; Vistano \u260e Beratung","description":"Vistano Heilpraktiker &#187; Sind Sie im Stress oder Ersch\u00f6pft? H\u00e4ufige Symptome sind Angst, Depression, Schlafst\u00f6rungen, \u00dcbergewicht, Verstopfung, Durchfall, Migr\u00e4ne und vieles mehr. Kommen Sie endlichraus aus dieser Tretm\u00fchle","robots":{"index":"index","follow":"follow","max-snippet":"max-snippet:-1","max-image-preview":"max-image-preview:large","max-video-preview":"max-video-preview:-1"},"canonical":"https:\/\/gesundheitsberatung.com\/gesundheit\/online-beratung\/heilpraktiker\/g-heise\/","og_locale":"de_DE","og_type":"article","og_title":"G. Heise &#187; Heilpraktiker &#187; Vistano \u260e Beratung","og_description":"Vistano Heilpraktiker &#187; Sind Sie im Stress oder Ersch\u00f6pft? H\u00e4ufige Symptome sind Angst, Depression, Schlafst\u00f6rungen, \u00dcbergewicht, Verstopfung, Durchfall, Migr\u00e4ne und vieles mehr. Kommen Sie endlichraus aus dieser Tretm\u00fchle","og_url":"https:\/\/gesundheitsberatung.com\/gesundheit\/online-beratung\/heilpraktiker\/g-heise\/","og_site_name":"Gesundheit","article_publisher":"https:\/\/www.facebook.com\/gesundheitsberatung\/","article_modified_time":"2020-01-22T13:14:12+00:00","og_image":[{"width":700,"height":700,"url":"https:\/\/gesundheitsberatung.com\/gesundheit\/wp-content\/uploads\/sites\/4\/g-heise-heilpraktiker-vistano-berater-id-5456.jpg","type":"image\/jpeg"}],"twitter_card":"summary_large_image","twitter_site":"@Vistano","schema":{"@context":"https:\/\/schema.org","@graph":[{"@type":"WebPage","@id":"https:\/\/gesundheitsberatung.com\/gesundheit\/online-beratung\/heilpraktiker\/g-heise\/","url":"https:\/\/gesundheitsberatung.com\/gesundheit\/online-beratung\/heilpraktiker\/g-heise\/","name":"G. Heise &#187; Heilpraktiker &#187; Vistano \u260e Beratung","isPartOf":{"@id":"https:\/\/gesundheitsberatung.com\/gesundheit\/#website"},"primaryImageOfPage":{"@id":"https:\/\/gesundheitsberatung.com\/gesundheit\/online-beratung\/heilpraktiker\/g-heise\/#primaryimage"},"image":{"@id":"https:\/\/gesundheitsberatung.com\/gesundheit\/online-beratung\/heilpraktiker\/g-heise\/#primaryimage"},"thumbnailUrl":"https:\/\/gesundheitsberatung.com\/gesundheit\/wp-content\/uploads\/sites\/4\/g-heise-heilpraktiker-vistano-berater-id-5456.jpg","datePublished":"2016-09-29T16:37:03+00:00","dateModified":"2020-01-22T13:14:12+00:00","description":"Vistano Heilpraktiker &#187; Sind Sie im Stress oder Ersch\u00f6pft? H\u00e4ufige Symptome sind Angst, Depression, Schlafst\u00f6rungen, \u00dcbergewicht, Verstopfung, Durchfall, Migr\u00e4ne und vieles mehr. Kommen Sie endlichraus aus dieser Tretm\u00fchle","breadcrumb":{"@id":"https:\/\/gesundheitsberatung.com\/gesundheit\/online-beratung\/heilpraktiker\/g-heise\/#breadcrumb"},"inLanguage":"de","potentialAction":[{"@type":"ReadAction","target":["https:\/\/gesundheitsberatung.com\/gesundheit\/online-beratung\/heilpraktiker\/g-heise\/"]}]},{"@type":"ImageObject","inLanguage":"de","@id":"https:\/\/gesundheitsberatung.com\/gesundheit\/online-beratung\/heilpraktiker\/g-heise\/#primaryimage","url":"https:\/\/gesundheitsberatung.com\/gesundheit\/wp-content\/uploads\/sites\/4\/g-heise-heilpraktiker-vistano-berater-id-5456.jpg","contentUrl":"https:\/\/gesundheitsberatung.com\/gesundheit\/wp-content\/uploads\/sites\/4\/g-heise-heilpraktiker-vistano-berater-id-5456.jpg","width":700,"height":700,"caption":"Heilpraktiker G. Heise - Berater-ID: 5456"},{"@type":"BreadcrumbList","@id":"https:\/\/gesundheitsberatung.com\/gesundheit\/online-beratung\/heilpraktiker\/g-heise\/#breadcrumb","itemListElement":[{"@type":"ListItem","position":1,"name":"Home","item":"https:\/\/gesundheitsberatung.com\/gesundheit\/"},{"@type":"ListItem","position":2,"name":"Produkte","item":"https:\/\/gesundheitsberatung.com\/gesundheit\/shop\/"},{"@type":"ListItem","position":3,"name":"Online Beratung","item":"https:\/\/gesundheitsberatung.com\/gesundheit\/online_berater\/online-beratung\/"},{"@type":"ListItem","position":4,"name":"Heilpraktiker","item":"https:\/\/gesundheitsberatung.com\/gesundheit\/online_berater\/heilpraktiker\/"},{"@type":"ListItem","position":5,"name":"G. Heise"}]},{"@type":"WebSite","@id":"https:\/\/gesundheitsberatung.com\/gesundheit\/#website","url":"https:\/\/gesundheitsberatung.com\/gesundheit\/","name":"Gesundheit","description":"Gesundheit \u260e Beratung durch Gesundheitsberater! Jetzt Gratis-Beratung sichern: \u2714 \u00c4rzte \u2714 Well Aging Trainer \u2714 Heilpraktiker \u2714 Entspannungstherapeuten \u2714 Frauenheilkunde Berater bei Vistano Gesundheit.","potentialAction":[{"@type":"SearchAction","target":{"@type":"EntryPoint","urlTemplate":"https:\/\/gesundheitsberatung.com\/gesundheit\/?s={search_term_string}"},"query-input":{"@type":"PropertyValueSpecification","valueRequired":true,"valueName":"search_term_string"}}],"inLanguage":"de"}]}},"_links":{"self":[{"href":"https:\/\/gesundheitsberatung.com\/gesundheit\/wp-json\/wp\/v2\/product\/21739","targetHints":{"allow":["GET"]}}],"collection":[{"href":"https:\/\/gesundheitsberatung.com\/gesundheit\/wp-json\/wp\/v2\/product"}],"about":[{"href":"https:\/\/gesundheitsberatung.com\/gesundheit\/wp-json\/wp\/v2\/types\/product"}],"replies":[{"embeddable":true,"href":"https:\/\/gesundheitsberatung.com\/gesundheit\/wp-json\/wp\/v2\/comments?post=21739"}],"wp:featuredmedia":[{"embeddable":true,"href":"https:\/\/gesundheitsberatung.com\/gesundheit\/wp-json\/wp\/v2\/media\/198526"}],"wp:attachment":[{"href":"https:\/\/gesundheitsberatung.com\/gesundheit\/wp-json\/wp\/v2\/media?parent=21739"}],"wp:term":[{"taxonomy":"product_cat","embeddable":true,"href":"https:\/\/gesundheitsberatung.com\/gesundheit\/wp-json\/wp\/v2\/product_cat?post=21739"},{"taxonomy":"product_tag","embeddable":true,"href":"https:\/\/gesundheitsberatung.com\/gesundheit\/wp-json\/wp\/v2\/product_tag?post=21739"}],"curies":[{"name":"wp","href":"https:\/\/api.w.org\/{rel}","templated":true}]}}