{"id":21731,"date":"2016-09-29T12:49:22","date_gmt":"2016-09-29T10:49:22","guid":{"rendered":"https:\/\/gesundheitsberatung.com\/gesundheit\/?post_type=product&#038;p=21731"},"modified":"2020-01-22T14:33:57","modified_gmt":"2020-01-22T13:33:57","slug":"b-rossbach","status":"publish","type":"product","link":"https:\/\/gesundheitsberatung.com\/gesundheit\/online-beratung\/heilpraktiker\/b-rossbach\/","title":{"rendered":"B. Rossbach"},"content":{"rendered":"<p>\u00a0\u00a0Ich m\u00f6chte Ihnen gerne bei allen gesundheitlichen Beschwerden mit meiner langj\u00e4hrigen Erfahrung zur Seite stehen und Ihnen die besten L\u00f6sungswege f\u00fcr Ihr individuelles Problem aufzeigen. Dabei sind meine Schwerpunkte:- Klassische Hom\u00f6opathie-Phytotherapie- Behandlung mit Vitalstoffen-\u00a0 Gespr\u00e4chstherapie\u00a0Ich freue mich auf Ihren Anruf!<br \/>\n<span class=\"display_none\">5272<\/span><\/p>\n","protected":false},"excerpt":{"rendered":"<p>Ich berate Sie gerne, wie Sie mit der Kraft der Naturheilkunde und Hom\u00f6opathie Ihre gesundheitlichen Probleme rasch wieder in den Griff bekommen..<\/p>\n","protected":false},"featured_media":223405,"comment_status":"open","ping_status":"closed","template":"","meta":[],"product_cat":[],"product_tag":[],"class_list":["post-21731","product","type-product","status-publish","has-post-thumbnail","hentry","online_berater-heilpraktiker"],"yoast_head":"<!-- This site is optimized with the Yoast SEO plugin v26.0 - https:\/\/yoast.com\/wordpress\/plugins\/seo\/ -->\n<title>B. Rossbach &#187; Heilpraktiker &#187; Vistano \u260e Beratung<\/title>\n<meta name=\"description\" content=\"Vistano Heilpraktiker &#187; Ich berate Sie gerne, wie Sie mit der Kraft der Naturheilkunde und Hom\u00f6opathie Ihre gesundheitlichen Probleme rasch wieder in den Griff bekommen..\" \/>\n<meta name=\"robots\" content=\"index, follow, max-snippet:-1, max-image-preview:large, max-video-preview:-1\" \/>\n<link rel=\"canonical\" href=\"https:\/\/gesundheitsberatung.com\/gesundheit\/online-beratung\/heilpraktiker\/b-rossbach\/\" \/>\n<meta property=\"og:locale\" content=\"de_DE\" \/>\n<meta property=\"og:type\" content=\"article\" \/>\n<meta property=\"og:title\" content=\"B. Rossbach &#187; Heilpraktiker &#187; Vistano \u260e Beratung\" \/>\n<meta property=\"og:description\" content=\"Vistano Heilpraktiker &#187; Ich berate Sie gerne, wie Sie mit der Kraft der Naturheilkunde und Hom\u00f6opathie Ihre gesundheitlichen Probleme rasch wieder in den Griff bekommen..\" \/>\n<meta property=\"og:url\" content=\"https:\/\/gesundheitsberatung.com\/gesundheit\/online-beratung\/heilpraktiker\/b-rossbach\/\" \/>\n<meta property=\"og:site_name\" content=\"Gesundheit\" \/>\n<meta property=\"article:publisher\" content=\"https:\/\/www.facebook.com\/gesundheitsberatung\/\" \/>\n<meta property=\"article:modified_time\" content=\"2020-01-22T13:33:57+00:00\" \/>\n<meta property=\"og:image\" content=\"https:\/\/gesundheitsberatung.com\/gesundheit\/wp-content\/uploads\/sites\/4\/b-rossbach-heilpraktiker-vistano-berater-id-5272.jpg\" \/>\n\t<meta property=\"og:image:width\" content=\"700\" \/>\n\t<meta property=\"og:image:height\" content=\"700\" \/>\n\t<meta property=\"og:image:type\" content=\"image\/jpeg\" \/>\n<meta name=\"twitter:card\" content=\"summary_large_image\" \/>\n<meta name=\"twitter:site\" content=\"@Vistano\" \/>\n<script type=\"application\/ld+json\" class=\"yoast-schema-graph\">{\"@context\":\"https:\/\/schema.org\",\"@graph\":[{\"@type\":\"WebPage\",\"@id\":\"https:\/\/gesundheitsberatung.com\/gesundheit\/online-beratung\/heilpraktiker\/b-rossbach\/\",\"url\":\"https:\/\/gesundheitsberatung.com\/gesundheit\/online-beratung\/heilpraktiker\/b-rossbach\/\",\"name\":\"B. Rossbach &#187; Heilpraktiker &#187; Vistano \u260e Beratung\",\"isPartOf\":{\"@id\":\"https:\/\/gesundheitsberatung.com\/gesundheit\/#website\"},\"primaryImageOfPage\":{\"@id\":\"https:\/\/gesundheitsberatung.com\/gesundheit\/online-beratung\/heilpraktiker\/b-rossbach\/#primaryimage\"},\"image\":{\"@id\":\"https:\/\/gesundheitsberatung.com\/gesundheit\/online-beratung\/heilpraktiker\/b-rossbach\/#primaryimage\"},\"thumbnailUrl\":\"https:\/\/gesundheitsberatung.com\/gesundheit\/wp-content\/uploads\/sites\/4\/b-rossbach-heilpraktiker-vistano-berater-id-5272.jpg\",\"datePublished\":\"2016-09-29T10:49:22+00:00\",\"dateModified\":\"2020-01-22T13:33:57+00:00\",\"description\":\"Vistano Heilpraktiker &#187; Ich berate Sie gerne, wie Sie mit der Kraft der Naturheilkunde und Hom\u00f6opathie Ihre gesundheitlichen Probleme rasch wieder in den Griff bekommen..\",\"breadcrumb\":{\"@id\":\"https:\/\/gesundheitsberatung.com\/gesundheit\/online-beratung\/heilpraktiker\/b-rossbach\/#breadcrumb\"},\"inLanguage\":\"de\",\"potentialAction\":[{\"@type\":\"ReadAction\",\"target\":[\"https:\/\/gesundheitsberatung.com\/gesundheit\/online-beratung\/heilpraktiker\/b-rossbach\/\"]}]},{\"@type\":\"ImageObject\",\"inLanguage\":\"de\",\"@id\":\"https:\/\/gesundheitsberatung.com\/gesundheit\/online-beratung\/heilpraktiker\/b-rossbach\/#primaryimage\",\"url\":\"https:\/\/gesundheitsberatung.com\/gesundheit\/wp-content\/uploads\/sites\/4\/b-rossbach-heilpraktiker-vistano-berater-id-5272.jpg\",\"contentUrl\":\"https:\/\/gesundheitsberatung.com\/gesundheit\/wp-content\/uploads\/sites\/4\/b-rossbach-heilpraktiker-vistano-berater-id-5272.jpg\",\"width\":700,\"height\":700,\"caption\":\"Heilpraktiker B. Rossbach - Berater-ID: 5272\"},{\"@type\":\"BreadcrumbList\",\"@id\":\"https:\/\/gesundheitsberatung.com\/gesundheit\/online-beratung\/heilpraktiker\/b-rossbach\/#breadcrumb\",\"itemListElement\":[{\"@type\":\"ListItem\",\"position\":1,\"name\":\"Home\",\"item\":\"https:\/\/gesundheitsberatung.com\/gesundheit\/\"},{\"@type\":\"ListItem\",\"position\":2,\"name\":\"Produkte\",\"item\":\"https:\/\/gesundheitsberatung.com\/gesundheit\/shop\/\"},{\"@type\":\"ListItem\",\"position\":3,\"name\":\"Online Beratung\",\"item\":\"https:\/\/gesundheitsberatung.com\/gesundheit\/online_berater\/online-beratung\/\"},{\"@type\":\"ListItem\",\"position\":4,\"name\":\"Heilpraktiker\",\"item\":\"https:\/\/gesundheitsberatung.com\/gesundheit\/online_berater\/heilpraktiker\/\"},{\"@type\":\"ListItem\",\"position\":5,\"name\":\"B. Rossbach\"}]},{\"@type\":\"WebSite\",\"@id\":\"https:\/\/gesundheitsberatung.com\/gesundheit\/#website\",\"url\":\"https:\/\/gesundheitsberatung.com\/gesundheit\/\",\"name\":\"Gesundheit\",\"description\":\"Gesundheit \u260e Beratung durch Gesundheitsberater! Jetzt Gratis-Beratung sichern: \u2714 \u00c4rzte \u2714 Well Aging Trainer \u2714 Heilpraktiker \u2714 Entspannungstherapeuten \u2714 Frauenheilkunde Berater bei Vistano Gesundheit.\",\"potentialAction\":[{\"@type\":\"SearchAction\",\"target\":{\"@type\":\"EntryPoint\",\"urlTemplate\":\"https:\/\/gesundheitsberatung.com\/gesundheit\/?s={search_term_string}\"},\"query-input\":{\"@type\":\"PropertyValueSpecification\",\"valueRequired\":true,\"valueName\":\"search_term_string\"}}],\"inLanguage\":\"de\"}]}<\/script>\n<!-- \/ Yoast SEO plugin. -->","yoast_head_json":{"title":"B. Rossbach &#187; Heilpraktiker &#187; Vistano \u260e Beratung","description":"Vistano Heilpraktiker &#187; Ich berate Sie gerne, wie Sie mit der Kraft der Naturheilkunde und Hom\u00f6opathie Ihre gesundheitlichen Probleme rasch wieder in den Griff bekommen..","robots":{"index":"index","follow":"follow","max-snippet":"max-snippet:-1","max-image-preview":"max-image-preview:large","max-video-preview":"max-video-preview:-1"},"canonical":"https:\/\/gesundheitsberatung.com\/gesundheit\/online-beratung\/heilpraktiker\/b-rossbach\/","og_locale":"de_DE","og_type":"article","og_title":"B. Rossbach &#187; Heilpraktiker &#187; Vistano \u260e Beratung","og_description":"Vistano Heilpraktiker &#187; Ich berate Sie gerne, wie Sie mit der Kraft der Naturheilkunde und Hom\u00f6opathie Ihre gesundheitlichen Probleme rasch wieder in den Griff bekommen..","og_url":"https:\/\/gesundheitsberatung.com\/gesundheit\/online-beratung\/heilpraktiker\/b-rossbach\/","og_site_name":"Gesundheit","article_publisher":"https:\/\/www.facebook.com\/gesundheitsberatung\/","article_modified_time":"2020-01-22T13:33:57+00:00","og_image":[{"width":700,"height":700,"url":"https:\/\/gesundheitsberatung.com\/gesundheit\/wp-content\/uploads\/sites\/4\/b-rossbach-heilpraktiker-vistano-berater-id-5272.jpg","type":"image\/jpeg"}],"twitter_card":"summary_large_image","twitter_site":"@Vistano","schema":{"@context":"https:\/\/schema.org","@graph":[{"@type":"WebPage","@id":"https:\/\/gesundheitsberatung.com\/gesundheit\/online-beratung\/heilpraktiker\/b-rossbach\/","url":"https:\/\/gesundheitsberatung.com\/gesundheit\/online-beratung\/heilpraktiker\/b-rossbach\/","name":"B. Rossbach &#187; Heilpraktiker &#187; Vistano \u260e Beratung","isPartOf":{"@id":"https:\/\/gesundheitsberatung.com\/gesundheit\/#website"},"primaryImageOfPage":{"@id":"https:\/\/gesundheitsberatung.com\/gesundheit\/online-beratung\/heilpraktiker\/b-rossbach\/#primaryimage"},"image":{"@id":"https:\/\/gesundheitsberatung.com\/gesundheit\/online-beratung\/heilpraktiker\/b-rossbach\/#primaryimage"},"thumbnailUrl":"https:\/\/gesundheitsberatung.com\/gesundheit\/wp-content\/uploads\/sites\/4\/b-rossbach-heilpraktiker-vistano-berater-id-5272.jpg","datePublished":"2016-09-29T10:49:22+00:00","dateModified":"2020-01-22T13:33:57+00:00","description":"Vistano Heilpraktiker &#187; Ich berate Sie gerne, wie Sie mit der Kraft der Naturheilkunde und Hom\u00f6opathie Ihre gesundheitlichen Probleme rasch wieder in den Griff bekommen..","breadcrumb":{"@id":"https:\/\/gesundheitsberatung.com\/gesundheit\/online-beratung\/heilpraktiker\/b-rossbach\/#breadcrumb"},"inLanguage":"de","potentialAction":[{"@type":"ReadAction","target":["https:\/\/gesundheitsberatung.com\/gesundheit\/online-beratung\/heilpraktiker\/b-rossbach\/"]}]},{"@type":"ImageObject","inLanguage":"de","@id":"https:\/\/gesundheitsberatung.com\/gesundheit\/online-beratung\/heilpraktiker\/b-rossbach\/#primaryimage","url":"https:\/\/gesundheitsberatung.com\/gesundheit\/wp-content\/uploads\/sites\/4\/b-rossbach-heilpraktiker-vistano-berater-id-5272.jpg","contentUrl":"https:\/\/gesundheitsberatung.com\/gesundheit\/wp-content\/uploads\/sites\/4\/b-rossbach-heilpraktiker-vistano-berater-id-5272.jpg","width":700,"height":700,"caption":"Heilpraktiker B. Rossbach - Berater-ID: 5272"},{"@type":"BreadcrumbList","@id":"https:\/\/gesundheitsberatung.com\/gesundheit\/online-beratung\/heilpraktiker\/b-rossbach\/#breadcrumb","itemListElement":[{"@type":"ListItem","position":1,"name":"Home","item":"https:\/\/gesundheitsberatung.com\/gesundheit\/"},{"@type":"ListItem","position":2,"name":"Produkte","item":"https:\/\/gesundheitsberatung.com\/gesundheit\/shop\/"},{"@type":"ListItem","position":3,"name":"Online Beratung","item":"https:\/\/gesundheitsberatung.com\/gesundheit\/online_berater\/online-beratung\/"},{"@type":"ListItem","position":4,"name":"Heilpraktiker","item":"https:\/\/gesundheitsberatung.com\/gesundheit\/online_berater\/heilpraktiker\/"},{"@type":"ListItem","position":5,"name":"B. Rossbach"}]},{"@type":"WebSite","@id":"https:\/\/gesundheitsberatung.com\/gesundheit\/#website","url":"https:\/\/gesundheitsberatung.com\/gesundheit\/","name":"Gesundheit","description":"Gesundheit \u260e Beratung durch Gesundheitsberater! Jetzt Gratis-Beratung sichern: \u2714 \u00c4rzte \u2714 Well Aging Trainer \u2714 Heilpraktiker \u2714 Entspannungstherapeuten \u2714 Frauenheilkunde Berater bei Vistano Gesundheit.","potentialAction":[{"@type":"SearchAction","target":{"@type":"EntryPoint","urlTemplate":"https:\/\/gesundheitsberatung.com\/gesundheit\/?s={search_term_string}"},"query-input":{"@type":"PropertyValueSpecification","valueRequired":true,"valueName":"search_term_string"}}],"inLanguage":"de"}]}},"_links":{"self":[{"href":"https:\/\/gesundheitsberatung.com\/gesundheit\/wp-json\/wp\/v2\/product\/21731","targetHints":{"allow":["GET"]}}],"collection":[{"href":"https:\/\/gesundheitsberatung.com\/gesundheit\/wp-json\/wp\/v2\/product"}],"about":[{"href":"https:\/\/gesundheitsberatung.com\/gesundheit\/wp-json\/wp\/v2\/types\/product"}],"replies":[{"embeddable":true,"href":"https:\/\/gesundheitsberatung.com\/gesundheit\/wp-json\/wp\/v2\/comments?post=21731"}],"wp:featuredmedia":[{"embeddable":true,"href":"https:\/\/gesundheitsberatung.com\/gesundheit\/wp-json\/wp\/v2\/media\/223405"}],"wp:attachment":[{"href":"https:\/\/gesundheitsberatung.com\/gesundheit\/wp-json\/wp\/v2\/media?parent=21731"}],"wp:term":[{"taxonomy":"product_cat","embeddable":true,"href":"https:\/\/gesundheitsberatung.com\/gesundheit\/wp-json\/wp\/v2\/product_cat?post=21731"},{"taxonomy":"product_tag","embeddable":true,"href":"https:\/\/gesundheitsberatung.com\/gesundheit\/wp-json\/wp\/v2\/product_tag?post=21731"}],"curies":[{"name":"wp","href":"https:\/\/api.w.org\/{rel}","templated":true}]}}