{"id":4611,"date":"2013-06-01T17:10:15","date_gmt":"2013-06-01T15:10:15","guid":{"rendered":"http:\/\/gesundheitsberatung.com\/gesundheit\/?page_id=4611"},"modified":"2018-02-02T15:26:25","modified_gmt":"2018-02-02T14:26:25","slug":"notfall-rufnummern-kostentlos","status":"publish","type":"page","link":"https:\/\/gesundheitsberatung.com\/gesundheit\/notfall-rufnummern-kostentlos\/","title":{"rendered":"Notfall Rufnummern (kostentlos)"},"content":{"rendered":"<p>[av_layerslider id=&#8217;8&#8242;]<\/p>\n<div  class='flex_column av-av_one_full-2a9015ff38129c418a3f2eafba3e9512 av_one_full first flex_column_div  '     ><p>\n<style type=\"text\/css\" data-created_by=\"avia_inline_auto\" id=\"style-css-av-av_heading-4d07bb15ca5da5c3ce0c098c5c0531cb\">\n#top .av-special-heading.av-av_heading-4d07bb15ca5da5c3ce0c098c5c0531cb{\npadding-bottom:0;\n}\nbody .av-special-heading.av-av_heading-4d07bb15ca5da5c3ce0c098c5c0531cb .av-special-heading-tag .heading-char{\nfont-size:25px;\n}\n.av-special-heading.av-av_heading-4d07bb15ca5da5c3ce0c098c5c0531cb .av-subheading{\nfont-size:16px;\n}\n<\/style>\n<div  class='av-special-heading av-av_heading-4d07bb15ca5da5c3ce0c098c5c0531cb av-special-heading-h1 blockquote modern-quote'><h1 class='av-special-heading-tag'  itemprop=\"headline\"  >Wichtige Telefonnummern bei Gesundheitsproblemen<\/h1><div class='av-subheading av-subheading_below'><p>Wichtige, kostenlose Anlaufstellen in Krisensituationen und Notf\u00e4llen<\/p>\n<\/div><div class=\"special-heading-border\"><div class=\"special-heading-inner-border\"><\/div><\/div><\/div><br \/>\n<div  class='hr av-av_hr-d3021aff4e2c88ff75459fd6b3a45a12 hr-default'><span class='hr-inner '><span class=\"hr-inner-style\"><\/span><\/span><\/div><\/p><\/div><div  class='flex_column av-av_two_third-2a9015ff38129c418a3f2eafba3e9512 av_two_third first flex_column_div  '     ><section  class='av_textblock_section av-av_textblock-0366cc7376be6c9e82a3e9cc8987b64f '   itemscope=\"itemscope\" itemtype=\"https:\/\/schema.org\/CreativeWork\" ><div class='avia_textblock'  itemprop=\"text\" ><p>Hier findest Du eine Auswahl an Telefonnummern f\u00fcr verschiedene Notf\u00e4lle. Die Telefonnummern sind kostenlos oder zum Ortstarif erreichbar und werden von \u00f6ffentlichen Organisationen, gemeinn\u00fctzigen Vereinen oder Stiftungen getragen. Wir weisen darauf hin, dass diese Nummern in keiner Beziehung zu Vistano und seinem Angebot stehen. Sie dienen als Alternative zu den von uns angebotenen kostenpflichtigen Dienstleistungen. Bitte verwende diese Rufnummern nur, wenn ein akuter Notfall besteht, um hilfesuchenden Menschen die n\u00f6tigen Kapazit\u00e4ten zu gew\u00e4hrleisten.<\/p>\n<\/div><\/section><\/div><\/p>\n\n<style type=\"text\/css\" data-created_by=\"avia_inline_auto\" id=\"style-css-av-av_one_third-0aa7055fe62c3622faec82866afbaeb2\">\n.flex_column.av-av_one_third-0aa7055fe62c3622faec82866afbaeb2{\nborder-radius:0px 0px 0px 0px;\npadding:0px 0px 0px 0px;\n}\n<\/style>\n<div  class='flex_column av-av_one_third-0aa7055fe62c3622faec82866afbaeb2 av_one_third flex_column_div av-zero-column-padding  '     ><style type=\"text\/css\" data-created_by=\"avia_inline_auto\" id=\"style-css-av-av_image-a8825195ee70edcb1d7f798d8db13bdd\">\n.avia-image-container.av-av_image-a8825195ee70edcb1d7f798d8db13bdd img.avia_image{\nbox-shadow:none;\n}\n.avia-image-container.av-av_image-a8825195ee70edcb1d7f798d8db13bdd .av-image-caption-overlay-center{\ncolor:#ffffff;\n}\n<\/style>\n<div  class='avia-image-container av-av_image-a8825195ee70edcb1d7f798d8db13bdd av-styling- avia-align-center'   itemprop=\"image\" itemscope=\"itemscope\" itemtype=\"https:\/\/schema.org\/ImageObject\" ><div class=\"avia-image-container-inner\"><div class=\"avia-image-overlay-wrap\"><img decoding=\"async\" width=\"300\" height=\"200\" fetchpriority=\"high\" class='wp-image-4633 avia-img-lazy-loading-not-4633 avia_image ' src=\"http:\/\/gesundheitsberatung.com\/gesundheit\/wp-content\/uploads\/sites\/4\/notfall-rufnummern-300x200.jpg\" alt='Notfall Rufnummern' title='Notfall Rufnummern'   itemprop=\"thumbnailUrl\" srcset=\"https:\/\/gesundheitsberatung.com\/gesundheit\/wp-content\/uploads\/sites\/4\/notfall-rufnummern-300x200.jpg 300w, https:\/\/gesundheitsberatung.com\/gesundheit\/wp-content\/uploads\/sites\/4\/notfall-rufnummern-705x470.jpg 705w, https:\/\/gesundheitsberatung.com\/gesundheit\/wp-content\/uploads\/sites\/4\/notfall-rufnummern-450x300.jpg 450w, https:\/\/gesundheitsberatung.com\/gesundheit\/wp-content\/uploads\/sites\/4\/notfall-rufnummern.jpg 1024w\" sizes=\"(max-width: 300px) 100vw, 300px\" \/><\/div><\/div><\/div><\/div>\n<div  class='hr av-av_hr-d3021aff4e2c88ff75459fd6b3a45a12 hr-default'><span class='hr-inner '><span class=\"hr-inner-style\"><\/span><\/span><\/div>\n<div  class='flex_column av-av_one_third-2a9015ff38129c418a3f2eafba3e9512 av_one_third first flex_column_div  '     ><div  class='av_promobox av-av_promobox-a3b49623d0acf34036530377f3c1397f avia-button-no'><div class='avia-promocontent'><h3>Deutschland<\/h3>\n<p>\n<\/div><\/div><br \/>\n<section  class='av_textblock_section av-av_textblock-aaf3a53f7e22769a7798f31e42769683 '   itemscope=\"itemscope\" itemtype=\"https:\/\/schema.org\/CreativeWork\" ><div class='avia_textblock'  itemprop=\"text\" ><h5>Allgemein<\/h5>\n<p><strong>Die Telefonseelsorge<\/strong><\/p>\n<p>0800-1110111 (Allgemein)<\/p>\n<p>0800-1110333 (Kinder + Jugendliche)<\/p>\n<p>0800-1110550 (Elterntelefon)<\/p>\n<p><a href=\"http:\/\/www.telefonseelsorge.de\/\" target=\"_blank\" rel=\"noopener\">http:\/\/www.telefonseelsorge.de\/<\/a><\/p>\n<h5>Gewalt \/ Straftaten<\/h5>\n<p><strong>WEISSER RING e.V.<\/strong><\/p>\n<p>030-8337060<\/p>\n<p><a href=\"http:\/\/www.weisser-ring.de\/\" target=\"_blank\" rel=\"noopener\">http:\/\/www.weisser-ring.de\/<\/a><\/p>\n<h5>Drogenprobleme<\/h5>\n<p><strong>B\u00fcro f\u00fcr Suchtpr\u00e4vention Hamburg<\/strong><\/p>\n<p>040-248000<\/p>\n<p><a href=\"http:\/\/www.ecstasy-project.de\" target=\"_blank\" rel=\"noopener\">http:\/\/www.ecstasy-project.de<\/a><\/p>\n<h5>Hilfe bei Magersucht<\/h5>\n<p><strong>Psychotherapeutisches Zentrum Bad Mergentheim<\/strong><\/p>\n<p>0800-3777863<\/p>\n<p><a href=\"http:\/\/www.ptz.de\" target=\"_blank\" rel=\"noopener\">http:\/\/www.ptz.de<\/a><\/p>\n<h5>Erkrankungen<\/h5>\n<p><strong>Privat\u00e4rztlicher Notdienst<\/strong><\/p>\n<p>0800-1972000<\/p>\n<h5>Psychologischer Notdienst<\/h5>\n<p><strong>Evangelische Seelsorge<\/strong><\/p>\n<p>0800-1110111<\/p>\n<p><a href=\"http:\/\/www.ekd.de\" target=\"_blank\" rel=\"noopener\">http:\/\/www.ekd.de<\/a><\/p>\n<p><strong>Katholische Seelsorge<\/strong><\/p>\n<p>0800-1110222<\/p>\n<h5>Kinder &amp; Jugendliche<\/h5>\n<p><strong>Deutscher Kinder- und Jugendschutzbund<\/strong><\/p>\n<p>0800-1110333<\/p>\n<p><a href=\"http:\/\/www.dksb.de\" target=\"_blank\" rel=\"noopener\">http:\/\/www.dksb.de<\/a><\/p>\n<p><strong>Karuna Drogenberatung<\/strong><\/p>\n<p>030-42016084<\/p>\n<p><a href=\"http:\/\/www.karuna-zeitdruck.tv\" target=\"_blank\" rel=\"noopener\">http:\/\/www.karuna-zeitdruck.tv<\/a><\/p>\n<\/div><\/section><\/p><\/div>\n\n<style type=\"text\/css\" data-created_by=\"avia_inline_auto\" id=\"style-css-av-av_one_third-0aa7055fe62c3622faec82866afbaeb2\">\n.flex_column.av-av_one_third-0aa7055fe62c3622faec82866afbaeb2{\nborder-radius:0px 0px 0px 0px;\npadding:0px 0px 0px 0px;\n}\n<\/style>\n<div  class='flex_column av-av_one_third-0aa7055fe62c3622faec82866afbaeb2 av_one_third flex_column_div av-zero-column-padding  '     ><div  class='av_promobox av-av_promobox-a3b49623d0acf34036530377f3c1397f avia-button-no'><div class='avia-promocontent'><h3>\u00d6sterreich<\/h3>\n<p>\n<\/div><\/div><br \/>\n<section  class='av_textblock_section av-av_textblock-aaf3a53f7e22769a7798f31e42769683 '   itemscope=\"itemscope\" itemtype=\"https:\/\/schema.org\/CreativeWork\" ><div class='avia_textblock'  itemprop=\"text\" ><h5>Allgemein<\/h5>\n<p><strong>Telefonseelsorge \u00d6sterreich<\/strong><\/p>\n<p>142<\/p>\n<p><a href=\"http:\/\/www.telefonseelsorge.at\" target=\"_blank\" rel=\"noopener\">http:\/\/www.telefonseelsorge.at<\/a><\/p>\n<p><strong>\u00d63-Kummernummer<\/strong><\/p>\n<p>0800-600607<\/p>\n<p><a href=\"http:\/\/kundendienst.orf.at\" target=\"_blank\" rel=\"noopener\">http:\/\/kundendienst.orf.at<\/a><\/p>\n<p><strong>Kummernummer Nieder\u00f6sterreich<\/strong><\/p>\n<p>0800-202016<\/p>\n<p><a href=\"http:\/\/www.noel.gv.at\" target=\"_blank\" rel=\"noopener\">http:\/\/www.noel.gv.at<\/a><\/p>\n<h5>Hilfe bei Magersucht<\/h5>\n<p><strong>Hotline f\u00fcr Essst\u00f6rungen<\/strong><\/p>\n<p>0800-201120<\/p>\n<p><a href=\"http:\/\/www.essstoerungshotline.at\" target=\"_blank\" rel=\"noopener\">http:\/\/www.essstoerungshotline.at<\/a><\/p>\n<h5>Psychiatrischer Notdienst<\/h5>\n<p><strong>Psychiatrischer Not- und Krisendienst<\/strong><\/p>\n<p>0664-3007007<\/p>\n<p><a href=\"http:\/\/www.promente-kaernten.at\" target=\"_blank\" rel=\"noopener\">http:\/\/www.promente-kaernten.at<\/a><\/p>\n<p><strong>Sozialpsychiatrischer Notdienst Wien<\/strong><\/p>\n<p>01-31330<\/p>\n<p><a href=\"http:\/\/www.psd-wien.at\" target=\"_blank\" rel=\"noopener\">http:\/\/www.psd-wien.at<\/a><\/p>\n<\/div><\/section><\/p><\/div>\n\n<style type=\"text\/css\" data-created_by=\"avia_inline_auto\" id=\"style-css-av-av_one_third-0aa7055fe62c3622faec82866afbaeb2\">\n.flex_column.av-av_one_third-0aa7055fe62c3622faec82866afbaeb2{\nborder-radius:0px 0px 0px 0px;\npadding:0px 0px 0px 0px;\n}\n<\/style>\n<div  class='flex_column av-av_one_third-0aa7055fe62c3622faec82866afbaeb2 av_one_third flex_column_div av-zero-column-padding  '     ><div  class='av_promobox av-av_promobox-a3b49623d0acf34036530377f3c1397f avia-button-no'><div class='avia-promocontent'><h3>Schweiz<\/h3>\n<p>\n<\/div><\/div><br \/>\n<section  class='av_textblock_section av-av_textblock-aaf3a53f7e22769a7798f31e42769683 '   itemscope=\"itemscope\" itemtype=\"https:\/\/schema.org\/CreativeWork\" ><div class='avia_textblock'  itemprop=\"text\" ><h5>Allgemein<\/h5>\n<p><strong>Telefonseelsorge<\/strong><\/p>\n<p>143<\/p>\n<p>0800-554210 (Kinder + Jugendliche)<\/p>\n<p><a href=\"http:\/\/www.sorgentelefon.ch\" target=\"_blank\" rel=\"noopener\">http:\/\/www.sorgentelefon.ch<\/a><\/p>\n<\/div><\/section><\/p><\/div>\n","protected":false},"excerpt":{"rendered":"<p>Hier findest du eine Auswahl an wichtigen Telefonnummern f\u00fcr verschiedene Notf\u00e4lle innerhalb unseres Bereiches Gesundheit&#8230;<\/p>\n","protected":false},"author":3,"featured_media":4633,"parent":0,"menu_order":0,"comment_status":"closed","ping_status":"open","template":"","meta":{"footnotes":""},"class_list":["post-4611","page","type-page","status-publish","has-post-thumbnail","hentry"],"yoast_head":"<!-- This site is optimized with the Yoast SEO plugin v26.0 - https:\/\/yoast.com\/wordpress\/plugins\/seo\/ -->\n<title>Notfall Rufnummern (kostentlos) &#187; Gesundheit<\/title>\n<meta name=\"description\" content=\"Hier findest du eine Auswahl an wichtigen Telefonnummern f\u00fcr verschiedene Notf\u00e4lle innerhalb unseres Bereiches Gesundheit...\" \/>\n<meta name=\"robots\" content=\"index, follow, max-snippet:-1, max-image-preview:large, max-video-preview:-1\" \/>\n<link rel=\"canonical\" href=\"https:\/\/gesundheitsberatung.com\/gesundheit\/notfall-rufnummern-kostentlos\/\" \/>\n<meta property=\"og:locale\" content=\"de_DE\" \/>\n<meta property=\"og:type\" content=\"article\" \/>\n<meta property=\"og:title\" content=\"Notfall Rufnummern (kostentlos) &#187; Gesundheit\" \/>\n<meta property=\"og:description\" content=\"Hier findest du eine Auswahl an wichtigen Telefonnummern f\u00fcr verschiedene Notf\u00e4lle innerhalb unseres Bereiches Gesundheit...\" \/>\n<meta property=\"og:url\" content=\"https:\/\/gesundheitsberatung.com\/gesundheit\/notfall-rufnummern-kostentlos\/\" \/>\n<meta property=\"og:site_name\" content=\"Gesundheit\" \/>\n<meta property=\"article:publisher\" content=\"https:\/\/www.facebook.com\/gesundheitsberatung\/\" \/>\n<meta property=\"article:modified_time\" content=\"2018-02-02T14:26:25+00:00\" \/>\n<meta property=\"og:image\" content=\"https:\/\/gesundheitsberatung.com\/gesundheit\/wp-content\/uploads\/sites\/4\/notfall-rufnummern.jpg\" \/>\n\t<meta property=\"og:image:width\" content=\"1024\" \/>\n\t<meta property=\"og:image:height\" content=\"683\" \/>\n\t<meta property=\"og:image:type\" content=\"image\/jpeg\" \/>\n<meta name=\"twitter:card\" content=\"summary_large_image\" \/>\n<meta name=\"twitter:site\" content=\"@Vistano\" \/>\n<script type=\"application\/ld+json\" class=\"yoast-schema-graph\">{\"@context\":\"https:\/\/schema.org\",\"@graph\":[{\"@type\":\"WebPage\",\"@id\":\"https:\/\/gesundheitsberatung.com\/gesundheit\/notfall-rufnummern-kostentlos\/\",\"url\":\"https:\/\/gesundheitsberatung.com\/gesundheit\/notfall-rufnummern-kostentlos\/\",\"name\":\"Notfall Rufnummern (kostentlos) &#187; Gesundheit\",\"isPartOf\":{\"@id\":\"https:\/\/gesundheitsberatung.com\/gesundheit\/#website\"},\"primaryImageOfPage\":{\"@id\":\"https:\/\/gesundheitsberatung.com\/gesundheit\/notfall-rufnummern-kostentlos\/#primaryimage\"},\"image\":{\"@id\":\"https:\/\/gesundheitsberatung.com\/gesundheit\/notfall-rufnummern-kostentlos\/#primaryimage\"},\"thumbnailUrl\":\"https:\/\/gesundheitsberatung.com\/gesundheit\/wp-content\/uploads\/sites\/4\/notfall-rufnummern.jpg\",\"datePublished\":\"2013-06-01T15:10:15+00:00\",\"dateModified\":\"2018-02-02T14:26:25+00:00\",\"description\":\"Hier findest du eine Auswahl an wichtigen Telefonnummern f\u00fcr verschiedene Notf\u00e4lle innerhalb unseres Bereiches Gesundheit...\",\"breadcrumb\":{\"@id\":\"https:\/\/gesundheitsberatung.com\/gesundheit\/notfall-rufnummern-kostentlos\/#breadcrumb\"},\"inLanguage\":\"de\",\"potentialAction\":[{\"@type\":\"ReadAction\",\"target\":[\"https:\/\/gesundheitsberatung.com\/gesundheit\/notfall-rufnummern-kostentlos\/\"]}]},{\"@type\":\"ImageObject\",\"inLanguage\":\"de\",\"@id\":\"https:\/\/gesundheitsberatung.com\/gesundheit\/notfall-rufnummern-kostentlos\/#primaryimage\",\"url\":\"https:\/\/gesundheitsberatung.com\/gesundheit\/wp-content\/uploads\/sites\/4\/notfall-rufnummern.jpg\",\"contentUrl\":\"https:\/\/gesundheitsberatung.com\/gesundheit\/wp-content\/uploads\/sites\/4\/notfall-rufnummern.jpg\",\"width\":1024,\"height\":683,\"caption\":\"Notfall Rufnummern\"},{\"@type\":\"BreadcrumbList\",\"@id\":\"https:\/\/gesundheitsberatung.com\/gesundheit\/notfall-rufnummern-kostentlos\/#breadcrumb\",\"itemListElement\":[{\"@type\":\"ListItem\",\"position\":1,\"name\":\"Home\",\"item\":\"https:\/\/gesundheitsberatung.com\/gesundheit\/\"},{\"@type\":\"ListItem\",\"position\":2,\"name\":\"Notfall Rufnummern (kostentlos)\"}]},{\"@type\":\"WebSite\",\"@id\":\"https:\/\/gesundheitsberatung.com\/gesundheit\/#website\",\"url\":\"https:\/\/gesundheitsberatung.com\/gesundheit\/\",\"name\":\"Gesundheit\",\"description\":\"Gesundheit \u260e Beratung durch Gesundheitsberater! Jetzt Gratis-Beratung sichern: \u2714 \u00c4rzte \u2714 Well Aging Trainer \u2714 Heilpraktiker \u2714 Entspannungstherapeuten \u2714 Frauenheilkunde Berater bei Vistano Gesundheit.\",\"potentialAction\":[{\"@type\":\"SearchAction\",\"target\":{\"@type\":\"EntryPoint\",\"urlTemplate\":\"https:\/\/gesundheitsberatung.com\/gesundheit\/?s={search_term_string}\"},\"query-input\":{\"@type\":\"PropertyValueSpecification\",\"valueRequired\":true,\"valueName\":\"search_term_string\"}}],\"inLanguage\":\"de\"}]}<\/script>\n<!-- \/ Yoast SEO plugin. -->","yoast_head_json":{"title":"Notfall Rufnummern (kostentlos) &#187; Gesundheit","description":"Hier findest du eine Auswahl an wichtigen Telefonnummern f\u00fcr verschiedene Notf\u00e4lle innerhalb unseres Bereiches Gesundheit...","robots":{"index":"index","follow":"follow","max-snippet":"max-snippet:-1","max-image-preview":"max-image-preview:large","max-video-preview":"max-video-preview:-1"},"canonical":"https:\/\/gesundheitsberatung.com\/gesundheit\/notfall-rufnummern-kostentlos\/","og_locale":"de_DE","og_type":"article","og_title":"Notfall Rufnummern (kostentlos) &#187; Gesundheit","og_description":"Hier findest du eine Auswahl an wichtigen Telefonnummern f\u00fcr verschiedene Notf\u00e4lle innerhalb unseres Bereiches Gesundheit...","og_url":"https:\/\/gesundheitsberatung.com\/gesundheit\/notfall-rufnummern-kostentlos\/","og_site_name":"Gesundheit","article_publisher":"https:\/\/www.facebook.com\/gesundheitsberatung\/","article_modified_time":"2018-02-02T14:26:25+00:00","og_image":[{"width":1024,"height":683,"url":"https:\/\/gesundheitsberatung.com\/gesundheit\/wp-content\/uploads\/sites\/4\/notfall-rufnummern.jpg","type":"image\/jpeg"}],"twitter_card":"summary_large_image","twitter_site":"@Vistano","schema":{"@context":"https:\/\/schema.org","@graph":[{"@type":"WebPage","@id":"https:\/\/gesundheitsberatung.com\/gesundheit\/notfall-rufnummern-kostentlos\/","url":"https:\/\/gesundheitsberatung.com\/gesundheit\/notfall-rufnummern-kostentlos\/","name":"Notfall Rufnummern (kostentlos) &#187; Gesundheit","isPartOf":{"@id":"https:\/\/gesundheitsberatung.com\/gesundheit\/#website"},"primaryImageOfPage":{"@id":"https:\/\/gesundheitsberatung.com\/gesundheit\/notfall-rufnummern-kostentlos\/#primaryimage"},"image":{"@id":"https:\/\/gesundheitsberatung.com\/gesundheit\/notfall-rufnummern-kostentlos\/#primaryimage"},"thumbnailUrl":"https:\/\/gesundheitsberatung.com\/gesundheit\/wp-content\/uploads\/sites\/4\/notfall-rufnummern.jpg","datePublished":"2013-06-01T15:10:15+00:00","dateModified":"2018-02-02T14:26:25+00:00","description":"Hier findest du eine Auswahl an wichtigen Telefonnummern f\u00fcr verschiedene Notf\u00e4lle innerhalb unseres Bereiches Gesundheit...","breadcrumb":{"@id":"https:\/\/gesundheitsberatung.com\/gesundheit\/notfall-rufnummern-kostentlos\/#breadcrumb"},"inLanguage":"de","potentialAction":[{"@type":"ReadAction","target":["https:\/\/gesundheitsberatung.com\/gesundheit\/notfall-rufnummern-kostentlos\/"]}]},{"@type":"ImageObject","inLanguage":"de","@id":"https:\/\/gesundheitsberatung.com\/gesundheit\/notfall-rufnummern-kostentlos\/#primaryimage","url":"https:\/\/gesundheitsberatung.com\/gesundheit\/wp-content\/uploads\/sites\/4\/notfall-rufnummern.jpg","contentUrl":"https:\/\/gesundheitsberatung.com\/gesundheit\/wp-content\/uploads\/sites\/4\/notfall-rufnummern.jpg","width":1024,"height":683,"caption":"Notfall Rufnummern"},{"@type":"BreadcrumbList","@id":"https:\/\/gesundheitsberatung.com\/gesundheit\/notfall-rufnummern-kostentlos\/#breadcrumb","itemListElement":[{"@type":"ListItem","position":1,"name":"Home","item":"https:\/\/gesundheitsberatung.com\/gesundheit\/"},{"@type":"ListItem","position":2,"name":"Notfall Rufnummern (kostentlos)"}]},{"@type":"WebSite","@id":"https:\/\/gesundheitsberatung.com\/gesundheit\/#website","url":"https:\/\/gesundheitsberatung.com\/gesundheit\/","name":"Gesundheit","description":"Gesundheit \u260e Beratung durch Gesundheitsberater! Jetzt Gratis-Beratung sichern: \u2714 \u00c4rzte \u2714 Well Aging Trainer \u2714 Heilpraktiker \u2714 Entspannungstherapeuten \u2714 Frauenheilkunde Berater bei Vistano Gesundheit.","potentialAction":[{"@type":"SearchAction","target":{"@type":"EntryPoint","urlTemplate":"https:\/\/gesundheitsberatung.com\/gesundheit\/?s={search_term_string}"},"query-input":{"@type":"PropertyValueSpecification","valueRequired":true,"valueName":"search_term_string"}}],"inLanguage":"de"}]}},"_links":{"self":[{"href":"https:\/\/gesundheitsberatung.com\/gesundheit\/wp-json\/wp\/v2\/pages\/4611","targetHints":{"allow":["GET"]}}],"collection":[{"href":"https:\/\/gesundheitsberatung.com\/gesundheit\/wp-json\/wp\/v2\/pages"}],"about":[{"href":"https:\/\/gesundheitsberatung.com\/gesundheit\/wp-json\/wp\/v2\/types\/page"}],"author":[{"embeddable":true,"href":"https:\/\/gesundheitsberatung.com\/gesundheit\/wp-json\/wp\/v2\/users\/3"}],"replies":[{"embeddable":true,"href":"https:\/\/gesundheitsberatung.com\/gesundheit\/wp-json\/wp\/v2\/comments?post=4611"}],"version-history":[{"count":0,"href":"https:\/\/gesundheitsberatung.com\/gesundheit\/wp-json\/wp\/v2\/pages\/4611\/revisions"}],"wp:featuredmedia":[{"embeddable":true,"href":"https:\/\/gesundheitsberatung.com\/gesundheit\/wp-json\/wp\/v2\/media\/4633"}],"wp:attachment":[{"href":"https:\/\/gesundheitsberatung.com\/gesundheit\/wp-json\/wp\/v2\/media?parent=4611"}],"curies":[{"name":"wp","href":"https:\/\/api.w.org\/{rel}","templated":true}]}}