{"id":19176,"date":"2022-03-03T14:01:03","date_gmt":"2022-03-03T13:01:03","guid":{"rendered":"https:\/\/gesundheitsberatung.com\/ernaehrung\/?post_type=product&#038;p=19176"},"modified":"2022-03-18T20:31:10","modified_gmt":"2022-03-18T19:31:10","slug":"b-ihne","status":"publish","type":"product","link":"https:\/\/gesundheitsberatung.com\/ernaehrung\/online-beratung\/weight-coaches\/b-ihne\/","title":{"rendered":"B. Ihne"},"content":{"rendered":"<p>Ayurveda ist eine ganzheitliche Gesundheitslehre und Lebensphilosophie, deren Ziel die Erhaltung bzw. Widerherstellung des individuellen Gleichgewichtes von K\u00f6rper, Geist und Seele eines Menschen ist. <\/p>\n<p>Eine wichtige Bedeutung kommt hierbei der Ern\u00e4hrung zu, die \u00e4u\u00dferst abwechslungsreich und schmackhaft auf den Einzelnen abgestimmt wird. <\/p>\n<p>Frische Lebensmittel werden entsprechend des Stoffwechseltyps, dem sogenannten Dosha unter Ber\u00fccksichtigung der Tages- und Jahreszeit ausgew\u00e4hlt und zubereitet. <br \/>\nEs wird auf einen ausgewogenen Geschmack geachtet, da alles 6 Geschmacksrichtungen enthalten sein sollen. <br \/>\nDie eingesetzten Kr\u00e4uter und Gew\u00fcrze wirken sich positiv auf den K\u00f6rper aus.<\/p>\n<p>Wenn Du Interesse an der ayurvedischen K\u00fcche hast, freue ich mich \u00fcber Deinen Anruf. <span class=\"display_none\">6501<\/span><\/p>\n","protected":false},"excerpt":{"rendered":"<p>Ayurveda &#8211; ,,das Wissen von einem langen gesunden Leben.&#8221; Gerne beantworte ich Ihnen Fragen zu dieser ca. 5000 Jahre alten Lehre.<\/p>\n","protected":false},"featured_media":19179,"comment_status":"open","ping_status":"closed","template":"","meta":[],"product_cat":[],"product_tag":[],"class_list":["post-19176","product","type-product","status-publish","has-post-thumbnail","hentry","online_berater-weight-coaches"],"yoast_head":"<!-- This site is optimized with the Yoast SEO plugin v26.0 - https:\/\/yoast.com\/wordpress\/plugins\/seo\/ -->\n<title>B. Ihne &#187; Weight-Coaches &#187; Vistano \u260e Beratung<\/title>\n<meta name=\"description\" content=\"Vistano Weight-Coaches &#187; Ayurveda - ,,das Wissen von einem langen gesunden Leben.&quot; Gerne beantworte ich Ihnen Fragen zu dieser ca. 5000 Jahre alten Lehre.\" \/>\n<meta name=\"robots\" content=\"index, follow, max-snippet:-1, max-image-preview:large, max-video-preview:-1\" \/>\n<link rel=\"canonical\" href=\"https:\/\/gesundheitsberatung.com\/ernaehrung\/online-beratung\/weight-coaches\/b-ihne\/\" \/>\n<meta property=\"og:locale\" content=\"de_DE\" \/>\n<meta property=\"og:type\" content=\"article\" \/>\n<meta property=\"og:title\" content=\"B. Ihne &#187; Weight-Coaches &#187; Vistano \u260e Beratung\" \/>\n<meta property=\"og:description\" content=\"Vistano Weight-Coaches &#187; Ayurveda - ,,das Wissen von einem langen gesunden Leben.&quot; Gerne beantworte ich Ihnen Fragen zu dieser ca. 5000 Jahre alten Lehre.\" \/>\n<meta property=\"og:url\" content=\"https:\/\/gesundheitsberatung.com\/ernaehrung\/online-beratung\/weight-coaches\/b-ihne\/\" \/>\n<meta property=\"og:site_name\" content=\"Ern\u00e4hrung\" \/>\n<meta property=\"article:publisher\" content=\"https:\/\/www.facebook.com\/ernaehrung\/\" \/>\n<meta property=\"article:modified_time\" content=\"2022-03-18T19:31:10+00:00\" \/>\n<meta property=\"og:image\" content=\"https:\/\/gesundheitsberatung.com\/ernaehrung\/wp-content\/uploads\/sites\/3\/b-ihne-weight-coaches-vistano-berater-id-6501.jpg\" \/>\n\t<meta property=\"og:image:width\" content=\"774\" \/>\n\t<meta property=\"og:image:height\" content=\"774\" \/>\n\t<meta property=\"og:image:type\" content=\"image\/jpeg\" \/>\n<meta name=\"twitter:card\" content=\"summary_large_image\" \/>\n<meta name=\"twitter:site\" content=\"@Vistano\" \/>\n<script type=\"application\/ld+json\" class=\"yoast-schema-graph\">{\"@context\":\"https:\/\/schema.org\",\"@graph\":[{\"@type\":\"WebPage\",\"@id\":\"https:\/\/gesundheitsberatung.com\/ernaehrung\/online-beratung\/weight-coaches\/b-ihne\/\",\"url\":\"https:\/\/gesundheitsberatung.com\/ernaehrung\/online-beratung\/weight-coaches\/b-ihne\/\",\"name\":\"B. Ihne &#187; Weight-Coaches &#187; Vistano \u260e Beratung\",\"isPartOf\":{\"@id\":\"https:\/\/gesundheitsberatung.com\/ernaehrung\/#website\"},\"primaryImageOfPage\":{\"@id\":\"https:\/\/gesundheitsberatung.com\/ernaehrung\/online-beratung\/weight-coaches\/b-ihne\/#primaryimage\"},\"image\":{\"@id\":\"https:\/\/gesundheitsberatung.com\/ernaehrung\/online-beratung\/weight-coaches\/b-ihne\/#primaryimage\"},\"thumbnailUrl\":\"https:\/\/gesundheitsberatung.com\/ernaehrung\/wp-content\/uploads\/sites\/3\/b-ihne-weight-coaches-vistano-berater-id-6501.jpg\",\"datePublished\":\"2022-03-03T13:01:03+00:00\",\"dateModified\":\"2022-03-18T19:31:10+00:00\",\"description\":\"Vistano Weight-Coaches &#187; Ayurveda - ,,das Wissen von einem langen gesunden Leben.\\\" Gerne beantworte ich Ihnen Fragen zu dieser ca. 5000 Jahre alten Lehre.\",\"breadcrumb\":{\"@id\":\"https:\/\/gesundheitsberatung.com\/ernaehrung\/online-beratung\/weight-coaches\/b-ihne\/#breadcrumb\"},\"inLanguage\":\"de\",\"potentialAction\":[{\"@type\":\"ReadAction\",\"target\":[\"https:\/\/gesundheitsberatung.com\/ernaehrung\/online-beratung\/weight-coaches\/b-ihne\/\"]}]},{\"@type\":\"ImageObject\",\"inLanguage\":\"de\",\"@id\":\"https:\/\/gesundheitsberatung.com\/ernaehrung\/online-beratung\/weight-coaches\/b-ihne\/#primaryimage\",\"url\":\"https:\/\/gesundheitsberatung.com\/ernaehrung\/wp-content\/uploads\/sites\/3\/b-ihne-weight-coaches-vistano-berater-id-6501.jpg\",\"contentUrl\":\"https:\/\/gesundheitsberatung.com\/ernaehrung\/wp-content\/uploads\/sites\/3\/b-ihne-weight-coaches-vistano-berater-id-6501.jpg\",\"width\":704,\"height\":704,\"caption\":\"Weight-Coaches B. Ihne - Berater-ID: 6501\"},{\"@type\":\"BreadcrumbList\",\"@id\":\"https:\/\/gesundheitsberatung.com\/ernaehrung\/online-beratung\/weight-coaches\/b-ihne\/#breadcrumb\",\"itemListElement\":[{\"@type\":\"ListItem\",\"position\":1,\"name\":\"Home\",\"item\":\"https:\/\/gesundheitsberatung.com\/ernaehrung\/\"},{\"@type\":\"ListItem\",\"position\":2,\"name\":\"Produkte\",\"item\":\"https:\/\/gesundheitsberatung.com\/ernaehrung\/shop\/\"},{\"@type\":\"ListItem\",\"position\":3,\"name\":\"Online Beratung\",\"item\":\"https:\/\/gesundheitsberatung.com\/ernaehrung\/online_berater\/online-beratung\/\"},{\"@type\":\"ListItem\",\"position\":4,\"name\":\"Weight-Coaches\",\"item\":\"https:\/\/gesundheitsberatung.com\/ernaehrung\/online_berater\/weight-coaches\/\"},{\"@type\":\"ListItem\",\"position\":5,\"name\":\"B. Ihne\"}]},{\"@type\":\"WebSite\",\"@id\":\"https:\/\/gesundheitsberatung.com\/ernaehrung\/#website\",\"url\":\"https:\/\/gesundheitsberatung.com\/ernaehrung\/\",\"name\":\"Ern\u00e4hrung\",\"description\":\"Ern\u00e4hrung \u260e Beratung durch Ern\u00e4hrungsberater! Jetzt Gratis-Beratung sichern: \u2714 \u00c4rzte \u2714 Heilpraktiker \u2714 Weight Coaches \u2714 Ern\u00e4hrungswissenschaftler \u2714 Di\u00e4tassistenten \u2714 Sportern\u00e4hrung bei Vistano Ern\u00e4hrung.\",\"potentialAction\":[{\"@type\":\"SearchAction\",\"target\":{\"@type\":\"EntryPoint\",\"urlTemplate\":\"https:\/\/gesundheitsberatung.com\/ernaehrung\/?s={search_term_string}\"},\"query-input\":{\"@type\":\"PropertyValueSpecification\",\"valueRequired\":true,\"valueName\":\"search_term_string\"}}],\"inLanguage\":\"de\"}]}<\/script>\n<!-- \/ Yoast SEO plugin. -->","yoast_head_json":{"title":"B. Ihne &#187; Weight-Coaches &#187; Vistano \u260e Beratung","description":"Vistano Weight-Coaches &#187; Ayurveda - ,,das Wissen von einem langen gesunden Leben.\" Gerne beantworte ich Ihnen Fragen zu dieser ca. 5000 Jahre alten Lehre.","robots":{"index":"index","follow":"follow","max-snippet":"max-snippet:-1","max-image-preview":"max-image-preview:large","max-video-preview":"max-video-preview:-1"},"canonical":"https:\/\/gesundheitsberatung.com\/ernaehrung\/online-beratung\/weight-coaches\/b-ihne\/","og_locale":"de_DE","og_type":"article","og_title":"B. Ihne &#187; Weight-Coaches &#187; Vistano \u260e Beratung","og_description":"Vistano Weight-Coaches &#187; Ayurveda - ,,das Wissen von einem langen gesunden Leben.\" Gerne beantworte ich Ihnen Fragen zu dieser ca. 5000 Jahre alten Lehre.","og_url":"https:\/\/gesundheitsberatung.com\/ernaehrung\/online-beratung\/weight-coaches\/b-ihne\/","og_site_name":"Ern\u00e4hrung","article_publisher":"https:\/\/www.facebook.com\/ernaehrung\/","article_modified_time":"2022-03-18T19:31:10+00:00","og_image":[{"width":774,"height":774,"url":"https:\/\/gesundheitsberatung.com\/ernaehrung\/wp-content\/uploads\/sites\/3\/b-ihne-weight-coaches-vistano-berater-id-6501.jpg","type":"image\/jpeg"}],"twitter_card":"summary_large_image","twitter_site":"@Vistano","schema":{"@context":"https:\/\/schema.org","@graph":[{"@type":"WebPage","@id":"https:\/\/gesundheitsberatung.com\/ernaehrung\/online-beratung\/weight-coaches\/b-ihne\/","url":"https:\/\/gesundheitsberatung.com\/ernaehrung\/online-beratung\/weight-coaches\/b-ihne\/","name":"B. Ihne &#187; Weight-Coaches &#187; Vistano \u260e Beratung","isPartOf":{"@id":"https:\/\/gesundheitsberatung.com\/ernaehrung\/#website"},"primaryImageOfPage":{"@id":"https:\/\/gesundheitsberatung.com\/ernaehrung\/online-beratung\/weight-coaches\/b-ihne\/#primaryimage"},"image":{"@id":"https:\/\/gesundheitsberatung.com\/ernaehrung\/online-beratung\/weight-coaches\/b-ihne\/#primaryimage"},"thumbnailUrl":"https:\/\/gesundheitsberatung.com\/ernaehrung\/wp-content\/uploads\/sites\/3\/b-ihne-weight-coaches-vistano-berater-id-6501.jpg","datePublished":"2022-03-03T13:01:03+00:00","dateModified":"2022-03-18T19:31:10+00:00","description":"Vistano Weight-Coaches &#187; Ayurveda - ,,das Wissen von einem langen gesunden Leben.\" Gerne beantworte ich Ihnen Fragen zu dieser ca. 5000 Jahre alten Lehre.","breadcrumb":{"@id":"https:\/\/gesundheitsberatung.com\/ernaehrung\/online-beratung\/weight-coaches\/b-ihne\/#breadcrumb"},"inLanguage":"de","potentialAction":[{"@type":"ReadAction","target":["https:\/\/gesundheitsberatung.com\/ernaehrung\/online-beratung\/weight-coaches\/b-ihne\/"]}]},{"@type":"ImageObject","inLanguage":"de","@id":"https:\/\/gesundheitsberatung.com\/ernaehrung\/online-beratung\/weight-coaches\/b-ihne\/#primaryimage","url":"https:\/\/gesundheitsberatung.com\/ernaehrung\/wp-content\/uploads\/sites\/3\/b-ihne-weight-coaches-vistano-berater-id-6501.jpg","contentUrl":"https:\/\/gesundheitsberatung.com\/ernaehrung\/wp-content\/uploads\/sites\/3\/b-ihne-weight-coaches-vistano-berater-id-6501.jpg","width":704,"height":704,"caption":"Weight-Coaches B. Ihne - Berater-ID: 6501"},{"@type":"BreadcrumbList","@id":"https:\/\/gesundheitsberatung.com\/ernaehrung\/online-beratung\/weight-coaches\/b-ihne\/#breadcrumb","itemListElement":[{"@type":"ListItem","position":1,"name":"Home","item":"https:\/\/gesundheitsberatung.com\/ernaehrung\/"},{"@type":"ListItem","position":2,"name":"Produkte","item":"https:\/\/gesundheitsberatung.com\/ernaehrung\/shop\/"},{"@type":"ListItem","position":3,"name":"Online Beratung","item":"https:\/\/gesundheitsberatung.com\/ernaehrung\/online_berater\/online-beratung\/"},{"@type":"ListItem","position":4,"name":"Weight-Coaches","item":"https:\/\/gesundheitsberatung.com\/ernaehrung\/online_berater\/weight-coaches\/"},{"@type":"ListItem","position":5,"name":"B. Ihne"}]},{"@type":"WebSite","@id":"https:\/\/gesundheitsberatung.com\/ernaehrung\/#website","url":"https:\/\/gesundheitsberatung.com\/ernaehrung\/","name":"Ern\u00e4hrung","description":"Ern\u00e4hrung \u260e Beratung durch Ern\u00e4hrungsberater! Jetzt Gratis-Beratung sichern: \u2714 \u00c4rzte \u2714 Heilpraktiker \u2714 Weight Coaches \u2714 Ern\u00e4hrungswissenschaftler \u2714 Di\u00e4tassistenten \u2714 Sportern\u00e4hrung bei Vistano Ern\u00e4hrung.","potentialAction":[{"@type":"SearchAction","target":{"@type":"EntryPoint","urlTemplate":"https:\/\/gesundheitsberatung.com\/ernaehrung\/?s={search_term_string}"},"query-input":{"@type":"PropertyValueSpecification","valueRequired":true,"valueName":"search_term_string"}}],"inLanguage":"de"}]}},"_links":{"self":[{"href":"https:\/\/gesundheitsberatung.com\/ernaehrung\/wp-json\/wp\/v2\/product\/19176","targetHints":{"allow":["GET"]}}],"collection":[{"href":"https:\/\/gesundheitsberatung.com\/ernaehrung\/wp-json\/wp\/v2\/product"}],"about":[{"href":"https:\/\/gesundheitsberatung.com\/ernaehrung\/wp-json\/wp\/v2\/types\/product"}],"replies":[{"embeddable":true,"href":"https:\/\/gesundheitsberatung.com\/ernaehrung\/wp-json\/wp\/v2\/comments?post=19176"}],"wp:featuredmedia":[{"embeddable":true,"href":"https:\/\/gesundheitsberatung.com\/ernaehrung\/wp-json\/wp\/v2\/media\/19179"}],"wp:attachment":[{"href":"https:\/\/gesundheitsberatung.com\/ernaehrung\/wp-json\/wp\/v2\/media?parent=19176"}],"wp:term":[{"taxonomy":"product_cat","embeddable":true,"href":"https:\/\/gesundheitsberatung.com\/ernaehrung\/wp-json\/wp\/v2\/product_cat?post=19176"},{"taxonomy":"product_tag","embeddable":true,"href":"https:\/\/gesundheitsberatung.com\/ernaehrung\/wp-json\/wp\/v2\/product_tag?post=19176"}],"curies":[{"name":"wp","href":"https:\/\/api.w.org\/{rel}","templated":true}]}}