{"id":17798,"date":"2018-06-08T09:52:31","date_gmt":"2018-06-08T07:52:31","guid":{"rendered":"https:\/\/gesundheitsberatung.com\/ernaehrung\/?post_type=product&#038;p=17798"},"modified":"2020-04-24T14:15:56","modified_gmt":"2020-04-24T12:15:56","slug":"a-sandkuehler","status":"publish","type":"product","link":"https:\/\/gesundheitsberatung.com\/ernaehrung\/online-beratung\/weight-coaches\/a-sandkuehler\/","title":{"rendered":"A. Sandk\u00fchler"},"content":{"rendered":"<p><span class=\"hinweis_text_single_berater\">Ich bin t\u00e4glich, mit Pausen, erreichbar. Bitte R\u00fcckruf nutzen. Danke<\/span><\/p>\n<p> Guten Tag,<\/p>\n<p>Ich bin Andrea Sandk\u00fchler und hei\u00dfe Sie herzlich Willkommen auf meiner Seite. <br \/>\nSie \u00fcberlegen vielleicht gerade mir Ihr Vertrauen zu schenken und daher m\u00f6chte ich mich Ihnen gerne kurz vorstellen. Ich bin 48 Jahre  und lebe mit meinen Kindern und meinen Tieren im sch\u00f6nen bergischem Land, direkt am Naturschutzgebiet.<\/p>\n<p>Seit meiner Teenager Zeit besch\u00e4ftige ich mich viel mit Ern\u00e4hrung, habe verschiedene Di\u00e4ten ausprobiert, bin auf den JoJo-Effekt reingefallen und habe viel Zeit und vor allem Geld investiert, immer in der Hoffnung, endlich dauerhaft \\\\\\\\\\\\\\\\\\\\\\\\\\\\\\\\\\\\\\\\\\\\\\\\\\\\\\\\\\\\\\\\\\\\\\\\\\\\\\\\\\\\\\\\\\\\\\\\\\\\\\\\\\\\\\\\\\\\\\\\\\\\\\\\\\\\\\\\\\\\\\\\\\\\\\\\\\\\\\\\\\\\\\\\\\\\\\\\\\\\\\\\\\\\\\\\\\\\\\\\\\\\\\\\\\\\\\\\\\\\\\\\\\\\\\\\\\\\\\\\\\\\\\\\\\\\\\&#8221;schlank\\\\\\\\\\\\\\\\\\\\\\\\\\\\\\\\\\\\\\\\\\\\\\\\\\\\\\\\\\\\\\\\\\\\\\\\\\\\\\\\\\\\\\\\\\\\\\\\\\\\\\\\\\\\\\\\\\\\\\\\\\\\\\\\\\\\\\\\\\\\\\\\\\\\\\\\\\\\\\\\\\\\\\\\\\\\\\\\\\\\\\\\\\\\\\\\\\\\\\\\\\\\\\\\\\\\\\\\\\\\\\\\\\\\\\\\\\\\\\\\\\\\\\\\\\\\\\&#8221; zu werden bzw. sein. <\/p>\n<p>Irgendwann war ich soweit, dass ich meine Einstellung und meinen Blickwinkel zum Thema Ern\u00e4hrung und vor allem auch zu mir selber ge\u00e4ndert habe. Ich habe mich mit dem Thema intensiver auseinander gesetzt, mir Literatur besorgt und eine Ausbildung zur Ern\u00e4hrungsberaterin gemacht. Gleichzeitig habe ich w\u00e4hrend dieser Zeit intensiv mit einer Ern\u00e4hrungswissenschaftlerin zusammen gearbeitet. Dadurch bin ich richtig in die Tiefe gegangen, ans Eingemachte sozusagen.<\/p>\n<p>Mein Wissen m\u00f6chte ich nun an Sie weitergeben und Ihnen gerne unterst\u00fctzend zur Seite stehen.<\/p>\n<p>Die individuelle Ern\u00e4hrungsberatung wendet sich an Menschen, die Ern\u00e4hrungsfragen im besonderen Lebenssituationen haben und\/oder eine Ver\u00e4nderung in Ihrer Ern\u00e4hrung w\u00fcnschen. Manchmal sind nur minimale Ver\u00e4nderungen n\u00f6tig, um ein Maximum an Wohlbefinden zu erreichen. <\/p>\n<p>Keine noch so hoch angepriesene -Wunderdi\u00e4t- beschert einem die gew\u00fcnschte Gewichtsreduktion ohne JoJo-Effekt. Nur mit einer individuellen, alltagstauglichen Ern\u00e4hrungsumstellung erreicht man auf Dauer sein gesundes Wohlf\u00fchlgewicht, erlangt mehr Energie, f\u00fchlt sich wacher und konzentrierter. Gleichzeitig kann man mit einer gesunden, ausgewogenen Ern\u00e4hrung das Risiko von Diabetes, Herzerkrankungen und Krebs reduzieren.<\/p>\n<p>Das Zusammenspiel von Seele und Ern\u00e4hrung wird oft untersch\u00e4tzt. Als ausgebildete Entspannungsp\u00e4dagogin und spirituelle Lebensberaterin wei\u00df ich, wie wichtig es ist, dass alle drei Bereiche miteinander harmonisieren m\u00fcssen. Darum berate ich auch im Bereich Ern\u00e4hrung ganzheitlich und schaue mir den Menschen als gesamt Paket an.  Bei Bedarf und Wunsch gehe ich mit Ihnen auch gerne in die Tiefe.<\/p>\n<p>Auf Wunsch biete ich neben der telefonischen Beratung auch eine begleitende Email Betreuung zum Festpreis an. Die Email Betreuung <br \/>\nhat den Vorteil, das man sich z.B. einen Motivationskick immer wieder durchlesen kann, Tipps bekommt, die am Telefon evtl. wieder unter gehen bzw. per Email ausf\u00fchrlicher erkl\u00e4rt werden k\u00f6nnen, Anleitungen zur Entspannung bei Hei\u00dfhungerattacken, Rezepte nach lesen kann, Affirmationsvorschl\u00e4ge uvm..<\/p>\n<p>Beratungsschwerpunkte:<br \/>\n\u2022individuelle Ern\u00e4hrungsberatung von Erwachsenen, Jugendlichen und Kindern<br \/>\n\u2022Intermittierendes Fasten<br \/>\n\u2022Achtsames Essen<br \/>\n\u2022Seelenhunger<br \/>\n\u2022Vegan<br \/>\n\u2022S\u00e4ure-Basen<br \/>\n\u2022Essen macht gl\u00fccklich und gesund<\/p>\n<p>\nMeine Beratung ersetzt nicht den Gang zum Arzt, Heilpraktiker oder Therapeuten. <br \/>\n <span class=\"display_none\">6212<\/span><\/p>\n","protected":false},"excerpt":{"rendered":"<p>Ich biete individuelle Ern\u00e4hrungsberatung, d.h. speziell auf Ihre Bed\u00fcrfnisse zugeschnitten, Email Ausarbeitung sowie Email Begleitung, Rezepte<\/p>\n","protected":false},"featured_media":19018,"comment_status":"open","ping_status":"closed","template":"","meta":[],"product_cat":[],"product_tag":[],"class_list":["post-17798","product","type-product","status-publish","has-post-thumbnail","hentry","online_berater-weight-coaches"],"yoast_head":"<!-- This site is optimized with the Yoast SEO plugin v26.0 - https:\/\/yoast.com\/wordpress\/plugins\/seo\/ -->\n<title>A. Sandk\u00fchler &#187; Weight-Coaches &#187; Vistano \u260e Beratung<\/title>\n<meta name=\"description\" content=\"Vistano Weight-Coaches &#187; Ich biete individuelle Ern\u00e4hrungsberatung, d.h. speziell auf Ihre Bed\u00fcrfnisse zugeschnitten, Email Ausarbeitung sowie Email Begleitung, Rezepte\" \/>\n<meta name=\"robots\" content=\"index, follow, max-snippet:-1, max-image-preview:large, max-video-preview:-1\" \/>\n<link rel=\"canonical\" href=\"https:\/\/gesundheitsberatung.com\/ernaehrung\/online-beratung\/weight-coaches\/a-sandkuehler\/\" \/>\n<meta property=\"og:locale\" content=\"de_DE\" \/>\n<meta property=\"og:type\" content=\"article\" \/>\n<meta property=\"og:title\" content=\"A. Sandk\u00fchler &#187; Weight-Coaches &#187; Vistano \u260e Beratung\" \/>\n<meta property=\"og:description\" content=\"Vistano Weight-Coaches &#187; Ich biete individuelle Ern\u00e4hrungsberatung, d.h. speziell auf Ihre Bed\u00fcrfnisse zugeschnitten, Email Ausarbeitung sowie Email Begleitung, Rezepte\" \/>\n<meta property=\"og:url\" content=\"https:\/\/gesundheitsberatung.com\/ernaehrung\/online-beratung\/weight-coaches\/a-sandkuehler\/\" \/>\n<meta property=\"og:site_name\" content=\"Ern\u00e4hrung\" \/>\n<meta property=\"article:publisher\" content=\"https:\/\/www.facebook.com\/ernaehrung\/\" \/>\n<meta property=\"article:modified_time\" content=\"2020-04-24T12:15:56+00:00\" \/>\n<meta property=\"og:image\" content=\"https:\/\/gesundheitsberatung.com\/ernaehrung\/wp-content\/uploads\/sites\/3\/a-sandk-hler-weight-coaches-vistano-berater-id-6212.jpg\" \/>\n\t<meta property=\"og:image:width\" content=\"800\" \/>\n\t<meta property=\"og:image:height\" content=\"800\" \/>\n\t<meta property=\"og:image:type\" content=\"image\/jpeg\" \/>\n<meta name=\"twitter:card\" content=\"summary_large_image\" \/>\n<meta name=\"twitter:site\" content=\"@Vistano\" \/>\n<script type=\"application\/ld+json\" class=\"yoast-schema-graph\">{\"@context\":\"https:\/\/schema.org\",\"@graph\":[{\"@type\":\"WebPage\",\"@id\":\"https:\/\/gesundheitsberatung.com\/ernaehrung\/online-beratung\/weight-coaches\/a-sandkuehler\/\",\"url\":\"https:\/\/gesundheitsberatung.com\/ernaehrung\/online-beratung\/weight-coaches\/a-sandkuehler\/\",\"name\":\"A. Sandk\u00fchler &#187; Weight-Coaches &#187; Vistano \u260e Beratung\",\"isPartOf\":{\"@id\":\"https:\/\/gesundheitsberatung.com\/ernaehrung\/#website\"},\"primaryImageOfPage\":{\"@id\":\"https:\/\/gesundheitsberatung.com\/ernaehrung\/online-beratung\/weight-coaches\/a-sandkuehler\/#primaryimage\"},\"image\":{\"@id\":\"https:\/\/gesundheitsberatung.com\/ernaehrung\/online-beratung\/weight-coaches\/a-sandkuehler\/#primaryimage\"},\"thumbnailUrl\":\"https:\/\/gesundheitsberatung.com\/ernaehrung\/wp-content\/uploads\/sites\/3\/a-sandk-hler-weight-coaches-vistano-berater-id-6212.jpg\",\"datePublished\":\"2018-06-08T07:52:31+00:00\",\"dateModified\":\"2020-04-24T12:15:56+00:00\",\"description\":\"Vistano Weight-Coaches &#187; Ich biete individuelle Ern\u00e4hrungsberatung, d.h. speziell auf Ihre Bed\u00fcrfnisse zugeschnitten, Email Ausarbeitung sowie Email Begleitung, Rezepte\",\"breadcrumb\":{\"@id\":\"https:\/\/gesundheitsberatung.com\/ernaehrung\/online-beratung\/weight-coaches\/a-sandkuehler\/#breadcrumb\"},\"inLanguage\":\"de\",\"potentialAction\":[{\"@type\":\"ReadAction\",\"target\":[\"https:\/\/gesundheitsberatung.com\/ernaehrung\/online-beratung\/weight-coaches\/a-sandkuehler\/\"]}]},{\"@type\":\"ImageObject\",\"inLanguage\":\"de\",\"@id\":\"https:\/\/gesundheitsberatung.com\/ernaehrung\/online-beratung\/weight-coaches\/a-sandkuehler\/#primaryimage\",\"url\":\"https:\/\/gesundheitsberatung.com\/ernaehrung\/wp-content\/uploads\/sites\/3\/a-sandk-hler-weight-coaches-vistano-berater-id-6212.jpg\",\"contentUrl\":\"https:\/\/gesundheitsberatung.com\/ernaehrung\/wp-content\/uploads\/sites\/3\/a-sandk-hler-weight-coaches-vistano-berater-id-6212.jpg\",\"width\":800,\"height\":800,\"caption\":\"Weight-Coaches A. Sandk\u00fchler - Berater-ID: 6212\"},{\"@type\":\"BreadcrumbList\",\"@id\":\"https:\/\/gesundheitsberatung.com\/ernaehrung\/online-beratung\/weight-coaches\/a-sandkuehler\/#breadcrumb\",\"itemListElement\":[{\"@type\":\"ListItem\",\"position\":1,\"name\":\"Home\",\"item\":\"https:\/\/gesundheitsberatung.com\/ernaehrung\/\"},{\"@type\":\"ListItem\",\"position\":2,\"name\":\"Produkte\",\"item\":\"https:\/\/gesundheitsberatung.com\/ernaehrung\/shop\/\"},{\"@type\":\"ListItem\",\"position\":3,\"name\":\"Online Beratung\",\"item\":\"https:\/\/gesundheitsberatung.com\/ernaehrung\/online_berater\/online-beratung\/\"},{\"@type\":\"ListItem\",\"position\":4,\"name\":\"Weight-Coaches\",\"item\":\"https:\/\/gesundheitsberatung.com\/ernaehrung\/online_berater\/weight-coaches\/\"},{\"@type\":\"ListItem\",\"position\":5,\"name\":\"A. Sandk\u00fchler\"}]},{\"@type\":\"WebSite\",\"@id\":\"https:\/\/gesundheitsberatung.com\/ernaehrung\/#website\",\"url\":\"https:\/\/gesundheitsberatung.com\/ernaehrung\/\",\"name\":\"Ern\u00e4hrung\",\"description\":\"Ern\u00e4hrung \u260e Beratung durch Ern\u00e4hrungsberater! Jetzt Gratis-Beratung sichern: \u2714 \u00c4rzte \u2714 Heilpraktiker \u2714 Weight Coaches \u2714 Ern\u00e4hrungswissenschaftler \u2714 Di\u00e4tassistenten \u2714 Sportern\u00e4hrung bei Vistano Ern\u00e4hrung.\",\"potentialAction\":[{\"@type\":\"SearchAction\",\"target\":{\"@type\":\"EntryPoint\",\"urlTemplate\":\"https:\/\/gesundheitsberatung.com\/ernaehrung\/?s={search_term_string}\"},\"query-input\":{\"@type\":\"PropertyValueSpecification\",\"valueRequired\":true,\"valueName\":\"search_term_string\"}}],\"inLanguage\":\"de\"}]}<\/script>\n<!-- \/ Yoast SEO plugin. -->","yoast_head_json":{"title":"A. Sandk\u00fchler &#187; Weight-Coaches &#187; Vistano \u260e Beratung","description":"Vistano Weight-Coaches &#187; Ich biete individuelle Ern\u00e4hrungsberatung, d.h. speziell auf Ihre Bed\u00fcrfnisse zugeschnitten, Email Ausarbeitung sowie Email Begleitung, Rezepte","robots":{"index":"index","follow":"follow","max-snippet":"max-snippet:-1","max-image-preview":"max-image-preview:large","max-video-preview":"max-video-preview:-1"},"canonical":"https:\/\/gesundheitsberatung.com\/ernaehrung\/online-beratung\/weight-coaches\/a-sandkuehler\/","og_locale":"de_DE","og_type":"article","og_title":"A. Sandk\u00fchler &#187; Weight-Coaches &#187; Vistano \u260e Beratung","og_description":"Vistano Weight-Coaches &#187; Ich biete individuelle Ern\u00e4hrungsberatung, d.h. speziell auf Ihre Bed\u00fcrfnisse zugeschnitten, Email Ausarbeitung sowie Email Begleitung, Rezepte","og_url":"https:\/\/gesundheitsberatung.com\/ernaehrung\/online-beratung\/weight-coaches\/a-sandkuehler\/","og_site_name":"Ern\u00e4hrung","article_publisher":"https:\/\/www.facebook.com\/ernaehrung\/","article_modified_time":"2020-04-24T12:15:56+00:00","og_image":[{"width":800,"height":800,"url":"https:\/\/gesundheitsberatung.com\/ernaehrung\/wp-content\/uploads\/sites\/3\/a-sandk-hler-weight-coaches-vistano-berater-id-6212.jpg","type":"image\/jpeg"}],"twitter_card":"summary_large_image","twitter_site":"@Vistano","schema":{"@context":"https:\/\/schema.org","@graph":[{"@type":"WebPage","@id":"https:\/\/gesundheitsberatung.com\/ernaehrung\/online-beratung\/weight-coaches\/a-sandkuehler\/","url":"https:\/\/gesundheitsberatung.com\/ernaehrung\/online-beratung\/weight-coaches\/a-sandkuehler\/","name":"A. Sandk\u00fchler &#187; Weight-Coaches &#187; Vistano \u260e Beratung","isPartOf":{"@id":"https:\/\/gesundheitsberatung.com\/ernaehrung\/#website"},"primaryImageOfPage":{"@id":"https:\/\/gesundheitsberatung.com\/ernaehrung\/online-beratung\/weight-coaches\/a-sandkuehler\/#primaryimage"},"image":{"@id":"https:\/\/gesundheitsberatung.com\/ernaehrung\/online-beratung\/weight-coaches\/a-sandkuehler\/#primaryimage"},"thumbnailUrl":"https:\/\/gesundheitsberatung.com\/ernaehrung\/wp-content\/uploads\/sites\/3\/a-sandk-hler-weight-coaches-vistano-berater-id-6212.jpg","datePublished":"2018-06-08T07:52:31+00:00","dateModified":"2020-04-24T12:15:56+00:00","description":"Vistano Weight-Coaches &#187; Ich biete individuelle Ern\u00e4hrungsberatung, d.h. speziell auf Ihre Bed\u00fcrfnisse zugeschnitten, Email Ausarbeitung sowie Email Begleitung, Rezepte","breadcrumb":{"@id":"https:\/\/gesundheitsberatung.com\/ernaehrung\/online-beratung\/weight-coaches\/a-sandkuehler\/#breadcrumb"},"inLanguage":"de","potentialAction":[{"@type":"ReadAction","target":["https:\/\/gesundheitsberatung.com\/ernaehrung\/online-beratung\/weight-coaches\/a-sandkuehler\/"]}]},{"@type":"ImageObject","inLanguage":"de","@id":"https:\/\/gesundheitsberatung.com\/ernaehrung\/online-beratung\/weight-coaches\/a-sandkuehler\/#primaryimage","url":"https:\/\/gesundheitsberatung.com\/ernaehrung\/wp-content\/uploads\/sites\/3\/a-sandk-hler-weight-coaches-vistano-berater-id-6212.jpg","contentUrl":"https:\/\/gesundheitsberatung.com\/ernaehrung\/wp-content\/uploads\/sites\/3\/a-sandk-hler-weight-coaches-vistano-berater-id-6212.jpg","width":800,"height":800,"caption":"Weight-Coaches A. Sandk\u00fchler - Berater-ID: 6212"},{"@type":"BreadcrumbList","@id":"https:\/\/gesundheitsberatung.com\/ernaehrung\/online-beratung\/weight-coaches\/a-sandkuehler\/#breadcrumb","itemListElement":[{"@type":"ListItem","position":1,"name":"Home","item":"https:\/\/gesundheitsberatung.com\/ernaehrung\/"},{"@type":"ListItem","position":2,"name":"Produkte","item":"https:\/\/gesundheitsberatung.com\/ernaehrung\/shop\/"},{"@type":"ListItem","position":3,"name":"Online Beratung","item":"https:\/\/gesundheitsberatung.com\/ernaehrung\/online_berater\/online-beratung\/"},{"@type":"ListItem","position":4,"name":"Weight-Coaches","item":"https:\/\/gesundheitsberatung.com\/ernaehrung\/online_berater\/weight-coaches\/"},{"@type":"ListItem","position":5,"name":"A. Sandk\u00fchler"}]},{"@type":"WebSite","@id":"https:\/\/gesundheitsberatung.com\/ernaehrung\/#website","url":"https:\/\/gesundheitsberatung.com\/ernaehrung\/","name":"Ern\u00e4hrung","description":"Ern\u00e4hrung \u260e Beratung durch Ern\u00e4hrungsberater! Jetzt Gratis-Beratung sichern: \u2714 \u00c4rzte \u2714 Heilpraktiker \u2714 Weight Coaches \u2714 Ern\u00e4hrungswissenschaftler \u2714 Di\u00e4tassistenten \u2714 Sportern\u00e4hrung bei Vistano Ern\u00e4hrung.","potentialAction":[{"@type":"SearchAction","target":{"@type":"EntryPoint","urlTemplate":"https:\/\/gesundheitsberatung.com\/ernaehrung\/?s={search_term_string}"},"query-input":{"@type":"PropertyValueSpecification","valueRequired":true,"valueName":"search_term_string"}}],"inLanguage":"de"}]}},"_links":{"self":[{"href":"https:\/\/gesundheitsberatung.com\/ernaehrung\/wp-json\/wp\/v2\/product\/17798","targetHints":{"allow":["GET"]}}],"collection":[{"href":"https:\/\/gesundheitsberatung.com\/ernaehrung\/wp-json\/wp\/v2\/product"}],"about":[{"href":"https:\/\/gesundheitsberatung.com\/ernaehrung\/wp-json\/wp\/v2\/types\/product"}],"replies":[{"embeddable":true,"href":"https:\/\/gesundheitsberatung.com\/ernaehrung\/wp-json\/wp\/v2\/comments?post=17798"}],"wp:featuredmedia":[{"embeddable":true,"href":"https:\/\/gesundheitsberatung.com\/ernaehrung\/wp-json\/wp\/v2\/media\/19018"}],"wp:attachment":[{"href":"https:\/\/gesundheitsberatung.com\/ernaehrung\/wp-json\/wp\/v2\/media?parent=17798"}],"wp:term":[{"taxonomy":"product_cat","embeddable":true,"href":"https:\/\/gesundheitsberatung.com\/ernaehrung\/wp-json\/wp\/v2\/product_cat?post=17798"},{"taxonomy":"product_tag","embeddable":true,"href":"https:\/\/gesundheitsberatung.com\/ernaehrung\/wp-json\/wp\/v2\/product_tag?post=17798"}],"curies":[{"name":"wp","href":"https:\/\/api.w.org\/{rel}","templated":true}]}}