{"id":13510,"date":"2016-08-04T16:50:04","date_gmt":"2016-08-04T14:50:04","guid":{"rendered":"https:\/\/gesundheitsberatung.com\/ernaehrung\/?post_type=product&#038;p=13510"},"modified":"2021-07-16T15:16:06","modified_gmt":"2021-07-16T13:16:06","slug":"c-steidler","status":"publish","type":"product","link":"https:\/\/gesundheitsberatung.com\/ernaehrung\/online-beratung\/heilpraktiker\/c-steidler\/","title":{"rendered":"C. Steidler"},"content":{"rendered":"<p>Seit Jahren besch\u00e4ftige ich mich mit den Themen Ern\u00e4hrung und Ern\u00e4hrungsgewohnheiten. <\/p>\n<p>M\u00f6chten Sie \u00fcberfl\u00fcssige Pfunde verlieren? <br \/>\n Haben Sie schon einige Di\u00e4ten hinter sich? <br \/>\n Siegte letztendlich doch immer wieder Ihr &#8220;Innerer Schweinehund&#8221;?<br \/>\n Gerne unterst\u00fctze ich Sie, damit Sie Ihre Ern\u00e4hrungsgewohnheiten so in Griff bekommen, dass Ihrem Weg zu Ihrem Traumgewicht nichts mehr im Wege steht.<br \/>\n Gemeinsam werden wir es schaffen!<\/p>\n<p>Holen Sie sich Motivation, Tipps zur Ern\u00e4hrungsgestaltung und Hilfe bei der \u00c4nderung Ihrer Gewohnheiten.<br \/>\n Unterst\u00fctzend arbeite ich mit Sch\u00fcssler-Salze und den Bachbl\u00fcten.<\/p>\n<p> <span class=\"display_none\">5110<\/span><\/p>\n","protected":false},"excerpt":{"rendered":"<p>Ern\u00e4hrungsberaterin und Heilpraktikerinzus\u00e4tzliche Ausbildungen in der Sch\u00fcssler-Salz-Therapie und der Bachbl\u00fcten-Therapie<\/p>\n","protected":false},"featured_media":16327,"comment_status":"open","ping_status":"closed","template":"","meta":[],"product_cat":[],"product_tag":[],"class_list":["post-13510","product","type-product","status-publish","has-post-thumbnail","hentry","online_berater-heilpraktiker"],"yoast_head":"<!-- This site is optimized with the Yoast SEO plugin v26.0 - https:\/\/yoast.com\/wordpress\/plugins\/seo\/ -->\n<title>C. Steidler &#187; Heilpraktiker &#187; Vistano \u260e Beratung<\/title>\n<meta name=\"description\" content=\"Vistano Heilpraktiker &#187; Ern\u00e4hrungsberaterin und Heilpraktikerinzus\u00e4tzliche Ausbildungen in der Sch\u00fcssler-Salz-Therapie und der Bachbl\u00fcten-Therapie\" \/>\n<meta name=\"robots\" content=\"index, follow, max-snippet:-1, max-image-preview:large, max-video-preview:-1\" \/>\n<link rel=\"canonical\" href=\"https:\/\/gesundheitsberatung.com\/ernaehrung\/online-beratung\/heilpraktiker\/c-steidler\/\" \/>\n<meta property=\"og:locale\" content=\"de_DE\" \/>\n<meta property=\"og:type\" content=\"article\" \/>\n<meta property=\"og:title\" content=\"C. Steidler &#187; Heilpraktiker &#187; Vistano \u260e Beratung\" \/>\n<meta property=\"og:description\" content=\"Vistano Heilpraktiker &#187; Ern\u00e4hrungsberaterin und Heilpraktikerinzus\u00e4tzliche Ausbildungen in der Sch\u00fcssler-Salz-Therapie und der Bachbl\u00fcten-Therapie\" \/>\n<meta property=\"og:url\" content=\"https:\/\/gesundheitsberatung.com\/ernaehrung\/online-beratung\/heilpraktiker\/c-steidler\/\" \/>\n<meta property=\"og:site_name\" content=\"Ern\u00e4hrung\" \/>\n<meta property=\"article:publisher\" content=\"https:\/\/www.facebook.com\/ernaehrung\/\" \/>\n<meta property=\"article:modified_time\" content=\"2021-07-16T13:16:06+00:00\" \/>\n<meta property=\"og:image\" content=\"https:\/\/gesundheitsberatung.com\/ernaehrung\/wp-content\/uploads\/sites\/3\/c-steidler-heilpraktiker-vistano-berater-id-5110.jpg\" \/>\n\t<meta property=\"og:image:width\" content=\"707\" \/>\n\t<meta property=\"og:image:height\" content=\"707\" \/>\n\t<meta property=\"og:image:type\" content=\"image\/jpeg\" \/>\n<meta name=\"twitter:card\" content=\"summary_large_image\" \/>\n<meta name=\"twitter:site\" content=\"@Vistano\" \/>\n<script type=\"application\/ld+json\" class=\"yoast-schema-graph\">{\"@context\":\"https:\/\/schema.org\",\"@graph\":[{\"@type\":\"WebPage\",\"@id\":\"https:\/\/gesundheitsberatung.com\/ernaehrung\/online-beratung\/heilpraktiker\/c-steidler\/\",\"url\":\"https:\/\/gesundheitsberatung.com\/ernaehrung\/online-beratung\/heilpraktiker\/c-steidler\/\",\"name\":\"C. Steidler &#187; Heilpraktiker &#187; Vistano \u260e Beratung\",\"isPartOf\":{\"@id\":\"https:\/\/gesundheitsberatung.com\/ernaehrung\/#website\"},\"primaryImageOfPage\":{\"@id\":\"https:\/\/gesundheitsberatung.com\/ernaehrung\/online-beratung\/heilpraktiker\/c-steidler\/#primaryimage\"},\"image\":{\"@id\":\"https:\/\/gesundheitsberatung.com\/ernaehrung\/online-beratung\/heilpraktiker\/c-steidler\/#primaryimage\"},\"thumbnailUrl\":\"https:\/\/gesundheitsberatung.com\/ernaehrung\/wp-content\/uploads\/sites\/3\/c-steidler-heilpraktiker-vistano-berater-id-5110.jpg\",\"datePublished\":\"2016-08-04T14:50:04+00:00\",\"dateModified\":\"2021-07-16T13:16:06+00:00\",\"description\":\"Vistano Heilpraktiker &#187; Ern\u00e4hrungsberaterin und Heilpraktikerinzus\u00e4tzliche Ausbildungen in der Sch\u00fcssler-Salz-Therapie und der Bachbl\u00fcten-Therapie\",\"breadcrumb\":{\"@id\":\"https:\/\/gesundheitsberatung.com\/ernaehrung\/online-beratung\/heilpraktiker\/c-steidler\/#breadcrumb\"},\"inLanguage\":\"de\",\"potentialAction\":[{\"@type\":\"ReadAction\",\"target\":[\"https:\/\/gesundheitsberatung.com\/ernaehrung\/online-beratung\/heilpraktiker\/c-steidler\/\"]}]},{\"@type\":\"ImageObject\",\"inLanguage\":\"de\",\"@id\":\"https:\/\/gesundheitsberatung.com\/ernaehrung\/online-beratung\/heilpraktiker\/c-steidler\/#primaryimage\",\"url\":\"https:\/\/gesundheitsberatung.com\/ernaehrung\/wp-content\/uploads\/sites\/3\/c-steidler-heilpraktiker-vistano-berater-id-5110.jpg\",\"contentUrl\":\"https:\/\/gesundheitsberatung.com\/ernaehrung\/wp-content\/uploads\/sites\/3\/c-steidler-heilpraktiker-vistano-berater-id-5110.jpg\",\"width\":707,\"height\":707,\"caption\":\"Heilpraktiker C. Steidler - Berater-ID: 5110\"},{\"@type\":\"BreadcrumbList\",\"@id\":\"https:\/\/gesundheitsberatung.com\/ernaehrung\/online-beratung\/heilpraktiker\/c-steidler\/#breadcrumb\",\"itemListElement\":[{\"@type\":\"ListItem\",\"position\":1,\"name\":\"Home\",\"item\":\"https:\/\/gesundheitsberatung.com\/ernaehrung\/\"},{\"@type\":\"ListItem\",\"position\":2,\"name\":\"Produkte\",\"item\":\"https:\/\/gesundheitsberatung.com\/ernaehrung\/shop\/\"},{\"@type\":\"ListItem\",\"position\":3,\"name\":\"Online Beratung\",\"item\":\"https:\/\/gesundheitsberatung.com\/ernaehrung\/online_berater\/online-beratung\/\"},{\"@type\":\"ListItem\",\"position\":4,\"name\":\"Heilpraktiker\",\"item\":\"https:\/\/gesundheitsberatung.com\/ernaehrung\/online_berater\/heilpraktiker\/\"},{\"@type\":\"ListItem\",\"position\":5,\"name\":\"C. Steidler\"}]},{\"@type\":\"WebSite\",\"@id\":\"https:\/\/gesundheitsberatung.com\/ernaehrung\/#website\",\"url\":\"https:\/\/gesundheitsberatung.com\/ernaehrung\/\",\"name\":\"Ern\u00e4hrung\",\"description\":\"Ern\u00e4hrung \u260e Beratung durch Ern\u00e4hrungsberater! Jetzt Gratis-Beratung sichern: \u2714 \u00c4rzte \u2714 Heilpraktiker \u2714 Weight Coaches \u2714 Ern\u00e4hrungswissenschaftler \u2714 Di\u00e4tassistenten \u2714 Sportern\u00e4hrung bei Vistano Ern\u00e4hrung.\",\"potentialAction\":[{\"@type\":\"SearchAction\",\"target\":{\"@type\":\"EntryPoint\",\"urlTemplate\":\"https:\/\/gesundheitsberatung.com\/ernaehrung\/?s={search_term_string}\"},\"query-input\":{\"@type\":\"PropertyValueSpecification\",\"valueRequired\":true,\"valueName\":\"search_term_string\"}}],\"inLanguage\":\"de\"}]}<\/script>\n<!-- \/ Yoast SEO plugin. -->","yoast_head_json":{"title":"C. Steidler &#187; Heilpraktiker &#187; Vistano \u260e Beratung","description":"Vistano Heilpraktiker &#187; Ern\u00e4hrungsberaterin und Heilpraktikerinzus\u00e4tzliche Ausbildungen in der Sch\u00fcssler-Salz-Therapie und der Bachbl\u00fcten-Therapie","robots":{"index":"index","follow":"follow","max-snippet":"max-snippet:-1","max-image-preview":"max-image-preview:large","max-video-preview":"max-video-preview:-1"},"canonical":"https:\/\/gesundheitsberatung.com\/ernaehrung\/online-beratung\/heilpraktiker\/c-steidler\/","og_locale":"de_DE","og_type":"article","og_title":"C. Steidler &#187; Heilpraktiker &#187; Vistano \u260e Beratung","og_description":"Vistano Heilpraktiker &#187; Ern\u00e4hrungsberaterin und Heilpraktikerinzus\u00e4tzliche Ausbildungen in der Sch\u00fcssler-Salz-Therapie und der Bachbl\u00fcten-Therapie","og_url":"https:\/\/gesundheitsberatung.com\/ernaehrung\/online-beratung\/heilpraktiker\/c-steidler\/","og_site_name":"Ern\u00e4hrung","article_publisher":"https:\/\/www.facebook.com\/ernaehrung\/","article_modified_time":"2021-07-16T13:16:06+00:00","og_image":[{"width":707,"height":707,"url":"https:\/\/gesundheitsberatung.com\/ernaehrung\/wp-content\/uploads\/sites\/3\/c-steidler-heilpraktiker-vistano-berater-id-5110.jpg","type":"image\/jpeg"}],"twitter_card":"summary_large_image","twitter_site":"@Vistano","schema":{"@context":"https:\/\/schema.org","@graph":[{"@type":"WebPage","@id":"https:\/\/gesundheitsberatung.com\/ernaehrung\/online-beratung\/heilpraktiker\/c-steidler\/","url":"https:\/\/gesundheitsberatung.com\/ernaehrung\/online-beratung\/heilpraktiker\/c-steidler\/","name":"C. Steidler &#187; Heilpraktiker &#187; Vistano \u260e Beratung","isPartOf":{"@id":"https:\/\/gesundheitsberatung.com\/ernaehrung\/#website"},"primaryImageOfPage":{"@id":"https:\/\/gesundheitsberatung.com\/ernaehrung\/online-beratung\/heilpraktiker\/c-steidler\/#primaryimage"},"image":{"@id":"https:\/\/gesundheitsberatung.com\/ernaehrung\/online-beratung\/heilpraktiker\/c-steidler\/#primaryimage"},"thumbnailUrl":"https:\/\/gesundheitsberatung.com\/ernaehrung\/wp-content\/uploads\/sites\/3\/c-steidler-heilpraktiker-vistano-berater-id-5110.jpg","datePublished":"2016-08-04T14:50:04+00:00","dateModified":"2021-07-16T13:16:06+00:00","description":"Vistano Heilpraktiker &#187; Ern\u00e4hrungsberaterin und Heilpraktikerinzus\u00e4tzliche Ausbildungen in der Sch\u00fcssler-Salz-Therapie und der Bachbl\u00fcten-Therapie","breadcrumb":{"@id":"https:\/\/gesundheitsberatung.com\/ernaehrung\/online-beratung\/heilpraktiker\/c-steidler\/#breadcrumb"},"inLanguage":"de","potentialAction":[{"@type":"ReadAction","target":["https:\/\/gesundheitsberatung.com\/ernaehrung\/online-beratung\/heilpraktiker\/c-steidler\/"]}]},{"@type":"ImageObject","inLanguage":"de","@id":"https:\/\/gesundheitsberatung.com\/ernaehrung\/online-beratung\/heilpraktiker\/c-steidler\/#primaryimage","url":"https:\/\/gesundheitsberatung.com\/ernaehrung\/wp-content\/uploads\/sites\/3\/c-steidler-heilpraktiker-vistano-berater-id-5110.jpg","contentUrl":"https:\/\/gesundheitsberatung.com\/ernaehrung\/wp-content\/uploads\/sites\/3\/c-steidler-heilpraktiker-vistano-berater-id-5110.jpg","width":707,"height":707,"caption":"Heilpraktiker C. Steidler - Berater-ID: 5110"},{"@type":"BreadcrumbList","@id":"https:\/\/gesundheitsberatung.com\/ernaehrung\/online-beratung\/heilpraktiker\/c-steidler\/#breadcrumb","itemListElement":[{"@type":"ListItem","position":1,"name":"Home","item":"https:\/\/gesundheitsberatung.com\/ernaehrung\/"},{"@type":"ListItem","position":2,"name":"Produkte","item":"https:\/\/gesundheitsberatung.com\/ernaehrung\/shop\/"},{"@type":"ListItem","position":3,"name":"Online Beratung","item":"https:\/\/gesundheitsberatung.com\/ernaehrung\/online_berater\/online-beratung\/"},{"@type":"ListItem","position":4,"name":"Heilpraktiker","item":"https:\/\/gesundheitsberatung.com\/ernaehrung\/online_berater\/heilpraktiker\/"},{"@type":"ListItem","position":5,"name":"C. Steidler"}]},{"@type":"WebSite","@id":"https:\/\/gesundheitsberatung.com\/ernaehrung\/#website","url":"https:\/\/gesundheitsberatung.com\/ernaehrung\/","name":"Ern\u00e4hrung","description":"Ern\u00e4hrung \u260e Beratung durch Ern\u00e4hrungsberater! Jetzt Gratis-Beratung sichern: \u2714 \u00c4rzte \u2714 Heilpraktiker \u2714 Weight Coaches \u2714 Ern\u00e4hrungswissenschaftler \u2714 Di\u00e4tassistenten \u2714 Sportern\u00e4hrung bei Vistano Ern\u00e4hrung.","potentialAction":[{"@type":"SearchAction","target":{"@type":"EntryPoint","urlTemplate":"https:\/\/gesundheitsberatung.com\/ernaehrung\/?s={search_term_string}"},"query-input":{"@type":"PropertyValueSpecification","valueRequired":true,"valueName":"search_term_string"}}],"inLanguage":"de"}]}},"_links":{"self":[{"href":"https:\/\/gesundheitsberatung.com\/ernaehrung\/wp-json\/wp\/v2\/product\/13510","targetHints":{"allow":["GET"]}}],"collection":[{"href":"https:\/\/gesundheitsberatung.com\/ernaehrung\/wp-json\/wp\/v2\/product"}],"about":[{"href":"https:\/\/gesundheitsberatung.com\/ernaehrung\/wp-json\/wp\/v2\/types\/product"}],"replies":[{"embeddable":true,"href":"https:\/\/gesundheitsberatung.com\/ernaehrung\/wp-json\/wp\/v2\/comments?post=13510"}],"wp:featuredmedia":[{"embeddable":true,"href":"https:\/\/gesundheitsberatung.com\/ernaehrung\/wp-json\/wp\/v2\/media\/16327"}],"wp:attachment":[{"href":"https:\/\/gesundheitsberatung.com\/ernaehrung\/wp-json\/wp\/v2\/media?parent=13510"}],"wp:term":[{"taxonomy":"product_cat","embeddable":true,"href":"https:\/\/gesundheitsberatung.com\/ernaehrung\/wp-json\/wp\/v2\/product_cat?post=13510"},{"taxonomy":"product_tag","embeddable":true,"href":"https:\/\/gesundheitsberatung.com\/ernaehrung\/wp-json\/wp\/v2\/product_tag?post=13510"}],"curies":[{"name":"wp","href":"https:\/\/api.w.org\/{rel}","templated":true}]}}