{"id":13505,"date":"2017-06-04T00:54:48","date_gmt":"2017-06-03T22:54:48","guid":{"rendered":"https:\/\/gesundheitsberatung.com\/ernaehrung\/?post_type=product&#038;p=13505"},"modified":"2020-01-22T14:30:13","modified_gmt":"2020-01-22T13:30:13","slug":"a-fischer","status":"publish","type":"product","link":"https:\/\/gesundheitsberatung.com\/ernaehrung\/online-beratung\/heilpraktiker\/a-fischer\/","title":{"rendered":"A. Fischer"},"content":{"rendered":"<p>Damit Sie sich wieder wohl f\u00fchlen in Ihrem K\u00f6rper, biete ich Ihnen eine individuell angepasste Ern\u00e4hrungsweise mit entsprechenden Entgiftungsma\u00dfnahmen.  Zus\u00e4tzlich gibt es verschiedene Tipps und M\u00f6glichkeiten, die Umstellung zu vereinfachen und Schritt f\u00fcr Schritt durchzuf\u00fchren.Ihre A.Fischer<span class=\"display_none\">4800<\/span><\/p>\n","protected":false},"excerpt":{"rendered":"<p>Ich biete Ihnen eine individuelle, auf Sie zugeschnittene Ern\u00e4hrungsanalyse, denn Ern\u00e4hrung und Wohlbefinden stehen in engem Zusammenhang.<\/p>\n","protected":false},"featured_media":16320,"comment_status":"open","ping_status":"closed","template":"","meta":[],"product_cat":[],"product_tag":[],"class_list":["post-13505","product","type-product","status-publish","has-post-thumbnail","hentry","online_berater-heilpraktiker"],"yoast_head":"<!-- This site is optimized with the Yoast SEO plugin v26.0 - https:\/\/yoast.com\/wordpress\/plugins\/seo\/ -->\n<title>A. Fischer &#187; Heilpraktiker &#187; Vistano \u260e Beratung<\/title>\n<meta name=\"description\" content=\"Vistano Heilpraktiker &#187; Ich biete Ihnen eine individuelle, auf Sie zugeschnittene Ern\u00e4hrungsanalyse, denn Ern\u00e4hrung und Wohlbefinden stehen in engem Zusammenhang.\" \/>\n<meta name=\"robots\" content=\"index, follow, max-snippet:-1, max-image-preview:large, max-video-preview:-1\" \/>\n<link rel=\"canonical\" href=\"https:\/\/gesundheitsberatung.com\/ernaehrung\/online-beratung\/heilpraktiker\/a-fischer\/\" \/>\n<meta property=\"og:locale\" content=\"de_DE\" \/>\n<meta property=\"og:type\" content=\"article\" \/>\n<meta property=\"og:title\" content=\"A. Fischer &#187; Heilpraktiker &#187; Vistano \u260e Beratung\" \/>\n<meta property=\"og:description\" content=\"Vistano Heilpraktiker &#187; Ich biete Ihnen eine individuelle, auf Sie zugeschnittene Ern\u00e4hrungsanalyse, denn Ern\u00e4hrung und Wohlbefinden stehen in engem Zusammenhang.\" \/>\n<meta property=\"og:url\" content=\"https:\/\/gesundheitsberatung.com\/ernaehrung\/online-beratung\/heilpraktiker\/a-fischer\/\" \/>\n<meta property=\"og:site_name\" content=\"Ern\u00e4hrung\" \/>\n<meta property=\"article:publisher\" content=\"https:\/\/www.facebook.com\/ernaehrung\/\" \/>\n<meta property=\"article:modified_time\" content=\"2020-01-22T13:30:13+00:00\" \/>\n<meta property=\"og:image\" content=\"https:\/\/gesundheitsberatung.com\/ernaehrung\/wp-content\/uploads\/sites\/3\/a-fischer-heilpraktiker-vistano-berater-id-4800.jpg\" \/>\n\t<meta property=\"og:image:width\" content=\"700\" \/>\n\t<meta property=\"og:image:height\" content=\"700\" \/>\n\t<meta property=\"og:image:type\" content=\"image\/jpeg\" \/>\n<meta name=\"twitter:card\" content=\"summary_large_image\" \/>\n<meta name=\"twitter:site\" content=\"@Vistano\" \/>\n<script type=\"application\/ld+json\" class=\"yoast-schema-graph\">{\"@context\":\"https:\/\/schema.org\",\"@graph\":[{\"@type\":\"WebPage\",\"@id\":\"https:\/\/gesundheitsberatung.com\/ernaehrung\/online-beratung\/heilpraktiker\/a-fischer\/\",\"url\":\"https:\/\/gesundheitsberatung.com\/ernaehrung\/online-beratung\/heilpraktiker\/a-fischer\/\",\"name\":\"A. Fischer &#187; Heilpraktiker &#187; Vistano \u260e Beratung\",\"isPartOf\":{\"@id\":\"https:\/\/gesundheitsberatung.com\/ernaehrung\/#website\"},\"primaryImageOfPage\":{\"@id\":\"https:\/\/gesundheitsberatung.com\/ernaehrung\/online-beratung\/heilpraktiker\/a-fischer\/#primaryimage\"},\"image\":{\"@id\":\"https:\/\/gesundheitsberatung.com\/ernaehrung\/online-beratung\/heilpraktiker\/a-fischer\/#primaryimage\"},\"thumbnailUrl\":\"https:\/\/gesundheitsberatung.com\/ernaehrung\/wp-content\/uploads\/sites\/3\/a-fischer-heilpraktiker-vistano-berater-id-4800.jpg\",\"datePublished\":\"2017-06-03T22:54:48+00:00\",\"dateModified\":\"2020-01-22T13:30:13+00:00\",\"description\":\"Vistano Heilpraktiker &#187; Ich biete Ihnen eine individuelle, auf Sie zugeschnittene Ern\u00e4hrungsanalyse, denn Ern\u00e4hrung und Wohlbefinden stehen in engem Zusammenhang.\",\"breadcrumb\":{\"@id\":\"https:\/\/gesundheitsberatung.com\/ernaehrung\/online-beratung\/heilpraktiker\/a-fischer\/#breadcrumb\"},\"inLanguage\":\"de\",\"potentialAction\":[{\"@type\":\"ReadAction\",\"target\":[\"https:\/\/gesundheitsberatung.com\/ernaehrung\/online-beratung\/heilpraktiker\/a-fischer\/\"]}]},{\"@type\":\"ImageObject\",\"inLanguage\":\"de\",\"@id\":\"https:\/\/gesundheitsberatung.com\/ernaehrung\/online-beratung\/heilpraktiker\/a-fischer\/#primaryimage\",\"url\":\"https:\/\/gesundheitsberatung.com\/ernaehrung\/wp-content\/uploads\/sites\/3\/a-fischer-heilpraktiker-vistano-berater-id-4800.jpg\",\"contentUrl\":\"https:\/\/gesundheitsberatung.com\/ernaehrung\/wp-content\/uploads\/sites\/3\/a-fischer-heilpraktiker-vistano-berater-id-4800.jpg\",\"width\":700,\"height\":700,\"caption\":\"Heilpraktiker A. Fischer - Berater-ID: 4800\"},{\"@type\":\"BreadcrumbList\",\"@id\":\"https:\/\/gesundheitsberatung.com\/ernaehrung\/online-beratung\/heilpraktiker\/a-fischer\/#breadcrumb\",\"itemListElement\":[{\"@type\":\"ListItem\",\"position\":1,\"name\":\"Home\",\"item\":\"https:\/\/gesundheitsberatung.com\/ernaehrung\/\"},{\"@type\":\"ListItem\",\"position\":2,\"name\":\"Produkte\",\"item\":\"https:\/\/gesundheitsberatung.com\/ernaehrung\/shop\/\"},{\"@type\":\"ListItem\",\"position\":3,\"name\":\"Online Beratung\",\"item\":\"https:\/\/gesundheitsberatung.com\/ernaehrung\/online_berater\/online-beratung\/\"},{\"@type\":\"ListItem\",\"position\":4,\"name\":\"Heilpraktiker\",\"item\":\"https:\/\/gesundheitsberatung.com\/ernaehrung\/online_berater\/heilpraktiker\/\"},{\"@type\":\"ListItem\",\"position\":5,\"name\":\"A. Fischer\"}]},{\"@type\":\"WebSite\",\"@id\":\"https:\/\/gesundheitsberatung.com\/ernaehrung\/#website\",\"url\":\"https:\/\/gesundheitsberatung.com\/ernaehrung\/\",\"name\":\"Ern\u00e4hrung\",\"description\":\"Ern\u00e4hrung \u260e Beratung durch Ern\u00e4hrungsberater! Jetzt Gratis-Beratung sichern: \u2714 \u00c4rzte \u2714 Heilpraktiker \u2714 Weight Coaches \u2714 Ern\u00e4hrungswissenschaftler \u2714 Di\u00e4tassistenten \u2714 Sportern\u00e4hrung bei Vistano Ern\u00e4hrung.\",\"potentialAction\":[{\"@type\":\"SearchAction\",\"target\":{\"@type\":\"EntryPoint\",\"urlTemplate\":\"https:\/\/gesundheitsberatung.com\/ernaehrung\/?s={search_term_string}\"},\"query-input\":{\"@type\":\"PropertyValueSpecification\",\"valueRequired\":true,\"valueName\":\"search_term_string\"}}],\"inLanguage\":\"de\"}]}<\/script>\n<!-- \/ Yoast SEO plugin. -->","yoast_head_json":{"title":"A. Fischer &#187; Heilpraktiker &#187; Vistano \u260e Beratung","description":"Vistano Heilpraktiker &#187; Ich biete Ihnen eine individuelle, auf Sie zugeschnittene Ern\u00e4hrungsanalyse, denn Ern\u00e4hrung und Wohlbefinden stehen in engem Zusammenhang.","robots":{"index":"index","follow":"follow","max-snippet":"max-snippet:-1","max-image-preview":"max-image-preview:large","max-video-preview":"max-video-preview:-1"},"canonical":"https:\/\/gesundheitsberatung.com\/ernaehrung\/online-beratung\/heilpraktiker\/a-fischer\/","og_locale":"de_DE","og_type":"article","og_title":"A. Fischer &#187; Heilpraktiker &#187; Vistano \u260e Beratung","og_description":"Vistano Heilpraktiker &#187; Ich biete Ihnen eine individuelle, auf Sie zugeschnittene Ern\u00e4hrungsanalyse, denn Ern\u00e4hrung und Wohlbefinden stehen in engem Zusammenhang.","og_url":"https:\/\/gesundheitsberatung.com\/ernaehrung\/online-beratung\/heilpraktiker\/a-fischer\/","og_site_name":"Ern\u00e4hrung","article_publisher":"https:\/\/www.facebook.com\/ernaehrung\/","article_modified_time":"2020-01-22T13:30:13+00:00","og_image":[{"width":700,"height":700,"url":"https:\/\/gesundheitsberatung.com\/ernaehrung\/wp-content\/uploads\/sites\/3\/a-fischer-heilpraktiker-vistano-berater-id-4800.jpg","type":"image\/jpeg"}],"twitter_card":"summary_large_image","twitter_site":"@Vistano","schema":{"@context":"https:\/\/schema.org","@graph":[{"@type":"WebPage","@id":"https:\/\/gesundheitsberatung.com\/ernaehrung\/online-beratung\/heilpraktiker\/a-fischer\/","url":"https:\/\/gesundheitsberatung.com\/ernaehrung\/online-beratung\/heilpraktiker\/a-fischer\/","name":"A. Fischer &#187; Heilpraktiker &#187; Vistano \u260e Beratung","isPartOf":{"@id":"https:\/\/gesundheitsberatung.com\/ernaehrung\/#website"},"primaryImageOfPage":{"@id":"https:\/\/gesundheitsberatung.com\/ernaehrung\/online-beratung\/heilpraktiker\/a-fischer\/#primaryimage"},"image":{"@id":"https:\/\/gesundheitsberatung.com\/ernaehrung\/online-beratung\/heilpraktiker\/a-fischer\/#primaryimage"},"thumbnailUrl":"https:\/\/gesundheitsberatung.com\/ernaehrung\/wp-content\/uploads\/sites\/3\/a-fischer-heilpraktiker-vistano-berater-id-4800.jpg","datePublished":"2017-06-03T22:54:48+00:00","dateModified":"2020-01-22T13:30:13+00:00","description":"Vistano Heilpraktiker &#187; Ich biete Ihnen eine individuelle, auf Sie zugeschnittene Ern\u00e4hrungsanalyse, denn Ern\u00e4hrung und Wohlbefinden stehen in engem Zusammenhang.","breadcrumb":{"@id":"https:\/\/gesundheitsberatung.com\/ernaehrung\/online-beratung\/heilpraktiker\/a-fischer\/#breadcrumb"},"inLanguage":"de","potentialAction":[{"@type":"ReadAction","target":["https:\/\/gesundheitsberatung.com\/ernaehrung\/online-beratung\/heilpraktiker\/a-fischer\/"]}]},{"@type":"ImageObject","inLanguage":"de","@id":"https:\/\/gesundheitsberatung.com\/ernaehrung\/online-beratung\/heilpraktiker\/a-fischer\/#primaryimage","url":"https:\/\/gesundheitsberatung.com\/ernaehrung\/wp-content\/uploads\/sites\/3\/a-fischer-heilpraktiker-vistano-berater-id-4800.jpg","contentUrl":"https:\/\/gesundheitsberatung.com\/ernaehrung\/wp-content\/uploads\/sites\/3\/a-fischer-heilpraktiker-vistano-berater-id-4800.jpg","width":700,"height":700,"caption":"Heilpraktiker A. Fischer - Berater-ID: 4800"},{"@type":"BreadcrumbList","@id":"https:\/\/gesundheitsberatung.com\/ernaehrung\/online-beratung\/heilpraktiker\/a-fischer\/#breadcrumb","itemListElement":[{"@type":"ListItem","position":1,"name":"Home","item":"https:\/\/gesundheitsberatung.com\/ernaehrung\/"},{"@type":"ListItem","position":2,"name":"Produkte","item":"https:\/\/gesundheitsberatung.com\/ernaehrung\/shop\/"},{"@type":"ListItem","position":3,"name":"Online Beratung","item":"https:\/\/gesundheitsberatung.com\/ernaehrung\/online_berater\/online-beratung\/"},{"@type":"ListItem","position":4,"name":"Heilpraktiker","item":"https:\/\/gesundheitsberatung.com\/ernaehrung\/online_berater\/heilpraktiker\/"},{"@type":"ListItem","position":5,"name":"A. Fischer"}]},{"@type":"WebSite","@id":"https:\/\/gesundheitsberatung.com\/ernaehrung\/#website","url":"https:\/\/gesundheitsberatung.com\/ernaehrung\/","name":"Ern\u00e4hrung","description":"Ern\u00e4hrung \u260e Beratung durch Ern\u00e4hrungsberater! Jetzt Gratis-Beratung sichern: \u2714 \u00c4rzte \u2714 Heilpraktiker \u2714 Weight Coaches \u2714 Ern\u00e4hrungswissenschaftler \u2714 Di\u00e4tassistenten \u2714 Sportern\u00e4hrung bei Vistano Ern\u00e4hrung.","potentialAction":[{"@type":"SearchAction","target":{"@type":"EntryPoint","urlTemplate":"https:\/\/gesundheitsberatung.com\/ernaehrung\/?s={search_term_string}"},"query-input":{"@type":"PropertyValueSpecification","valueRequired":true,"valueName":"search_term_string"}}],"inLanguage":"de"}]}},"_links":{"self":[{"href":"https:\/\/gesundheitsberatung.com\/ernaehrung\/wp-json\/wp\/v2\/product\/13505","targetHints":{"allow":["GET"]}}],"collection":[{"href":"https:\/\/gesundheitsberatung.com\/ernaehrung\/wp-json\/wp\/v2\/product"}],"about":[{"href":"https:\/\/gesundheitsberatung.com\/ernaehrung\/wp-json\/wp\/v2\/types\/product"}],"replies":[{"embeddable":true,"href":"https:\/\/gesundheitsberatung.com\/ernaehrung\/wp-json\/wp\/v2\/comments?post=13505"}],"wp:featuredmedia":[{"embeddable":true,"href":"https:\/\/gesundheitsberatung.com\/ernaehrung\/wp-json\/wp\/v2\/media\/16320"}],"wp:attachment":[{"href":"https:\/\/gesundheitsberatung.com\/ernaehrung\/wp-json\/wp\/v2\/media?parent=13505"}],"wp:term":[{"taxonomy":"product_cat","embeddable":true,"href":"https:\/\/gesundheitsberatung.com\/ernaehrung\/wp-json\/wp\/v2\/product_cat?post=13505"},{"taxonomy":"product_tag","embeddable":true,"href":"https:\/\/gesundheitsberatung.com\/ernaehrung\/wp-json\/wp\/v2\/product_tag?post=13505"}],"curies":[{"name":"wp","href":"https:\/\/api.w.org\/{rel}","templated":true}]}}