{"id":4671,"date":"2013-06-01T16:10:22","date_gmt":"2013-06-01T14:10:22","guid":{"rendered":"http:\/\/gesundheitsberatung.com\/ernaehrung\/?page_id=4671"},"modified":"2018-10-04T12:40:53","modified_gmt":"2018-10-04T10:40:53","slug":"ernaehrung-online-beratung-unsere-vision","status":"publish","type":"page","link":"https:\/\/gesundheitsberatung.com\/ernaehrung\/ernaehrung-online-beratung-unsere-vision\/","title":{"rendered":"Ern\u00e4hrung Online Beratung &#8211; Unsere Vision"},"content":{"rendered":"<p>[av_layerslider id=&#8217;9&#8242;]<\/p>\n<div  class='flex_column av-av_one_full-2a9015ff38129c418a3f2eafba3e9512 av_one_full first flex_column_div  '     ><p>\n<style type=\"text\/css\" data-created_by=\"avia_inline_auto\" id=\"style-css-av-av_heading-1ce52ba8e4fb247a52ea07b095f2ce68\">\n#top .av-special-heading.av-av_heading-1ce52ba8e4fb247a52ea07b095f2ce68{\npadding-bottom:0;\n}\nbody .av-special-heading.av-av_heading-1ce52ba8e4fb247a52ea07b095f2ce68 .av-special-heading-tag .heading-char{\nfont-size:25px;\n}\n.av-special-heading.av-av_heading-1ce52ba8e4fb247a52ea07b095f2ce68 .av-subheading{\nfont-size:10px;\n}\n<\/style>\n<div  class='av-special-heading av-av_heading-1ce52ba8e4fb247a52ea07b095f2ce68 av-special-heading-h1 blockquote modern-quote'><h1 class='av-special-heading-tag'  itemprop=\"headline\"  >Onlineberatung \u2013 Moderne Therapie in der Ern\u00e4hrung<\/h1><div class=\"special-heading-border\"><div class=\"special-heading-inner-border\"><\/div><\/div><\/div><br \/>\n<div  class='hr av-av_hr-d3021aff4e2c88ff75459fd6b3a45a12 hr-default'><span class='hr-inner '><span class=\"hr-inner-style\"><\/span><\/span><\/div><\/p><\/div>\n<div  class='flex_column av-av_one_half-2a9015ff38129c418a3f2eafba3e9512 av_one_half first flex_column_div  '     ><style type=\"text\/css\" data-created_by=\"avia_inline_auto\" id=\"style-css-av-av_image-efded74b1fb9d88b25d06a6b4eaf012f\">\n.avia-image-container.av-av_image-efded74b1fb9d88b25d06a6b4eaf012f img.avia_image{\nbox-shadow:none;\n}\n.avia-image-container.av-av_image-efded74b1fb9d88b25d06a6b4eaf012f .av-image-caption-overlay-center{\ncolor:#ffffff;\n}\n<\/style>\n<div  class='avia-image-container av-av_image-efded74b1fb9d88b25d06a6b4eaf012f av-styling- avia-align-center'   itemprop=\"image\" itemscope=\"itemscope\" itemtype=\"https:\/\/schema.org\/ImageObject\" ><div class=\"avia-image-container-inner\"><div class=\"avia-image-overlay-wrap\"><img decoding=\"async\" width=\"868\" height=\"1030\" fetchpriority=\"high\" class='wp-image-4686 avia-img-lazy-loading-not-4686 avia_image ' src=\"http:\/\/gesundheitsberatung.com\/ernaehrung\/wp-content\/uploads\/sites\/3\/onlineberatung-unsere-vision-868x1030.jpg\" alt='Onlineberatung unsere Vision' title='Onlineberatung unsere Vision'   itemprop=\"thumbnailUrl\" srcset=\"https:\/\/gesundheitsberatung.com\/ernaehrung\/wp-content\/uploads\/sites\/3\/onlineberatung-unsere-vision-868x1030.jpg 868w, https:\/\/gesundheitsberatung.com\/ernaehrung\/wp-content\/uploads\/sites\/3\/onlineberatung-unsere-vision-252x300.jpg 252w, https:\/\/gesundheitsberatung.com\/ernaehrung\/wp-content\/uploads\/sites\/3\/onlineberatung-unsere-vision-594x705.jpg 594w, https:\/\/gesundheitsberatung.com\/ernaehrung\/wp-content\/uploads\/sites\/3\/onlineberatung-unsere-vision-450x533.jpg 450w, https:\/\/gesundheitsberatung.com\/ernaehrung\/wp-content\/uploads\/sites\/3\/onlineberatung-unsere-vision.jpg 1024w\" sizes=\"(max-width: 868px) 100vw, 868px\" \/><\/div><\/div><\/div><\/div>\n\n<style type=\"text\/css\" data-created_by=\"avia_inline_auto\" id=\"style-css-av-av_one_half-0aa7055fe62c3622faec82866afbaeb2\">\n.flex_column.av-av_one_half-0aa7055fe62c3622faec82866afbaeb2{\nborder-radius:0px 0px 0px 0px;\npadding:0px 0px 0px 0px;\n}\n<\/style>\n<div  class='flex_column av-av_one_half-0aa7055fe62c3622faec82866afbaeb2 av_one_half flex_column_div av-zero-column-padding  '     ><section  class='av_textblock_section av-av_textblock-2bd894dbf2e4bf2c4acf98ce4fbf94aa '   itemscope=\"itemscope\" itemtype=\"https:\/\/schema.org\/CreativeWork\" ><div class='avia_textblock'  itemprop=\"text\" ><h3>Onlineberatung &#8211; Unsere Vision<\/h3>\n<p>Wir haben die Vision, neue und moderne Wege bei wichtigen Themen der Lebenshilfe zu erschliessen. Dazu m\u00f6chten wir Spezialisten direkt und unmittelbar einem Rat- oder Hilfesuchenden zug\u00e4nglich machen und das \u00fcberall und unabh\u00e4ngig von Zeit und Ort.<\/p>\n<p>Unser Ziel ist es das moderne Kommunikationsmittel Internet inkl. all seiner Kommunikationsm\u00f6glichkeiten (Chat und E-Mail) mit der klassischen Technik der Telefonie zu verbinden. So erschaffen wir eine professionelle Kommunikationsplattform f\u00fcr Dich als Ratsuchenden, die dazu dient Deine Lebensqualit\u00e4t zu verbessern oder f\u00fcr Dich als Berater, um Deine Hilfe unkompliziert f\u00fcr andere Menschen zug\u00e4nglich zu machen.<\/p>\n<p>Als Berater stellen wir Dir ein &#8220;Online B\u00fcro&#8221;, oder auch eine &#8220;Online Praxis&#8221; mit Sekretariat und Verrechnungsstelle zur Verf\u00fcgung. Als Ratsuchender bieten wir Dir gepr\u00fcfte und professionelle Experten, einen sicheren Zugang und eine transparente Abrechnung.<\/p>\n<p>Bei Vistano hast Du die M\u00f6glichkeit ohne Termin und Wartezeit direkt auf ein Netzwerk ausgebildeter Spezialisten zuzugreifen und erh\u00e4ltst sofort diskrete Lebenshilfe.<\/p>\n<\/div><\/section><\/div><div  class='hr av-av_hr-d3021aff4e2c88ff75459fd6b3a45a12 hr-default'><span class='hr-inner '><span class=\"hr-inner-style\"><\/span><\/span><\/div><\/p>\n<div  class='flex_column av-av_one_half-2a9015ff38129c418a3f2eafba3e9512 av_one_half first flex_column_div  '     ><section  class='av_textblock_section av-av_textblock-0366cc7376be6c9e82a3e9cc8987b64f '   itemscope=\"itemscope\" itemtype=\"https:\/\/schema.org\/CreativeWork\" ><div class='avia_textblock'  itemprop=\"text\" ><h3>Online Beratung &#8211; Ein Anfang &amp; ein Ziel<\/h3>\n<p>Viele Menschen erfahren im Laufe ihres Lebens eine oft stark belastende Erfahrung, die sie seit l\u00e4ngerem mit sich tragen und alleine kaum oder nicht verarbeiten k\u00f6nnen. Manche verlieren sich in st\u00e4ndigem Gr\u00fcbeln, sch\u00e4men sich ihrer Situation oder vermeiden wichtige Entscheidungen, die dem L\u00f6sen der Situation dienlich w\u00e4ren.<\/p>\n<p>Der grundlegende Wille diese Situation wieder aufzul\u00f6sen ist da. Die \u00dcberbelastung soll gemeistert werden oder eine befriedigende Beziehung zu anderen Menschen soll wieder erreicht werden. Ziel ist es &#8220;nur&#8221; ein harmonisches Leben zu leben, ohne das Gef\u00fchl von Wertlosigkeit, immer zu scheitern oder einer Situation ohnm\u00e4chtig ausgeliefert zu sein.<\/p>\n<p>Das Ziel der Online Beratung ist es, die belastende Situation mit professioneller Unterst\u00fctzung aufzul\u00f6sen und neue Orientierung zu geben. Am Ende der Beratung sollst Du der Situation wieder gewachsen sein und Dich sicher f\u00fchlen. Du sollst dem Leben wieder entspannt und positiv entgegenblicken. Gegen \u00e4hnliche Situationen soll in Zukunft ein Schutzschild aufgebaut werden, das es Dir erm\u00f6glicht, die eigene Situation und Gef\u00fchle aus sicherer Distanz zu beurteilen. Notwendige Trennungen sollen einfacher zu vollziehen sein und eigenen Schw\u00e4chen mehr Raum im t\u00e4glichen Leben gegeben werden, damit Du Dich frei f\u00fchlen kannst.<\/p>\n<\/div><\/section><\/div>\n\n<style type=\"text\/css\" data-created_by=\"avia_inline_auto\" id=\"style-css-av-av_one_half-0aa7055fe62c3622faec82866afbaeb2\">\n.flex_column.av-av_one_half-0aa7055fe62c3622faec82866afbaeb2{\nborder-radius:0px 0px 0px 0px;\npadding:0px 0px 0px 0px;\n}\n<\/style>\n<div  class='flex_column av-av_one_half-0aa7055fe62c3622faec82866afbaeb2 av_one_half flex_column_div av-zero-column-padding  '     ><style type=\"text\/css\" data-created_by=\"avia_inline_auto\" id=\"style-css-av-av_image-8110fda443bce50bb75d49dee37eddff\">\n.avia-image-container.av-av_image-8110fda443bce50bb75d49dee37eddff img.avia_image{\nbox-shadow:none;\n}\n.avia-image-container.av-av_image-8110fda443bce50bb75d49dee37eddff .av-image-caption-overlay-center{\ncolor:#ffffff;\n}\n<\/style>\n<div  class='avia-image-container av-av_image-8110fda443bce50bb75d49dee37eddff av-styling- avia-align-center'   itemprop=\"image\" itemscope=\"itemscope\" itemtype=\"https:\/\/schema.org\/ImageObject\" ><div class=\"avia-image-container-inner\"><div class=\"avia-image-overlay-wrap\"><img decoding=\"async\" fetchpriority=\"high\" class='wp-image-4685 avia-img-lazy-loading-not-4685 avia_image ' src=\"https:\/\/gesundheitsberatung.com\/ernaehrung\/wp-content\/uploads\/sites\/3\/onlineberatung-anfang-und-ziel-880x1030.jpg\" alt='Ern\u00e4hrung Online Beratung Anfang und Ziel' title='Ern\u00e4hrung Online Beratung Anfang und Ziel'  height=\"1030\" width=\"880\"  itemprop=\"thumbnailUrl\" srcset=\"https:\/\/gesundheitsberatung.com\/ernaehrung\/wp-content\/uploads\/sites\/3\/onlineberatung-anfang-und-ziel-880x1030.jpg 880w, https:\/\/gesundheitsberatung.com\/ernaehrung\/wp-content\/uploads\/sites\/3\/onlineberatung-anfang-und-ziel-256x300.jpg 256w, https:\/\/gesundheitsberatung.com\/ernaehrung\/wp-content\/uploads\/sites\/3\/onlineberatung-anfang-und-ziel-602x705.jpg 602w, https:\/\/gesundheitsberatung.com\/ernaehrung\/wp-content\/uploads\/sites\/3\/onlineberatung-anfang-und-ziel-450x526.jpg 450w, https:\/\/gesundheitsberatung.com\/ernaehrung\/wp-content\/uploads\/sites\/3\/onlineberatung-anfang-und-ziel.jpg 1024w\" sizes=\"(max-width: 880px) 100vw, 880px\" \/><\/div><\/div><\/div><\/div>\n<div  class='hr av-av_hr-d3021aff4e2c88ff75459fd6b3a45a12 hr-default'><span class='hr-inner '><span class=\"hr-inner-style\"><\/span><\/span><\/div>\n<div  class='flex_column av-av_one_third-2a9015ff38129c418a3f2eafba3e9512 av_one_third first flex_column_div  '     ><style type=\"text\/css\" data-created_by=\"avia_inline_auto\" id=\"style-css-av-av_image-cecf1604fa18d328e1aa98fe0d2e5e12\">\n.avia-image-container.av-av_image-cecf1604fa18d328e1aa98fe0d2e5e12 img.avia_image{\nbox-shadow:none;\n}\n.avia-image-container.av-av_image-cecf1604fa18d328e1aa98fe0d2e5e12 .av-image-caption-overlay-center{\ncolor:#ffffff;\n}\n<\/style>\n<div  class='avia-image-container av-av_image-cecf1604fa18d328e1aa98fe0d2e5e12 av-styling- avia-align-center'   itemprop=\"image\" itemscope=\"itemscope\" itemtype=\"https:\/\/schema.org\/ImageObject\" ><div class=\"avia-image-container-inner\"><div class=\"avia-image-overlay-wrap\"><img decoding=\"async\" fetchpriority=\"high\" class='wp-image-4687 avia-img-lazy-loading-not-4687 avia_image ' src=\"https:\/\/gesundheitsberatung.com\/ernaehrung\/wp-content\/uploads\/sites\/3\/onlineberatung-vorteile-und-grenzen-686x1030.jpg\" alt='Ern\u00e4hrung Online Beratung Vorteile und Grenzen' title='Ern\u00e4hrung Online Beratung Vorteile und Grenzen'  height=\"1030\" width=\"686\"  itemprop=\"thumbnailUrl\" srcset=\"https:\/\/gesundheitsberatung.com\/ernaehrung\/wp-content\/uploads\/sites\/3\/onlineberatung-vorteile-und-grenzen-686x1030.jpg 686w, https:\/\/gesundheitsberatung.com\/ernaehrung\/wp-content\/uploads\/sites\/3\/onlineberatung-vorteile-und-grenzen-200x300.jpg 200w, https:\/\/gesundheitsberatung.com\/ernaehrung\/wp-content\/uploads\/sites\/3\/onlineberatung-vorteile-und-grenzen-1000x1500.jpg 1000w, https:\/\/gesundheitsberatung.com\/ernaehrung\/wp-content\/uploads\/sites\/3\/onlineberatung-vorteile-und-grenzen-470x705.jpg 470w, https:\/\/gesundheitsberatung.com\/ernaehrung\/wp-content\/uploads\/sites\/3\/onlineberatung-vorteile-und-grenzen-450x675.jpg 450w, https:\/\/gesundheitsberatung.com\/ernaehrung\/wp-content\/uploads\/sites\/3\/onlineberatung-vorteile-und-grenzen.jpg 1024w\" sizes=\"(max-width: 686px) 100vw, 686px\" \/><\/div><\/div><\/div><\/div>\n\n<style type=\"text\/css\" data-created_by=\"avia_inline_auto\" id=\"style-css-av-av_two_third-0aa7055fe62c3622faec82866afbaeb2\">\n.flex_column.av-av_two_third-0aa7055fe62c3622faec82866afbaeb2{\nborder-radius:0px 0px 0px 0px;\npadding:0px 0px 0px 0px;\n}\n<\/style>\n<div  class='flex_column av-av_two_third-0aa7055fe62c3622faec82866afbaeb2 av_two_third flex_column_div av-zero-column-padding  '     ><section  class='av_textblock_section av-av_textblock-0366cc7376be6c9e82a3e9cc8987b64f '   itemscope=\"itemscope\" itemtype=\"https:\/\/schema.org\/CreativeWork\" ><div class='avia_textblock'  itemprop=\"text\" ><h3>Online Beratung &#8211; Die Vorteile<\/h3>\n<p>Bei der Online Beratung erh\u00e4ltst Du die Hilfe, die Du brauchst, genau dann, wann Du sie brauchst. Es gibt weder Sprechstunden, \u00d6ffnungszeiten, Wartelisten noch Wartezimmer. Die Beratungsleistung passt sich an Deine Bed\u00fcrfnisse flexibel an und das Tempo und die Entscheidung wird von Dir bestimmt. Ob Du aus einer l\u00e4ndlichen Gegend stammst oder einer Gro\u00dfstadt, ob Du auf Reisen bist oder Zuhause, spielt keine Rolle mehr, denn Dein Berater ist immer nur einen Mausklick oder Anruf entfernt.<\/p>\n<\/div><\/section><br \/>\n<div  class='hr av-av_hr-d3021aff4e2c88ff75459fd6b3a45a12 hr-default'><span class='hr-inner '><span class=\"hr-inner-style\"><\/span><\/span><\/div><br \/>\n<section  class='av_textblock_section av-av_textblock-2bd894dbf2e4bf2c4acf98ce4fbf94aa '   itemscope=\"itemscope\" itemtype=\"https:\/\/schema.org\/CreativeWork\" ><div class='avia_textblock'  itemprop=\"text\" ><h3>Online Beratung &#8211; Die Grenzen<\/h3>\n<p>Wie alles hat auch die Online Beratung Grenzen. Manche Dinge m\u00fcssen durch niedergelassene Therapeuten oder Fach\u00e4rzte behandelt oder abgekl\u00e4rt werden. Befolge also auch diesen Rat, wenn einer der Berater Dich dazu anh\u00e4lt.<\/p>\n<\/div><\/section><\/p><\/div>\n","protected":false},"excerpt":{"rendered":"<p>Vistano Ern\u00e4hrung hat die Vision, neue Wege bei Themen der Lebenshilfe zu erschliessen. Sicher, \u00fcberall &amp; unabh\u00e4ngig von Zeit und Ort.<\/p>\n","protected":false},"author":3,"featured_media":4686,"parent":0,"menu_order":0,"comment_status":"closed","ping_status":"open","template":"","meta":{"footnotes":""},"class_list":["post-4671","page","type-page","status-publish","has-post-thumbnail","hentry"],"yoast_head":"<!-- This site is optimized with the Yoast SEO plugin v26.0 - https:\/\/yoast.com\/wordpress\/plugins\/seo\/ -->\n<title>Ern\u00e4hrung Online Beratung - Unsere Vision &#187; Ern\u00e4hrung<\/title>\n<meta name=\"description\" content=\"Vistano Ern\u00e4hrung hat die Vision, neue Wege bei Themen der Lebenshilfe zu erschliessen. Sicher, \u00fcberall &amp; unabh\u00e4ngig von Zeit und Ort.\" \/>\n<meta name=\"robots\" content=\"index, follow, max-snippet:-1, max-image-preview:large, max-video-preview:-1\" \/>\n<link rel=\"canonical\" href=\"https:\/\/gesundheitsberatung.com\/ernaehrung\/ernaehrung-online-beratung-unsere-vision\/\" \/>\n<meta property=\"og:locale\" content=\"de_DE\" \/>\n<meta property=\"og:type\" content=\"article\" \/>\n<meta property=\"og:title\" content=\"Ern\u00e4hrung Online Beratung - Unsere Vision &#187; Ern\u00e4hrung\" \/>\n<meta property=\"og:description\" content=\"Vistano Ern\u00e4hrung hat die Vision, neue Wege bei Themen der Lebenshilfe zu erschliessen. Sicher, \u00fcberall &amp; unabh\u00e4ngig von Zeit und Ort.\" \/>\n<meta property=\"og:url\" content=\"https:\/\/gesundheitsberatung.com\/ernaehrung\/ernaehrung-online-beratung-unsere-vision\/\" \/>\n<meta property=\"og:site_name\" content=\"Ern\u00e4hrung\" \/>\n<meta property=\"article:publisher\" content=\"https:\/\/www.facebook.com\/ernaehrung\/\" \/>\n<meta property=\"article:modified_time\" content=\"2018-10-04T10:40:53+00:00\" \/>\n<meta property=\"og:image\" content=\"https:\/\/gesundheitsberatung.com\/ernaehrung\/wp-content\/uploads\/sites\/3\/onlineberatung-unsere-vision.jpg\" \/>\n\t<meta property=\"og:image:width\" content=\"1024\" \/>\n\t<meta property=\"og:image:height\" content=\"1215\" \/>\n\t<meta property=\"og:image:type\" content=\"image\/jpeg\" \/>\n<meta name=\"twitter:card\" content=\"summary_large_image\" \/>\n<meta name=\"twitter:site\" content=\"@Vistano\" \/>\n<script type=\"application\/ld+json\" class=\"yoast-schema-graph\">{\"@context\":\"https:\/\/schema.org\",\"@graph\":[{\"@type\":\"WebPage\",\"@id\":\"https:\/\/gesundheitsberatung.com\/ernaehrung\/ernaehrung-online-beratung-unsere-vision\/\",\"url\":\"https:\/\/gesundheitsberatung.com\/ernaehrung\/ernaehrung-online-beratung-unsere-vision\/\",\"name\":\"Ern\u00e4hrung Online Beratung - Unsere Vision &#187; Ern\u00e4hrung\",\"isPartOf\":{\"@id\":\"https:\/\/gesundheitsberatung.com\/ernaehrung\/#website\"},\"primaryImageOfPage\":{\"@id\":\"https:\/\/gesundheitsberatung.com\/ernaehrung\/ernaehrung-online-beratung-unsere-vision\/#primaryimage\"},\"image\":{\"@id\":\"https:\/\/gesundheitsberatung.com\/ernaehrung\/ernaehrung-online-beratung-unsere-vision\/#primaryimage\"},\"thumbnailUrl\":\"https:\/\/gesundheitsberatung.com\/ernaehrung\/wp-content\/uploads\/sites\/3\/onlineberatung-unsere-vision.jpg\",\"datePublished\":\"2013-06-01T14:10:22+00:00\",\"dateModified\":\"2018-10-04T10:40:53+00:00\",\"description\":\"Vistano Ern\u00e4hrung hat die Vision, neue Wege bei Themen der Lebenshilfe zu erschliessen. Sicher, \u00fcberall &amp; unabh\u00e4ngig von Zeit und Ort.\",\"breadcrumb\":{\"@id\":\"https:\/\/gesundheitsberatung.com\/ernaehrung\/ernaehrung-online-beratung-unsere-vision\/#breadcrumb\"},\"inLanguage\":\"de\",\"potentialAction\":[{\"@type\":\"ReadAction\",\"target\":[\"https:\/\/gesundheitsberatung.com\/ernaehrung\/ernaehrung-online-beratung-unsere-vision\/\"]}]},{\"@type\":\"ImageObject\",\"inLanguage\":\"de\",\"@id\":\"https:\/\/gesundheitsberatung.com\/ernaehrung\/ernaehrung-online-beratung-unsere-vision\/#primaryimage\",\"url\":\"https:\/\/gesundheitsberatung.com\/ernaehrung\/wp-content\/uploads\/sites\/3\/onlineberatung-unsere-vision.jpg\",\"contentUrl\":\"https:\/\/gesundheitsberatung.com\/ernaehrung\/wp-content\/uploads\/sites\/3\/onlineberatung-unsere-vision.jpg\",\"width\":1024,\"height\":1215,\"caption\":\"Onlineberatung unsere Vision\"},{\"@type\":\"BreadcrumbList\",\"@id\":\"https:\/\/gesundheitsberatung.com\/ernaehrung\/ernaehrung-online-beratung-unsere-vision\/#breadcrumb\",\"itemListElement\":[{\"@type\":\"ListItem\",\"position\":1,\"name\":\"Home\",\"item\":\"https:\/\/gesundheitsberatung.com\/ernaehrung\/\"},{\"@type\":\"ListItem\",\"position\":2,\"name\":\"Ern\u00e4hrung Online Beratung &#8211; Unsere Vision\"}]},{\"@type\":\"WebSite\",\"@id\":\"https:\/\/gesundheitsberatung.com\/ernaehrung\/#website\",\"url\":\"https:\/\/gesundheitsberatung.com\/ernaehrung\/\",\"name\":\"Ern\u00e4hrung\",\"description\":\"Ern\u00e4hrung \u260e Beratung durch Ern\u00e4hrungsberater! Jetzt Gratis-Beratung sichern: \u2714 \u00c4rzte \u2714 Heilpraktiker \u2714 Weight Coaches \u2714 Ern\u00e4hrungswissenschaftler \u2714 Di\u00e4tassistenten \u2714 Sportern\u00e4hrung bei Vistano Ern\u00e4hrung.\",\"potentialAction\":[{\"@type\":\"SearchAction\",\"target\":{\"@type\":\"EntryPoint\",\"urlTemplate\":\"https:\/\/gesundheitsberatung.com\/ernaehrung\/?s={search_term_string}\"},\"query-input\":{\"@type\":\"PropertyValueSpecification\",\"valueRequired\":true,\"valueName\":\"search_term_string\"}}],\"inLanguage\":\"de\"}]}<\/script>\n<!-- \/ Yoast SEO plugin. -->","yoast_head_json":{"title":"Ern\u00e4hrung Online Beratung - Unsere Vision &#187; Ern\u00e4hrung","description":"Vistano Ern\u00e4hrung hat die Vision, neue Wege bei Themen der Lebenshilfe zu erschliessen. Sicher, \u00fcberall &amp; unabh\u00e4ngig von Zeit und Ort.","robots":{"index":"index","follow":"follow","max-snippet":"max-snippet:-1","max-image-preview":"max-image-preview:large","max-video-preview":"max-video-preview:-1"},"canonical":"https:\/\/gesundheitsberatung.com\/ernaehrung\/ernaehrung-online-beratung-unsere-vision\/","og_locale":"de_DE","og_type":"article","og_title":"Ern\u00e4hrung Online Beratung - Unsere Vision &#187; Ern\u00e4hrung","og_description":"Vistano Ern\u00e4hrung hat die Vision, neue Wege bei Themen der Lebenshilfe zu erschliessen. Sicher, \u00fcberall &amp; unabh\u00e4ngig von Zeit und Ort.","og_url":"https:\/\/gesundheitsberatung.com\/ernaehrung\/ernaehrung-online-beratung-unsere-vision\/","og_site_name":"Ern\u00e4hrung","article_publisher":"https:\/\/www.facebook.com\/ernaehrung\/","article_modified_time":"2018-10-04T10:40:53+00:00","og_image":[{"width":1024,"height":1215,"url":"https:\/\/gesundheitsberatung.com\/ernaehrung\/wp-content\/uploads\/sites\/3\/onlineberatung-unsere-vision.jpg","type":"image\/jpeg"}],"twitter_card":"summary_large_image","twitter_site":"@Vistano","schema":{"@context":"https:\/\/schema.org","@graph":[{"@type":"WebPage","@id":"https:\/\/gesundheitsberatung.com\/ernaehrung\/ernaehrung-online-beratung-unsere-vision\/","url":"https:\/\/gesundheitsberatung.com\/ernaehrung\/ernaehrung-online-beratung-unsere-vision\/","name":"Ern\u00e4hrung Online Beratung - Unsere Vision &#187; Ern\u00e4hrung","isPartOf":{"@id":"https:\/\/gesundheitsberatung.com\/ernaehrung\/#website"},"primaryImageOfPage":{"@id":"https:\/\/gesundheitsberatung.com\/ernaehrung\/ernaehrung-online-beratung-unsere-vision\/#primaryimage"},"image":{"@id":"https:\/\/gesundheitsberatung.com\/ernaehrung\/ernaehrung-online-beratung-unsere-vision\/#primaryimage"},"thumbnailUrl":"https:\/\/gesundheitsberatung.com\/ernaehrung\/wp-content\/uploads\/sites\/3\/onlineberatung-unsere-vision.jpg","datePublished":"2013-06-01T14:10:22+00:00","dateModified":"2018-10-04T10:40:53+00:00","description":"Vistano Ern\u00e4hrung hat die Vision, neue Wege bei Themen der Lebenshilfe zu erschliessen. Sicher, \u00fcberall &amp; unabh\u00e4ngig von Zeit und Ort.","breadcrumb":{"@id":"https:\/\/gesundheitsberatung.com\/ernaehrung\/ernaehrung-online-beratung-unsere-vision\/#breadcrumb"},"inLanguage":"de","potentialAction":[{"@type":"ReadAction","target":["https:\/\/gesundheitsberatung.com\/ernaehrung\/ernaehrung-online-beratung-unsere-vision\/"]}]},{"@type":"ImageObject","inLanguage":"de","@id":"https:\/\/gesundheitsberatung.com\/ernaehrung\/ernaehrung-online-beratung-unsere-vision\/#primaryimage","url":"https:\/\/gesundheitsberatung.com\/ernaehrung\/wp-content\/uploads\/sites\/3\/onlineberatung-unsere-vision.jpg","contentUrl":"https:\/\/gesundheitsberatung.com\/ernaehrung\/wp-content\/uploads\/sites\/3\/onlineberatung-unsere-vision.jpg","width":1024,"height":1215,"caption":"Onlineberatung unsere Vision"},{"@type":"BreadcrumbList","@id":"https:\/\/gesundheitsberatung.com\/ernaehrung\/ernaehrung-online-beratung-unsere-vision\/#breadcrumb","itemListElement":[{"@type":"ListItem","position":1,"name":"Home","item":"https:\/\/gesundheitsberatung.com\/ernaehrung\/"},{"@type":"ListItem","position":2,"name":"Ern\u00e4hrung Online Beratung &#8211; Unsere Vision"}]},{"@type":"WebSite","@id":"https:\/\/gesundheitsberatung.com\/ernaehrung\/#website","url":"https:\/\/gesundheitsberatung.com\/ernaehrung\/","name":"Ern\u00e4hrung","description":"Ern\u00e4hrung \u260e Beratung durch Ern\u00e4hrungsberater! Jetzt Gratis-Beratung sichern: \u2714 \u00c4rzte \u2714 Heilpraktiker \u2714 Weight Coaches \u2714 Ern\u00e4hrungswissenschaftler \u2714 Di\u00e4tassistenten \u2714 Sportern\u00e4hrung bei Vistano Ern\u00e4hrung.","potentialAction":[{"@type":"SearchAction","target":{"@type":"EntryPoint","urlTemplate":"https:\/\/gesundheitsberatung.com\/ernaehrung\/?s={search_term_string}"},"query-input":{"@type":"PropertyValueSpecification","valueRequired":true,"valueName":"search_term_string"}}],"inLanguage":"de"}]}},"_links":{"self":[{"href":"https:\/\/gesundheitsberatung.com\/ernaehrung\/wp-json\/wp\/v2\/pages\/4671","targetHints":{"allow":["GET"]}}],"collection":[{"href":"https:\/\/gesundheitsberatung.com\/ernaehrung\/wp-json\/wp\/v2\/pages"}],"about":[{"href":"https:\/\/gesundheitsberatung.com\/ernaehrung\/wp-json\/wp\/v2\/types\/page"}],"author":[{"embeddable":true,"href":"https:\/\/gesundheitsberatung.com\/ernaehrung\/wp-json\/wp\/v2\/users\/3"}],"replies":[{"embeddable":true,"href":"https:\/\/gesundheitsberatung.com\/ernaehrung\/wp-json\/wp\/v2\/comments?post=4671"}],"version-history":[{"count":0,"href":"https:\/\/gesundheitsberatung.com\/ernaehrung\/wp-json\/wp\/v2\/pages\/4671\/revisions"}],"wp:featuredmedia":[{"embeddable":true,"href":"https:\/\/gesundheitsberatung.com\/ernaehrung\/wp-json\/wp\/v2\/media\/4686"}],"wp:attachment":[{"href":"https:\/\/gesundheitsberatung.com\/ernaehrung\/wp-json\/wp\/v2\/media?parent=4671"}],"curies":[{"name":"wp","href":"https:\/\/api.w.org\/{rel}","templated":true}]}}